{"id":3020,"date":"2026-04-11T07:17:19","date_gmt":"2026-04-11T07:17:19","guid":{"rendered":"https:\/\/www.mcallenflatware.com\/?post_type=product&#038;p=3020"},"modified":"2026-04-11T07:41:52","modified_gmt":"2026-04-11T07:41:52","slug":"wholesale-18-10-flatware","status":"publish","type":"product","link":"https:\/\/www.mcallenflatware.com\/de\/product\/wholesale-18-10-flatware\/","title":{"rendered":"Gro\u00dfhandel 18\/10 Besteck gepr\u00e4gt, Luxus 5-teilige Besteck-Set f\u00fcr High-End-Gastfreundschaft Lieferant"},"content":{"rendered":"<div class=\"wp-block-columns is-layout-flex wp-container-core-columns-is-layout-9d6595d7 wp-block-columns-is-layout-flex\">\n<div class=\"wp-block-column is-layout-flow wp-block-column-is-layout-flow\">\n<h2 class=\"wp-block-heading\">18\/10 Besteck Merkmale:<\/h2>\n\n\n\n<p><strong>3D-gepr\u00e4gtes, dekoratives Kantendesign<\/strong>: Die fein gearbeiteten, tief gepr\u00e4gten Kanten mit dichten geometrischen Strukturen erzeugen einen starken dreidimensionalen Effekt, der die klassische europ\u00e4ische \u00c4sthetik mit einem luxuri\u00f6sen Touch aufwertet. <\/p>\n\n\n\n<p><strong>12-Stufen-Spiegelpolierverfahren<\/strong>: In 12 Schritten von Hand poliert, um eine echte spiegel\u00e4hnliche Reflexion zu erzielen, die die visuelle Brillanz erh\u00f6ht und gleichzeitig resistent gegen Fingerabdr\u00fccke ist und ein hochwertiges Aussehen erh\u00e4lt. <\/p>\n\n\n\n<p><strong>Verdickte Anti-Deformationsstruktur<\/strong>: Geschmiedet aus massivem, verdicktem Edelstahl, um ein ausgewogenes Gewicht zu gew\u00e4hrleisten und auch bei h\u00e4ufigem Gebrauch in der gewerblichen Sp\u00fclmaschine eine langfristige Widerstandsf\u00e4higkeit gegen Verbiegen oder Besch\u00e4digung sicherzustellen. <\/p>\n\n\n\n<p><strong>Pr\u00e4zise lasergeschnittene Klingen-Technologie<\/strong>: Die lasergeschnittenen Messerkanten mit optimierter Kr\u00fcmmung erm\u00f6glichen ein m\u00fcheloses Schneiden von Fleisch und verbessern so die Effizienz beim Essen und das Gesamterlebnis der G\u00e4ste. <\/p>\n\n\n\n<p><strong>FDA- und LFGB-konforme Lebensmittelqualit\u00e4t<\/strong>: Hergestellt aus hochwertigem, korrosionsbest\u00e4ndigem Edelstahl ohne sch\u00e4dliche Beschichtungen, die Sicherheit und Stabilit\u00e4t in verschiedenen Lebensmittelumgebungen gew\u00e4hrleisten und gleichzeitig den Ruf der Marke sch\u00fctzen. <\/p>\n\n\n\n<p><strong>Unterst\u00fctzung bei der Herstellung und Anpassung des gesamten Prozesses<\/strong>: Wir verf\u00fcgen \u00fcber umfassende Produktionskapazit\u00e4ten, von der schnellen 3D-Formentwicklung bis zum automatisierten Polieren, und bieten wettbewerbsf\u00e4hige Fabrikpreise, eine Mindestbestellmenge ab 500 St\u00fcck, OEM-Logo-Anpassung und globale Dropshipping-Unterst\u00fctzung f\u00fcr einen effizienten Lagerumschlag.<\/p>\n<\/div>\n\n\n\n<div class=\"wp-block-column is-layout-flow wp-block-column-is-layout-flow\"><div class=\"wp-block-image\">\n<figure class=\"aligncenter size-full\"><img decoding=\"async\" width=\"800\" height=\"800\" src=\"https:\/\/www.mcallenflatware.com\/wp-content\/uploads\/2026\/04\/Wholesale-1810-Flatware-Embossed-Gold-Luxury-Stainless-Steel-Cutlery-Set-for-High-End-Hospitality-Supplier.webp\" alt=\"Gro\u00dfhandel 18\/10 Besteck gepr\u00e4gt, Gold Luxus-Edelstahl-Besteck-Set f\u00fcr High-End-Gastfreundschaft Lieferant\" class=\"wp-image-3027\" style=\"object-fit:cover\" srcset=\"https:\/\/www.mcallenflatware.com\/wp-content\/uploads\/2026\/04\/Wholesale-1810-Flatware-Embossed-Gold-Luxury-Stainless-Steel-Cutlery-Set-for-High-End-Hospitality-Supplier.webp 800w, https:\/\/www.mcallenflatware.com\/wp-content\/uploads\/2026\/04\/Wholesale-1810-Flatware-Embossed-Gold-Luxury-Stainless-Steel-Cutlery-Set-for-High-End-Hospitality-Supplier-150x150.webp 150w, https:\/\/www.mcallenflatware.com\/wp-content\/uploads\/2026\/04\/Wholesale-1810-Flatware-Embossed-Gold-Luxury-Stainless-Steel-Cutlery-Set-for-High-End-Hospitality-Supplier-768x768.webp 768w, https:\/\/www.mcallenflatware.com\/wp-content\/uploads\/2026\/04\/Wholesale-1810-Flatware-Embossed-Gold-Luxury-Stainless-Steel-Cutlery-Set-for-High-End-Hospitality-Supplier-12x12.webp 12w, https:\/\/www.mcallenflatware.com\/wp-content\/uploads\/2026\/04\/Wholesale-1810-Flatware-Embossed-Gold-Luxury-Stainless-Steel-Cutlery-Set-for-High-End-Hospitality-Supplier-600x600.webp 600w, https:\/\/www.mcallenflatware.com\/wp-content\/uploads\/2026\/04\/Wholesale-1810-Flatware-Embossed-Gold-Luxury-Stainless-Steel-Cutlery-Set-for-High-End-Hospitality-Supplier-300x300.webp 300w, https:\/\/www.mcallenflatware.com\/wp-content\/uploads\/2026\/04\/Wholesale-1810-Flatware-Embossed-Gold-Luxury-Stainless-Steel-Cutlery-Set-for-High-End-Hospitality-Supplier-100x100.webp 100w\" sizes=\"(max-width: 800px) 100vw, 800px\" \/><\/figure>\n<\/div><\/div>\n<\/div>\n\n\n\n<div class=\"wp-block-columns is-layout-flex wp-container-core-columns-is-layout-9d6595d7 wp-block-columns-is-layout-flex\">\n<div class=\"wp-block-column is-layout-flow wp-block-column-is-layout-flow\"><\/div>\n\n\n\n<div class=\"wp-block-column is-layout-flow wp-block-column-is-layout-flow\"><\/div>\n<\/div>","protected":false},"excerpt":{"rendered":"<p>Gro\u00dfhandelsbesteck aus 18\/10 zeichnet sich durch tiefe 3D-Pr\u00e4gungen, hochglanzpolierten Edelstahl und eine verdickte Struktur aus, die f\u00fcr Langlebigkeit und ein erstklassiges Gef\u00fchl sorgt. Es wurde f\u00fcr Restaurants, Hotels und Gro\u00dfabnehmer entwickelt und gew\u00e4hrleistet eine lang anhaltende Leistung und eine elegante Pr\u00e4sentation. Mcallen Fabrik liefern. Kontaktieren Sie uns f\u00fcr Gro\u00dfauftr\u00e4ge und OEM\/ODM-Anpassungen.<\/p>\n<h2>18\/10 Bestecksatz Attribute<\/h2>\n<p><strong>Markenname:<\/strong> Mcallen<br \/><strong>Material:<\/strong> Rostfreier Stahl<br \/><strong>Farbe:<\/strong> Gold, Silber, Schwarz<br \/><strong>Entwurf:<\/strong> Gepr\u00e4gtes Design<br \/><strong>Vorlaufzeit f\u00fcr Muster:<\/strong> Innerhalb von 3 Tagen<br \/><strong>OEM\/ODM:<\/strong> Verf\u00fcgbar<\/p>\n<h2>Individuelles 18\/10-Besteck:<\/h2>\n<p><strong>Rostfreier Stahl:<\/strong> Rostfreier Stahl 18\/10, 304, 316, 410, 430, 420<br \/><strong>Logo:<\/strong> Lasergravur, Siebdruck, UV-Druck, Thermotransferdruck, Pr\u00e4gung, etc.<br \/><strong>Verpacken:<\/strong> 4\/8\/12\/16\/20\/24\/45\/48\/72pcs set<br \/><strong>Oberfl\u00e4chenausf\u00fchrungen:<\/strong> Hochglanzpoliert, mattiert, wasserpoliert, Titanbeschichtung<br \/><strong>Verpackung:<\/strong> Bulk, Opp Tasche, Farbe Box, Geschenk-Box, ma\u00dfgeschneiderte<\/p>","protected":false},"featured_media":3028,"template":"","meta":[],"product_brand":[],"product_cat":[23,29],"product_tag":[],"class_list":{"0":"post-3020","1":"product","2":"type-product","3":"status-publish","4":"has-post-thumbnail","6":"product_cat-wholesale-flatware","7":"product_cat-bulk-flatware","9":"first","10":"instock","11":"shipping-taxable","12":"product-type-simple"},"_links":{"self":[{"href":"https:\/\/www.mcallenflatware.com\/de\/wp-json\/wp\/v2\/product\/3020","targetHints":{"allow":["GET"]}}],"collection":[{"href":"https:\/\/www.mcallenflatware.com\/de\/wp-json\/wp\/v2\/product"}],"about":[{"href":"https:\/\/www.mcallenflatware.com\/de\/wp-json\/wp\/v2\/types\/product"}],"wp:featuredmedia":[{"embeddable":true,"href":"https:\/\/www.mcallenflatware.com\/de\/wp-json\/wp\/v2\/media\/3028"}],"wp:attachment":[{"href":"https:\/\/www.mcallenflatware.com\/de\/wp-json\/wp\/v2\/media?parent=3020"}],"wp:term":[{"taxonomy":"product_brand","embeddable":true,"href":"https:\/\/www.mcallenflatware.com\/de\/wp-json\/wp\/v2\/product_brand?post=3020"},{"taxonomy":"product_cat","embeddable":true,"href":"https:\/\/www.mcallenflatware.com\/de\/wp-json\/wp\/v2\/product_cat?post=3020"},{"taxonomy":"product_tag","embeddable":true,"href":"https:\/\/www.mcallenflatware.com\/de\/wp-json\/wp\/v2\/product_tag?post=3020"}],"curies":[{"name":"wp","href":"https:\/\/api.w.org\/{rel}","templated":true}]}}