{"id":3029,"date":"2026-04-11T07:58:25","date_gmt":"2026-04-11T07:58:25","guid":{"rendered":"https:\/\/www.mcallenflatware.com\/?post_type=product&#038;p=3029"},"modified":"2026-04-11T08:34:19","modified_gmt":"2026-04-11T08:34:19","slug":"custom-flatware-set-hammered","status":"publish","type":"product","link":"https:\/\/www.mcallenflatware.com\/de\/product\/custom-flatware-set-hammered\/","title":{"rendered":"Benutzerdefinierte Bestecksatz geh\u00e4mmert, hochglanzpoliert Bestecksatz Silber f\u00fcr Fine Dining in Bulk"},"content":{"rendered":"<div class=\"wp-block-columns is-layout-flex wp-container-core-columns-is-layout-9d6595d7 wp-block-columns-is-layout-flex\">\n<div class=\"wp-block-column is-layout-flow wp-block-column-is-layout-flow\">\n<h2 class=\"wp-block-heading\">Bestecksatz Hammered Merkmale:<\/h2>\n\n\n\n<p><strong>Handgefertigtes Design mit geh\u00e4mmerter Textur<\/strong>: Die klassische, geh\u00e4mmerte Oberfl\u00e4che ist von der japanischen Handwerkskunst inspiriert und bietet einen raffinierten, handwerklichen Look, w\u00e4hrend sie gleichzeitig die Rutschfestigkeit erh\u00f6ht und Fingerabdr\u00fccke reduziert. <\/p>\n\n\n\n<p><strong>Elegante Form des Teardrop-Griffs<\/strong>: Das Design mit den weichen, tropfenf\u00f6rmigen Konturen und der verdickten, soliden Struktur sorgt f\u00fcr ein ausgewogenes Gewicht und einen bequemen, ergonomischen Griff. <\/p>\n\n\n\n<p><strong>Komplettset Optionen f\u00fcr One-Stop-Sourcing<\/strong>: Erh\u00e4ltlich in einer Vielzahl von Konfigurationen - von Dessertgabeln und Teel\u00f6ffeln bis hin zu Steakmessern und Tafell\u00f6ffeln -, die 24- oder 30-teilige Sets oder komplett individuell gestaltete Sets f\u00fcr die unterschiedlichsten Essensanforderungen unterst\u00fctzen. <\/p>\n\n\n\n<p><strong>Premium-Edelstahl in Lebensmittelqualit\u00e4t<\/strong>: Hergestellt aus hochwertigem Edelstahl mit hervorragender Best\u00e4ndigkeit gegen Korrosion, Rost und t\u00e4gliche Abnutzung, was eine lange Lebensdauer und eine sichere Verwendung gew\u00e4hrleistet. <\/p>\n\n\n\n<p><strong>Sp\u00fclmaschinenfest und pflegeleicht<\/strong>: Die glatte Oberfl\u00e4che und das strapazierf\u00e4hige Finish erm\u00f6glichen eine einfache Reinigung, so dass Glanz und Leistung auch bei h\u00e4ufigem Waschen im Handel erhalten bleiben.<\/p>\n<\/div>\n\n\n\n<div class=\"wp-block-column is-layout-flow wp-block-column-is-layout-flow\"><div class=\"wp-block-image\">\n<figure class=\"aligncenter size-full\"><img decoding=\"async\" width=\"800\" height=\"800\" src=\"https:\/\/www.mcallenflatware.com\/wp-content\/uploads\/2026\/04\/Custom-Flatware-Set-Hammered-Mirror-Polished-Cutlery-Set-Silver-for-Fine-Dining-in-Bulk-8.webp\" alt=\"Benutzerdefinierte Bestecksatz geh\u00e4mmert, Spiegel poliert Besteck Set Silber f\u00fcr feine K\u00fcche in Bulk (8)\" class=\"wp-image-3037\" style=\"object-fit:cover\" srcset=\"https:\/\/www.mcallenflatware.com\/wp-content\/uploads\/2026\/04\/Custom-Flatware-Set-Hammered-Mirror-Polished-Cutlery-Set-Silver-for-Fine-Dining-in-Bulk-8.webp 800w, https:\/\/www.mcallenflatware.com\/wp-content\/uploads\/2026\/04\/Custom-Flatware-Set-Hammered-Mirror-Polished-Cutlery-Set-Silver-for-Fine-Dining-in-Bulk-8-150x150.webp 150w, https:\/\/www.mcallenflatware.com\/wp-content\/uploads\/2026\/04\/Custom-Flatware-Set-Hammered-Mirror-Polished-Cutlery-Set-Silver-for-Fine-Dining-in-Bulk-8-768x768.webp 768w, https:\/\/www.mcallenflatware.com\/wp-content\/uploads\/2026\/04\/Custom-Flatware-Set-Hammered-Mirror-Polished-Cutlery-Set-Silver-for-Fine-Dining-in-Bulk-8-12x12.webp 12w, https:\/\/www.mcallenflatware.com\/wp-content\/uploads\/2026\/04\/Custom-Flatware-Set-Hammered-Mirror-Polished-Cutlery-Set-Silver-for-Fine-Dining-in-Bulk-8-600x600.webp 600w, https:\/\/www.mcallenflatware.com\/wp-content\/uploads\/2026\/04\/Custom-Flatware-Set-Hammered-Mirror-Polished-Cutlery-Set-Silver-for-Fine-Dining-in-Bulk-8-300x300.webp 300w, https:\/\/www.mcallenflatware.com\/wp-content\/uploads\/2026\/04\/Custom-Flatware-Set-Hammered-Mirror-Polished-Cutlery-Set-Silver-for-Fine-Dining-in-Bulk-8-100x100.webp 100w\" sizes=\"(max-width: 800px) 100vw, 800px\" \/><\/figure>\n<\/div><\/div>\n<\/div>\n\n\n\n<div class=\"wp-block-columns is-layout-flex wp-container-core-columns-is-layout-9d6595d7 wp-block-columns-is-layout-flex\">\n<div class=\"wp-block-column is-layout-flow wp-block-column-is-layout-flow\"><\/div>\n\n\n\n<div class=\"wp-block-column is-layout-flow wp-block-column-is-layout-flow\"><\/div>\n<\/div>","protected":false},"excerpt":{"rendered":"<p>Der Bestecksatz Hammered zeichnet sich durch eine handgefertigte, geh\u00e4mmerte Textur und ein gewichtetes, ergonomisches Design aus, das f\u00fcr ein raffiniertes, langlebiges Esserlebnis sorgt. Es wurde f\u00fcr Hotels und Restaurants entwickelt und gew\u00e4hrleistet auch bei starker Beanspruchung eine lang anhaltende Leistung. Wir bieten komplette Sets f\u00fcr die Beschaffung aus einer Hand. Kontaktieren Sie uns f\u00fcr Gro\u00dfhandelspreise und individuelle Besteckl\u00f6sungen.<\/p>\n<h2>Besteck-Set Geh\u00e4mmerte Attribute<\/h2>\n<p><strong>Markenname:<\/strong> Mcallen<br \/><strong>Material:<\/strong> Rostfreier Stahl<br \/><strong>Farbe:<\/strong> Gold, Silber, Schwarz<br \/><strong>Entwurf:<\/strong> Gepr\u00e4gtes Design<br \/><strong>Vorlaufzeit f\u00fcr Muster:<\/strong> Innerhalb von 3 Tagen<br \/><strong>OEM\/ODM:<\/strong> Verf\u00fcgbar<\/p>\n<h2>Individuelles Besteck-Set geh\u00e4mmert:<\/h2>\n<p><strong>Rostfreier Stahl:<\/strong> Rostfreier Stahl 18\/10, 304, 316, 410, 430, 420<br \/><strong>Logo:<\/strong> Lasergravur, Siebdruck, UV-Druck, Thermotransferdruck, Pr\u00e4gung, etc.<br \/><strong>Verpacken:<\/strong> 4\/8\/12\/16\/20\/24\/45\/48\/72pcs set<br \/><strong>Oberfl\u00e4chenausf\u00fchrungen:<\/strong> Hochglanzpoliert, mattiert, wasserpoliert, Titanbeschichtung<br \/><strong>Verpackung:<\/strong> Bulk, Opp Tasche, Farbe Box, Geschenk-Box, ma\u00dfgeschneiderte<\/p>","protected":false},"featured_media":3030,"template":"","meta":[],"product_brand":[],"product_cat":[23,29],"product_tag":[],"class_list":{"0":"post-3029","1":"product","2":"type-product","3":"status-publish","4":"has-post-thumbnail","6":"product_cat-wholesale-flatware","7":"product_cat-bulk-flatware","9":"first","10":"instock","11":"shipping-taxable","12":"product-type-simple"},"_links":{"self":[{"href":"https:\/\/www.mcallenflatware.com\/de\/wp-json\/wp\/v2\/product\/3029","targetHints":{"allow":["GET"]}}],"collection":[{"href":"https:\/\/www.mcallenflatware.com\/de\/wp-json\/wp\/v2\/product"}],"about":[{"href":"https:\/\/www.mcallenflatware.com\/de\/wp-json\/wp\/v2\/types\/product"}],"wp:featuredmedia":[{"embeddable":true,"href":"https:\/\/www.mcallenflatware.com\/de\/wp-json\/wp\/v2\/media\/3030"}],"wp:attachment":[{"href":"https:\/\/www.mcallenflatware.com\/de\/wp-json\/wp\/v2\/media?parent=3029"}],"wp:term":[{"taxonomy":"product_brand","embeddable":true,"href":"https:\/\/www.mcallenflatware.com\/de\/wp-json\/wp\/v2\/product_brand?post=3029"},{"taxonomy":"product_cat","embeddable":true,"href":"https:\/\/www.mcallenflatware.com\/de\/wp-json\/wp\/v2\/product_cat?post=3029"},{"taxonomy":"product_tag","embeddable":true,"href":"https:\/\/www.mcallenflatware.com\/de\/wp-json\/wp\/v2\/product_tag?post=3029"}],"curies":[{"name":"wp","href":"https:\/\/api.w.org\/{rel}","templated":true}]}}