{"id":3055,"date":"2026-04-11T09:43:33","date_gmt":"2026-04-11T09:43:33","guid":{"rendered":"https:\/\/www.mcallenflatware.com\/?post_type=product&#038;p=3055"},"modified":"2026-04-11T10:11:14","modified_gmt":"2026-04-11T10:11:14","slug":"wholesale-modern-flatware-sets","status":"publish","type":"product","link":"https:\/\/www.mcallenflatware.com\/de\/product\/wholesale-modern-flatware-sets\/","title":{"rendered":"Gro\u00dfhandel Moderne Besteck-Sets, versilbert Besteck-Set f\u00fcr Executive Gifting Custom"},"content":{"rendered":"<div class=\"wp-block-columns is-layout-flex wp-container-core-columns-is-layout-9d6595d7 wp-block-columns-is-layout-flex\">\n<div class=\"wp-block-column is-layout-flow wp-block-column-is-layout-flow\">\n<h2 class=\"wp-block-heading\">Moderne Bestecks\u00e4tze Merkmale:<\/h2>\n\n\n\n<p><strong>Minimalistisches modernes Stromlinien-Design<\/strong>: Klare, flie\u00dfende Silhouetten mit eleganten Griffkurven erm\u00f6glichen eine nahtlose Integration in nordische, industrielle und moderne, luxuri\u00f6se Tischkultur. <\/p>\n\n\n\n<p><strong>Einteilige Konstruktion aus geschmiedetem Edelstahl<\/strong>: Hergestellt aus verdicktem Premium-Edelstahl in einer soliden, einteiligen Struktur, die eine ausgezeichnete Haltbarkeit, Stabilit\u00e4t und Best\u00e4ndigkeit gegen Verformung bei h\u00e4ufigem Gebrauch gew\u00e4hrleistet. <\/p>\n\n\n\n<p><strong>Hochglanzpolieren der Oberfl\u00e4che<\/strong>: Mehrere Stufen des feinen Handpolierens sorgen f\u00fcr einen tiefen, spiegel\u00e4hnlichen Glanz, der die optische Eleganz erh\u00f6ht und die Oberfl\u00e4che gleichzeitig leichter zu reinigen und weniger anf\u00e4llig f\u00fcr R\u00fcckst\u00e4nde macht. <\/p>\n\n\n\n<p><strong>Ergonomisches, ausgewogenes Griffdesign<\/strong>: Der tropfenf\u00f6rmige Griff endet in einer verdickten Struktur, die sich nat\u00fcrlich in die Handfl\u00e4che einf\u00fcgt und ein stabiles, komfortables und ausgewogenes Esserlebnis bietet. <\/p>\n\n\n\n<p><strong>Zertifizierte Qualit\u00e4t f\u00fcr B2B-Lieferstabilit\u00e4t<\/strong>: Jede Charge ist vom Rohmaterial bis zum fertigen Produkt r\u00fcckverfolgbar und wird nach internationalen Standards (SGS\/T\u00dcV) gepr\u00fcft, um eine gleichbleibende H\u00e4rte, Glanz und Korrosionsbest\u00e4ndigkeit zu gew\u00e4hrleisten. <\/p>\n\n\n\n<p><strong>Flexible Verpackungen und E-Commerce-f\u00e4hige L\u00f6sung<\/strong>: Unterst\u00fctzt kundenspezifische Verpackungsoptionen, einschlie\u00dflich sto\u00dffester Geschenkboxen f\u00fcr die E-Commerce-Logistik, die Versandsch\u00e4den reduzieren und die Zufriedenheit der Endkunden verbessern.<\/p>\n<\/div>\n\n\n\n<div class=\"wp-block-column is-layout-flow wp-block-column-is-layout-flow\"><div class=\"wp-block-image\">\n<figure class=\"aligncenter size-full\"><img decoding=\"async\" width=\"800\" height=\"800\" src=\"https:\/\/www.mcallenflatware.com\/wp-content\/uploads\/2026\/04\/Wholesale-Modern-Flatware-Sets-Silver-Plated-Cutlery-Set-for-Executive-Gifting-Custom-3.webp\" alt=\"Gro\u00dfhandel moderne Besteck-Sets, versilbert Besteck-Set f\u00fcr Executive Gifting Custom (3)\" class=\"wp-image-3058\" style=\"object-fit:cover\" srcset=\"https:\/\/www.mcallenflatware.com\/wp-content\/uploads\/2026\/04\/Wholesale-Modern-Flatware-Sets-Silver-Plated-Cutlery-Set-for-Executive-Gifting-Custom-3.webp 800w, https:\/\/www.mcallenflatware.com\/wp-content\/uploads\/2026\/04\/Wholesale-Modern-Flatware-Sets-Silver-Plated-Cutlery-Set-for-Executive-Gifting-Custom-3-150x150.webp 150w, https:\/\/www.mcallenflatware.com\/wp-content\/uploads\/2026\/04\/Wholesale-Modern-Flatware-Sets-Silver-Plated-Cutlery-Set-for-Executive-Gifting-Custom-3-768x768.webp 768w, https:\/\/www.mcallenflatware.com\/wp-content\/uploads\/2026\/04\/Wholesale-Modern-Flatware-Sets-Silver-Plated-Cutlery-Set-for-Executive-Gifting-Custom-3-12x12.webp 12w, https:\/\/www.mcallenflatware.com\/wp-content\/uploads\/2026\/04\/Wholesale-Modern-Flatware-Sets-Silver-Plated-Cutlery-Set-for-Executive-Gifting-Custom-3-600x600.webp 600w, https:\/\/www.mcallenflatware.com\/wp-content\/uploads\/2026\/04\/Wholesale-Modern-Flatware-Sets-Silver-Plated-Cutlery-Set-for-Executive-Gifting-Custom-3-300x300.webp 300w, https:\/\/www.mcallenflatware.com\/wp-content\/uploads\/2026\/04\/Wholesale-Modern-Flatware-Sets-Silver-Plated-Cutlery-Set-for-Executive-Gifting-Custom-3-100x100.webp 100w\" sizes=\"(max-width: 800px) 100vw, 800px\" \/><\/figure>\n<\/div><\/div>\n<\/div>\n\n\n\n<div class=\"wp-block-columns is-layout-flex wp-container-core-columns-is-layout-9d6595d7 wp-block-columns-is-layout-flex\">\n<div class=\"wp-block-column is-layout-flow wp-block-column-is-layout-flow\"><\/div>\n\n\n\n<div class=\"wp-block-column is-layout-flow wp-block-column-is-layout-flow\"><\/div>\n<\/div>","protected":false},"excerpt":{"rendered":"<p>Die modernen Gro\u00dfhandelsbestecke zeichnen sich durch ein minimalistisches, stromlinienf\u00f6rmiges Design, eine einteilige Konstruktion aus geschmiedetem Edelstahl und eine hochgl\u00e4nzende Spiegeloberfl\u00e4che f\u00fcr ein klares, modernes Aussehen aus. Sie wurden f\u00fcr Hotels, Restaurants und Gro\u00dfabnehmer entwickelt und bieten Haltbarkeit und Komfort f\u00fcr den t\u00e4glichen kommerziellen Gebrauch. Mcallen bietet zertifizierte Qualit\u00e4t f\u00fcr B2B-Lieferungen. Bitte kontaktieren Sie uns f\u00fcr Angebote!<\/p>\n<h2>Moderne Bestecks\u00e4tze Attribute<\/h2>\n<p><strong>Markenname:<\/strong> Mcallen<br \/><strong>Material:<\/strong> Rostfreier Stahl<br \/><strong>Farbe:<\/strong> Silber, Gold, Schwarz<br \/><strong>Entwurf:<\/strong> Gepr\u00e4gtes Design<br \/><strong>Vorlaufzeit f\u00fcr Muster:<\/strong> Innerhalb von 3 Tagen<br \/><strong>OEM\/ODM:<\/strong> Verf\u00fcgbar<\/p>\n<h2>Ma\u00dfgeschneiderte moderne Bestecks\u00e4tze:<\/h2>\n<p><strong>Rostfreier Stahl:<\/strong> Rostfreier Stahl 18\/10, 304, 316, 410, 430, 420<br \/><strong>Logo:<\/strong> Lasergravur, Siebdruck, UV-Druck, Thermotransferdruck, Pr\u00e4gung, etc.<br \/><strong>Verpacken:<\/strong> 4\/8\/12\/16\/20\/24\/45\/48\/72pcs set<br \/><strong>Oberfl\u00e4chenausf\u00fchrungen:<\/strong> Hochglanzpoliert, mattiert, wasserpoliert, Titanbeschichtung<br \/><strong>Verpackung:<\/strong> Bulk, Opp Tasche, Farbe Box, Geschenk-Box, ma\u00dfgeschneiderte<\/p>","protected":false},"featured_media":3056,"template":"","meta":[],"product_brand":[],"product_cat":[23,29],"product_tag":[],"class_list":{"0":"post-3055","1":"product","2":"type-product","3":"status-publish","4":"has-post-thumbnail","6":"product_cat-wholesale-flatware","7":"product_cat-bulk-flatware","9":"first","10":"instock","11":"shipping-taxable","12":"product-type-simple"},"_links":{"self":[{"href":"https:\/\/www.mcallenflatware.com\/de\/wp-json\/wp\/v2\/product\/3055","targetHints":{"allow":["GET"]}}],"collection":[{"href":"https:\/\/www.mcallenflatware.com\/de\/wp-json\/wp\/v2\/product"}],"about":[{"href":"https:\/\/www.mcallenflatware.com\/de\/wp-json\/wp\/v2\/types\/product"}],"wp:featuredmedia":[{"embeddable":true,"href":"https:\/\/www.mcallenflatware.com\/de\/wp-json\/wp\/v2\/media\/3056"}],"wp:attachment":[{"href":"https:\/\/www.mcallenflatware.com\/de\/wp-json\/wp\/v2\/media?parent=3055"}],"wp:term":[{"taxonomy":"product_brand","embeddable":true,"href":"https:\/\/www.mcallenflatware.com\/de\/wp-json\/wp\/v2\/product_brand?post=3055"},{"taxonomy":"product_cat","embeddable":true,"href":"https:\/\/www.mcallenflatware.com\/de\/wp-json\/wp\/v2\/product_cat?post=3055"},{"taxonomy":"product_tag","embeddable":true,"href":"https:\/\/www.mcallenflatware.com\/de\/wp-json\/wp\/v2\/product_tag?post=3055"}],"curies":[{"name":"wp","href":"https:\/\/api.w.org\/{rel}","templated":true}]}}