{"id":3153,"date":"2026-05-11T08:47:44","date_gmt":"2026-05-11T08:47:44","guid":{"rendered":"https:\/\/www.mcallenflatware.com\/?post_type=product&#038;p=3153"},"modified":"2026-05-12T01:22:05","modified_gmt":"2026-05-12T01:22:05","slug":"wholesale-18-10-stainless-steel-flatware","status":"publish","type":"product","link":"https:\/\/www.mcallenflatware.com\/de\/product\/wholesale-18-10-stainless-steel-flatware\/","title":{"rendered":"Gro\u00dfhandel 18\/10 Edelstahl Besteck, geflochtene Textur Besteck Western Style Custom"},"content":{"rendered":"<div class=\"wp-block-columns is-layout-flex wp-container-core-columns-is-layout-9d6595d7 wp-block-columns-is-layout-flex\">\n<div class=\"wp-block-column is-layout-flow wp-block-column-is-layout-flow\">\n<h2 class=\"wp-block-heading\">18\/10 Edelstahl-Besteck Merkmale:<\/h2>\n\n\n\n<p><strong>Exklusives Griffdesign mit gewebter Textur<\/strong>: Die diamantgewebte Pr\u00e4zisionsstruktur sorgt f\u00fcr ein luxuri\u00f6ses Erscheinungsbild und verbessert gleichzeitig den Griffkomfort. Die strukturierte Oberfl\u00e4che hilft auch, sichtbare Fingerabdr\u00fccke im t\u00e4glichen Gebrauch zu reduzieren.<\/p>\n\n\n\n<p><strong>Hochwertige Konstruktion aus 18\/10-Edelstahl<\/strong>: Hergestellt aus hochwertigem, lebensmittelechtem Edelstahl mit hervorragender Korrosions- und Rostbest\u00e4ndigkeit. Die verdickte Griffstruktur gew\u00e4hrleistet eine lange Haltbarkeit in gewerblichen Sp\u00fclmaschinen.<\/p>\n\n\n\n<p><strong>Hochglanzpolierte Premium-Oberfl\u00e4che<\/strong>: Durch mehrfaches Polieren von Hand entsteht ein tiefer, spiegel\u00e4hnlicher Glanz, der die gehobene Tischpr\u00e4sentation unterstreicht. Der Glanz bleibt auch bei h\u00e4ufigem Gebrauch dauerhaft erhalten.<\/p>\n\n\n\n<p><strong>Komplette Besteckkonfiguration<\/strong>: Besteht aus Messern, Gabeln, L\u00f6ffeln, Dessertbesteck und R\u00fchrl\u00f6ffeln f\u00fcr vielseitige Anwendungen in der Gastronomie. Ideal f\u00fcr Hotels, Hochzeiten, Restaurants und Bankettservices.<\/p>\n\n\n\n<p><strong>Globale Einhaltung der Lebensmittelsicherheit<\/strong>: Erf\u00fcllt die FDA-, LFGB- und EU-Normen f\u00fcr den Kontakt mit Lebensmitteln mit strengen Qualit\u00e4tspr\u00fcfungen und Materialr\u00fcckverfolgbarkeit. Unterst\u00fctzt den globalen Gro\u00dfhandelsvertrieb und kommerzielle Beschaffungsprojekte.<\/p>\n<\/div>\n\n\n\n<div class=\"wp-block-column is-layout-flow wp-block-column-is-layout-flow\"><div class=\"wp-block-image\">\n<figure class=\"aligncenter size-full\"><img decoding=\"async\" width=\"800\" height=\"800\" src=\"https:\/\/www.mcallenflatware.com\/wp-content\/uploads\/2026\/05\/Wholesale-1810-Stainless-Steel-Flatware-Braided-Texture-Mirror-Polished-Cutlery-for-Hotels-Custom.webp\" alt=\"Gro\u00dfhandel 1810 Edelstahl-Besteck, geflochtene Textur Spiegel poliert Besteck f\u00fcr Hotels Custom\" class=\"wp-image-3158\" style=\"object-fit:cover\" srcset=\"https:\/\/www.mcallenflatware.com\/wp-content\/uploads\/2026\/05\/Wholesale-1810-Stainless-Steel-Flatware-Braided-Texture-Mirror-Polished-Cutlery-for-Hotels-Custom.webp 800w, https:\/\/www.mcallenflatware.com\/wp-content\/uploads\/2026\/05\/Wholesale-1810-Stainless-Steel-Flatware-Braided-Texture-Mirror-Polished-Cutlery-for-Hotels-Custom-150x150.webp 150w, https:\/\/www.mcallenflatware.com\/wp-content\/uploads\/2026\/05\/Wholesale-1810-Stainless-Steel-Flatware-Braided-Texture-Mirror-Polished-Cutlery-for-Hotels-Custom-768x768.webp 768w, https:\/\/www.mcallenflatware.com\/wp-content\/uploads\/2026\/05\/Wholesale-1810-Stainless-Steel-Flatware-Braided-Texture-Mirror-Polished-Cutlery-for-Hotels-Custom-12x12.webp 12w, https:\/\/www.mcallenflatware.com\/wp-content\/uploads\/2026\/05\/Wholesale-1810-Stainless-Steel-Flatware-Braided-Texture-Mirror-Polished-Cutlery-for-Hotels-Custom-600x600.webp 600w, https:\/\/www.mcallenflatware.com\/wp-content\/uploads\/2026\/05\/Wholesale-1810-Stainless-Steel-Flatware-Braided-Texture-Mirror-Polished-Cutlery-for-Hotels-Custom-300x300.webp 300w, https:\/\/www.mcallenflatware.com\/wp-content\/uploads\/2026\/05\/Wholesale-1810-Stainless-Steel-Flatware-Braided-Texture-Mirror-Polished-Cutlery-for-Hotels-Custom-100x100.webp 100w\" sizes=\"(max-width: 800px) 100vw, 800px\" \/><\/figure>\n<\/div><\/div>\n<\/div>\n\n\n\n<div class=\"wp-block-columns is-layout-flex wp-container-core-columns-is-layout-9d6595d7 wp-block-columns-is-layout-flex\">\n<div class=\"wp-block-column is-layout-flow wp-block-column-is-layout-flow\"><\/div>\n\n\n\n<div class=\"wp-block-column is-layout-flow wp-block-column-is-layout-flow\"><\/div>\n<\/div>","protected":false},"excerpt":{"rendered":"<p>Gro\u00dfhandelsbesteck aus 18\/10-Edelstahl bietet Langlebigkeit in kommerzieller Qualit\u00e4t, eine hochglanzpolierte Oberfl\u00e4che und elegante, strukturierte Griffe, die ideal f\u00fcr Restaurants, Hotels und Catering-Projekte sind. Die direkte OEM\/ODM-Unterst\u00fctzung im Werk gew\u00e4hrleistet eine gleichbleibende Versorgung mit gro\u00dfen Mengen. Kontaktieren Sie uns f\u00fcr Ihr Gro\u00dfhandelsangebot!<\/p>\n<h2>18\/10 Edelstahl-Besteck Attribute<\/h2>\n<p><strong>Markenname:<\/strong> Mcallen<br \/><strong>Material:<\/strong> Rostfreier Stahl<br \/><strong>Farbe:<\/strong> Gold, Silber<br \/><strong>Entwurf:<\/strong> Gepr\u00e4gtes Design<br \/><strong>Vorlaufzeit f\u00fcr Muster:<\/strong> Innerhalb von 3 Tagen<br \/><strong>OEM\/ODM:<\/strong> Verf\u00fcgbar<\/p>\n<h2>Individuelles 18\/10-Edelstahl-Besteck:<\/h2>\n<p><strong>Rostfreier Stahl:<\/strong> Rostfreier Stahl 18\/10, 304, 316, 410, 430, 420<br \/><strong>Logo:<\/strong> Lasergravur, Siebdruck, UV-Druck, Thermotransferdruck, Pr\u00e4gung, etc.<br \/><strong>Verpacken:<\/strong> 4\/8\/12\/16\/20\/24\/45\/48\/72pcs set<br \/><strong>Oberfl\u00e4chenausf\u00fchrungen:<\/strong> Hochglanzpoliert, mattiert, wasserpoliert, Titanbeschichtung<br \/><strong>Verpackung:<\/strong> Bulk, Opp Tasche, Farbe Box, Geschenk-Box, ma\u00dfgeschneiderte<\/p>","protected":false},"featured_media":3159,"template":"","meta":[],"product_brand":[],"product_cat":[23,29],"product_tag":[],"class_list":{"0":"post-3153","1":"product","2":"type-product","3":"status-publish","4":"has-post-thumbnail","6":"product_cat-wholesale-flatware","7":"product_cat-bulk-flatware","9":"first","10":"instock","11":"shipping-taxable","12":"product-type-simple"},"_links":{"self":[{"href":"https:\/\/www.mcallenflatware.com\/de\/wp-json\/wp\/v2\/product\/3153","targetHints":{"allow":["GET"]}}],"collection":[{"href":"https:\/\/www.mcallenflatware.com\/de\/wp-json\/wp\/v2\/product"}],"about":[{"href":"https:\/\/www.mcallenflatware.com\/de\/wp-json\/wp\/v2\/types\/product"}],"wp:featuredmedia":[{"embeddable":true,"href":"https:\/\/www.mcallenflatware.com\/de\/wp-json\/wp\/v2\/media\/3159"}],"wp:attachment":[{"href":"https:\/\/www.mcallenflatware.com\/de\/wp-json\/wp\/v2\/media?parent=3153"}],"wp:term":[{"taxonomy":"product_brand","embeddable":true,"href":"https:\/\/www.mcallenflatware.com\/de\/wp-json\/wp\/v2\/product_brand?post=3153"},{"taxonomy":"product_cat","embeddable":true,"href":"https:\/\/www.mcallenflatware.com\/de\/wp-json\/wp\/v2\/product_cat?post=3153"},{"taxonomy":"product_tag","embeddable":true,"href":"https:\/\/www.mcallenflatware.com\/de\/wp-json\/wp\/v2\/product_tag?post=3153"}],"curies":[{"name":"wp","href":"https:\/\/api.w.org\/{rel}","templated":true}]}}