{"id":3160,"date":"2026-05-11T09:51:47","date_gmt":"2026-05-11T09:51:47","guid":{"rendered":"https:\/\/www.mcallenflatware.com\/?post_type=product&#038;p=3160"},"modified":"2026-05-11T10:41:14","modified_gmt":"2026-05-11T10:41:14","slug":"custom-high-end-flatware","status":"publish","type":"product","link":"https:\/\/www.mcallenflatware.com\/de\/product\/custom-high-end-flatware\/","title":{"rendered":"Benutzerdefinierte High-End-Besteck Silber, schlanke ergonomische Edelstahl-Besteck-Set in Bulk"},"content":{"rendered":"<div class=\"wp-block-columns is-layout-flex wp-container-core-columns-is-layout-9d6595d7 wp-block-columns-is-layout-flex\">\n<div class=\"wp-block-column is-layout-flow wp-block-column-is-layout-flow\">\n<h2 class=\"wp-block-heading\">High-End-Besteck Merkmale:<\/h2>\n\n\n\n<p><strong>Stromlinienf\u00f6rmiges biomimetisches Griffdesign<\/strong>: Inspiriert von flie\u00dfenden Kurven, verbindet der Griff moderne \u00c4sthetik mit ergonomischem Komfort. Der verdickte, verbreiterte Griff sorgt f\u00fcr ein ausgewogenes Gewicht und ein erstklassiges Handgef\u00fchl.<\/p>\n\n\n\n<p><strong>Hochglanzpolieren in medizinischer Qualit\u00e4t<\/strong>: Durch mehrstufiges Polieren von Hand entsteht eine glatte, hochgl\u00e4nzende Spiegeloberfl\u00e4che mit hoher Widerstandsf\u00e4higkeit gegen Flecken und Oxidation. Leicht zu reinigen und ideal f\u00fcr die intensive Nutzung in der Gastronomie.<\/p>\n\n\n\n<p><strong>Geschmiedete Struktur aus einem St\u00fcck Edelstahl<\/strong>: Hergestellt aus hochwertigem, lebensmittelechtem Edelstahl mit verst\u00e4rkter Haltbarkeit f\u00fcr h\u00e4ufigen Gebrauch. Vollst\u00e4ndig sp\u00fclmaschinenfest ohne Verbiegen oder Besch\u00e4digung der Oberfl\u00e4che.<\/p>\n\n\n\n<p><strong>Raffinierte, sicherheitsorientierte Detailarbeit<\/strong>: Gabelspitzen, L\u00f6ffelkanten und Messerklingen sind sorgf\u00e4ltig poliert, um einen reibungslosen und sicheren Gebrauch zu gew\u00e4hrleisten. Kombiniert elegantes Aussehen mit zuverl\u00e4ssiger Schneide- und Servierleistung.<\/p>\n\n\n\n<p><strong>Strenge Qualit\u00e4tskontrolle und internationale Konformit\u00e4t<\/strong>: Die standardisierte Produktion umfasst eine Rohmaterialkontrolle und mehrere Qualit\u00e4tskontrollen vor dem Versand. Vollst\u00e4ndig konform mit den FDA- und LFGB-Sicherheitsstandards f\u00fcr den Kontakt mit Lebensmitteln f\u00fcr globale M\u00e4rkte.<\/p>\n<\/div>\n\n\n\n<div class=\"wp-block-column is-layout-flow wp-block-column-is-layout-flow\"><div class=\"wp-block-image\">\n<figure class=\"aligncenter size-full\"><img decoding=\"async\" width=\"800\" height=\"800\" src=\"https:\/\/www.mcallenflatware.com\/wp-content\/uploads\/2026\/05\/Custom-High-End-Flatware-Silver-Sleek-Ergonomic-Stainless-Steel-Cutlery-Set-in-Bulk-6.webp\" alt=\"Benutzerdefinierte High-End-Besteck Silber, schlanke ergonomische Edelstahl-Besteck-Set in Bulk (6)\" class=\"wp-image-3166\" style=\"object-fit:cover\" srcset=\"https:\/\/www.mcallenflatware.com\/wp-content\/uploads\/2026\/05\/Custom-High-End-Flatware-Silver-Sleek-Ergonomic-Stainless-Steel-Cutlery-Set-in-Bulk-6.webp 800w, https:\/\/www.mcallenflatware.com\/wp-content\/uploads\/2026\/05\/Custom-High-End-Flatware-Silver-Sleek-Ergonomic-Stainless-Steel-Cutlery-Set-in-Bulk-6-150x150.webp 150w, https:\/\/www.mcallenflatware.com\/wp-content\/uploads\/2026\/05\/Custom-High-End-Flatware-Silver-Sleek-Ergonomic-Stainless-Steel-Cutlery-Set-in-Bulk-6-768x768.webp 768w, https:\/\/www.mcallenflatware.com\/wp-content\/uploads\/2026\/05\/Custom-High-End-Flatware-Silver-Sleek-Ergonomic-Stainless-Steel-Cutlery-Set-in-Bulk-6-12x12.webp 12w, https:\/\/www.mcallenflatware.com\/wp-content\/uploads\/2026\/05\/Custom-High-End-Flatware-Silver-Sleek-Ergonomic-Stainless-Steel-Cutlery-Set-in-Bulk-6-600x600.webp 600w, https:\/\/www.mcallenflatware.com\/wp-content\/uploads\/2026\/05\/Custom-High-End-Flatware-Silver-Sleek-Ergonomic-Stainless-Steel-Cutlery-Set-in-Bulk-6-300x300.webp 300w, https:\/\/www.mcallenflatware.com\/wp-content\/uploads\/2026\/05\/Custom-High-End-Flatware-Silver-Sleek-Ergonomic-Stainless-Steel-Cutlery-Set-in-Bulk-6-100x100.webp 100w\" sizes=\"(max-width: 800px) 100vw, 800px\" \/><\/figure>\n<\/div><\/div>\n<\/div>\n\n\n\n<div class=\"wp-block-columns is-layout-flex wp-container-core-columns-is-layout-9d6595d7 wp-block-columns-is-layout-flex\">\n<div class=\"wp-block-column is-layout-flow wp-block-column-is-layout-flow\"><\/div>\n\n\n\n<div class=\"wp-block-column is-layout-flow wp-block-column-is-layout-flow\"><\/div>\n<\/div>","protected":false},"excerpt":{"rendered":"<p>Das kundenspezifische High-End-Besteck besteht aus hochwertigem 18\/10-Edelstahl, ist hochglanzpoliert und verf\u00fcgt \u00fcber ein ergonomisches, luxuri\u00f6ses Design - ideal f\u00fcr Hotels, Restaurants und Bankettveranstaltungen. Wir bieten eine vollst\u00e4ndige OEM\/ODM-Anpassung, um Ihnen beim Aufbau Ihrer exklusiven Geschirrkollektion zu helfen. Kontaktieren Sie uns f\u00fcr Gro\u00dfhandelsangebote!<\/p>\n<h2>High-End-Besteck Attribute<\/h2>\n<p><strong>Markenname:<\/strong> Mcallen<br \/><strong>Material:<\/strong> Rostfreier Stahl<br \/><strong>Farbe:<\/strong> Silber, Gold, Schwarz<br \/><strong>Entwurf:<\/strong> Modernes Design<br \/><strong>Vorlaufzeit f\u00fcr Muster:<\/strong> Innerhalb von 3 Tagen<br \/><strong>OEM\/ODM:<\/strong> Verf\u00fcgbar<\/p>\n<h2>Individuelles High-End-Besteck:<\/h2>\n<p><strong>Rostfreier Stahl:<\/strong> Rostfreier Stahl 18\/10, 304, 316, 410, 430, 420<br \/><strong>Logo:<\/strong> Lasergravur, Siebdruck, UV-Druck, Thermotransferdruck, Pr\u00e4gung, etc.<br \/><strong>Verpacken:<\/strong> 4\/8\/12\/16\/20\/24\/45\/48\/72pcs set<br \/><strong>Oberfl\u00e4chenausf\u00fchrungen:<\/strong> Hochglanzpoliert, mattiert, wasserpoliert, Titanbeschichtung<br \/><strong>Verpackung:<\/strong> Bulk, Opp Tasche, Farbe Box, Geschenk-Box, ma\u00dfgeschneiderte<\/p>","protected":false},"featured_media":3161,"template":"","meta":[],"product_brand":[],"product_cat":[23,29],"product_tag":[],"class_list":{"0":"post-3160","1":"product","2":"type-product","3":"status-publish","4":"has-post-thumbnail","6":"product_cat-wholesale-flatware","7":"product_cat-bulk-flatware","9":"first","10":"instock","11":"shipping-taxable","12":"product-type-simple"},"_links":{"self":[{"href":"https:\/\/www.mcallenflatware.com\/de\/wp-json\/wp\/v2\/product\/3160","targetHints":{"allow":["GET"]}}],"collection":[{"href":"https:\/\/www.mcallenflatware.com\/de\/wp-json\/wp\/v2\/product"}],"about":[{"href":"https:\/\/www.mcallenflatware.com\/de\/wp-json\/wp\/v2\/types\/product"}],"wp:featuredmedia":[{"embeddable":true,"href":"https:\/\/www.mcallenflatware.com\/de\/wp-json\/wp\/v2\/media\/3161"}],"wp:attachment":[{"href":"https:\/\/www.mcallenflatware.com\/de\/wp-json\/wp\/v2\/media?parent=3160"}],"wp:term":[{"taxonomy":"product_brand","embeddable":true,"href":"https:\/\/www.mcallenflatware.com\/de\/wp-json\/wp\/v2\/product_brand?post=3160"},{"taxonomy":"product_cat","embeddable":true,"href":"https:\/\/www.mcallenflatware.com\/de\/wp-json\/wp\/v2\/product_cat?post=3160"},{"taxonomy":"product_tag","embeddable":true,"href":"https:\/\/www.mcallenflatware.com\/de\/wp-json\/wp\/v2\/product_tag?post=3160"}],"curies":[{"name":"wp","href":"https:\/\/api.w.org\/{rel}","templated":true}]}}