{"id":873,"date":"2024-11-11T09:10:11","date_gmt":"2024-11-11T09:10:11","guid":{"rendered":"https:\/\/www.mcallenflatware.com\/?post_type=product&#038;p=873"},"modified":"2024-11-12T18:20:57","modified_gmt":"2024-11-12T18:20:57","slug":"hammered-flatware-wholesale","status":"publish","type":"product","link":"https:\/\/www.mcallenflatware.com\/de\/product\/hammered-flatware-wholesale\/","title":{"rendered":"Individuell geh\u00e4mmertes Besteck Edelstahl Portugiesisch"},"content":{"rendered":"<h2 class=\"wp-block-heading\">Geh\u00e4mmertes Besteck Merkmale:<\/h2>\n\n\n\n<div class=\"wp-block-columns is-layout-flex wp-container-core-columns-is-layout-9d6595d7 wp-block-columns-is-layout-flex\">\n<div class=\"wp-block-column is-layout-flow wp-block-column-is-layout-flow\" style=\"flex-basis:66.66%\">\n<p><strong>Hochwertige Materialien<\/strong><br>Unser poliertes, geh\u00e4mmertes Besteck ist aus hochwertigem Edelstahl gefertigt. Es ist langlebig und korrosionsbest\u00e4ndig und damit perfekt f\u00fcr den h\u00e4ufigen Gebrauch auf Hochzeitsfeiern, in Restaurants und sogar zu Hause.<\/p>\n\n\n\n<p><strong>Geh\u00e4mmertes einzigartiges Design<\/strong><br>Das exquisite geh\u00e4mmerte Finish und die Steinstruktur in Kombination mit der Hochglanzpolitur verleihen dem Besteckset im portugiesischen Stil ein luxuri\u00f6ses Design, das Ihre G\u00e4ste beeindrucken wird.<\/p>\n\n\n\n<p><strong>Leicht zu reinigen, \u00f6kologisch nachhaltig<\/strong><br>Die glatte Oberfl\u00e4che macht dieses Besteck leicht zu reinigen, umweltfreundlich und wiederverwendbar.<\/p>\n\n\n\n<p><strong>Personalisierte Optionen<\/strong><br>OEM\/ODM-Bestellungen sind willkommen; wir k\u00f6nnen auch kundenspezifische Logodrucke und mehrere Farboptionen zulassen und unterst\u00fctzen personalisierte Anpassungen.<\/p>\n<\/div>\n\n\n\n<div class=\"wp-block-column is-layout-flow wp-block-column-is-layout-flow\" style=\"flex-basis:33.33%\">\n<figure class=\"wp-block-image size-full\"><img decoding=\"async\" width=\"1024\" height=\"1024\" src=\"https:\/\/www.mcallenflatware.com\/wp-content\/uploads\/2024\/11\/Wholesale-Hammered-Flatware-3.webp\" alt=\"Gro\u00dfhandel geh\u00e4mmert Besteck 3\" class=\"wp-image-876\" srcset=\"https:\/\/www.mcallenflatware.com\/wp-content\/uploads\/2024\/11\/Wholesale-Hammered-Flatware-3.webp 1024w, https:\/\/www.mcallenflatware.com\/wp-content\/uploads\/2024\/11\/Wholesale-Hammered-Flatware-3-150x150.webp 150w, https:\/\/www.mcallenflatware.com\/wp-content\/uploads\/2024\/11\/Wholesale-Hammered-Flatware-3-768x768.webp 768w, https:\/\/www.mcallenflatware.com\/wp-content\/uploads\/2024\/11\/Wholesale-Hammered-Flatware-3-600x600.webp 600w, https:\/\/www.mcallenflatware.com\/wp-content\/uploads\/2024\/11\/Wholesale-Hammered-Flatware-3-300x300.webp 300w, https:\/\/www.mcallenflatware.com\/wp-content\/uploads\/2024\/11\/Wholesale-Hammered-Flatware-3-100x100.webp 100w\" sizes=\"(max-width: 1024px) 100vw, 1024px\" \/><\/figure>\n<\/div>\n<\/div>","protected":false},"excerpt":{"rendered":"<p>Gro\u00dfhandel benutzerdefinierte geh\u00e4mmert Besteck, Edelstahl portugiesischen Stil Besteck-Set, Stein Textur Griff Design, Spiegel poliert, modern und stilvoll. Mcallen Besteck Hersteller bietet kosteng\u00fcnstige kundenspezifische Dienstleistungen, willkommen zu erkundigen!<\/p>\n<h2>Geh\u00e4mmerte Bestecke Attribute<\/h2>\n<p><strong>Markenname:<\/strong> Mcallen<br \/><strong>Material:<\/strong> Rostfreier Stahl<br \/><strong>Farbe:<\/strong>\u00a0 Silber\/Ros\u00e9gold\/Gold\/Schwarz oder kundenspezifisch<br \/><strong>Polieren:<\/strong> Hochglanzpoliert<br \/><strong>Design-Stil:<\/strong>\u00a0 Portugiesischer Stil<br \/><strong>Vorlaufzeit f\u00fcr Muster:<\/strong> Innerhalb von 3 Tagen<br \/><strong>OEM\/ODM:<\/strong> Verf\u00fcgbar<\/p>\n<h2>Individuelles Besteck aus Edelstahl:<\/h2>\n<p><strong>Rostfreier Stahl:<\/strong> Rostfreier Stahl 18\/10, 304, 316, 410, 430, 420<br \/><strong>Logo:<\/strong> Lasergravur, Siebdruck, UV-Druck, Thermotransferdruck, Pr\u00e4gung, usw.<br \/><strong>Verpacken:<\/strong> 4\/8\/12\/16\/20\/24\/45\/48\/72pcs set<br \/><strong>Oberfl\u00e4chenausf\u00fchrungen:<\/strong> Hochglanzpoliert, mattiert, wasserpoliert, Titanbeschichtung<br \/><strong>Verpackung:<\/strong> Bulk, Opp Tasche, Farbe Box, Geschenk-Box, ma\u00dfgeschneiderte<\/p>","protected":false},"featured_media":877,"template":"","meta":[],"product_brand":[],"product_cat":[23,29],"product_tag":[],"class_list":{"0":"post-873","1":"product","2":"type-product","3":"status-publish","4":"has-post-thumbnail","6":"product_cat-wholesale-flatware","7":"product_cat-bulk-flatware","9":"first","10":"instock","11":"shipping-taxable","12":"product-type-simple"},"_links":{"self":[{"href":"https:\/\/www.mcallenflatware.com\/de\/wp-json\/wp\/v2\/product\/873","targetHints":{"allow":["GET"]}}],"collection":[{"href":"https:\/\/www.mcallenflatware.com\/de\/wp-json\/wp\/v2\/product"}],"about":[{"href":"https:\/\/www.mcallenflatware.com\/de\/wp-json\/wp\/v2\/types\/product"}],"wp:featuredmedia":[{"embeddable":true,"href":"https:\/\/www.mcallenflatware.com\/de\/wp-json\/wp\/v2\/media\/877"}],"wp:attachment":[{"href":"https:\/\/www.mcallenflatware.com\/de\/wp-json\/wp\/v2\/media?parent=873"}],"wp:term":[{"taxonomy":"product_brand","embeddable":true,"href":"https:\/\/www.mcallenflatware.com\/de\/wp-json\/wp\/v2\/product_brand?post=873"},{"taxonomy":"product_cat","embeddable":true,"href":"https:\/\/www.mcallenflatware.com\/de\/wp-json\/wp\/v2\/product_cat?post=873"},{"taxonomy":"product_tag","embeddable":true,"href":"https:\/\/www.mcallenflatware.com\/de\/wp-json\/wp\/v2\/product_tag?post=873"}],"curies":[{"name":"wp","href":"https:\/\/api.w.org\/{rel}","templated":true}]}}