{"id":881,"date":"2024-11-12T07:27:45","date_gmt":"2024-11-12T07:27:45","guid":{"rendered":"https:\/\/www.mcallenflatware.com\/?post_type=product&#038;p=881"},"modified":"2024-11-12T07:31:13","modified_gmt":"2024-11-12T07:31:13","slug":"wholesale-kitchen-utensils-set","status":"publish","type":"product","link":"https:\/\/www.mcallenflatware.com\/de\/product\/wholesale-kitchen-utensils-set\/","title":{"rendered":"Gro\u00dfhandel K\u00fcchenutensilien Set Edelstahl f\u00fcr Home Commercial"},"content":{"rendered":"<div class=\"wp-block-columns is-layout-flex wp-container-core-columns-is-layout-9d6595d7 wp-block-columns-is-layout-flex\">\n<div class=\"wp-block-column is-layout-flow wp-block-column-is-layout-flow\">\n<h2 class=\"wp-block-heading\"><strong>Komplette K\u00fcchenutensilien 22 St\u00fcck<\/strong><\/h2>\n\n\n\n<div class=\"wp-block-columns is-layout-flex wp-container-core-columns-is-layout-9d6595d7 wp-block-columns-is-layout-flex\">\n<div class=\"wp-block-column is-layout-flow wp-block-column-is-layout-flow\">\n<ol class=\"wp-block-list\">\n<li>Runder Absch\u00e4umer<\/li>\n\n\n\n<li>Kartoffelstampfer<\/li>\n\n\n\n<li>Fleischgabel<\/li>\n\n\n\n<li>Nudelserver<\/li>\n\n\n\n<li>Spatel mit Schlitz<\/li>\n\n\n\n<li>Suppensch\u00f6pfer<\/li>\n\n\n\n<li>Y-f\u00f6rmiger Sch\u00e4ler<\/li>\n\n\n\n<li>Reibe<\/li>\n\n\n\n<li>Dosen\u00f6ffner<\/li>\n\n\n\n<li>9-Zoll-Schneebesen<\/li>\n\n\n\n<li>Mini-Schneebesen<\/li>\n<\/ol>\n<\/div>\n\n\n\n<div class=\"wp-block-column is-layout-flow wp-block-column-is-layout-flow\">\n<ol start=\"12\" class=\"wp-block-list\">\n<li>Knoblauchpresse<\/li>\n\n\n\n<li>Teigschneiderad<\/li>\n\n\n\n<li>Sch\u00e4ler<\/li>\n\n\n\n<li>Eiscreme-Schaufel<\/li>\n\n\n\n<li>Sch\u00fcssel- und Tellerzange<\/li>\n\n\n\n<li>Flaschen\u00f6ffner<\/li>\n\n\n\n<li>30ml Kaffeeschaufel<\/li>\n\n\n\n<li>15ml Kaffeeschaufel<\/li>\n\n\n\n<li>20ml Kaffeeschaufel<\/li>\n\n\n\n<li>Messl\u00f6ffel-Set 5-teilig<\/li>\n\n\n\n<li>Messl\u00f6ffel-Set 4-teilig<\/li>\n<\/ol>\n<\/div>\n<\/div>\n<\/div>\n\n\n\n<div class=\"wp-block-column is-layout-flow wp-block-column-is-layout-flow\">\n<figure class=\"wp-block-image size-full\"><img decoding=\"async\" width=\"1000\" height=\"1000\" src=\"https:\/\/www.mcallenflatware.com\/wp-content\/uploads\/2024\/11\/Wholesale-Kitchen-Utensils-Set.webp\" alt=\"Gro\u00dfhandel K\u00fcchenutensilien Set\" class=\"wp-image-1020\" srcset=\"https:\/\/www.mcallenflatware.com\/wp-content\/uploads\/2024\/11\/Wholesale-Kitchen-Utensils-Set.webp 1000w, https:\/\/www.mcallenflatware.com\/wp-content\/uploads\/2024\/11\/Wholesale-Kitchen-Utensils-Set-150x150.webp 150w, https:\/\/www.mcallenflatware.com\/wp-content\/uploads\/2024\/11\/Wholesale-Kitchen-Utensils-Set-768x768.webp 768w, https:\/\/www.mcallenflatware.com\/wp-content\/uploads\/2024\/11\/Wholesale-Kitchen-Utensils-Set-600x600.webp 600w, https:\/\/www.mcallenflatware.com\/wp-content\/uploads\/2024\/11\/Wholesale-Kitchen-Utensils-Set-300x300.webp 300w, https:\/\/www.mcallenflatware.com\/wp-content\/uploads\/2024\/11\/Wholesale-Kitchen-Utensils-Set-100x100.webp 100w\" sizes=\"(max-width: 1000px) 100vw, 1000px\" \/><\/figure>\n<\/div>\n<\/div>\n\n\n\n<div class=\"wp-block-columns is-layout-flex wp-container-core-columns-is-layout-9d6595d7 wp-block-columns-is-layout-flex\">\n<div class=\"wp-block-column is-layout-flow wp-block-column-is-layout-flow\">\n<figure class=\"wp-block-image size-full\"><img decoding=\"async\" width=\"1000\" height=\"1000\" src=\"https:\/\/www.mcallenflatware.com\/wp-content\/uploads\/2024\/11\/Wholesale-Kitchen-Utensils-Set-.webp\" alt=\"Gro\u00dfhandel-K\u00fcchenutensilien-Set\" class=\"wp-image-889\" srcset=\"https:\/\/www.mcallenflatware.com\/wp-content\/uploads\/2024\/11\/Wholesale-Kitchen-Utensils-Set-.webp 1000w, https:\/\/www.mcallenflatware.com\/wp-content\/uploads\/2024\/11\/Wholesale-Kitchen-Utensils-Set--150x150.webp 150w, https:\/\/www.mcallenflatware.com\/wp-content\/uploads\/2024\/11\/Wholesale-Kitchen-Utensils-Set--768x768.webp 768w, https:\/\/www.mcallenflatware.com\/wp-content\/uploads\/2024\/11\/Wholesale-Kitchen-Utensils-Set--600x600.webp 600w, https:\/\/www.mcallenflatware.com\/wp-content\/uploads\/2024\/11\/Wholesale-Kitchen-Utensils-Set--300x300.webp 300w, https:\/\/www.mcallenflatware.com\/wp-content\/uploads\/2024\/11\/Wholesale-Kitchen-Utensils-Set--100x100.webp 100w\" sizes=\"(max-width: 1000px) 100vw, 1000px\" \/><\/figure>\n<\/div>\n\n\n\n<div class=\"wp-block-column is-layout-flow wp-block-column-is-layout-flow\">\n<h2 class=\"wp-block-heading\">K\u00fcchenutensilien Set Eigenschaften:<\/h2>\n\n\n\n<div class=\"wp-block-group is-nowrap is-layout-flex wp-container-core-group-is-layout-ad2f72ca wp-block-group-is-layout-flex\">\n<p><strong>Multifunktional und f\u00fcr jede Gelegenheit geeignet<\/strong><br>Sie verf\u00fcgt \u00fcber eine Vielzahl von K\u00fcchenwerkzeugen f\u00fcr die unterschiedlichsten Kochbed\u00fcrfnisse. Sie eignet sich sowohl f\u00fcr Restaurants, Hotels und andere Gastronomiebetriebe als auch f\u00fcr die K\u00fcche zu Hause.<\/p>\n<\/div>\n\n\n\n<p><strong>Langlebiges, hochtemperaturbest\u00e4ndiges Material<\/strong><br>Er besteht aus hochfestem Edelstahl, ist hitzebest\u00e4ndig, rostfrei, verformt sich nicht leicht und h\u00e4lt h\u00e4ufigem Gebrauch und Reinigung stand.<\/p>\n\n\n\n<p><strong>Ergonomische Gestaltung<\/strong><br>Der Stahlgriff ist ergonomisch geformt, liegt gut in der Hand und reduziert Erm\u00fcdungserscheinungen bei l\u00e4ngerem Gebrauch.<\/p>\n\n\n\n<p><strong>Leicht zu reinigen und zu pflegen<\/strong><br>Die Eigenschaften von Edelstahl machen ihn hitzebest\u00e4ndig und er kann leicht in der Sp\u00fclmaschine gereinigt werden.<\/p>\n<\/div>\n<\/div>","protected":false},"excerpt":{"rendered":"<p>Gro\u00dfhandel Edelstahl K\u00fcchenutensilien Sets, eine Vielzahl von Kochutensilien, ungiftig und langlebig, geeignet f\u00fcr gewerbliche und private K\u00fcche verwenden. Hersteller Direktvertrieb, bieten kosteng\u00fcnstige kundenspezifische L\u00f6sungen, willkommen f\u00fcr kostenlose Probe zu erkundigen!<\/p>\n<h2>K\u00fcchenutensilien Set Attribute<\/h2>\n<p><strong>Markenname:<\/strong> Mcallen<br \/><strong>Material:<\/strong> Rostfreier Stahl<br \/><strong>Art:<\/strong> Runder Schauml\u00f6ffel, Kartoffelstampfer, Fleischgabel, Nudelservierer, Suppensch\u00f6pfer, Sparsch\u00e4ler, Reibe, Dosen\u00f6ffner, Schneebesen, Flaschen\u00f6ffner, Kaffeel\u00f6ffel, Messl\u00f6ffel-Set<br \/><strong>Farbe:<\/strong> Gold, Silber, oder kundenspezifisch<br \/><strong>Design des Griffs:<\/strong> Stahlgriff<br \/><strong>Vorlaufzeit f\u00fcr Muster:<\/strong> Innerhalb von 3 Tagen<br \/><strong>OEM\/ODM:<\/strong> Verf\u00fcgbar<\/p>\n<h2>Individuelles K\u00fcchenutensilien-Set:<\/h2>\n<p><strong>Rostfreier Stahl:<\/strong>\u00a0Rostfreier Stahl 18\/10, 304, 316, 410, 430, 420<br \/><strong>Logo:<\/strong>\u00a0Lasergravur, Siebdruck, UV-Druck, Thermotransferdruck, Pr\u00e4gung, etc.<br \/><strong>Oberfl\u00e4chenausf\u00fchrungen:<\/strong>\u00a0Hochglanzpoliert, mattiert<br \/><b>Handgriff:<\/b>\u00a0Griffe aus Edelstahl, Holz oder Silikon.<br \/><strong>Verpackung:<\/strong>\u00a0Bulk, Opp-Beutel, Farbkarton, oder kundenspezifisch<\/p>","protected":false},"featured_media":889,"template":"","meta":[],"product_brand":[],"product_cat":[24,33],"product_tag":[],"class_list":{"0":"post-881","1":"product","2":"type-product","3":"status-publish","4":"has-post-thumbnail","6":"product_cat-wholesale-kitchen-utensils","7":"product_cat-wholesale-cooking-utensils","9":"first","10":"instock","11":"shipping-taxable","12":"product-type-simple"},"_links":{"self":[{"href":"https:\/\/www.mcallenflatware.com\/de\/wp-json\/wp\/v2\/product\/881","targetHints":{"allow":["GET"]}}],"collection":[{"href":"https:\/\/www.mcallenflatware.com\/de\/wp-json\/wp\/v2\/product"}],"about":[{"href":"https:\/\/www.mcallenflatware.com\/de\/wp-json\/wp\/v2\/types\/product"}],"wp:featuredmedia":[{"embeddable":true,"href":"https:\/\/www.mcallenflatware.com\/de\/wp-json\/wp\/v2\/media\/889"}],"wp:attachment":[{"href":"https:\/\/www.mcallenflatware.com\/de\/wp-json\/wp\/v2\/media?parent=881"}],"wp:term":[{"taxonomy":"product_brand","embeddable":true,"href":"https:\/\/www.mcallenflatware.com\/de\/wp-json\/wp\/v2\/product_brand?post=881"},{"taxonomy":"product_cat","embeddable":true,"href":"https:\/\/www.mcallenflatware.com\/de\/wp-json\/wp\/v2\/product_cat?post=881"},{"taxonomy":"product_tag","embeddable":true,"href":"https:\/\/www.mcallenflatware.com\/de\/wp-json\/wp\/v2\/product_tag?post=881"}],"curies":[{"name":"wp","href":"https:\/\/api.w.org\/{rel}","templated":true}]}}