{"id":890,"date":"2025-09-24T10:29:25","date_gmt":"2025-09-24T10:29:25","guid":{"rendered":"https:\/\/www.mcallenflatware.com\/?post_type=product&#038;p=890"},"modified":"2025-09-24T10:31:20","modified_gmt":"2025-09-24T10:31:20","slug":"modern-flatware-wholesale","status":"publish","type":"product","link":"https:\/\/www.mcallenflatware.com\/de\/product\/modern-flatware-wholesale\/","title":{"rendered":"Gro\u00dfhandel Moderne Besteck Edelstahl Quadrat Griff"},"content":{"rendered":"<h2 class=\"wp-block-heading\">Modernes Besteck Merkmale:<\/h2>\n\n\n\n<div class=\"wp-block-columns is-layout-flex wp-container-core-columns-is-layout-9d6595d7 wp-block-columns-is-layout-flex\">\n<div class=\"wp-block-column is-layout-flow wp-block-column-is-layout-flow\" style=\"flex-basis:66.66%\">\n<p><strong>Modernes quadratisches Griffdesign<\/strong><br>Moderner minimalistischer Stil, quadratische Griffe sind ergonomisch, bequemer, stabiler und verbessern das Esserlebnis. Geeignet f\u00fcr moderne Wohnungen und gehobene Restaurants.<\/p>\n\n\n\n<p><strong>Hochwertiges Material aus rostfreiem Stahl<\/strong><br>Das Besteck ist aus hochwertigem Edelstahl gefertigt und verf\u00fcgt \u00fcber eine hohe Festigkeit, die daf\u00fcr sorgt, dass das Besteck gl\u00e4nzt und langlebig ist.<\/p>\n\n\n\n<p><strong>Verschiedene Farboptionen zur individuellen Gestaltung<\/strong><br>Erh\u00e4ltlich in Gold, Silber, Schwarz und Ros\u00e9gold und kann mit Verpackungen, Logos usw. versehen werden.<\/p>\n\n\n\n<p><strong>Leicht zu reinigen, sp\u00fclmaschinenfest<\/strong><br>Die Oberfl\u00e4che ist glatt, verschlei\u00dffest und kann in der Sp\u00fclmaschine gereinigt werden. Sie ist sehr praktisch f\u00fcr den t\u00e4glichen Gebrauch und sorgt schnell wieder f\u00fcr ein glattes Aussehen.<\/p>\n\n\n\n<p><strong>Rabatte bei Gro\u00dfeinkauf<\/strong><br>Sie sind f\u00fcr den Gro\u00dfhandel bestimmt und k\u00f6nnen in gro\u00dfen Mengen mit Preisnachl\u00e4ssen erworben werden. Sie k\u00f6nnen f\u00fcr verschiedene Gro\u00dfveranstaltungen mit hoher Nachfrage verwendet werden, wie z. B. Catering, Hotels, Hochzeitsbankette usw.<\/p>\n<\/div>\n\n\n\n<div class=\"wp-block-column is-layout-flow wp-block-column-is-layout-flow\" style=\"flex-basis:33.33%\">\n<figure class=\"wp-block-image size-full\"><img decoding=\"async\" width=\"960\" height=\"960\" src=\"https:\/\/www.mcallenflatware.com\/wp-content\/uploads\/2024\/11\/Wholesale-Modern-Flatware-7.webp\" alt=\"Gro\u00dfhandel Modernes Besteck 7\" class=\"wp-image-897\" srcset=\"https:\/\/www.mcallenflatware.com\/wp-content\/uploads\/2024\/11\/Wholesale-Modern-Flatware-7.webp 960w, https:\/\/www.mcallenflatware.com\/wp-content\/uploads\/2024\/11\/Wholesale-Modern-Flatware-7-150x150.webp 150w, https:\/\/www.mcallenflatware.com\/wp-content\/uploads\/2024\/11\/Wholesale-Modern-Flatware-7-768x768.webp 768w, https:\/\/www.mcallenflatware.com\/wp-content\/uploads\/2024\/11\/Wholesale-Modern-Flatware-7-600x600.webp 600w, https:\/\/www.mcallenflatware.com\/wp-content\/uploads\/2024\/11\/Wholesale-Modern-Flatware-7-300x300.webp 300w, https:\/\/www.mcallenflatware.com\/wp-content\/uploads\/2024\/11\/Wholesale-Modern-Flatware-7-100x100.webp 100w\" sizes=\"(max-width: 960px) 100vw, 960px\" \/><\/figure>\n<\/div>\n<\/div>","protected":false},"excerpt":{"rendered":"<p>Benutzerdefinierte Gro\u00dfhandel moderne Besteck aus Edelstahl, ist der quadratische Griff Design stilvoll und komfortabel, geeignet f\u00fcr Restaurants und Gro\u00dfveranstaltungen. Amazon hei\u00dfer Verkauf Besteck-Set, bietet Fabrikpreis OEM und ODM Anpassung. Willkommen zu erkundigen!<\/p>\n<h2>Modernes Besteck Attribute<\/h2>\n<p><strong>Markenname:<\/strong> Mcallen<br \/><strong>Material:<\/strong> Rostfreier Stahl<br \/><strong>Farbe:<\/strong> Silber, Gold, Ros\u00e9gold, Schwarz oder kundenspezifisch<br \/><strong>Polieren:<\/strong> Hochglanzpoliert<br \/><strong>Entwurf:<\/strong>\u00a0 Moderner Vierkantgriff<br \/><strong>Vorlaufzeit f\u00fcr Muster:<\/strong> Innerhalb von 3 Tagen<br \/><strong>OEM\/ODM:<\/strong> Verf\u00fcgbar<\/p>\n<h2>Individuelles Besteck aus Edelstahl:<\/h2>\n<p><strong>Rostfreier Stahl:<\/strong> Rostfreier Stahl 18\/10, 304, 316, 410, 430, 420<br \/><strong>Logo:<\/strong> Lasergravur, Siebdruck, UV-Druck, Thermotransferdruck, Pr\u00e4gung, usw.<br \/><strong>Verpacken:<\/strong> 4\/8\/12\/16\/20\/24\/45\/48\/72pcs set<br \/><strong>Oberfl\u00e4chenausf\u00fchrungen:<\/strong> Hochglanzpoliert, mattiert, wasserpoliert, Titanbeschichtung<br \/><strong>Verpackung:<\/strong> Bulk, Opp Tasche, Farbe Box, Geschenk-Box, ma\u00dfgeschneiderte<\/p>","protected":false},"featured_media":895,"template":"","meta":[],"product_brand":[],"product_cat":[23,29],"product_tag":[],"class_list":{"0":"post-890","1":"product","2":"type-product","3":"status-publish","4":"has-post-thumbnail","6":"product_cat-wholesale-flatware","7":"product_cat-bulk-flatware","9":"first","10":"instock","11":"shipping-taxable","12":"product-type-simple"},"_links":{"self":[{"href":"https:\/\/www.mcallenflatware.com\/de\/wp-json\/wp\/v2\/product\/890","targetHints":{"allow":["GET"]}}],"collection":[{"href":"https:\/\/www.mcallenflatware.com\/de\/wp-json\/wp\/v2\/product"}],"about":[{"href":"https:\/\/www.mcallenflatware.com\/de\/wp-json\/wp\/v2\/types\/product"}],"wp:featuredmedia":[{"embeddable":true,"href":"https:\/\/www.mcallenflatware.com\/de\/wp-json\/wp\/v2\/media\/895"}],"wp:attachment":[{"href":"https:\/\/www.mcallenflatware.com\/de\/wp-json\/wp\/v2\/media?parent=890"}],"wp:term":[{"taxonomy":"product_brand","embeddable":true,"href":"https:\/\/www.mcallenflatware.com\/de\/wp-json\/wp\/v2\/product_brand?post=890"},{"taxonomy":"product_cat","embeddable":true,"href":"https:\/\/www.mcallenflatware.com\/de\/wp-json\/wp\/v2\/product_cat?post=890"},{"taxonomy":"product_tag","embeddable":true,"href":"https:\/\/www.mcallenflatware.com\/de\/wp-json\/wp\/v2\/product_tag?post=890"}],"curies":[{"name":"wp","href":"https:\/\/api.w.org\/{rel}","templated":true}]}}