{"id":899,"date":"2024-11-12T09:16:44","date_gmt":"2024-11-12T09:16:44","guid":{"rendered":"https:\/\/www.mcallenflatware.com\/?post_type=product&#038;p=899"},"modified":"2024-11-12T09:16:45","modified_gmt":"2024-11-12T09:16:45","slug":"stainless-steel-cooking-utensils-custom","status":"publish","type":"product","link":"https:\/\/www.mcallenflatware.com\/de\/product\/stainless-steel-cooking-utensils-custom\/","title":{"rendered":"Benutzerdefinierte Edelstahl-Kochutensilien Holzgriff 7 PCs Factory Direct"},"content":{"rendered":"<h2 class=\"wp-block-heading\">Edelstahl-Kochutensilien Merkmale:<\/h2>\n\n\n\n<div class=\"wp-block-columns is-layout-flex wp-container-core-columns-is-layout-9d6595d7 wp-block-columns-is-layout-flex\">\n<div class=\"wp-block-column is-layout-flow wp-block-column-is-layout-flow\" style=\"flex-basis:66.66%\">\n<p><strong>Hochwertiges Material<\/strong><br>Hergestellt aus rostfreiem Stahl, rostfrei und langlebig, f\u00fcr h\u00e4ufigen Gebrauch und Reinigung geeignet.<\/p>\n\n\n\n<p><strong>Leicht zu reinigen und zu pflegen<\/strong><br>Die Eigenschaften von Edelstahl machen ihn hitzebest\u00e4ndig und er kann leicht in der Sp\u00fclmaschine gereinigt werden.<\/p>\n\n\n\n<p><strong>Multi-Funktions-Set<\/strong><br>Das Set enth\u00e4lt 7 verschiedene Kochutensilien, die eine breite Palette von Bed\u00fcrfnissen abdecken, von der einfachen bis zur feinen K\u00fcche, wie z. B. Suppenkelle, Trichter, Bratspatel, Schneebesen usw.<\/p>\n\n\n\n<p><strong>Platzsparend<\/strong><br>Jedes Kochgeschirr ist mit Aufbewahrungsl\u00f6chern an den Enden versehen, so dass es bequem an der Wand aufbewahrt werden kann und leicht zug\u00e4nglich ist, wodurch der vertikale Raum optimal genutzt wird.<\/p>\n\n\n\n<p><strong>Griffe aus Holz<\/strong><br>Ergonomisch geformte Griffe f\u00fcr Komfort und rutschfeste Griffe f\u00fcr Sicherheit.<\/p>\n\n\n\n<p><strong>Erschwinglich<\/strong><br>Direktvertrieb von Mcallen Kochutensilien Hersteller, genie\u00dfen Sie die besten Rabatte f\u00fcr gro\u00dfe Gro\u00dfhandel kundenspezifische Auftr\u00e4ge.<\/p>\n<\/div>\n\n\n\n<div class=\"wp-block-column is-layout-flow wp-block-column-is-layout-flow\" style=\"flex-basis:33.33%\">\n<figure class=\"wp-block-image size-full\"><img decoding=\"async\" width=\"800\" height=\"800\" src=\"https:\/\/www.mcallenflatware.com\/wp-content\/uploads\/2024\/11\/Custom-Cooking-Utensils-.webp\" alt=\"Individuelles Kochgeschirr\" class=\"wp-image-915\" srcset=\"https:\/\/www.mcallenflatware.com\/wp-content\/uploads\/2024\/11\/Custom-Cooking-Utensils-.webp 800w, https:\/\/www.mcallenflatware.com\/wp-content\/uploads\/2024\/11\/Custom-Cooking-Utensils--150x150.webp 150w, https:\/\/www.mcallenflatware.com\/wp-content\/uploads\/2024\/11\/Custom-Cooking-Utensils--768x768.webp 768w, https:\/\/www.mcallenflatware.com\/wp-content\/uploads\/2024\/11\/Custom-Cooking-Utensils--600x600.webp 600w, https:\/\/www.mcallenflatware.com\/wp-content\/uploads\/2024\/11\/Custom-Cooking-Utensils--300x300.webp 300w, https:\/\/www.mcallenflatware.com\/wp-content\/uploads\/2024\/11\/Custom-Cooking-Utensils--100x100.webp 100w\" sizes=\"(max-width: 800px) 100vw, 800px\" \/><\/figure>\n<\/div>\n<\/div>","protected":false},"excerpt":{"rendered":"<p>Dieses 7-teilige Kochwerkzeugset ist aus hochwertigem Edelstahl gefertigt, langlebig und strapazierf\u00e4hig. Dieses multifunktionale K\u00fcchenutensilien-Set umfasst verschiedene Werkzeuge wie einen Bratspatel, Trichter, Suppenkelle, etc. Es erf\u00fcllt Ihre verschiedenen Kochbed\u00fcrfnisse, die ideal f\u00fcr Catering-Unternehmen und Heimk\u00fcchen ist, und unterst\u00fctzt Massenanpassung.<\/p>\n<h2>Kochutensilien Attribute<\/h2>\n<p><strong>Markenname:<\/strong> Mcallen<br \/><strong>Utensilien-Typ:<\/strong> Bratspatel, L\u00f6ffel, Sch\u00f6pfkellen, Gabeln, usw.<br \/><strong>Material:<\/strong> Rostfreier Stahl<br \/><strong>Farbe:<\/strong> Gold, Silber, oder kundenspezifisch<br \/><strong>Polieren:<\/strong> Hochglanzpoliert<br \/><strong>Design des Griffs:<\/strong> Griff aus Holz<br \/><strong>Vorlaufzeit f\u00fcr Muster:<\/strong> Innerhalb von 3 Tagen<br \/><strong>OEM\/ODM:<\/strong> Verf\u00fcgbar<\/p>\n<h2>Kundenspezifische Kochutensilien:<\/h2>\n<p><strong>Rostfreier Stahl:<\/strong>\u00a0Rostfreier Stahl 18\/10, 304, 316, 410, 430, 420<br \/><strong>Logo:<\/strong>\u00a0Lasergravur, Siebdruck, UV-Druck, Thermotransferdruck, Pr\u00e4gung, etc.<br \/><strong>Oberfl\u00e4chenausf\u00fchrungen:<\/strong>\u00a0Hochglanzpoliert, mattiert<br \/><b>Handgriff:<\/b>\u00a0Griffe aus Edelstahl, Holz oder Silikon.<br \/><strong>Verpackung:<\/strong>\u00a0Bulk, Opp-Beutel, Farbkarton, oder kundenspezifisch<\/p>","protected":false},"featured_media":915,"template":"","meta":[],"product_brand":[],"product_cat":[24,33],"product_tag":[],"class_list":{"0":"post-899","1":"product","2":"type-product","3":"status-publish","4":"has-post-thumbnail","6":"product_cat-wholesale-kitchen-utensils","7":"product_cat-wholesale-cooking-utensils","9":"first","10":"instock","11":"shipping-taxable","12":"product-type-simple"},"_links":{"self":[{"href":"https:\/\/www.mcallenflatware.com\/de\/wp-json\/wp\/v2\/product\/899","targetHints":{"allow":["GET"]}}],"collection":[{"href":"https:\/\/www.mcallenflatware.com\/de\/wp-json\/wp\/v2\/product"}],"about":[{"href":"https:\/\/www.mcallenflatware.com\/de\/wp-json\/wp\/v2\/types\/product"}],"wp:featuredmedia":[{"embeddable":true,"href":"https:\/\/www.mcallenflatware.com\/de\/wp-json\/wp\/v2\/media\/915"}],"wp:attachment":[{"href":"https:\/\/www.mcallenflatware.com\/de\/wp-json\/wp\/v2\/media?parent=899"}],"wp:term":[{"taxonomy":"product_brand","embeddable":true,"href":"https:\/\/www.mcallenflatware.com\/de\/wp-json\/wp\/v2\/product_brand?post=899"},{"taxonomy":"product_cat","embeddable":true,"href":"https:\/\/www.mcallenflatware.com\/de\/wp-json\/wp\/v2\/product_cat?post=899"},{"taxonomy":"product_tag","embeddable":true,"href":"https:\/\/www.mcallenflatware.com\/de\/wp-json\/wp\/v2\/product_tag?post=899"}],"curies":[{"name":"wp","href":"https:\/\/api.w.org\/{rel}","templated":true}]}}