{"id":905,"date":"2024-11-11T10:47:44","date_gmt":"2024-11-11T10:47:44","guid":{"rendered":"https:\/\/www.mcallenflatware.com\/?post_type=product&#038;p=905"},"modified":"2025-11-24T04:11:11","modified_gmt":"2025-11-24T04:11:11","slug":"bulk-childrens-cutlery-set","status":"publish","type":"product","link":"https:\/\/www.mcallenflatware.com\/de\/product\/bulk-childrens-cutlery-set\/","title":{"rendered":"Bulk Kinderbesteck Set Edelstahl mit Spielzeugbl\u00f6cken Silikongriff"},"content":{"rendered":"<h2 class=\"wp-block-heading\">Kinder-Besteck-Set Merkmale:<\/h2>\n\n\n\n<div class=\"wp-block-columns is-layout-flex wp-container-core-columns-is-layout-9d6595d7 wp-block-columns-is-layout-flex\">\n<div class=\"wp-block-column is-layout-flow wp-block-column-is-layout-flow\" style=\"flex-basis:66.66%\">\n<p><strong>Niedlicher Griff, stapelbares Design<\/strong><br>Der Griff ist mit Baukl\u00f6tzen, helle Farben, und kann gestapelt werden, die bequem f\u00fcr Camping ist.<br>Rutschfest und niedlich, kann es die Aufmerksamkeit der Kinder auf sich ziehen und ist eines der beliebtesten Modelle.<\/p>\n\n\n\n<p><strong>Rundes Kanten-Design<\/strong><br>Messer, Gabel und L\u00f6ffel haben runde Kanten, ohne scharfe Ecken, um Kinder nicht zu verletzen und die Sicherheit beim Essen zu gew\u00e4hrleisten.<\/p>\n\n\n\n<p><strong>Gesundes und umweltfreundliches Material<\/strong><br>Das hochwertige Material aus rostfreiem Stahl 304 ist sicher f\u00fcr Kinder, langlebig und umweltfreundlich.<\/p>\n\n\n\n<p><strong>Leicht zu reinigen<br><\/strong>Die spiegelglatte Behandlung des Edelstahls macht die Reinigung einfach und sp\u00fclmaschinenfest<\/p>\n\n\n\n<p><strong>OEM\/ODM-Dienstleistung <\/strong><br>Wir freuen uns \u00fcber jeden OEM\/ODM-Partner und passen unsere Produkte an Ihre Bed\u00fcrfnisse an.<\/p>\n<\/div>\n\n\n\n<div class=\"wp-block-column is-layout-flow wp-block-column-is-layout-flow\" style=\"flex-basis:33.33%\">\n<figure class=\"wp-block-image size-full\"><img decoding=\"async\" width=\"1200\" height=\"1386\" src=\"https:\/\/www.mcallenflatware.com\/wp-content\/uploads\/2024\/11\/Bulk-Childrens-Cutlery-Set-6.webp\" alt=\"Bulk Kinderbesteck Set 6\" class=\"wp-image-913\" srcset=\"https:\/\/www.mcallenflatware.com\/wp-content\/uploads\/2024\/11\/Bulk-Childrens-Cutlery-Set-6.webp 1200w, https:\/\/www.mcallenflatware.com\/wp-content\/uploads\/2024\/11\/Bulk-Childrens-Cutlery-Set-6-768x887.webp 768w, https:\/\/www.mcallenflatware.com\/wp-content\/uploads\/2024\/11\/Bulk-Childrens-Cutlery-Set-6-600x693.webp 600w\" sizes=\"(max-width: 1200px) 100vw, 1200px\" \/><\/figure>\n<\/div>\n<\/div>\n\n\n\n<p><\/p>","protected":false},"excerpt":{"rendered":"<p>Individuelles Kinderbesteck mit stapelbaren, bausteinf\u00f6rmigen Griffen und einer Box, die sich f\u00fcr Campingreisen eignet. Reich an Farben und sicher in den Materialien, ist es ein hei\u00dfer Verkauf von Kinderbesteck. Wir laden Sie ein, ein kostenloses Angebot einzuholen.<\/p>\n<h2>Kinder-Besteck-Set Attribute<\/h2>\n<p><strong>Markenname:<\/strong> Mcallen<br \/><strong>Material:<\/strong> Rostfreier Stahl<br \/><strong>Farbe:<\/strong> Silber, bunter Griff<br \/><strong>Polieren:<\/strong> Hochglanzpoliert<br \/><strong>Entwurf:<\/strong> Niedlicher Bauklotz-Griff<br \/><strong>Vorlaufzeit f\u00fcr Muster:<\/strong> Innerhalb von 3 Tagen<br \/><strong>OEM\/ODM:<\/strong> Verf\u00fcgbar<\/p>\n<h2>Individuelles Besteck f\u00fcr Kinder:<\/h2>\n<p><strong>Rostfreier Stahl:<\/strong> Rostfreier Stahl 18\/10, 304, 316, 410, 430, 420<br \/><strong>Logo:<\/strong> Lasergravur, Siebdruck, UV-Druck, Thermotransferdruck, Pr\u00e4gung, etc.<br \/><strong>Verpacken:<\/strong> 4\/8\/12\/16\/20\/24\/45\/48\/72pcs set<br \/><strong>Oberfl\u00e4chenausf\u00fchrungen:<\/strong> Hochglanzpoliert, mattiert, wasserpoliert, Titanbeschichtung<br \/><strong>Verpackung:<\/strong> Bulk, Opp Tasche, Farbe Box, Geschenk-Box, ma\u00dfgeschneiderte<\/p>","protected":false},"featured_media":911,"template":"","meta":[],"product_brand":[],"product_cat":[23,28],"product_tag":[],"class_list":{"0":"post-905","1":"product","2":"type-product","3":"status-publish","4":"has-post-thumbnail","6":"product_cat-wholesale-flatware","7":"product_cat-childrens-cutlery-set-wholesale","9":"first","10":"instock","11":"shipping-taxable","12":"product-type-simple"},"_links":{"self":[{"href":"https:\/\/www.mcallenflatware.com\/de\/wp-json\/wp\/v2\/product\/905","targetHints":{"allow":["GET"]}}],"collection":[{"href":"https:\/\/www.mcallenflatware.com\/de\/wp-json\/wp\/v2\/product"}],"about":[{"href":"https:\/\/www.mcallenflatware.com\/de\/wp-json\/wp\/v2\/types\/product"}],"wp:featuredmedia":[{"embeddable":true,"href":"https:\/\/www.mcallenflatware.com\/de\/wp-json\/wp\/v2\/media\/911"}],"wp:attachment":[{"href":"https:\/\/www.mcallenflatware.com\/de\/wp-json\/wp\/v2\/media?parent=905"}],"wp:term":[{"taxonomy":"product_brand","embeddable":true,"href":"https:\/\/www.mcallenflatware.com\/de\/wp-json\/wp\/v2\/product_brand?post=905"},{"taxonomy":"product_cat","embeddable":true,"href":"https:\/\/www.mcallenflatware.com\/de\/wp-json\/wp\/v2\/product_cat?post=905"},{"taxonomy":"product_tag","embeddable":true,"href":"https:\/\/www.mcallenflatware.com\/de\/wp-json\/wp\/v2\/product_tag?post=905"}],"curies":[{"name":"wp","href":"https:\/\/api.w.org\/{rel}","templated":true}]}}