{"id":906,"date":"2024-11-12T04:14:27","date_gmt":"2024-11-12T04:14:27","guid":{"rendered":"https:\/\/www.mcallenflatware.com\/?post_type=product&#038;p=906"},"modified":"2024-11-12T04:14:27","modified_gmt":"2024-11-12T04:14:27","slug":"wholesale-cooking-utensils-set","status":"publish","type":"product","link":"https:\/\/www.mcallenflatware.com\/de\/product\/wholesale-cooking-utensils-set\/","title":{"rendered":"Gro\u00dfhandel Kochutensilien Set Edelstahl ungiftig K\u00fcchenutensilien"},"content":{"rendered":"<h2 class=\"wp-block-heading\">Kochutensilien-Set Merkmale:<\/h2>\n\n\n\n<div class=\"wp-block-columns is-layout-flex wp-container-core-columns-is-layout-9d6595d7 wp-block-columns-is-layout-flex\">\n<div class=\"wp-block-column is-layout-flow wp-block-column-is-layout-flow\" style=\"flex-basis:66.66%\">\n<p><strong>Langlebiger rostfreier Stahl<\/strong><br>Hergestellt aus hochwertigem, lebensmittelechtem Edelstahl, sicher und ungiftig, mit hervorragender Verschlei\u00dffestigkeit f\u00fcr den langfristigen Gebrauch.<\/p>\n\n\n\n<p><strong>Leicht zu reinigen<\/strong><br>Polierte, glatte Oberfl\u00e4che des Kochgeschirrs, leicht zu reinigen, sp\u00fclmaschinenfest.<\/p>\n\n\n\n<p><strong>Endlagerring-Design<\/strong><br>Jedes Kochutensil ist mit einem Aufbewahrungsloch am Ende ausgestattet, das zur Aufbewahrung an die Wand geh\u00e4ngt werden kann und die Raumnutzung in der K\u00fcche verbessert.<\/p>\n\n\n\n<p><strong>Rutschfester Griff<\/strong><br>Ergonomisch geformter Griff, bequem und sicher in der Anwendung.<\/p>\n\n\n\n<p><strong>Vielseitige Wahl<\/strong><br>Mcallen bietet verschiedene Arten an: Spatel, Suppenl\u00f6ffel, Siebe, feste und gelochte Spatel, Pfannenwender, Nudelgabeln, Schneebesen und Gabeln. Unterst\u00fctzung der Massenanpassung.<\/p>\n<\/div>\n\n\n\n<div class=\"wp-block-column is-layout-flow wp-block-column-is-layout-flow\" style=\"flex-basis:33.33%\">\n<figure class=\"wp-block-image size-full\"><img decoding=\"async\" width=\"800\" height=\"800\" src=\"https:\/\/www.mcallenflatware.com\/wp-content\/uploads\/2024\/11\/Wholesale-Cooking-Utensils.webp\" alt=\"Gro\u00dfhandel-Koch- und Essgeschirr\" class=\"wp-image-907\" srcset=\"https:\/\/www.mcallenflatware.com\/wp-content\/uploads\/2024\/11\/Wholesale-Cooking-Utensils.webp 800w, https:\/\/www.mcallenflatware.com\/wp-content\/uploads\/2024\/11\/Wholesale-Cooking-Utensils-150x150.webp 150w, https:\/\/www.mcallenflatware.com\/wp-content\/uploads\/2024\/11\/Wholesale-Cooking-Utensils-768x768.webp 768w, https:\/\/www.mcallenflatware.com\/wp-content\/uploads\/2024\/11\/Wholesale-Cooking-Utensils-600x600.webp 600w, https:\/\/www.mcallenflatware.com\/wp-content\/uploads\/2024\/11\/Wholesale-Cooking-Utensils-300x300.webp 300w, https:\/\/www.mcallenflatware.com\/wp-content\/uploads\/2024\/11\/Wholesale-Cooking-Utensils-100x100.webp 100w\" sizes=\"(max-width: 800px) 100vw, 800px\" \/><\/figure>\n<\/div>\n<\/div>","protected":false},"excerpt":{"rendered":"<p>Mcallen Gro\u00dfhandel Kochutensilien Set ist aus ausgew\u00e4hlten Lebensmittel-Edelstahl, die sicher, ungiftig und langlebig ist gemacht. Das Set enth\u00e4lt eine Vielzahl von Werkzeugen wie Pfannenwender, Siebe, Suppenl\u00f6ffel usw., um verschiedene Kochbed\u00fcrfnisse zu erf\u00fcllen. Es ist die beste Wahl f\u00fcr die heimische K\u00fcche und das Gastst\u00e4ttengewerbe, um in gro\u00dfen Mengen zu kaufen!<\/p>\n<h2>Kochutensilien Set Attribute<\/h2>\n<p><strong>Markenname:<\/strong> Mcallen<br \/><strong>Utensilien-Typ:<\/strong> Spatel, Suppenl\u00f6ffel, Siebe, Nudelgabeln, usw.<br \/><strong>Material:<\/strong> Rostfreier Stahl<br \/><strong>Farbe:<\/strong> Gold, Silber, oder kundenspezifisch<br \/><strong>Polieren:<\/strong> Hochglanzpoliert, mattiert<br \/><strong>Design des Griffs:<\/strong> Rutschfester Stahlgriff<br \/><strong>Vorlaufzeit f\u00fcr Muster:<\/strong> Innerhalb von 3 Tagen<br \/><strong>OEM\/ODM:<\/strong> Verf\u00fcgbar<\/p>\n<h2>Individuelles Kochgeschirr-Set:<\/h2>\n<p><strong>Rostfreier Stahl:<\/strong> Rostfreier Stahl 18\/10, 304, 316, 410, 430, 420<br \/><strong>Logo:<\/strong> Lasergravur, Siebdruck, UV-Druck, Thermotransferdruck, Pr\u00e4gung, etc.<br \/><strong>Oberfl\u00e4chenausf\u00fchrungen:<\/strong> Hochglanzpoliert, mattiert<br \/><b>Handgriff:<\/b>\u00a0Griffe aus Edelstahl, Holz oder Silikon.<br \/><strong>Verpackung:<\/strong> Bulk, Opp-Beutel, Farbkarton, oder kundenspezifisch<\/p>","protected":false},"featured_media":907,"template":"","meta":[],"product_brand":[],"product_cat":[24,33],"product_tag":[],"class_list":{"0":"post-906","1":"product","2":"type-product","3":"status-publish","4":"has-post-thumbnail","6":"product_cat-wholesale-kitchen-utensils","7":"product_cat-wholesale-cooking-utensils","9":"first","10":"instock","11":"shipping-taxable","12":"product-type-simple"},"_links":{"self":[{"href":"https:\/\/www.mcallenflatware.com\/de\/wp-json\/wp\/v2\/product\/906","targetHints":{"allow":["GET"]}}],"collection":[{"href":"https:\/\/www.mcallenflatware.com\/de\/wp-json\/wp\/v2\/product"}],"about":[{"href":"https:\/\/www.mcallenflatware.com\/de\/wp-json\/wp\/v2\/types\/product"}],"wp:featuredmedia":[{"embeddable":true,"href":"https:\/\/www.mcallenflatware.com\/de\/wp-json\/wp\/v2\/media\/907"}],"wp:attachment":[{"href":"https:\/\/www.mcallenflatware.com\/de\/wp-json\/wp\/v2\/media?parent=906"}],"wp:term":[{"taxonomy":"product_brand","embeddable":true,"href":"https:\/\/www.mcallenflatware.com\/de\/wp-json\/wp\/v2\/product_brand?post=906"},{"taxonomy":"product_cat","embeddable":true,"href":"https:\/\/www.mcallenflatware.com\/de\/wp-json\/wp\/v2\/product_cat?post=906"},{"taxonomy":"product_tag","embeddable":true,"href":"https:\/\/www.mcallenflatware.com\/de\/wp-json\/wp\/v2\/product_tag?post=906"}],"curies":[{"name":"wp","href":"https:\/\/api.w.org\/{rel}","templated":true}]}}