{"id":914,"date":"2024-11-12T03:03:42","date_gmt":"2024-11-12T03:03:42","guid":{"rendered":"https:\/\/www.mcallenflatware.com\/?post_type=product&#038;p=914"},"modified":"2025-11-24T04:10:15","modified_gmt":"2025-11-24T04:10:15","slug":"childrens-cutlery-wholesale","status":"publish","type":"product","link":"https:\/\/www.mcallenflatware.com\/de\/product\/childrens-cutlery-wholesale\/","title":{"rendered":"Gro\u00dfhandel Kinderbesteck aus Edelstahl mit niedlichen Griff"},"content":{"rendered":"<h2 class=\"wp-block-heading\">Kinderbesteck Merkmale:<\/h2>\n\n\n\n<div class=\"wp-block-columns is-layout-flex wp-container-core-columns-is-layout-9d6595d7 wp-block-columns-is-layout-flex\">\n<div class=\"wp-block-column is-layout-flow wp-block-column-is-layout-flow\" style=\"flex-basis:66.66%\">\n<p><strong>Umweltfreundlicher, ungiftiger rostfreier Stahl<\/strong><br>Hergestellt aus lebensmittelechtem Edelstahl, sicher, ungiftig, verschlei\u00dffest, f\u00fcr Kinder geeignet<\/p>\n\n\n\n<p><strong>Sichere runde Kantenausf\u00fchrung<\/strong><br>Alle Gabeln und L\u00f6ffel sind mit runden Kanten versehen, um Kratzer zu vermeiden. Es ist sicherer zu verwenden und f\u00fcr Kinder konzipiert.<\/p>\n\n\n\n<p><strong>Niedliches Design<\/strong><br>Der Griff in Form einer Giraffe ist farbenfroh, wird von Kindern geliebt und zieht die Aufmerksamkeit des Benutzers auf sich.<\/p>\n\n\n\n<p><strong>Rutschfester Griff<\/strong><br>Das f\u00fcr den Griff verwendete Material ist bequem und leicht zu halten. Er passt perfekt in die kleine Handfl\u00e4che des Kindes, ist stabil und hilft Kindern, selbstst\u00e4ndig zu essen.<\/p>\n\n\n\n<p><strong>Leicht zu reinigen<\/strong><br>Das rostfreie Edelstahlmaterial ist leicht zu reinigen und kann in die Sp\u00fclmaschine gegeben werden.<\/p>\n\n\n\n<p><strong>Leicht und tragbar<\/strong><br>Das Geschirr ist leicht und einfach zu transportieren und eignet sich f\u00fcr den Einsatz zu Hause, in der Schule und beim Essen im Freien.<\/p>\n<\/div>\n\n\n\n<div class=\"wp-block-column is-layout-flow wp-block-column-is-layout-flow\" style=\"flex-basis:33.33%\">\n<figure class=\"wp-block-image size-full\"><img decoding=\"async\" width=\"709\" height=\"812\" src=\"https:\/\/www.mcallenflatware.com\/wp-content\/uploads\/2024\/11\/Wholesale-Childrens-Cutlery-1.webp\" alt=\"Gro\u00dfhandel f\u00fcr Kinderbesteck 1\" class=\"wp-image-917\" srcset=\"https:\/\/www.mcallenflatware.com\/wp-content\/uploads\/2024\/11\/Wholesale-Childrens-Cutlery-1.webp 709w, https:\/\/www.mcallenflatware.com\/wp-content\/uploads\/2024\/11\/Wholesale-Childrens-Cutlery-1-600x687.webp 600w\" sizes=\"(max-width: 709px) 100vw, 709px\" \/><\/figure>\n<\/div>\n<\/div>\n\n\n\n<p><\/p>","protected":false},"excerpt":{"rendered":"<p>Diese Gro\u00dfhandel Kinderbesteck kommt mit einem niedlichen Griff-Design, die den Spa\u00df der Kinder Essen erh\u00f6hen k\u00f6nnen. Die abgerundete Kante Design und rutschfesten Griff sorgen f\u00fcr eine sichere und komfortable Nutzung. Es ist leicht und tragbar, geeignet f\u00fcr den t\u00e4glichen Gebrauch und die Durchf\u00fchrung, und ist eine ideale Wahl f\u00fcr Kinder Essen.<\/p>\n<h2>Attribute von Kinderbesteck<\/h2>\n<p><strong>Markenname:<\/strong> Mcallen<br \/><strong>Material:<\/strong> Rostfreier Stahl<br \/><strong>Farbe:<\/strong> Silber, farbiger Griff<br \/><strong>Polieren:<\/strong> Hochglanzpoliert<br \/><strong>Gestaltung<\/strong><strong>:<\/strong> Niedlich, mit Griff in Tierform<br \/><strong>Vorlaufzeit f\u00fcr Muster:<\/strong> Innerhalb von 3 Tagen<br \/><strong>OEM\/ODM:<\/strong> Verf\u00fcgbar<\/p>\n<h2>Individuelles Kinderbesteck:<\/h2>\n<p><strong>Rostfreier Stahl:<\/strong> Rostfreier Stahl 18\/10, 304, 316, 410, 430, 420<br \/><strong>Logo:<\/strong> Lasergravur, Siebdruck, UV-Druck, Thermotransferdruck, Pr\u00e4gung, etc.<br \/><strong>Verpacken:<\/strong> 4\/8\/12\/16\/20\/24\/45\/48\/72pcs set<br \/><strong>Oberfl\u00e4chenausf\u00fchrungen:<\/strong> Hochglanzpoliert, mattiert, wasserpoliert, Titanbeschichtung<br \/><strong>Verpackung:<\/strong> Bulk, Opp Tasche, Farbe Box, Geschenk-Box, ma\u00dfgeschneiderte<\/p>","protected":false},"featured_media":917,"template":"","meta":[],"product_brand":[],"product_cat":[23,28],"product_tag":[],"class_list":{"0":"post-914","1":"product","2":"type-product","3":"status-publish","4":"has-post-thumbnail","6":"product_cat-wholesale-flatware","7":"product_cat-childrens-cutlery-set-wholesale","9":"first","10":"instock","11":"shipping-taxable","12":"product-type-simple"},"_links":{"self":[{"href":"https:\/\/www.mcallenflatware.com\/de\/wp-json\/wp\/v2\/product\/914","targetHints":{"allow":["GET"]}}],"collection":[{"href":"https:\/\/www.mcallenflatware.com\/de\/wp-json\/wp\/v2\/product"}],"about":[{"href":"https:\/\/www.mcallenflatware.com\/de\/wp-json\/wp\/v2\/types\/product"}],"wp:featuredmedia":[{"embeddable":true,"href":"https:\/\/www.mcallenflatware.com\/de\/wp-json\/wp\/v2\/media\/917"}],"wp:attachment":[{"href":"https:\/\/www.mcallenflatware.com\/de\/wp-json\/wp\/v2\/media?parent=914"}],"wp:term":[{"taxonomy":"product_brand","embeddable":true,"href":"https:\/\/www.mcallenflatware.com\/de\/wp-json\/wp\/v2\/product_brand?post=914"},{"taxonomy":"product_cat","embeddable":true,"href":"https:\/\/www.mcallenflatware.com\/de\/wp-json\/wp\/v2\/product_cat?post=914"},{"taxonomy":"product_tag","embeddable":true,"href":"https:\/\/www.mcallenflatware.com\/de\/wp-json\/wp\/v2\/product_tag?post=914"}],"curies":[{"name":"wp","href":"https:\/\/api.w.org\/{rel}","templated":true}]}}