{"id":918,"date":"2024-11-12T09:52:26","date_gmt":"2024-11-12T09:52:26","guid":{"rendered":"https:\/\/www.mcallenflatware.com\/?post_type=product&#038;p=918"},"modified":"2024-11-12T09:52:28","modified_gmt":"2024-11-12T09:52:28","slug":"bulk-serving-utensils","status":"publish","type":"product","link":"https:\/\/www.mcallenflatware.com\/de\/product\/bulk-serving-utensils\/","title":{"rendered":"Bulk Servierbesteck Edelstahl 6-teiliges Set Glod Bunt"},"content":{"rendered":"<h2 class=\"wp-block-heading\">Servierutensilien Merkmale:<\/h2>\n\n\n\n<div class=\"wp-block-columns is-layout-flex wp-container-core-columns-is-layout-9d6595d7 wp-block-columns-is-layout-flex\">\n<div class=\"wp-block-column is-layout-flow wp-block-column-is-layout-flow\" style=\"flex-basis:66.66%\">\n<p><strong>6-teiliges Servierbesteck-Set<\/strong><br>Das Set enth\u00e4lt 1 Kuchenspachtel, 1 Schaumspachtel, 1 Servierl\u00f6ffel, 1 Wurstgabel, 1 Buttermesser, 1 Suppenkelle<\/p>\n\n\n\n<p><strong>Minimalistisches und elegantes Design<\/strong><br>Einfache und moderne Linien, polierte und helle Oberfl\u00e4che, geeignet f\u00fcr den t\u00e4glichen Gebrauch.<\/p>\n\n\n\n<p><strong>Hochwertiger rostfreier Stahl<\/strong><br>Hergestellt aus lebensmittelechtem Edelstahl, langlebig und rostfrei, um eine langfristige Nutzung zu gew\u00e4hrleisten<\/p>\n\n\n\n<p><strong>Breites Spektrum von Anwendungen<\/strong><br>Egal, ob es sich um eine Familienfeier, eine Party, eine Cafeteria oder eine professionelle K\u00fcche handelt, dieses Set bietet eine effiziente Nutzung.<\/p>\n\n\n\n<p><strong>Leicht zu reinigen<\/strong><br>Die glatte Oberfl\u00e4che ist leicht zu reinigen und kann f\u00fcr eine gr\u00fcndliche Reinigung direkt in die Sp\u00fclmaschine gegeben werden.<\/p>\n\n\n\n<p><strong>Mehrere Farboptionen<\/strong><br>Bieten beliebte Gold, Silber, Ros\u00e9gold, galvanische Farbe reiche Farboptionen, sch\u00f6n und bequem f\u00fcr die Nutzer nach pers\u00f6nlichen Vorlieben oder K\u00fcche Stil zu w\u00e4hlen.<\/p>\n<\/div>\n\n\n\n<div class=\"wp-block-column is-layout-flow wp-block-column-is-layout-flow\" style=\"flex-basis:33.33%\">\n<figure class=\"wp-block-image size-full\"><img decoding=\"async\" width=\"1335\" height=\"1432\" src=\"https:\/\/www.mcallenflatware.com\/wp-content\/uploads\/2024\/11\/Bulk-Serving-Utensils1-1.webp\" alt=\"Bulk-Servierutensilien1) (1)\" class=\"wp-image-920\" srcset=\"https:\/\/www.mcallenflatware.com\/wp-content\/uploads\/2024\/11\/Bulk-Serving-Utensils1-1.webp 1335w, https:\/\/www.mcallenflatware.com\/wp-content\/uploads\/2024\/11\/Bulk-Serving-Utensils1-1-768x824.webp 768w, https:\/\/www.mcallenflatware.com\/wp-content\/uploads\/2024\/11\/Bulk-Serving-Utensils1-1-1200x1287.webp 1200w, https:\/\/www.mcallenflatware.com\/wp-content\/uploads\/2024\/11\/Bulk-Serving-Utensils1-1-600x644.webp 600w\" sizes=\"(max-width: 1335px) 100vw, 1335px\" \/><\/figure>\n<\/div>\n<\/div>","protected":false},"excerpt":{"rendered":"<p>Die Servierutensilien aus Edelstahl umfassen 6 Basisteile, die f\u00fcr Kuchen, K\u00e4se und Desserts geeignet sind. Erh\u00e4ltlich in einer Vielzahl von Farben und kundenspezifischen Optionen. Fabrikdirektverkauf, Unterst\u00fctzung von Gro\u00dfeink\u00e4ufen und Amazon E-Commerce-Dienste. Willkommen zu machen kostenlose Anfragen.<\/p>\n<h2>Servierutensilien Attribute<\/h2>\n<p><strong>Markenname:<\/strong> Mcallen<br \/><strong>Material:<\/strong> Rostfreier Stahl<br \/><strong>Farbe:<\/strong> Gold, Silber, oder kundenspezifisch<br \/><strong>Polieren:<\/strong> Hochglanzpoliert<br \/><strong>Vorlaufzeit f\u00fcr Muster:<\/strong> Innerhalb von 3 Tagen<br \/><strong>OEM\/ODM:<\/strong> Verf\u00fcgbar<\/p>\n<h2>Ma\u00dfgeschneiderte Servierutensilien:<\/h2>\n<p><strong>Rostfreier Stahl:<\/strong> Rostfreier Stahl 18\/10, 304, 316, 410, 430, 420<br \/><strong>Logo:<\/strong> Lasergravur, Siebdruck, UV-Druck, Thermotransferdruck, Pr\u00e4gung, etc.<br \/><strong>Oberfl\u00e4chenausf\u00fchrungen:<\/strong> Hochglanzpoliert, mattiert<br \/><strong>Verpackung:<\/strong> Bulk, Opp-Beutel, Farbkarton, kundenspezifisch<\/p>","protected":false},"featured_media":923,"template":"","meta":[],"product_brand":[],"product_cat":[24,31],"product_tag":[],"class_list":{"0":"post-918","1":"product","2":"type-product","3":"status-publish","4":"has-post-thumbnail","6":"product_cat-wholesale-kitchen-utensils","7":"product_cat-wholesale-serving-utensils","9":"first","10":"instock","11":"shipping-taxable","12":"product-type-simple"},"_links":{"self":[{"href":"https:\/\/www.mcallenflatware.com\/de\/wp-json\/wp\/v2\/product\/918","targetHints":{"allow":["GET"]}}],"collection":[{"href":"https:\/\/www.mcallenflatware.com\/de\/wp-json\/wp\/v2\/product"}],"about":[{"href":"https:\/\/www.mcallenflatware.com\/de\/wp-json\/wp\/v2\/types\/product"}],"wp:featuredmedia":[{"embeddable":true,"href":"https:\/\/www.mcallenflatware.com\/de\/wp-json\/wp\/v2\/media\/923"}],"wp:attachment":[{"href":"https:\/\/www.mcallenflatware.com\/de\/wp-json\/wp\/v2\/media?parent=918"}],"wp:term":[{"taxonomy":"product_brand","embeddable":true,"href":"https:\/\/www.mcallenflatware.com\/de\/wp-json\/wp\/v2\/product_brand?post=918"},{"taxonomy":"product_cat","embeddable":true,"href":"https:\/\/www.mcallenflatware.com\/de\/wp-json\/wp\/v2\/product_cat?post=918"},{"taxonomy":"product_tag","embeddable":true,"href":"https:\/\/www.mcallenflatware.com\/de\/wp-json\/wp\/v2\/product_tag?post=918"}],"curies":[{"name":"wp","href":"https:\/\/api.w.org\/{rel}","templated":true}]}}