{"id":919,"date":"2024-11-11T11:09:53","date_gmt":"2024-11-11T11:09:53","guid":{"rendered":"https:\/\/www.mcallenflatware.com\/?post_type=product&#038;p=919"},"modified":"2024-11-12T18:23:46","modified_gmt":"2024-11-12T18:23:46","slug":"wholesale-flatware-sets-for-16","status":"publish","type":"product","link":"https:\/\/www.mcallenflatware.com\/de\/product\/wholesale-flatware-sets-for-16\/","title":{"rendered":"Gro\u00dfhandel Besteck-Sets f\u00fcr 16 Edelstahl mit PC-Fenster-Box"},"content":{"rendered":"<h2 class=\"wp-block-heading\">Eigenschaften von Bestecksets f\u00fcr 16 :<\/h2>\n\n\n\n<div class=\"wp-block-columns is-layout-flex wp-container-core-columns-is-layout-9d6595d7 wp-block-columns-is-layout-flex\">\n<div class=\"wp-block-column is-layout-flow wp-block-column-is-layout-flow\" style=\"flex-basis:66.66%\">\n<p><strong>Hochwertiger rostfreier Stahl<\/strong><br>Hergestellt aus hochwertigem Edelstahl, einem langlebigen und umweltfreundlichen Material, und zertifiziert f\u00fcr Lebensmittelsicherheit, kann es seinen Glanz und seine Qualit\u00e4t f\u00fcr eine lange Zeit behalten.<\/p>\n\n\n\n<p><strong>Klassisches Design, komfortabler Griff<\/strong><br>Das Design ist modern und elegant und passt zu verschiedenen Anl\u00e4ssen und Tischformen.<\/p>\n\n\n\n<p><strong>Individuell gestaltbare Geschenkverpackungen<\/strong><br>Ausgestattet mit exquisiten Box-Set-Verpackung, mit PC transparentes Fenster, kann direkt sehen, die Produktqualit\u00e4t, geeignet f\u00fcr Geschenk und Verkauf. Bieten Sie OEM und ODM One-Stop-Service benutzerdefinierte Besteck gesetzt.<\/p>\n<\/div>\n\n\n\n<div class=\"wp-block-column is-layout-flow wp-block-column-is-layout-flow\" style=\"flex-basis:33.33%\">\n<figure class=\"wp-block-image size-full\"><img decoding=\"async\" width=\"750\" height=\"750\" src=\"https:\/\/www.mcallenflatware.com\/wp-content\/uploads\/2024\/11\/Wholesale-Flatware-Sets-for-16-5.webp\" alt=\"Gro\u00dfhandel Besteck-Sets f\u00fcr 16 5\" class=\"wp-image-929\" srcset=\"https:\/\/www.mcallenflatware.com\/wp-content\/uploads\/2024\/11\/Wholesale-Flatware-Sets-for-16-5.webp 750w, https:\/\/www.mcallenflatware.com\/wp-content\/uploads\/2024\/11\/Wholesale-Flatware-Sets-for-16-5-150x150.webp 150w, https:\/\/www.mcallenflatware.com\/wp-content\/uploads\/2024\/11\/Wholesale-Flatware-Sets-for-16-5-600x600.webp 600w, https:\/\/www.mcallenflatware.com\/wp-content\/uploads\/2024\/11\/Wholesale-Flatware-Sets-for-16-5-300x300.webp 300w, https:\/\/www.mcallenflatware.com\/wp-content\/uploads\/2024\/11\/Wholesale-Flatware-Sets-for-16-5-100x100.webp 100w\" sizes=\"(max-width: 750px) 100vw, 750px\" \/><\/figure>\n<\/div>\n<\/div>","protected":false},"excerpt":{"rendered":"<p><span style=\"font-size: 16px;\">Gro\u00dfhandel Besteck-Sets f\u00fcr 16, aus Edelstahl-Materialien, sind mit benutzerdefinierten Logo, Verpackung, und Farboptionen zur Verf\u00fcgung. Direkt aus der Fabrik, bieten wir kosteng\u00fcnstige OEM-L\u00f6sungen und unterst\u00fctzen Amazon E-Commerce-Services. Beste Rabatt f\u00fcr gro\u00dfe Auftr\u00e4ge, willkommen zu erkundigen!<\/span><\/p>\n<h2>Attribute von Bestecks\u00e4tzen f\u00fcr 16\u00a0<\/h2>\n<p><strong>Markenname:<\/strong> Mcallen<br \/><strong>Material:<\/strong> Rostfreier Stahl<br \/><strong>Farbe:<\/strong>\u00a0 Silber\/Gold\/Rosegold\/Schwarz\/Regenbogen<br \/><strong>Polieren:<\/strong> Hochglanzpoliert<br \/><strong>Design-Stil:<\/strong> Klassisch<br \/><strong>Vorlaufzeit f\u00fcr Muster:<\/strong> Innerhalb von 3 Tagen<br \/><strong>OEM\/ODM:<\/strong> Verf\u00fcgbar<\/p>\n<h2>Individuelle Bestecks\u00e4tze f\u00fcr 16:<\/h2>\n<p><strong>Rostfreier Stahl:<\/strong> Rostfreier Stahl 18\/10, 304, 316, 410, 430, 420<br \/><strong>Logo:<\/strong> Lasergravur, Siebdruck, UV-Druck, Thermotransferdruck, Pr\u00e4gung, etc.<br \/><strong>Verpacken:<\/strong> 4\/8\/12\/16\/20\/24\/45\/48\/72pcs set<br \/><strong>Oberfl\u00e4chenausf\u00fchrungen:<\/strong> Hochglanzpoliert, mattiert, wasserpoliert, Titanbeschichtung<br \/><strong>Verpackung:<\/strong> Bulk, Opp Tasche, Farbe Box, Geschenk-Box, ma\u00dfgeschneiderte<\/p>","protected":false},"featured_media":926,"template":"","meta":[],"product_brand":[],"product_cat":[23,30],"product_tag":[],"class_list":{"0":"post-919","1":"product","2":"type-product","3":"status-publish","4":"has-post-thumbnail","6":"product_cat-wholesale-flatware","7":"product_cat-custom-cutlery-gift-set","9":"first","10":"instock","11":"shipping-taxable","12":"product-type-simple"},"_links":{"self":[{"href":"https:\/\/www.mcallenflatware.com\/de\/wp-json\/wp\/v2\/product\/919","targetHints":{"allow":["GET"]}}],"collection":[{"href":"https:\/\/www.mcallenflatware.com\/de\/wp-json\/wp\/v2\/product"}],"about":[{"href":"https:\/\/www.mcallenflatware.com\/de\/wp-json\/wp\/v2\/types\/product"}],"wp:featuredmedia":[{"embeddable":true,"href":"https:\/\/www.mcallenflatware.com\/de\/wp-json\/wp\/v2\/media\/926"}],"wp:attachment":[{"href":"https:\/\/www.mcallenflatware.com\/de\/wp-json\/wp\/v2\/media?parent=919"}],"wp:term":[{"taxonomy":"product_brand","embeddable":true,"href":"https:\/\/www.mcallenflatware.com\/de\/wp-json\/wp\/v2\/product_brand?post=919"},{"taxonomy":"product_cat","embeddable":true,"href":"https:\/\/www.mcallenflatware.com\/de\/wp-json\/wp\/v2\/product_cat?post=919"},{"taxonomy":"product_tag","embeddable":true,"href":"https:\/\/www.mcallenflatware.com\/de\/wp-json\/wp\/v2\/product_tag?post=919"}],"curies":[{"name":"wp","href":"https:\/\/api.w.org\/{rel}","templated":true}]}}