{"id":924,"date":"2024-11-12T10:54:35","date_gmt":"2024-11-12T10:54:35","guid":{"rendered":"https:\/\/www.mcallenflatware.com\/?post_type=product&#038;p=924"},"modified":"2024-11-12T13:14:24","modified_gmt":"2024-11-12T13:14:24","slug":"custom-cake-server","status":"publish","type":"product","link":"https:\/\/www.mcallenflatware.com\/de\/product\/custom-cake-server\/","title":{"rendered":"Custom Cake Server f\u00fcr Hochzeit Geburtstagstorte Messer und servieren Set"},"content":{"rendered":"<h2 class=\"wp-block-heading\">Tortenheber Merkmale:<\/h2>\n\n\n\n<div class=\"wp-block-columns is-layout-flex wp-container-core-columns-is-layout-9d6595d7 wp-block-columns-is-layout-flex\">\n<div class=\"wp-block-column is-layout-flow wp-block-column-is-layout-flow\" style=\"flex-basis:66.66%\">\n<p><strong>Minimalistischer und eleganter Tortenheber<\/strong><br>Minimalistisches und schlankes Design, einschlie\u00dflich Kuchenmesser und Kuchenspachtel, kann Kuchen verschiedener Gr\u00f6\u00dfen und Arten reibungslos \u00fcbertragen, geeignet f\u00fcr Kuchen, K\u00e4se, Brot, Desserts, etc.<\/p>\n\n\n\n<p><strong>Hochwertige Materialien<\/strong><br>Hergestellt aus Edelstahl 304, robust und langlebig, rostfrei und korrosionsbest\u00e4ndig, geeignet f\u00fcr den langfristigen Einsatz.<\/p>\n\n\n\n<p><strong>Leicht zu reinigen<\/strong><br>Glatte Oberfl\u00e4che f\u00fcr einfache Reinigung, reduziert Fleckenr\u00fcckst\u00e4nde, sp\u00fclmaschinenfest<\/p>\n\n\n\n<p><strong>Bequemer Griff<\/strong><br>Der Griff ist glatt und angenehm zu ber\u00fchren, so dass jedes Besteckteil bequem in der Hand liegt.<\/p>\n\n\n\n<p><strong>Geeignet f\u00fcr mehrere Anl\u00e4sse<\/strong><br>Besonders geeignet f\u00fcr Hochzeiten, Geburtstage, Partys und andere Anl\u00e4sse, bei denen Kuchen geschnitten und serviert werden m\u00fcssen.<\/p>\n<\/div>\n\n\n\n<div class=\"wp-block-column is-layout-flow wp-block-column-is-layout-flow\" style=\"flex-basis:33.33%\">\n<figure class=\"wp-block-image size-full\"><img decoding=\"async\" width=\"800\" height=\"874\" src=\"https:\/\/www.mcallenflatware.com\/wp-content\/uploads\/2024\/11\/Wholesale-Cake-Serving-Set-1.webp\" alt=\"Gro\u00dfhandel-Kuchen-Servier-Set (1)\" class=\"wp-image-931\" srcset=\"https:\/\/www.mcallenflatware.com\/wp-content\/uploads\/2024\/11\/Wholesale-Cake-Serving-Set-1.webp 800w, https:\/\/www.mcallenflatware.com\/wp-content\/uploads\/2024\/11\/Wholesale-Cake-Serving-Set-1-768x839.webp 768w, https:\/\/www.mcallenflatware.com\/wp-content\/uploads\/2024\/11\/Wholesale-Cake-Serving-Set-1-600x656.webp 600w\" sizes=\"(max-width: 800px) 100vw, 800px\" \/><\/figure>\n<\/div>\n<\/div>","protected":false},"excerpt":{"rendered":"<p>Dieses zweiteilige Kuchenservierset besteht aus einem Tortenmesser und einem Kuchenservierer und ist zum Schneiden und Servieren von Torten gedacht. Hergestellt aus hochwertigem Edelstahl, um Haltbarkeit und einfache Reinigung zu gew\u00e4hrleisten. Geeignet f\u00fcr Hochzeiten, Bankette und andere Anl\u00e4sse, kann individuell gestaltet werden und ist f\u00fcr Gro\u00dfeink\u00e4ufe geeignet.<\/p>\n<h2>Tortenheber-Attribute<\/h2>\n<p><strong>Markenname:<\/strong> Mcallen<br \/><strong>Material:<\/strong> Rostfreier Stahl<br \/><strong>Farbe:<\/strong> Gold, Silber, Schwarz, Rosa oder kundenspezifisch<br \/><strong>Polieren:<\/strong> Hochglanzpoliert, mattiert<br \/><strong>Vorlaufzeit f\u00fcr Muster:<\/strong> Innerhalb von 3 Tagen<br \/><strong>OEM\/ODM:<\/strong> Verf\u00fcgbar<\/p>\n<h2>Individueller Tortenheber:<\/h2>\n<p><strong>Rostfreier Stahl:<\/strong> Rostfreier Stahl 18\/10, 304, 316, 410, 430, 420<br \/><strong>Logo:<\/strong> Lasergravur, Siebdruck, UV-Druck, Thermotransferdruck, Pr\u00e4gung, etc.<br \/><strong>Oberfl\u00e4chenausf\u00fchrungen:<\/strong> Hochglanzpoliert, mattiert<br \/><strong>Verpackung:<\/strong> Bulk, Opp Tasche, Farbe Box, Geschenk-Box, ma\u00dfgeschneiderte<\/p>","protected":false},"featured_media":932,"template":"","meta":[],"product_brand":[],"product_cat":[24,31],"product_tag":[],"class_list":{"0":"post-924","1":"product","2":"type-product","3":"status-publish","4":"has-post-thumbnail","6":"product_cat-wholesale-kitchen-utensils","7":"product_cat-wholesale-serving-utensils","9":"first","10":"instock","11":"shipping-taxable","12":"product-type-simple"},"_links":{"self":[{"href":"https:\/\/www.mcallenflatware.com\/de\/wp-json\/wp\/v2\/product\/924","targetHints":{"allow":["GET"]}}],"collection":[{"href":"https:\/\/www.mcallenflatware.com\/de\/wp-json\/wp\/v2\/product"}],"about":[{"href":"https:\/\/www.mcallenflatware.com\/de\/wp-json\/wp\/v2\/types\/product"}],"wp:featuredmedia":[{"embeddable":true,"href":"https:\/\/www.mcallenflatware.com\/de\/wp-json\/wp\/v2\/media\/932"}],"wp:attachment":[{"href":"https:\/\/www.mcallenflatware.com\/de\/wp-json\/wp\/v2\/media?parent=924"}],"wp:term":[{"taxonomy":"product_brand","embeddable":true,"href":"https:\/\/www.mcallenflatware.com\/de\/wp-json\/wp\/v2\/product_brand?post=924"},{"taxonomy":"product_cat","embeddable":true,"href":"https:\/\/www.mcallenflatware.com\/de\/wp-json\/wp\/v2\/product_cat?post=924"},{"taxonomy":"product_tag","embeddable":true,"href":"https:\/\/www.mcallenflatware.com\/de\/wp-json\/wp\/v2\/product_tag?post=924"}],"curies":[{"name":"wp","href":"https:\/\/api.w.org\/{rel}","templated":true}]}}