{"id":930,"date":"2024-11-11T12:02:44","date_gmt":"2024-11-11T12:02:44","guid":{"rendered":"https:\/\/www.mcallenflatware.com\/?post_type=product&#038;p=930"},"modified":"2024-11-11T12:03:04","modified_gmt":"2024-11-11T12:03:04","slug":"bulk-20-pc-flatware-set","status":"publish","type":"product","link":"https:\/\/www.mcallenflatware.com\/de\/product\/bulk-20-pc-flatware-set\/","title":{"rendered":"Bulk 20 PC Besteck Set Silber Glod Edelstahl"},"content":{"rendered":"<h2 class=\"wp-block-heading\">Merkmale des 20-teiligen Bestecksets:<\/h2>\n\n\n\n<div class=\"wp-block-columns is-layout-flex wp-container-core-columns-is-layout-9d6595d7 wp-block-columns-is-layout-flex\">\n<div class=\"wp-block-column is-layout-flow wp-block-column-is-layout-flow\" style=\"flex-basis:66.66%\">\n<p><strong>Kompletter Bestecksatz<\/strong><br>Eine Vielzahl von Bestecksets mit 4 Messern, 4 Gabeln, 4 L\u00f6ffeln, 4 Teel\u00f6ffeln und 4 Teegabeln bietet den kompletten Besteckbedarf f\u00fcr Familien oder Partys.<\/p>\n\n\n\n<p><strong>Langlebiges Material aus rostfreiem Stahl<\/strong><br>Das polierte Edelstahlmaterial ist gesund, sicher und rostfrei.<\/p>\n\n\n\n<p><strong>Bunte Verpackung<\/strong><br>Bieten Sie Kunststoffverpackungen mit individuellen Logos und Mustern an, um attraktive Produkte zu schaffen.<\/p>\n\n\n\n<p><strong>Bereitstellung ma\u00dfgeschneiderter Dienstleistungen f\u00fcr E-Commerce-Verk\u00e4ufer<\/strong><br>Bieten Sie OEM- und ODM-Services f\u00fcr verschiedene Verk\u00e4ufer an, einschlie\u00dflich Amazon, Lazada, Shopee usw., um Kunden bei der schnellen Erweiterung ihrer Dienstleistungen zu unterst\u00fctzen.<\/p>\n<\/div>\n\n\n\n<div class=\"wp-block-column is-layout-flow wp-block-column-is-layout-flow\" style=\"flex-basis:33.33%\">\n<figure class=\"wp-block-image size-full\"><img decoding=\"async\" width=\"800\" height=\"800\" src=\"https:\/\/www.mcallenflatware.com\/wp-content\/uploads\/2024\/11\/Bulk-20-PC-Flatware-Set-6.webp\" alt=\"Bulk 20 PC Besteck Set 6\" class=\"wp-image-941\" srcset=\"https:\/\/www.mcallenflatware.com\/wp-content\/uploads\/2024\/11\/Bulk-20-PC-Flatware-Set-6.webp 800w, https:\/\/www.mcallenflatware.com\/wp-content\/uploads\/2024\/11\/Bulk-20-PC-Flatware-Set-6-150x150.webp 150w, https:\/\/www.mcallenflatware.com\/wp-content\/uploads\/2024\/11\/Bulk-20-PC-Flatware-Set-6-768x768.webp 768w, https:\/\/www.mcallenflatware.com\/wp-content\/uploads\/2024\/11\/Bulk-20-PC-Flatware-Set-6-600x600.webp 600w, https:\/\/www.mcallenflatware.com\/wp-content\/uploads\/2024\/11\/Bulk-20-PC-Flatware-Set-6-300x300.webp 300w, https:\/\/www.mcallenflatware.com\/wp-content\/uploads\/2024\/11\/Bulk-20-PC-Flatware-Set-6-100x100.webp 100w\" sizes=\"(max-width: 800px) 100vw, 800px\" \/><\/figure>\n<\/div>\n<\/div>","protected":false},"excerpt":{"rendered":"<p>Unsere Bulk 20-teilige Besteck-Set mit Box, Edelstahl Gold und Silber, poliert und gl\u00e4nzend, mit Messer, Gabel, L\u00f6ffel, Teel\u00f6ffel und kleinen L\u00f6ffel, k\u00f6nnen verschiedene Bed\u00fcrfnisse Essen zu erf\u00fcllen. Willkommen bei uns f\u00fcr mehr kosteng\u00fcnstige Gro\u00dfhandel benutzerdefinierte L\u00f6sungen zu kontaktieren.<\/p>\n<h2>Eigenschaften des 20-teiligen Bestecksets\u00a0<\/h2>\n<p><strong>Markenname:<\/strong> Mcallen<br \/><strong>Material:<\/strong> Rostfreier Stahl<br \/><strong>Farbe:<\/strong>\u00a0 Silber\/Gold\/Rosegold\/Schwarz<br \/><strong>Polieren:<\/strong> Hochglanzpoliert<br \/><strong>Besteck Typ:<\/strong>\u00a0 Messer, Gabeln, L\u00f6ffel, Teel\u00f6ffel und Teegabeln<br \/><strong>Vorlaufzeit f\u00fcr Muster:<\/strong> Innerhalb von 3 Tagen<br \/><strong>OEM\/ODM:<\/strong> Verf\u00fcgbar<\/p>\n<h2>Individuelles 20-teiliges Besteckset:<\/h2>\n<p><strong>Rostfreier Stahl:<\/strong> Rostfreier Stahl 18\/10, 304, 316, 410, 430, 420<br \/><strong>Logo:<\/strong> Lasergravur, Siebdruck, UV-Druck, Thermotransferdruck, Pr\u00e4gung, etc.<br \/><strong>Verpacken:<\/strong> 4\/8\/12\/16\/20\/24\/45\/48\/72pcs set<br \/><strong>Oberfl\u00e4chenausf\u00fchrungen:<\/strong> Hochglanzpoliert, mattiert, wasserpoliert, Titanbeschichtung<br \/><strong>Verpackung:<\/strong> Bulk, Opp Tasche, Farbe Box, Geschenk-Box, ma\u00dfgeschneiderte<\/p>","protected":false},"featured_media":940,"template":"","meta":[],"product_brand":[],"product_cat":[23,30],"product_tag":[],"class_list":{"0":"post-930","1":"product","2":"type-product","3":"status-publish","4":"has-post-thumbnail","6":"product_cat-wholesale-flatware","7":"product_cat-custom-cutlery-gift-set","9":"first","10":"instock","11":"shipping-taxable","12":"product-type-simple"},"_links":{"self":[{"href":"https:\/\/www.mcallenflatware.com\/de\/wp-json\/wp\/v2\/product\/930","targetHints":{"allow":["GET"]}}],"collection":[{"href":"https:\/\/www.mcallenflatware.com\/de\/wp-json\/wp\/v2\/product"}],"about":[{"href":"https:\/\/www.mcallenflatware.com\/de\/wp-json\/wp\/v2\/types\/product"}],"wp:featuredmedia":[{"embeddable":true,"href":"https:\/\/www.mcallenflatware.com\/de\/wp-json\/wp\/v2\/media\/940"}],"wp:attachment":[{"href":"https:\/\/www.mcallenflatware.com\/de\/wp-json\/wp\/v2\/media?parent=930"}],"wp:term":[{"taxonomy":"product_brand","embeddable":true,"href":"https:\/\/www.mcallenflatware.com\/de\/wp-json\/wp\/v2\/product_brand?post=930"},{"taxonomy":"product_cat","embeddable":true,"href":"https:\/\/www.mcallenflatware.com\/de\/wp-json\/wp\/v2\/product_cat?post=930"},{"taxonomy":"product_tag","embeddable":true,"href":"https:\/\/www.mcallenflatware.com\/de\/wp-json\/wp\/v2\/product_tag?post=930"}],"curies":[{"name":"wp","href":"https:\/\/api.w.org\/{rel}","templated":true}]}}