{"id":942,"date":"2025-09-24T09:28:27","date_gmt":"2025-09-24T09:28:27","guid":{"rendered":"https:\/\/www.mcallenflatware.com\/?post_type=product&#038;p=942"},"modified":"2025-09-24T10:35:10","modified_gmt":"2025-09-24T10:35:10","slug":"bulk-cutlery-set-for-24","status":"publish","type":"product","link":"https:\/\/www.mcallenflatware.com\/de\/product\/bulk-cutlery-set-for-24\/","title":{"rendered":"Kundenspezifisches Luxus-Besteck-Set f\u00fcr 24 St\u00fcck aus Edelstahl mit Koffer"},"content":{"rendered":"<h2 class=\"wp-block-heading\"> Merkmale des Bestecksets f\u00fcr 24:<\/h2>\n\n\n\n<div class=\"wp-block-columns is-layout-flex wp-container-core-columns-is-layout-9d6595d7 wp-block-columns-is-layout-flex\">\n<div class=\"wp-block-column is-layout-flow wp-block-column-is-layout-flow\" style=\"flex-basis:66.66%\">\n<p><strong>Das 24-teilige Besteckset enth\u00e4lt<\/strong><br>6 Tafelmesser<br>6 Essgabeln<br>6 Essl\u00f6ffel<br>6 Teel\u00f6ffel<br>1 goldene Geschenkbox aus Holz<\/p>\n\n\n\n<p><strong>Gesundes Material aus rostfreiem Stahl<\/strong><br>Edelstahl 18\/10 von h\u00f6chster Qualit\u00e4t, mit sehr guter Korrosionsbest\u00e4ndigkeit, sp\u00fclmaschinenfest.<\/p>\n\n\n\n<p><strong>Exquisite handgehaltene Geschenkbox aus Holz<\/strong><br>Ausgestattet mit einer goldenen Geschenkbox, hochwertig und luxuri\u00f6s, ist es eine ideale Wahl f\u00fcr Hochzeitsgeschenke<\/p>\n\n\n\n<p><strong>Kundenspezifische OEM- und ODM-Dienstleistungen<\/strong><br>Das Besteckset kann je nach Bedarf kombiniert werden, und f\u00fcr besondere Anl\u00e4sse sind individuelle Logos, Verpackungen, Farben und andere Optionen erh\u00e4ltlich.<\/p>\n<\/div>\n\n\n\n<div class=\"wp-block-column is-layout-flow wp-block-column-is-layout-flow\" style=\"flex-basis:33.33%\">\n<figure class=\"wp-block-image size-full\"><img decoding=\"async\" width=\"800\" height=\"800\" src=\"https:\/\/www.mcallenflatware.com\/wp-content\/uploads\/2024\/11\/Bulk-24-PC-Cutlery-Set-1.webp\" alt=\"Bulk 24 PC Besteck Set 1\" class=\"wp-image-953\" srcset=\"https:\/\/www.mcallenflatware.com\/wp-content\/uploads\/2024\/11\/Bulk-24-PC-Cutlery-Set-1.webp 800w, https:\/\/www.mcallenflatware.com\/wp-content\/uploads\/2024\/11\/Bulk-24-PC-Cutlery-Set-1-150x150.webp 150w, https:\/\/www.mcallenflatware.com\/wp-content\/uploads\/2024\/11\/Bulk-24-PC-Cutlery-Set-1-768x768.webp 768w, https:\/\/www.mcallenflatware.com\/wp-content\/uploads\/2024\/11\/Bulk-24-PC-Cutlery-Set-1-600x600.webp 600w, https:\/\/www.mcallenflatware.com\/wp-content\/uploads\/2024\/11\/Bulk-24-PC-Cutlery-Set-1-300x300.webp 300w, https:\/\/www.mcallenflatware.com\/wp-content\/uploads\/2024\/11\/Bulk-24-PC-Cutlery-Set-1-100x100.webp 100w\" sizes=\"(max-width: 800px) 100vw, 800px\" \/><\/figure>\n<\/div>\n<\/div>","protected":false},"excerpt":{"rendered":"<p>Benutzerdefinierte Edelstahl-Besteck-Set 24 St\u00fcck mit Luxus-Holzkiste, geeignet f\u00fcr Hochzeitsgeschenke. Hochwertige Fabrik Preis Gro\u00dfhandel L\u00f6sung von Mcallen Hersteller. Kontaktieren Sie uns f\u00fcr ein Angebot!<\/p>\n<h2>Attribute des Bestecksets f\u00fcr 24<\/h2>\n<p><strong>Markenname:<\/strong> Mcallen<br \/><strong>Material:<\/strong> Rostfreier Stahl<br \/><strong>Farbe:<\/strong> Silber\/Gold\/Rosegold\/Farbig\/Schwarz<br \/><strong>Polieren:<\/strong> Hochglanzpoliert<br \/><strong>Verpackung:<\/strong> 24 St\u00fcck mit goldener Holzbox<br \/><strong>Vorlaufzeit f\u00fcr Muster:<\/strong> Innerhalb von 3 Tagen<br \/><strong>OEM\/ODM:<\/strong> Verf\u00fcgbar<\/p>\n<h2>Individuelles Besteckset f\u00fcr 24:<\/h2>\n<p><strong>Rostfreier Stahl:<\/strong> Rostfreier Stahl 18\/10, 304, 316, 410, 430, 420<br \/><strong>Logo:<\/strong> Lasergravur, Siebdruck, UV-Druck, Thermotransferdruck, Pr\u00e4gung, etc.<br \/><strong>Verpacken:<\/strong> 4\/8\/12\/16\/20\/24\/45\/48\/72pcs set<br \/><strong>Oberfl\u00e4chenausf\u00fchrungen:<\/strong> Hochglanzpoliert, mattiert, wasserpoliert, Titanbeschichtung<br \/><strong>Verpackung:<\/strong> Bulk, Opp Tasche, Farbe Box, Geschenk-Box, ma\u00dfgeschneiderte<\/p>","protected":false},"featured_media":956,"template":"","meta":[],"product_brand":[],"product_cat":[23,30],"product_tag":[],"class_list":{"0":"post-942","1":"product","2":"type-product","3":"status-publish","4":"has-post-thumbnail","6":"product_cat-wholesale-flatware","7":"product_cat-custom-cutlery-gift-set","9":"first","10":"instock","11":"shipping-taxable","12":"product-type-simple"},"_links":{"self":[{"href":"https:\/\/www.mcallenflatware.com\/de\/wp-json\/wp\/v2\/product\/942","targetHints":{"allow":["GET"]}}],"collection":[{"href":"https:\/\/www.mcallenflatware.com\/de\/wp-json\/wp\/v2\/product"}],"about":[{"href":"https:\/\/www.mcallenflatware.com\/de\/wp-json\/wp\/v2\/types\/product"}],"wp:featuredmedia":[{"embeddable":true,"href":"https:\/\/www.mcallenflatware.com\/de\/wp-json\/wp\/v2\/media\/956"}],"wp:attachment":[{"href":"https:\/\/www.mcallenflatware.com\/de\/wp-json\/wp\/v2\/media?parent=942"}],"wp:term":[{"taxonomy":"product_brand","embeddable":true,"href":"https:\/\/www.mcallenflatware.com\/de\/wp-json\/wp\/v2\/product_brand?post=942"},{"taxonomy":"product_cat","embeddable":true,"href":"https:\/\/www.mcallenflatware.com\/de\/wp-json\/wp\/v2\/product_cat?post=942"},{"taxonomy":"product_tag","embeddable":true,"href":"https:\/\/www.mcallenflatware.com\/de\/wp-json\/wp\/v2\/product_tag?post=942"}],"curies":[{"name":"wp","href":"https:\/\/api.w.org\/{rel}","templated":true}]}}