{"id":943,"date":"2024-11-12T11:35:34","date_gmt":"2024-11-12T11:35:34","guid":{"rendered":"https:\/\/www.mcallenflatware.com\/?post_type=product&#038;p=943"},"modified":"2024-11-12T11:35:35","modified_gmt":"2024-11-12T11:35:35","slug":"wholesale-coffee-scoop-clip","status":"publish","type":"product","link":"https:\/\/www.mcallenflatware.com\/de\/product\/wholesale-coffee-scoop-clip\/","title":{"rendered":"Gro\u00dfhandel Kaffee Schaufel Clip Edelstahl Glod Sliver Schwarz Custom"},"content":{"rendered":"<h2 class=\"wp-block-heading\">Kaffeeschaufel Clip Merkmale:<\/h2>\n\n\n\n<div class=\"wp-block-columns is-layout-flex wp-container-core-columns-is-layout-9d6595d7 wp-block-columns-is-layout-flex\">\n<div class=\"wp-block-column is-layout-flow wp-block-column-is-layout-flow\" style=\"flex-basis:66.66%\">\n<p><strong>Multifunktionales Design<\/strong><br>Kombiniert zwei Funktionen in einem: Kaffeeschaufel und Verschlussklammer, praktisch und platzsparend.<\/p>\n\n\n\n<p><strong>Genaue Messung<\/strong><br>Ein Messl\u00f6ffel, eine Tasse, garantiert die exakte Menge an Kaffeepulver, die jedes Mal verwendet wird, und verbessert den Geschmack des Kaffees.<\/p>\n\n\n\n<p><strong>Versiegelt f\u00fcr Frische<\/strong><br>Der Verschlussclip bewahrt das frische Aroma des Kaffees und verhindert Oxidation und Feuchtigkeit.<\/p>\n\n\n\n<p><strong>Hochwertiger Edelstahl<\/strong><br>Lebensmittelechtes Edelstahlmaterial, rostfrei und langlebig, leicht zu reinigen, f\u00fcr den t\u00e4glichen Gebrauch geeignet.<\/p>\n\n\n\n<p><strong>Buntes<\/strong><br>Die vielf\u00e4ltigen Farboptionen eignen sich f\u00fcr verschiedene \u00c4sthetiken und K\u00fcchenstile, so dass die Benutzer sie nach ihren Vorlieben ausw\u00e4hlen k\u00f6nnen, und tragen auch zur Verbesserung des Markenimages bei.<\/p>\n\n\n\n<p><strong>Tragbares Design<\/strong><br>Kompakt und leicht, einfach zu verstauen, zum Mitnehmen geeignet.<\/p>\n<\/div>\n\n\n\n<div class=\"wp-block-column is-layout-flow wp-block-column-is-layout-flow\" style=\"flex-basis:33.33%\">\n<figure class=\"wp-block-image size-full\"><img decoding=\"async\" width=\"800\" height=\"800\" src=\"https:\/\/www.mcallenflatware.com\/wp-content\/uploads\/2024\/11\/Wholesale-Coffee-Scoop-Clip-2.webp\" alt=\"Gro\u00dfhandel-Kaffeeschaufel-Clip (2)\" class=\"wp-image-945\" srcset=\"https:\/\/www.mcallenflatware.com\/wp-content\/uploads\/2024\/11\/Wholesale-Coffee-Scoop-Clip-2.webp 800w, https:\/\/www.mcallenflatware.com\/wp-content\/uploads\/2024\/11\/Wholesale-Coffee-Scoop-Clip-2-150x150.webp 150w, https:\/\/www.mcallenflatware.com\/wp-content\/uploads\/2024\/11\/Wholesale-Coffee-Scoop-Clip-2-768x768.webp 768w, https:\/\/www.mcallenflatware.com\/wp-content\/uploads\/2024\/11\/Wholesale-Coffee-Scoop-Clip-2-600x600.webp 600w, https:\/\/www.mcallenflatware.com\/wp-content\/uploads\/2024\/11\/Wholesale-Coffee-Scoop-Clip-2-300x300.webp 300w, https:\/\/www.mcallenflatware.com\/wp-content\/uploads\/2024\/11\/Wholesale-Coffee-Scoop-Clip-2-100x100.webp 100w\" sizes=\"(max-width: 800px) 100vw, 800px\" \/><\/figure>\n<\/div>\n<\/div>\n\n\n\n<div class=\"wp-block-columns is-layout-flex wp-container-core-columns-is-layout-9d6595d7 wp-block-columns-is-layout-flex\">\n<div class=\"wp-block-column is-layout-flow wp-block-column-is-layout-flow\">\n<figure class=\"wp-block-image size-full\"><img decoding=\"async\" width=\"800\" height=\"800\" src=\"https:\/\/www.mcallenflatware.com\/wp-content\/uploads\/2024\/11\/Wholesale-Coffee-Scoop-Clip-5.webp\" alt=\"Gro\u00dfhandel-Kaffeeschaufel-Clip (5)\" class=\"wp-image-948\" srcset=\"https:\/\/www.mcallenflatware.com\/wp-content\/uploads\/2024\/11\/Wholesale-Coffee-Scoop-Clip-5.webp 800w, https:\/\/www.mcallenflatware.com\/wp-content\/uploads\/2024\/11\/Wholesale-Coffee-Scoop-Clip-5-150x150.webp 150w, https:\/\/www.mcallenflatware.com\/wp-content\/uploads\/2024\/11\/Wholesale-Coffee-Scoop-Clip-5-768x768.webp 768w, https:\/\/www.mcallenflatware.com\/wp-content\/uploads\/2024\/11\/Wholesale-Coffee-Scoop-Clip-5-600x600.webp 600w, https:\/\/www.mcallenflatware.com\/wp-content\/uploads\/2024\/11\/Wholesale-Coffee-Scoop-Clip-5-300x300.webp 300w, https:\/\/www.mcallenflatware.com\/wp-content\/uploads\/2024\/11\/Wholesale-Coffee-Scoop-Clip-5-100x100.webp 100w\" sizes=\"(max-width: 800px) 100vw, 800px\" \/><\/figure>\n<\/div>\n\n\n\n<div class=\"wp-block-column is-layout-flow wp-block-column-is-layout-flow\">\n<figure class=\"wp-block-image size-full\"><img decoding=\"async\" width=\"800\" height=\"800\" src=\"https:\/\/www.mcallenflatware.com\/wp-content\/uploads\/2024\/11\/Wholesale-Coffee-Scoop-Clip-7.webp\" alt=\"Gro\u00dfhandel-Kaffeeschaufel-Clip (7)\" class=\"wp-image-950\" srcset=\"https:\/\/www.mcallenflatware.com\/wp-content\/uploads\/2024\/11\/Wholesale-Coffee-Scoop-Clip-7.webp 800w, https:\/\/www.mcallenflatware.com\/wp-content\/uploads\/2024\/11\/Wholesale-Coffee-Scoop-Clip-7-150x150.webp 150w, https:\/\/www.mcallenflatware.com\/wp-content\/uploads\/2024\/11\/Wholesale-Coffee-Scoop-Clip-7-768x768.webp 768w, https:\/\/www.mcallenflatware.com\/wp-content\/uploads\/2024\/11\/Wholesale-Coffee-Scoop-Clip-7-600x600.webp 600w, https:\/\/www.mcallenflatware.com\/wp-content\/uploads\/2024\/11\/Wholesale-Coffee-Scoop-Clip-7-300x300.webp 300w, https:\/\/www.mcallenflatware.com\/wp-content\/uploads\/2024\/11\/Wholesale-Coffee-Scoop-Clip-7-100x100.webp 100w\" sizes=\"(max-width: 800px) 100vw, 800px\" \/><\/figure>\n<\/div>\n\n\n\n<div class=\"wp-block-column is-layout-flow wp-block-column-is-layout-flow\">\n<figure class=\"wp-block-image size-full\"><img decoding=\"async\" width=\"800\" height=\"800\" src=\"https:\/\/www.mcallenflatware.com\/wp-content\/uploads\/2024\/11\/Wholesale-Coffee-Scoop-Clip-6.webp\" alt=\"Gro\u00dfhandel-Kaffeeschaufel-Clip (6)\" class=\"wp-image-949\" srcset=\"https:\/\/www.mcallenflatware.com\/wp-content\/uploads\/2024\/11\/Wholesale-Coffee-Scoop-Clip-6.webp 800w, https:\/\/www.mcallenflatware.com\/wp-content\/uploads\/2024\/11\/Wholesale-Coffee-Scoop-Clip-6-150x150.webp 150w, https:\/\/www.mcallenflatware.com\/wp-content\/uploads\/2024\/11\/Wholesale-Coffee-Scoop-Clip-6-768x768.webp 768w, https:\/\/www.mcallenflatware.com\/wp-content\/uploads\/2024\/11\/Wholesale-Coffee-Scoop-Clip-6-600x600.webp 600w, https:\/\/www.mcallenflatware.com\/wp-content\/uploads\/2024\/11\/Wholesale-Coffee-Scoop-Clip-6-300x300.webp 300w, https:\/\/www.mcallenflatware.com\/wp-content\/uploads\/2024\/11\/Wholesale-Coffee-Scoop-Clip-6-100x100.webp 100w\" sizes=\"(max-width: 800px) 100vw, 800px\" \/><\/figure>\n<\/div>\n<\/div>","protected":false},"excerpt":{"rendered":"<p>Dieser Kaffeeschaufel-Clip vereint Kaffeemessl\u00f6ffel und Verschlussclip in einem und wurde f\u00fcr Kaffeeliebhaber entwickelt. Messen Sie gemahlenen Kaffee genau ab und verschlie\u00dfen Sie den Beutel, damit der Kaffee frisch bleibt. Perfekt f\u00fcr den Hausgebrauch und Gro\u00dfeink\u00e4ufe in Caf\u00e9s und Restaurants.<\/p>\n<h2>Kaffeeschaufel Clip Attribute<\/h2>\n<p><strong>Markenname:<\/strong> Mcallen<br \/><strong>Material:<\/strong> Rostfreier Stahl<br \/><strong>Farbe:<\/strong> Gold, Silber, Schwarz oder kundenspezifisch<br \/><strong>Polieren:<\/strong> Hochglanzpoliert<br \/><strong>Vorlaufzeit f\u00fcr Muster:<\/strong> Innerhalb von 3 Tagen<br \/><strong>OEM\/ODM:<\/strong> Verf\u00fcgbar<\/p>\n<h2>Individueller Clip f\u00fcr Kaffeel\u00f6ffel:<\/h2>\n<p><strong>Rostfreier Stahl:<\/strong> Rostfreier Stahl 18\/10, 304, 316, 410, 430, 420<br \/><strong>Logo:<\/strong> Lasergravur, Siebdruck, UV-Druck, Thermotransferdruck, Pr\u00e4gung, etc.<br \/><strong>Oberfl\u00e4chenausf\u00fchrungen:<\/strong> Hochglanzpoliert, matt.<br \/><strong>Verpackung:<\/strong> Bulk, Opp Tasche, Farbe Box, Geschenk-Box, ma\u00dfgeschneiderte<\/p>","protected":false},"featured_media":946,"template":"","meta":[],"product_brand":[],"product_cat":[24,32],"product_tag":[],"class_list":{"0":"post-943","1":"product","2":"type-product","3":"status-publish","4":"has-post-thumbnail","6":"product_cat-wholesale-kitchen-utensils","7":"product_cat-custom-baking-tools-utensils","9":"first","10":"instock","11":"shipping-taxable","12":"product-type-simple"},"_links":{"self":[{"href":"https:\/\/www.mcallenflatware.com\/de\/wp-json\/wp\/v2\/product\/943","targetHints":{"allow":["GET"]}}],"collection":[{"href":"https:\/\/www.mcallenflatware.com\/de\/wp-json\/wp\/v2\/product"}],"about":[{"href":"https:\/\/www.mcallenflatware.com\/de\/wp-json\/wp\/v2\/types\/product"}],"wp:featuredmedia":[{"embeddable":true,"href":"https:\/\/www.mcallenflatware.com\/de\/wp-json\/wp\/v2\/media\/946"}],"wp:attachment":[{"href":"https:\/\/www.mcallenflatware.com\/de\/wp-json\/wp\/v2\/media?parent=943"}],"wp:term":[{"taxonomy":"product_brand","embeddable":true,"href":"https:\/\/www.mcallenflatware.com\/de\/wp-json\/wp\/v2\/product_brand?post=943"},{"taxonomy":"product_cat","embeddable":true,"href":"https:\/\/www.mcallenflatware.com\/de\/wp-json\/wp\/v2\/product_cat?post=943"},{"taxonomy":"product_tag","embeddable":true,"href":"https:\/\/www.mcallenflatware.com\/de\/wp-json\/wp\/v2\/product_tag?post=943"}],"curies":[{"name":"wp","href":"https:\/\/api.w.org\/{rel}","templated":true}]}}