{"id":958,"date":"2024-11-11T12:54:37","date_gmt":"2024-11-11T12:54:37","guid":{"rendered":"https:\/\/www.mcallenflatware.com\/?post_type=product&#038;p=958"},"modified":"2024-11-11T12:54:38","modified_gmt":"2024-11-11T12:54:38","slug":"48-piece-cutlery-set-wholesale","status":"publish","type":"product","link":"https:\/\/www.mcallenflatware.com\/de\/product\/48-piece-cutlery-set-wholesale\/","title":{"rendered":"Gro\u00dfhandel 48 St\u00fcck Besteck Set Edelstahl mit Box"},"content":{"rendered":"<h2 class=\"wp-block-heading\">Merkmale des 48-teiligen Bestecksets :<\/h2>\n\n\n\n<div class=\"wp-block-columns is-layout-flex wp-container-core-columns-is-layout-9d6595d7 wp-block-columns-is-layout-flex\">\n<div class=\"wp-block-column is-layout-flow wp-block-column-is-layout-flow\" style=\"flex-basis:66.66%\">\n<p><strong>Bed\u00fcrfnisse von gro\u00dfen Versammlungen<\/strong><br>Ausgestattet mit verschiedenem Geschirr wie Messern, Gabeln, L\u00f6ffeln usw., um den Anforderungen von Familienfeiern, Geburtstagen, Hochzeiten und Festessen gerecht zu werden.<\/p>\n\n\n\n<p><strong>Exquisite Geschenkpackung<\/strong><br>Bei Geschenkverpackungen k\u00f6nnen Sie das Farbmuster des Logos anpassen, um Markenprodukte zu schaffen.<\/p>\n\n\n\n<p><strong>Elegantes und komfortables Besteckset<br><\/strong>Hochglanzpolierte Oberfl\u00e4che, modernes und schlichtes Besteck, ergonomisch geformte Griffe und<strong> <\/strong>bequemer Griff, verbessern das Esserlebnis.<\/p>\n<\/div>\n\n\n\n<div class=\"wp-block-column is-layout-flow wp-block-column-is-layout-flow\" style=\"flex-basis:33.33%\">\n<figure class=\"wp-block-image size-full\"><img decoding=\"async\" width=\"1200\" height=\"1200\" src=\"https:\/\/www.mcallenflatware.com\/wp-content\/uploads\/2024\/11\/Bulk-48-Piece-Cutlery-Set-1.webp\" alt=\"Bulk 48 St\u00fcck Besteck Set 1\" class=\"wp-image-961\" srcset=\"https:\/\/www.mcallenflatware.com\/wp-content\/uploads\/2024\/11\/Bulk-48-Piece-Cutlery-Set-1.webp 1200w, https:\/\/www.mcallenflatware.com\/wp-content\/uploads\/2024\/11\/Bulk-48-Piece-Cutlery-Set-1-150x150.webp 150w, https:\/\/www.mcallenflatware.com\/wp-content\/uploads\/2024\/11\/Bulk-48-Piece-Cutlery-Set-1-768x768.webp 768w, https:\/\/www.mcallenflatware.com\/wp-content\/uploads\/2024\/11\/Bulk-48-Piece-Cutlery-Set-1-600x600.webp 600w, https:\/\/www.mcallenflatware.com\/wp-content\/uploads\/2024\/11\/Bulk-48-Piece-Cutlery-Set-1-300x300.webp 300w, https:\/\/www.mcallenflatware.com\/wp-content\/uploads\/2024\/11\/Bulk-48-Piece-Cutlery-Set-1-100x100.webp 100w\" sizes=\"(max-width: 1200px) 100vw, 1200px\" \/><\/figure>\n<\/div>\n<\/div>","protected":false},"excerpt":{"rendered":"<p>Gro\u00dfhandel 48-teilige Besteck-Set, anpassbare Logo, Farbe, Gr\u00f6\u00dfe. Das Besteck-Set ist aus Edelstahl, luxuri\u00f6s und langlebig, mit Geschenk-Box-Verpackung, geeignet f\u00fcr Parteien, Hochzeitsgeschenke, etc. Beste Rabatt f\u00fcr gro\u00dfe Mengen, willkommen zu erkundigen, zu jeder Zeit!<\/p>\n<h2>Eigenschaften des 48-teiligen Bestecksets\u00a0<\/h2>\n<p><strong>Markenname:<\/strong> Mcallen<br \/><strong>Material:<\/strong> Rostfreier Stahl<br \/><strong>Farbe:<\/strong> Silber\/Gold<br \/><strong>Polieren:<\/strong> Hochglanzpoliert<br \/><strong>Entwurf:<\/strong> Morden, 48 St\u00fcck mit farbiger Schachtel<br \/><strong>Vorlaufzeit f\u00fcr Muster:<\/strong> Innerhalb von 3 Tagen<br \/><strong>OEM\/ODM:<\/strong> Verf\u00fcgbar<\/p>\n<h2>Individuelles Besteck aus Edelstahl:<\/h2>\n<p><strong>Rostfreier Stahl:<\/strong> Rostfreier Stahl 18\/10, 304, 316, 410, 430, 420<br \/><strong>Logo:<\/strong> Lasergravur, Siebdruck, UV-Druck, Thermotransferdruck, Pr\u00e4gung, etc.<br \/><strong>Verpacken:<\/strong> 4\/8\/12\/16\/20\/24\/45\/48\/72pcs set<br \/><strong>Oberfl\u00e4chenausf\u00fchrungen:<\/strong> Hochglanzpoliert, mattiert, wasserpoliert, Titanbeschichtung<br \/><strong>Verpackung:<\/strong> Bulk, Opp Tasche, Farbe Box, Geschenk-Box, ma\u00dfgeschneiderte<\/p>","protected":false},"featured_media":962,"template":"","meta":[],"product_brand":[],"product_cat":[23,30],"product_tag":[],"class_list":{"0":"post-958","1":"product","2":"type-product","3":"status-publish","4":"has-post-thumbnail","6":"product_cat-wholesale-flatware","7":"product_cat-custom-cutlery-gift-set","9":"first","10":"instock","11":"shipping-taxable","12":"product-type-simple"},"_links":{"self":[{"href":"https:\/\/www.mcallenflatware.com\/de\/wp-json\/wp\/v2\/product\/958","targetHints":{"allow":["GET"]}}],"collection":[{"href":"https:\/\/www.mcallenflatware.com\/de\/wp-json\/wp\/v2\/product"}],"about":[{"href":"https:\/\/www.mcallenflatware.com\/de\/wp-json\/wp\/v2\/types\/product"}],"wp:featuredmedia":[{"embeddable":true,"href":"https:\/\/www.mcallenflatware.com\/de\/wp-json\/wp\/v2\/media\/962"}],"wp:attachment":[{"href":"https:\/\/www.mcallenflatware.com\/de\/wp-json\/wp\/v2\/media?parent=958"}],"wp:term":[{"taxonomy":"product_brand","embeddable":true,"href":"https:\/\/www.mcallenflatware.com\/de\/wp-json\/wp\/v2\/product_brand?post=958"},{"taxonomy":"product_cat","embeddable":true,"href":"https:\/\/www.mcallenflatware.com\/de\/wp-json\/wp\/v2\/product_cat?post=958"},{"taxonomy":"product_tag","embeddable":true,"href":"https:\/\/www.mcallenflatware.com\/de\/wp-json\/wp\/v2\/product_tag?post=958"}],"curies":[{"name":"wp","href":"https:\/\/api.w.org\/{rel}","templated":true}]}}