{"id":960,"date":"2024-11-12T11:15:54","date_gmt":"2024-11-12T11:15:54","guid":{"rendered":"https:\/\/www.mcallenflatware.com\/?post_type=product&#038;p=960"},"modified":"2024-11-12T11:22:07","modified_gmt":"2024-11-12T11:22:07","slug":"wholesale-sauce-cups","status":"publish","type":"product","link":"https:\/\/www.mcallenflatware.com\/de\/product\/wholesale-sauce-cups\/","title":{"rendered":"Gro\u00dfhandel So\u00dfe Tassen 1,5oz 2,5oz 4oz Edelstahl Gew\u00fcrz Tassen"},"content":{"rendered":"<h2 class=\"wp-block-heading\">So\u00dfenbecher Merkmale:<\/h2>\n\n\n\n<div class=\"wp-block-columns is-layout-flex wp-container-core-columns-is-layout-9d6595d7 wp-block-columns-is-layout-flex\">\n<div class=\"wp-block-column is-layout-flow wp-block-column-is-layout-flow\" style=\"flex-basis:66.66%\">\n<p><strong>Mehrere Lautst\u00e4rkeoptionen<\/strong><br>Die Gr\u00f6\u00dfen 1,5 oz, 2,5 oz und 4 oz decken den unterschiedlichen Bedarf an Portionen f\u00fcr Dips, Saucen und Beilagen.<\/p>\n\n\n\n<p><strong>Hochwertiges Material<\/strong><br>Hergestellt aus lebensmittelechtem Edelstahl f\u00fcr hervorragende Korrosionsbest\u00e4ndigkeit und Haltbarkeit.<\/p>\n\n\n\n<p><strong>Stapelbare Lagerung<\/strong><br>Die Becher sind so konzipiert, dass sie sich leicht stapeln und platzsparend aufbewahren lassen, sowohl in privaten als auch in gewerblichen K\u00fcchen.<\/p>\n\n\n\n<p><strong>Leicht zu reinigen und zu pflegen<\/strong><br>Glatte Oberfl\u00e4che, hinterl\u00e4sst nicht leicht Essensreste, kann direkt mit Wasser abgesp\u00fclt oder in die Sp\u00fclmaschine gegeben werden.<\/p>\n\n\n\n<p><strong>Vielseitigkeit<\/strong><br>Kann f\u00fcr W\u00fcrzmittel, Dip-Saucen, Salatdressings, begleitende Saucen und viele andere Zwecke verwendet werden.<\/p>\n<\/div>\n\n\n\n<div class=\"wp-block-column is-layout-flow wp-block-column-is-layout-flow\" style=\"flex-basis:33.33%\">\n<figure class=\"wp-block-image size-full\"><img decoding=\"async\" width=\"679\" height=\"641\" src=\"https:\/\/www.mcallenflatware.com\/wp-content\/uploads\/2024\/11\/Wholesale-Sauce-Cups-2.webp\" alt=\"Gro\u00dfhandel-So\u00dfe-Tassen (2)\" class=\"wp-image-967\" srcset=\"https:\/\/www.mcallenflatware.com\/wp-content\/uploads\/2024\/11\/Wholesale-Sauce-Cups-2.webp 679w, https:\/\/www.mcallenflatware.com\/wp-content\/uploads\/2024\/11\/Wholesale-Sauce-Cups-2-600x566.webp 600w\" sizes=\"(max-width: 679px) 100vw, 679px\" \/><\/figure>\n<\/div>\n<\/div>\n\n\n\n<p><\/p>","protected":false},"excerpt":{"rendered":"<p>Diese Gro\u00dfhandels-Saucenbecher gibt es in drei verschiedenen Gr\u00f6\u00dfen: 1,5 oz, 2,5 oz und 4 oz Edelstahl-Gew\u00fcrzbecher f\u00fcr eine Vielzahl von Dressings und Dips. Ob f\u00fcr den Heimgebrauch oder die gewerbliche Gastronomie, diese hochwertigen Gew\u00fcrzbecher sind ideal. Anfragen sind willkommen.<\/p>\n<h2>So\u00dfenbecher Attribute<\/h2>\n<p><strong>Markenname:<\/strong> Mcallen<br \/><strong>Material:<\/strong> Rostfreier Stahl<br \/><strong>Gr\u00f6\u00dfe:<\/strong>1,5 Unzen, 2,5 Unzen, 4,0 Unzen<br \/><strong>Vorlaufzeit f\u00fcr Muster:<\/strong> Innerhalb von 3 Tagen<br \/><strong>OEM\/ODM:<\/strong> Verf\u00fcgbar<\/p>\n<h2>Individuelle So\u00dfenbecher:<\/h2>\n<p><strong>Rostfreier Stahl:<\/strong> Rostfreier Stahl 18\/10, 304, 316, 410, 430, 420<br \/><strong>Logo:<\/strong> Lasergravur, Siebdruck, UV-Druck, Thermotransferdruck, Pr\u00e4gung, usw.<br \/><strong>Oberfl\u00e4chenausf\u00fchrungen:<\/strong> Hochglanzpoliert, mattiert, wasserpoliert, Titanbeschichtung<br \/><strong>Verpackung:<\/strong> Bulk, Opp Tasche, Farbe Box, Geschenk-Box, ma\u00dfgeschneiderte<\/p>","protected":false},"featured_media":966,"template":"","meta":[],"product_brand":[],"product_cat":[24,31],"product_tag":[],"class_list":{"0":"post-960","1":"product","2":"type-product","3":"status-publish","4":"has-post-thumbnail","6":"product_cat-wholesale-kitchen-utensils","7":"product_cat-wholesale-serving-utensils","9":"first","10":"instock","11":"shipping-taxable","12":"product-type-simple"},"_links":{"self":[{"href":"https:\/\/www.mcallenflatware.com\/de\/wp-json\/wp\/v2\/product\/960","targetHints":{"allow":["GET"]}}],"collection":[{"href":"https:\/\/www.mcallenflatware.com\/de\/wp-json\/wp\/v2\/product"}],"about":[{"href":"https:\/\/www.mcallenflatware.com\/de\/wp-json\/wp\/v2\/types\/product"}],"wp:featuredmedia":[{"embeddable":true,"href":"https:\/\/www.mcallenflatware.com\/de\/wp-json\/wp\/v2\/media\/966"}],"wp:attachment":[{"href":"https:\/\/www.mcallenflatware.com\/de\/wp-json\/wp\/v2\/media?parent=960"}],"wp:term":[{"taxonomy":"product_brand","embeddable":true,"href":"https:\/\/www.mcallenflatware.com\/de\/wp-json\/wp\/v2\/product_brand?post=960"},{"taxonomy":"product_cat","embeddable":true,"href":"https:\/\/www.mcallenflatware.com\/de\/wp-json\/wp\/v2\/product_cat?post=960"},{"taxonomy":"product_tag","embeddable":true,"href":"https:\/\/www.mcallenflatware.com\/de\/wp-json\/wp\/v2\/product_tag?post=960"}],"curies":[{"name":"wp","href":"https:\/\/api.w.org\/{rel}","templated":true}]}}