{"id":965,"date":"2024-11-12T01:45:41","date_gmt":"2024-11-12T01:45:41","guid":{"rendered":"https:\/\/www.mcallenflatware.com\/?post_type=product&#038;p=965"},"modified":"2024-11-13T12:51:37","modified_gmt":"2024-11-13T12:51:37","slug":"custom-travel-cutlery-set","status":"publish","type":"product","link":"https:\/\/www.mcallenflatware.com\/de\/product\/custom-travel-cutlery-set\/","title":{"rendered":"Benutzerdefinierte Reisebesteck Set Edelstahl Portable L\u00f6ffel und Gabel mit Box"},"content":{"rendered":"<h2 class=\"wp-block-heading\"> Reise-Besteck-Set Merkmale:<\/h2>\n\n\n\n<div class=\"wp-block-columns is-layout-flex wp-container-core-columns-is-layout-9d6595d7 wp-block-columns-is-layout-flex\">\n<div class=\"wp-block-column is-layout-flow wp-block-column-is-layout-flow\" style=\"flex-basis:66.66%\">\n<p><strong>Tragbares Design<br><\/strong>Ausgestattet mit einer Edelstahlgabel, einem L\u00f6ffel, Essst\u00e4bchen und einer Kunststoffbox ist es praktisch und leicht, geeignet f\u00fcr Reisen, Camping, B\u00fcro und zum Essen.<\/p>\n\n\n\n<p><strong>Umweltfreundliches Material aus rostfreiem Stahl<\/strong><br>Edelstahl in Lebensmittelqualit\u00e4t, das Material ist sicher, verschlei\u00dffest und leicht zu reinigen<\/p>\n\n\n\n<p><strong>Stilvolles Aussehen<\/strong><br>Minimalistisches, modernes Design, erh\u00e4ltlich in einer Vielzahl von beliebten Farben wie Gold, Silber, Ros\u00e9gold und Wei\u00df, die sowohl sch\u00f6n als auch praktisch sind.<\/p>\n\n\n\n<p><strong>Personalisierte Anpassung<\/strong><br>Wir bieten OEM&amp;ODM-Service, passen Logo, Verpackung und Farbe an und kreieren spezielle Bestecksets.<\/p>\n<\/div>\n\n\n\n<div class=\"wp-block-column is-layout-flow wp-block-column-is-layout-flow\" style=\"flex-basis:33.33%\">\n<figure class=\"wp-block-image size-full\"><img decoding=\"async\" width=\"800\" height=\"800\" src=\"https:\/\/www.mcallenflatware.com\/wp-content\/uploads\/2024\/11\/Custom-Travel-Cutlery-Set-3.webp\" alt=\"Individuelles Reisebesteck Set 3\" class=\"wp-image-973\" srcset=\"https:\/\/www.mcallenflatware.com\/wp-content\/uploads\/2024\/11\/Custom-Travel-Cutlery-Set-3.webp 800w, https:\/\/www.mcallenflatware.com\/wp-content\/uploads\/2024\/11\/Custom-Travel-Cutlery-Set-3-150x150.webp 150w, https:\/\/www.mcallenflatware.com\/wp-content\/uploads\/2024\/11\/Custom-Travel-Cutlery-Set-3-768x768.webp 768w, https:\/\/www.mcallenflatware.com\/wp-content\/uploads\/2024\/11\/Custom-Travel-Cutlery-Set-3-600x600.webp 600w, https:\/\/www.mcallenflatware.com\/wp-content\/uploads\/2024\/11\/Custom-Travel-Cutlery-Set-3-300x300.webp 300w, https:\/\/www.mcallenflatware.com\/wp-content\/uploads\/2024\/11\/Custom-Travel-Cutlery-Set-3-100x100.webp 100w\" sizes=\"(max-width: 800px) 100vw, 800px\" \/><\/figure>\n<\/div>\n<\/div>","protected":false},"excerpt":{"rendered":"<p>Benutzerdefinierte Reisebesteck-Set, bestehend aus einem hochwertigen Edelstahl-Gabel, L\u00f6ffel und Essst\u00e4bchen, geeignet f\u00fcr Camping, B\u00fcro und Essen. Mehrere Farboptionen, anpassbares Logo, Verpackung, Farbe. Fabrikdirektverkauf, Gro\u00dfhandelspreis verf\u00fcgbar. Willkommen zu erkundigen!<\/p>\n<h2>Reisebesteck-Set Attribute<\/h2>\n<p><strong>Markenname:<\/strong> Mcallen<br \/><strong>Material:<\/strong> Rostfreier Stahl<br \/><strong>Farbe:<\/strong> Silber\/Gold\/Rosa\/Schwarz<br \/><strong>Polieren:<\/strong> Hochglanzpoliert<br \/><strong>Entwurf:<\/strong>\u00a0 Ein L\u00f6ffel, eine Gabel und Essst\u00e4bchen in einer Plastikbox<br \/><strong>Vorlaufzeit f\u00fcr Muster:<\/strong> Innerhalb von 3 Tagen<br \/><strong>OEM\/ODM:<\/strong> Verf\u00fcgbar<\/p>\n<h2>Individuelles Reise-Besteck-Set:<\/h2>\n<p><strong>Rostfreier Stahl:<\/strong> Rostfreier Stahl 18\/10, 304, 316, 410, 430, 420<br \/><strong>Logo:<\/strong> Lasergravur, Siebdruck, UV-Druck, Thermotransferdruck, Pr\u00e4gung, etc.<br \/><strong>Verpacken:<\/strong> 4\/8\/12\/16\/20\/24\/45\/48\/72pcs set<br \/><strong>Oberfl\u00e4chenausf\u00fchrungen:<\/strong> Hochglanzpoliert, mattiert, wasserpoliert, Titanbeschichtung<br \/><strong>Verpackung:<\/strong> Bulk, Opp Tasche, Farbe Box, Geschenk-Box, ma\u00dfgeschneiderte<\/p>","protected":false},"featured_media":971,"template":"","meta":[],"product_brand":[],"product_cat":[23,27],"product_tag":[],"class_list":{"0":"post-965","1":"product","2":"type-product","3":"status-publish","4":"has-post-thumbnail","6":"product_cat-wholesale-flatware","7":"product_cat-custom-portable-cutlery-set","9":"first","10":"instock","11":"shipping-taxable","12":"product-type-simple"},"_links":{"self":[{"href":"https:\/\/www.mcallenflatware.com\/de\/wp-json\/wp\/v2\/product\/965","targetHints":{"allow":["GET"]}}],"collection":[{"href":"https:\/\/www.mcallenflatware.com\/de\/wp-json\/wp\/v2\/product"}],"about":[{"href":"https:\/\/www.mcallenflatware.com\/de\/wp-json\/wp\/v2\/types\/product"}],"wp:featuredmedia":[{"embeddable":true,"href":"https:\/\/www.mcallenflatware.com\/de\/wp-json\/wp\/v2\/media\/971"}],"wp:attachment":[{"href":"https:\/\/www.mcallenflatware.com\/de\/wp-json\/wp\/v2\/media?parent=965"}],"wp:term":[{"taxonomy":"product_brand","embeddable":true,"href":"https:\/\/www.mcallenflatware.com\/de\/wp-json\/wp\/v2\/product_brand?post=965"},{"taxonomy":"product_cat","embeddable":true,"href":"https:\/\/www.mcallenflatware.com\/de\/wp-json\/wp\/v2\/product_cat?post=965"},{"taxonomy":"product_tag","embeddable":true,"href":"https:\/\/www.mcallenflatware.com\/de\/wp-json\/wp\/v2\/product_tag?post=965"}],"curies":[{"name":"wp","href":"https:\/\/api.w.org\/{rel}","templated":true}]}}