{"id":976,"date":"2024-11-11T13:11:51","date_gmt":"2024-11-11T13:11:51","guid":{"rendered":"https:\/\/www.mcallenflatware.com\/?post_type=product&#038;p=976"},"modified":"2024-11-11T13:11:52","modified_gmt":"2024-11-11T13:11:52","slug":"bulk-portable-cutlery-set-stainless-steel","status":"publish","type":"product","link":"https:\/\/www.mcallenflatware.com\/de\/product\/bulk-portable-cutlery-set-stainless-steel\/","title":{"rendered":"Gro\u00dfes tragbares Besteckset aus Edelstahl mit Rei\u00dfverschlusstasche"},"content":{"rendered":"<h2 class=\"wp-block-heading\">Tragbares Besteckset Merkmale:<\/h2>\n\n\n\n<div class=\"wp-block-columns is-layout-flex wp-container-core-columns-is-layout-9d6595d7 wp-block-columns-is-layout-flex\">\n<div class=\"wp-block-column is-layout-flow wp-block-column-is-layout-flow\" style=\"flex-basis:66.66%\">\n<p><strong>Tragbares Design<\/strong><br>Das Besteckset mit L\u00f6ffel, Gabel, Messer, Servierklammer, Essteller usw. ist klein und tragbar und kann in einer Rei\u00dfverschlusstasche aufbewahrt werden, um es sauber zu halten, geeignet f\u00fcr Reisen, Picknicks und Aktivit\u00e4ten im Freien.<\/p>\n\n\n\n<p><strong>Sicheres und hochwertiges Material<\/strong><br>304 Edelstahl Material, korrosionsbest\u00e4ndig, rostfrei, ungiftig und sicher.<\/p>\n\n\n\n<p><strong>Nicht leicht zu verschmutzen, leicht zu reinigen<\/strong><br>Die Oberfl\u00e4che aus rostfreiem Stahl ist glatt und sehr leicht zu reinigen und kann in der Sp\u00fclmaschine gereinigt werden.<\/p>\n\n\n\n<p><strong>Modisches Aussehen<\/strong><br>Der Designstil ist einfach und modern, passend f\u00fcr verschiedene Anl\u00e4sse, und das Aussehen ist modisch.<\/p>\n\n\n\n<p><strong>Anpassungsm\u00f6glichkeiten<\/strong><br>Unterst\u00fctzen Sie individuelles Besteck oder Taschen, um pers\u00f6nliche Bed\u00fcrfnisse zu erf\u00fcllen, was eine ideale Wahl f\u00fcr Firmengeschenke, Souvenirs oder besondere Geschenke ist.<\/p>\n<\/div>\n\n\n\n<div class=\"wp-block-column is-layout-flow wp-block-column-is-layout-flow\" style=\"flex-basis:33.33%\">\n<figure class=\"wp-block-image size-full\"><img decoding=\"async\" width=\"800\" height=\"800\" src=\"https:\/\/www.mcallenflatware.com\/wp-content\/uploads\/2024\/11\/Bulk-Portable-Cutlery-Set-.webp\" alt=\"Gro\u00dfes tragbares Besteckset\" class=\"wp-image-984\" srcset=\"https:\/\/www.mcallenflatware.com\/wp-content\/uploads\/2024\/11\/Bulk-Portable-Cutlery-Set-.webp 800w, https:\/\/www.mcallenflatware.com\/wp-content\/uploads\/2024\/11\/Bulk-Portable-Cutlery-Set--150x150.webp 150w, https:\/\/www.mcallenflatware.com\/wp-content\/uploads\/2024\/11\/Bulk-Portable-Cutlery-Set--768x768.webp 768w, https:\/\/www.mcallenflatware.com\/wp-content\/uploads\/2024\/11\/Bulk-Portable-Cutlery-Set--600x600.webp 600w, https:\/\/www.mcallenflatware.com\/wp-content\/uploads\/2024\/11\/Bulk-Portable-Cutlery-Set--300x300.webp 300w, https:\/\/www.mcallenflatware.com\/wp-content\/uploads\/2024\/11\/Bulk-Portable-Cutlery-Set--100x100.webp 100w\" sizes=\"(max-width: 800px) 100vw, 800px\" \/><\/figure>\n<\/div>\n<\/div>","protected":false},"excerpt":{"rendered":"<p>Unsere gro\u00dfe tragbare Besteck-Set mit Rei\u00dfverschluss Tasche f\u00fcr Camping und Outdoor-Reisen. Ausgestattet mit Edelstahl L\u00f6ffel, Gabel, Messer, servieren Clip, Teller. Von Mcallen Fabrik, bieten benutzerdefinierte und Gro\u00dfhandel Besteck Set L\u00f6sungen Fabrikpreis, willkommen zu erkundigen!<\/p>\n<h2>Eigenschaften des tragbaren Bestecksets<\/h2>\n<p><strong>Markenname:<\/strong> Mcallen<br \/><strong>Material:<\/strong> Rostfreier Stahl<br \/><strong>Farbe:<\/strong> Silber\/Gold<br \/><strong>Polieren:<\/strong> Hochglanzpoliert<br \/><strong>Entwurf:<\/strong>\u00a0 mit tragbarer Rei\u00dfverschlusstasche<br \/><strong>Vorlaufzeit f\u00fcr Muster:<\/strong> Innerhalb von 3 Tagen<br \/><strong>OEM\/ODM:<\/strong> Verf\u00fcgbar<\/p>\n<h2>Individuelles tragbares Besteckset:<\/h2>\n<p><strong>Rostfreier Stahl:<\/strong> Rostfreier Stahl 18\/10, 304, 316, 410, 430, 420<br \/><strong>Logo:<\/strong> Lasergravur, Siebdruck, UV-Druck, Thermotransferdruck, Pr\u00e4gung, etc.<br \/><strong>Verpacken:<\/strong> 4\/8\/12\/16\/20\/24\/45\/48\/72pcs set<br \/><strong>Oberfl\u00e4chenausf\u00fchrungen:<\/strong> Hochglanzpoliert, mattiert, wasserpoliert, Titanbeschichtung<br \/><strong>Verpackung:<\/strong> Bulk, Opp Tasche, Farbe Box, Geschenk-Box, ma\u00dfgeschneiderte<\/p>","protected":false},"featured_media":984,"template":"","meta":[],"product_brand":[],"product_cat":[23,27],"product_tag":[],"class_list":{"0":"post-976","1":"product","2":"type-product","3":"status-publish","4":"has-post-thumbnail","6":"product_cat-wholesale-flatware","7":"product_cat-custom-portable-cutlery-set","9":"first","10":"instock","11":"shipping-taxable","12":"product-type-simple"},"_links":{"self":[{"href":"https:\/\/www.mcallenflatware.com\/de\/wp-json\/wp\/v2\/product\/976","targetHints":{"allow":["GET"]}}],"collection":[{"href":"https:\/\/www.mcallenflatware.com\/de\/wp-json\/wp\/v2\/product"}],"about":[{"href":"https:\/\/www.mcallenflatware.com\/de\/wp-json\/wp\/v2\/types\/product"}],"wp:featuredmedia":[{"embeddable":true,"href":"https:\/\/www.mcallenflatware.com\/de\/wp-json\/wp\/v2\/media\/984"}],"wp:attachment":[{"href":"https:\/\/www.mcallenflatware.com\/de\/wp-json\/wp\/v2\/media?parent=976"}],"wp:term":[{"taxonomy":"product_brand","embeddable":true,"href":"https:\/\/www.mcallenflatware.com\/de\/wp-json\/wp\/v2\/product_brand?post=976"},{"taxonomy":"product_cat","embeddable":true,"href":"https:\/\/www.mcallenflatware.com\/de\/wp-json\/wp\/v2\/product_cat?post=976"},{"taxonomy":"product_tag","embeddable":true,"href":"https:\/\/www.mcallenflatware.com\/de\/wp-json\/wp\/v2\/product_tag?post=976"}],"curies":[{"name":"wp","href":"https:\/\/api.w.org\/{rel}","templated":true}]}}