{"id":985,"date":"2024-11-12T12:37:56","date_gmt":"2024-11-12T12:37:56","guid":{"rendered":"https:\/\/www.mcallenflatware.com\/?post_type=product&#038;p=985"},"modified":"2024-11-12T12:37:57","modified_gmt":"2024-11-12T12:37:57","slug":"wholesale-stirring-spoon","status":"publish","type":"product","link":"https:\/\/www.mcallenflatware.com\/de\/product\/wholesale-stirring-spoon\/","title":{"rendered":"Gro\u00dfhandel R\u00fchren L\u00f6ffel Stianless Stahl lange Getr\u00e4nk mischen L\u00f6ffel"},"content":{"rendered":"<h2 class=\"wp-block-heading\">R\u00fchrl\u00f6ffel Merkmale:<\/h2>\n\n\n\n<div class=\"wp-block-columns is-layout-flex wp-container-core-columns-is-layout-9d6595d7 wp-block-columns-is-layout-flex\">\n<div class=\"wp-block-column is-layout-flow wp-block-column-is-layout-flow\" style=\"flex-basis:66.66%\">\n<p><strong>Leicht und langlebig<\/strong><br>Dank des robusten Materials und des geringen Gewichts l\u00e4sst sich eine Vielzahl von Getr\u00e4nken leicht umr\u00fchren, ohne die Form zu verlieren.<\/p>\n\n\n\n<p><strong>Hochwertiges Material aus rostfreiem Stahl<\/strong><br>Korrosionsbest\u00e4ndig und rostfrei, langlebig, leicht zu reinigen und geruchsneutral.<\/p>\n\n\n\n<p><strong>Buntes Design<\/strong><br>Eine Vielzahl von Farboptionen macht den Mischl\u00f6ffel erkennbarer und optisch ansprechender f\u00fcr die individuelle Dekoration.<\/p>\n\n\n\n<p><strong>Multifunktionale Anwendung<\/strong><br>Geeignet f\u00fcr Kaffee, Tee, Cocktails, S\u00e4fte und andere Getr\u00e4nke, um den Bed\u00fcrfnissen der verschiedenen Getr\u00e4nkemischungen gerecht zu werden.<\/p>\n\n\n\n<p><strong>Ergonomisch<\/strong><br>Schlanker Griff, leicht zu greifen und umzur\u00fchren, geeignet f\u00fcr den h\u00e4ufigen t\u00e4glichen Gebrauch.<\/p>\n\n\n\n<p><strong>Leicht zu reinigen<\/strong><br>Glatte Oberfl\u00e4che, kann direkt mit Wasser abgesp\u00fclt oder in der Sp\u00fclmaschine gereinigt werden.<\/p>\n<\/div>\n\n\n\n<div class=\"wp-block-column is-layout-flow wp-block-column-is-layout-flow\" style=\"flex-basis:33.33%\">\n<figure class=\"wp-block-image size-full\"><img decoding=\"async\" width=\"800\" height=\"800\" src=\"https:\/\/www.mcallenflatware.com\/wp-content\/uploads\/2024\/11\/Wholesale-Stirring-Spoon.webp\" alt=\"Gro\u00dfhandel - R\u00fchrl\u00f6ffel\" class=\"wp-image-986\" srcset=\"https:\/\/www.mcallenflatware.com\/wp-content\/uploads\/2024\/11\/Wholesale-Stirring-Spoon.webp 800w, https:\/\/www.mcallenflatware.com\/wp-content\/uploads\/2024\/11\/Wholesale-Stirring-Spoon-150x150.webp 150w, https:\/\/www.mcallenflatware.com\/wp-content\/uploads\/2024\/11\/Wholesale-Stirring-Spoon-768x768.webp 768w, https:\/\/www.mcallenflatware.com\/wp-content\/uploads\/2024\/11\/Wholesale-Stirring-Spoon-600x600.webp 600w, https:\/\/www.mcallenflatware.com\/wp-content\/uploads\/2024\/11\/Wholesale-Stirring-Spoon-300x300.webp 300w, https:\/\/www.mcallenflatware.com\/wp-content\/uploads\/2024\/11\/Wholesale-Stirring-Spoon-100x100.webp 100w\" sizes=\"(max-width: 800px) 100vw, 800px\" \/><\/figure>\n<\/div>\n<\/div>","protected":false},"excerpt":{"rendered":"<p>Dieser farbenfrohe Getr\u00e4nker\u00fchrl\u00f6ffel ist ideal zum Umr\u00fchren von Getr\u00e4nken wie Kaffee, Tee, Cocktails und S\u00e4ften. Hergestellt aus hochwertigem Edelstahl, es mit einem schlanken und leichten Griff. Fabrik Direktvertrieb, beste Rabatt f\u00fcr Bulk benutzerdefinierte, willkommen, f\u00fcr weitere Preisinformationen zu konsultieren.<\/p>\n<h2>Eigenschaften des R\u00fchrl\u00f6ffels<\/h2>\n<p><strong>Markenname:<\/strong> Mcallen<br \/><strong>Material:<\/strong> Rostfreier Stahl<br \/><strong>Farbe:<\/strong> Silber, Gold, Schwarzplattierung, Kupfer oder anpassbar<br \/><strong>Polieren:<\/strong> Hochglanzpoliert<br \/><strong>Vorlaufzeit f\u00fcr Muster:<\/strong> Innerhalb von 3 Tagen<br \/><strong>OEM\/ODM:<\/strong> Verf\u00fcgbar<\/p>\n<h2>Individueller R\u00fchrl\u00f6ffel:<\/h2>\n<p><strong>Rostfreier Stahl:<\/strong>\u00a0Rostfreier Stahl 18\/10, 304, 316, 410, 430, 420<br \/><strong>Logo:<\/strong>\u00a0Lasergravur, Siebdruck, UV-Druck, Thermotransferdruck, Pr\u00e4gung, etc.<br \/><strong>Oberfl\u00e4chenausf\u00fchrungen:<\/strong>\u00a0Hochglanzpoliert, matt.<br \/><strong>Verpackung:<\/strong>\u00a0Bulk, Opp Tasche, Farbe Box, Geschenk-Box, ma\u00dfgeschneiderte<\/p>","protected":false},"featured_media":986,"template":"","meta":[],"product_brand":[],"product_cat":[26,34],"product_tag":[],"class_list":{"0":"post-985","1":"product","2":"type-product","3":"status-publish","4":"has-post-thumbnail","6":"product_cat-wholesale-bar-supplies-tools","7":"product_cat-custom-bar-spoon","9":"first","10":"instock","11":"shipping-taxable","12":"product-type-simple"},"_links":{"self":[{"href":"https:\/\/www.mcallenflatware.com\/de\/wp-json\/wp\/v2\/product\/985","targetHints":{"allow":["GET"]}}],"collection":[{"href":"https:\/\/www.mcallenflatware.com\/de\/wp-json\/wp\/v2\/product"}],"about":[{"href":"https:\/\/www.mcallenflatware.com\/de\/wp-json\/wp\/v2\/types\/product"}],"wp:featuredmedia":[{"embeddable":true,"href":"https:\/\/www.mcallenflatware.com\/de\/wp-json\/wp\/v2\/media\/986"}],"wp:attachment":[{"href":"https:\/\/www.mcallenflatware.com\/de\/wp-json\/wp\/v2\/media?parent=985"}],"wp:term":[{"taxonomy":"product_brand","embeddable":true,"href":"https:\/\/www.mcallenflatware.com\/de\/wp-json\/wp\/v2\/product_brand?post=985"},{"taxonomy":"product_cat","embeddable":true,"href":"https:\/\/www.mcallenflatware.com\/de\/wp-json\/wp\/v2\/product_cat?post=985"},{"taxonomy":"product_tag","embeddable":true,"href":"https:\/\/www.mcallenflatware.com\/de\/wp-json\/wp\/v2\/product_tag?post=985"}],"curies":[{"name":"wp","href":"https:\/\/api.w.org\/{rel}","templated":true}]}}