{"id":993,"date":"2024-11-12T13:10:15","date_gmt":"2024-11-12T13:10:15","guid":{"rendered":"https:\/\/www.mcallenflatware.com\/?post_type=product&#038;p=993"},"modified":"2024-11-12T13:10:17","modified_gmt":"2024-11-12T13:10:17","slug":"custom-moscow-mule-cups","status":"publish","type":"product","link":"https:\/\/www.mcallenflatware.com\/de\/product\/custom-moscow-mule-cups\/","title":{"rendered":"Custom Moscow Mule Tassen Edelstahl geh\u00e4mmert Kupfer Tassen"},"content":{"rendered":"<h2 class=\"wp-block-heading\">Moscow Mule Tassen Merkmale:<\/h2>\n\n\n\n<div class=\"wp-block-columns is-layout-flex wp-container-core-columns-is-layout-9d6595d7 wp-block-columns-is-layout-flex\">\n<div class=\"wp-block-column is-layout-flow wp-block-column-is-layout-flow\" style=\"flex-basis:66.66%\">\n<p><strong>Sicher und gesund<\/strong><br>Moderne Moscow-Mule-Becher haben meist ein Innenleben aus Edelstahl und eine Kupferbeschichtung auf der Au\u00dfenseite, wodurch das klassische Aussehen von Kupferbechern erhalten bleibt und Gesundheitsrisiken vermieden werden.<\/p>\n\n\n\n<p><strong>Gute W\u00e4rmeerhaltung<\/strong><br>Das Kupfermaterial selbst leitet die W\u00e4rme gut und tr\u00e4gt mit der speziellen geh\u00e4mmerten Oberfl\u00e4chenbehandlung dazu bei, das Getr\u00e4nk besser auf einer niedrigen Temperatur zu halten, so dass jeder Schluck mit einem k\u00fchlen Geschmack genossen werden kann.<\/p>\n\n\n\n<p><strong>Lange Lebensdauer<\/strong><br>Edelstahl ist sehr stabil und haltbar, rostet nicht und wird nicht leicht besch\u00e4digt, was eine lange Lebensdauer des Bechers gew\u00e4hrleistet.<\/p>\n\n\n\n<p><strong>Leicht zu reinigen<\/strong><br>Im Vergleich zu reinem Kupfer ist das Innere des Edelstahls leichter zu reinigen und hinterl\u00e4sst weniger Wasserflecken oder Flecken, so dass die Tasse immer gl\u00e4nzend und neu aussieht.<\/p>\n\n\n\n<p><strong>Vielseitig einsetzbar<\/strong><br>Nicht nur f\u00fcr Moscow-Mule-Cocktails geeignet, sondern auch f\u00fcr andere Arten von Kaltgetr\u00e4nken wie Eistee, Fruchts\u00e4fte usw.<\/p>\n\n\n\n<p><strong>Design der Griffe<\/strong><br>Stabilisierter, geschwei\u00dfter Griff f\u00fcr verbesserten Griffkomfort und gute Isolierung<\/p>\n<\/div>\n\n\n\n<div class=\"wp-block-column is-layout-flow wp-block-column-is-layout-flow\" style=\"flex-basis:33.33%\">\n<figure class=\"wp-block-image size-full\"><img decoding=\"async\" width=\"800\" height=\"800\" src=\"https:\/\/www.mcallenflatware.com\/wp-content\/uploads\/2024\/11\/Wholesale-Moscow-Mule-Cups.webp\" alt=\"Gro\u00dfhandel-Moskauer Maultier-Tassen\" class=\"wp-image-998\" srcset=\"https:\/\/www.mcallenflatware.com\/wp-content\/uploads\/2024\/11\/Wholesale-Moscow-Mule-Cups.webp 800w, https:\/\/www.mcallenflatware.com\/wp-content\/uploads\/2024\/11\/Wholesale-Moscow-Mule-Cups-150x150.webp 150w, https:\/\/www.mcallenflatware.com\/wp-content\/uploads\/2024\/11\/Wholesale-Moscow-Mule-Cups-768x768.webp 768w, https:\/\/www.mcallenflatware.com\/wp-content\/uploads\/2024\/11\/Wholesale-Moscow-Mule-Cups-600x600.webp 600w, https:\/\/www.mcallenflatware.com\/wp-content\/uploads\/2024\/11\/Wholesale-Moscow-Mule-Cups-300x300.webp 300w, https:\/\/www.mcallenflatware.com\/wp-content\/uploads\/2024\/11\/Wholesale-Moscow-Mule-Cups-100x100.webp 100w\" sizes=\"(max-width: 800px) 100vw, 800px\" \/><\/figure>\n<\/div>\n<\/div>","protected":false},"excerpt":{"rendered":"<p>Diese Premium Moscow Mule Becher sind aus hochwertigem Edelstahl mit geh\u00e4mmertem Kupfer\u00fcberzug gefertigt und bieten einen eleganten Look mit hervorragender W\u00e4rmespeicherung, sowohl f\u00fcr traditionelle Moscow Mule Cocktails als auch f\u00fcr andere kalte Getr\u00e4nke oder Cocktails. Ideal f\u00fcr Gro\u00dfeink\u00e4ufe.<\/p>\n<h2>Moscow Mule Cups Attribute<\/h2>\n<p><strong>Markenname:<\/strong> Mcallen<br \/><strong>Material:<\/strong> Rostfreier Stahl<br \/><strong>Farbe:<\/strong> Kupfer<br \/><strong>Polieren:<\/strong> Hochglanzpoliert<br \/><strong>Entwurf:<\/strong>\u00a0 Geh\u00e4mmert<br \/><strong>Vorlaufzeit f\u00fcr Muster:<\/strong> Innerhalb von 3 Tagen<br \/><strong>OEM\/ODM:<\/strong> Verf\u00fcgbar<\/p>\n<h2>Individuelle Moscow-Mule-Tassen:<\/h2>\n<p><strong>Rostfreier Stahl:<\/strong>\u00a0Rostfreier Stahl 18\/10, 304, 316, 410, 430, 420<br \/><strong>Logo:<\/strong>\u00a0Lasergravur, Siebdruck, UV-Druck, Thermotransferdruck, Pr\u00e4gung, etc.<br \/><strong>Oberfl\u00e4chenausf\u00fchrungen:<\/strong>\u00a0Hochglanzpoliert, mattiert, wasserpoliert, Titanbeschichtung<br \/><strong>Verpackung:<\/strong>\u00a0Bulk, Opp Tasche, Farbe Box, Geschenk-Box, ma\u00dfgeschneiderte<\/p>","protected":false},"featured_media":998,"template":"","meta":[],"product_brand":[],"product_cat":[26,35],"product_tag":[],"class_list":{"0":"post-993","1":"product","2":"type-product","3":"status-publish","4":"has-post-thumbnail","6":"product_cat-wholesale-bar-supplies-tools","7":"product_cat-custom-stainless-steel-cups","9":"first","10":"instock","11":"shipping-taxable","12":"product-type-simple"},"_links":{"self":[{"href":"https:\/\/www.mcallenflatware.com\/de\/wp-json\/wp\/v2\/product\/993","targetHints":{"allow":["GET"]}}],"collection":[{"href":"https:\/\/www.mcallenflatware.com\/de\/wp-json\/wp\/v2\/product"}],"about":[{"href":"https:\/\/www.mcallenflatware.com\/de\/wp-json\/wp\/v2\/types\/product"}],"wp:featuredmedia":[{"embeddable":true,"href":"https:\/\/www.mcallenflatware.com\/de\/wp-json\/wp\/v2\/media\/998"}],"wp:attachment":[{"href":"https:\/\/www.mcallenflatware.com\/de\/wp-json\/wp\/v2\/media?parent=993"}],"wp:term":[{"taxonomy":"product_brand","embeddable":true,"href":"https:\/\/www.mcallenflatware.com\/de\/wp-json\/wp\/v2\/product_brand?post=993"},{"taxonomy":"product_cat","embeddable":true,"href":"https:\/\/www.mcallenflatware.com\/de\/wp-json\/wp\/v2\/product_cat?post=993"},{"taxonomy":"product_tag","embeddable":true,"href":"https:\/\/www.mcallenflatware.com\/de\/wp-json\/wp\/v2\/product_tag?post=993"}],"curies":[{"name":"wp","href":"https:\/\/api.w.org\/{rel}","templated":true}]}}