{"id":994,"date":"2024-11-12T03:18:20","date_gmt":"2024-11-12T03:18:20","guid":{"rendered":"https:\/\/www.mcallenflatware.com\/?post_type=product&#038;p=994"},"modified":"2024-11-13T07:59:34","modified_gmt":"2024-11-13T07:59:34","slug":"custom-camping-flatware","status":"publish","type":"product","link":"https:\/\/www.mcallenflatware.com\/de\/product\/custom-camping-flatware\/","title":{"rendered":"Custom Camping Besteck Edelstahl 3 in 1 mit Tasche"},"content":{"rendered":"<div class=\"wp-block-columns is-layout-flex wp-container-core-columns-is-layout-9d6595d7 wp-block-columns-is-layout-flex\">\n<div class=\"wp-block-column is-layout-flow wp-block-column-is-layout-flow\" style=\"flex-basis:66.66%\">\n<h2 class=\"wp-block-heading\">Camping-Besteck Merkmale:<\/h2>\n\n\n\n<p><strong>3 in 1 praktisches Design<\/strong><br>Das dreiteilige Design von Messer, Gabel und L\u00f6ffel wird mit einer Stofftasche geliefert, die nicht leicht zu verlieren ist. Leicht und bequem, geeignet f\u00fcr Camping, Reisen und B\u00fcrogebrauch<\/p>\n\n\n\n<p><strong>Leicht zu reinigender, verschlei\u00dffester Edelstahl<\/strong><br>Hergestellt aus hochwertigem Edelstahl 304, mit einer glatten und leicht zu reinigenden Oberfl\u00e4che und einem minimalistischen und sch\u00f6nen Design.<\/p>\n\n\n\n<p><strong>Anpassbares Logo<\/strong><br>Sie k\u00f6nnen das Logo auf dem Besteckset oder auf der Verpackung individuell gestalten, was verschiedene M\u00f6glichkeiten der Personalisierung bietet, um die Markenwerbung zu unterst\u00fctzen.<\/p>\n<\/div>\n\n\n\n<div class=\"wp-block-column is-layout-flow wp-block-column-is-layout-flow\" style=\"flex-basis:33.33%\"><div class=\"wp-block-image\">\n<figure class=\"aligncenter size-full\"><img decoding=\"async\" width=\"800\" height=\"800\" src=\"https:\/\/www.mcallenflatware.com\/wp-content\/uploads\/2024\/11\/Custom-Camping-Flatware-1.jpg\" alt=\"Custom Camping Besteck 1\" class=\"wp-image-996\" srcset=\"https:\/\/www.mcallenflatware.com\/wp-content\/uploads\/2024\/11\/Custom-Camping-Flatware-1.jpg 800w, https:\/\/www.mcallenflatware.com\/wp-content\/uploads\/2024\/11\/Custom-Camping-Flatware-1-150x150.jpg 150w, https:\/\/www.mcallenflatware.com\/wp-content\/uploads\/2024\/11\/Custom-Camping-Flatware-1-768x768.jpg 768w, https:\/\/www.mcallenflatware.com\/wp-content\/uploads\/2024\/11\/Custom-Camping-Flatware-1-600x600.jpg 600w, https:\/\/www.mcallenflatware.com\/wp-content\/uploads\/2024\/11\/Custom-Camping-Flatware-1-300x300.jpg 300w, https:\/\/www.mcallenflatware.com\/wp-content\/uploads\/2024\/11\/Custom-Camping-Flatware-1-100x100.jpg 100w\" sizes=\"(max-width: 800px) 100vw, 800px\" \/><\/figure>\n<\/div><\/div>\n<\/div>\n\n\n\n<p><\/p>","protected":false},"excerpt":{"rendered":"<p><span class=\"Editor_t__not_edited__WuRP8\">Unser individuelles Camping-Besteck<\/span><span class=\"Editor_t__not_edited__WuRP8\">\u00a0ist\u00a0<\/span><span class=\"Editor_t__added__LtuNJ\">hergestellt<\/span><span class=\"Editor_t__not_edited__WuRP8\">\u00a0<\/span><span class=\"Editor_t__added__LtuNJ\">von<\/span><span class=\"Editor_t__not_edited__WuRP8\">\u00a0<\/span><span class=\"Editor_t__added__LtuNJ\">Leichtgewicht\u00a0<\/span><span class=\"Editor_t__not_edited__WuRP8\">Edelstahl in Lebensmittelqualit\u00e4t<\/span><span class=\"Editor_t__not_edited__WuRP8\">\u00a0<\/span><span class=\"Editor_t__not_edited__WuRP8\">und\u00a0<\/span><span class=\"Editor_t__not_edited_long__JuNNx\">kommt mit einer tragbaren OPP-Tasche f\u00fcr\u00a0<\/span><span class=\"Editor_t__added__LtuNJ\">mit<\/span><span class=\"Editor_t__not_edited__WuRP8\">\u00a0<\/span><span class=\"Editor_t__added__LtuNJ\">Bequemlichkeit<\/span><span class=\"Editor_t__not_edited__WuRP8\">. Die\u00a0<\/span><span class=\"Editor_t__added__LtuNJ\">glatt\u00a0<\/span><span class=\"Editor_t__not_edited__WuRP8\">Oberfl\u00e4che ist\u00a0<\/span><span class=\"Editor_t__added__LtuNJ\">einfach<\/span><span class=\"Editor_t__not_edited__WuRP8\">\u00a0<\/span><span class=\"Editor_t__added__LtuNJ\">gereinigt<\/span><span class=\"Editor_t__not_edited_long__JuNNx\">. Es ist\u00a0<\/span><span class=\"Editor_t__added__LtuNJ\">a<\/span><span class=\"Editor_t__not_edited__WuRP8\">\u00a0<\/span><span class=\"Editor_t__added__LtuNJ\">sehr<\/span><span class=\"Editor_t__not_edited__WuRP8\">\u00a0<\/span><span class=\"Editor_t__added__LtuNJ\">gut\u00a0<\/span><span class=\"Editor_t__not_edited_long__JuNNx\">Wahl f\u00fcr Familien- und Teamcamping.<\/span> Willkommen bei uns!<\/p>\n<h2>Camping-Besteck Attribute<\/h2>\n<p><strong>Markenname:<\/strong> Mcallen<br \/><strong>Material:<\/strong> Rostfreier Stahl<br \/><strong>Farbe:<\/strong> Silber<br \/><strong>Polieren:<\/strong> Hochglanzpoliert<br \/><strong>Entwurf:<\/strong>\u00a0 3 in 1, mit Tasche<br \/><strong>Vorlaufzeit f\u00fcr Muster:<\/strong> Innerhalb von 3 Tagen<br \/><strong>OEM\/ODM:<\/strong> Verf\u00fcgbar<\/p>\n<h2>Individuelles Camping-Besteck:<\/h2>\n<p><strong>Rostfreier Stahl:<\/strong> Rostfreier Stahl 18\/10, 304, 316, 410, 430, 420<br \/><strong>Logo:<\/strong> Lasergravur, Siebdruck, UV-Druck, Thermotransferdruck, Pr\u00e4gung, etc.<br \/><strong>Verpacken:<\/strong> 4\/8\/12\/16\/20\/24\/45\/48\/72pcs set<br \/><strong>Oberfl\u00e4chenausf\u00fchrungen:<\/strong> Hochglanzpoliert, mattiert, wasserpoliert, Titanbeschichtung<br \/><strong>Verpackung:<\/strong> Bulk, Opp Tasche, Farbe Box, Geschenk-Box, ma\u00dfgeschneiderte<\/p>","protected":false},"featured_media":996,"template":"","meta":[],"product_brand":[],"product_cat":[23,27],"product_tag":[],"class_list":{"0":"post-994","1":"product","2":"type-product","3":"status-publish","4":"has-post-thumbnail","6":"product_cat-wholesale-flatware","7":"product_cat-custom-portable-cutlery-set","9":"first","10":"instock","11":"shipping-taxable","12":"product-type-simple"},"_links":{"self":[{"href":"https:\/\/www.mcallenflatware.com\/de\/wp-json\/wp\/v2\/product\/994","targetHints":{"allow":["GET"]}}],"collection":[{"href":"https:\/\/www.mcallenflatware.com\/de\/wp-json\/wp\/v2\/product"}],"about":[{"href":"https:\/\/www.mcallenflatware.com\/de\/wp-json\/wp\/v2\/types\/product"}],"wp:featuredmedia":[{"embeddable":true,"href":"https:\/\/www.mcallenflatware.com\/de\/wp-json\/wp\/v2\/media\/996"}],"wp:attachment":[{"href":"https:\/\/www.mcallenflatware.com\/de\/wp-json\/wp\/v2\/media?parent=994"}],"wp:term":[{"taxonomy":"product_brand","embeddable":true,"href":"https:\/\/www.mcallenflatware.com\/de\/wp-json\/wp\/v2\/product_brand?post=994"},{"taxonomy":"product_cat","embeddable":true,"href":"https:\/\/www.mcallenflatware.com\/de\/wp-json\/wp\/v2\/product_cat?post=994"},{"taxonomy":"product_tag","embeddable":true,"href":"https:\/\/www.mcallenflatware.com\/de\/wp-json\/wp\/v2\/product_tag?post=994"}],"curies":[{"name":"wp","href":"https:\/\/api.w.org\/{rel}","templated":true}]}}