{"id":1000,"date":"2024-11-12T17:12:13","date_gmt":"2024-11-12T17:12:13","guid":{"rendered":"https:\/\/www.mcallenflatware.com\/?post_type=product&#038;p=1000"},"modified":"2024-11-12T17:12:14","modified_gmt":"2024-11-12T17:12:14","slug":"bulk-stainless-steel-straws","status":"publish","type":"product","link":"https:\/\/www.mcallenflatware.com\/es\/product\/bulk-stainless-steel-straws\/","title":{"rendered":"Pajitas de Acero Inoxidable a Granel Boba Straight Straws Coloridas"},"content":{"rendered":"<h2 class=\"wp-block-heading\">Pajitas de acero inoxidable Caracter\u00edsticas:<\/h2>\n\n\n\n<div class=\"wp-block-columns is-layout-flex wp-container-core-columns-is-layout-9d6595d7 wp-block-columns-is-layout-flex\">\n<div class=\"wp-block-column is-layout-flow wp-block-column-is-layout-flow\" style=\"flex-basis:66.66%\">\n<p><strong>Dise\u00f1o de boca ancha<\/strong><br>Especialmente dise\u00f1ado para bebidas que contienen part\u00edculas grandes como perlas, cocos, etc. para garantizar una succi\u00f3n suave sin atascos.<\/p>\n\n\n\n<p><strong>Material ecol\u00f3gico y no t\u00f3xico<\/strong><br>Fabricado en acero inoxidable de calidad alimentaria, es reutilizable y contribuye a reducir la contaminaci\u00f3n ambiental.<\/p>\n\n\n\n<p><strong>Portabilidad<\/strong><br>Muchas pajitas de acero inoxidable vienen con una bolsa de transporte, por lo que son f\u00e1ciles de llevar y adecuadas para diversas ocasiones.<\/p>\n\n\n\n<p><strong>Colorido<\/strong><br>M\u00faltiples opciones de color para satisfacer las diferentes preferencias de los usuarios y las necesidades de marca, a\u00f1adiendo un sentido de la moda y elementos personalizados a las bebidas.<\/p>\n\n\n\n<p><strong>F\u00e1cil de limpiar.<\/strong><br>Equipado con un cepillo de limpieza especial, es conveniente limpiar a fondo el interior para garantizar la higiene.<\/p>\n<\/div>\n\n\n\n<div class=\"wp-block-column is-layout-flow wp-block-column-is-layout-flow\" style=\"flex-basis:33.33%\">\n<figure class=\"wp-block-image size-full\"><img decoding=\"async\" width=\"1275\" height=\"1074\" src=\"https:\/\/www.mcallenflatware.com\/wp-content\/uploads\/2024\/11\/Wholesale-Stainless-Steel-Straws-1.webp\" alt=\"Mayorista-Tirantes de acero inoxidable (1)\" class=\"wp-image-1001\" srcset=\"https:\/\/www.mcallenflatware.com\/wp-content\/uploads\/2024\/11\/Wholesale-Stainless-Steel-Straws-1.webp 1275w, https:\/\/www.mcallenflatware.com\/wp-content\/uploads\/2024\/11\/Wholesale-Stainless-Steel-Straws-1-768x647.webp 768w, https:\/\/www.mcallenflatware.com\/wp-content\/uploads\/2024\/11\/Wholesale-Stainless-Steel-Straws-1-1200x1011.webp 1200w, https:\/\/www.mcallenflatware.com\/wp-content\/uploads\/2024\/11\/Wholesale-Stainless-Steel-Straws-1-600x505.webp 600w\" sizes=\"(max-width: 1275px) 100vw, 1275px\" \/><\/figure>\n<\/div>\n<\/div>","protected":false},"excerpt":{"rendered":"<p>Pajitas de acero inoxidable al por mayor personalizadas de gran calibre, con cepillos de limpieza incluidos. Perfectas para t\u00e9 de burbujas, zumos y otras bebidas. Disponibles en varios colores, con opciones de personalizaci\u00f3n al por mayor para obtener los mejores descuentos. P\u00f3ngase en contacto con nosotros para recibir muestras gratuitas.<\/p>\n<h2>Pajitas de acero inoxidable Atributos<\/h2>\n<p><strong>Marca:<\/strong> Mcallen<br \/><strong>Material:<\/strong> Acero inoxidable<br \/><strong>Color: <\/strong>Oro, plata, oro rosa, morado o personalizado<br \/><strong>Accesorios:<\/strong> Cepillo de paja<br \/><strong>Dise\u00f1o:<\/strong>\u00a0 Recto, Gran Calibre <br \/><strong>Plazo de entrega de la muestra:<\/strong> En 3 d\u00edas<br \/><strong>OEM\/ODM:<\/strong> Disponible<\/p>\n<h2>Pajitas de acero inoxidable personalizadas:<\/h2>\n<p><strong>Acero inoxidable:<\/strong> Acero inoxidable 18\/10, 304, 316, 410, 430, 420<br \/><strong>Logotipo:<\/strong>\u00a0 Estampaci\u00f3n, l\u00e1ser, grabado, etc.<br \/><strong>Acabados superficiales:<\/strong> Pulido espejo, mate<br \/><strong>Embalaje:<\/strong> A granel, bolsa opp, caja de color, personalizado<\/p>","protected":false},"featured_media":1002,"template":"","meta":[],"product_brand":[],"product_cat":[26,36],"product_tag":[],"class_list":{"0":"post-1000","1":"product","2":"type-product","3":"status-publish","4":"has-post-thumbnail","6":"product_cat-wholesale-bar-supplies-tools","7":"product_cat-custom-stainless-steel-straws","9":"first","10":"instock","11":"shipping-taxable","12":"product-type-simple"},"_links":{"self":[{"href":"https:\/\/www.mcallenflatware.com\/es\/wp-json\/wp\/v2\/product\/1000","targetHints":{"allow":["GET"]}}],"collection":[{"href":"https:\/\/www.mcallenflatware.com\/es\/wp-json\/wp\/v2\/product"}],"about":[{"href":"https:\/\/www.mcallenflatware.com\/es\/wp-json\/wp\/v2\/types\/product"}],"wp:featuredmedia":[{"embeddable":true,"href":"https:\/\/www.mcallenflatware.com\/es\/wp-json\/wp\/v2\/media\/1002"}],"wp:attachment":[{"href":"https:\/\/www.mcallenflatware.com\/es\/wp-json\/wp\/v2\/media?parent=1000"}],"wp:term":[{"taxonomy":"product_brand","embeddable":true,"href":"https:\/\/www.mcallenflatware.com\/es\/wp-json\/wp\/v2\/product_brand?post=1000"},{"taxonomy":"product_cat","embeddable":true,"href":"https:\/\/www.mcallenflatware.com\/es\/wp-json\/wp\/v2\/product_cat?post=1000"},{"taxonomy":"product_tag","embeddable":true,"href":"https:\/\/www.mcallenflatware.com\/es\/wp-json\/wp\/v2\/product_tag?post=1000"}],"curies":[{"name":"wp","href":"https:\/\/api.w.org\/{rel}","templated":true}]}}