{"id":1004,"date":"2024-11-12T12:58:13","date_gmt":"2024-11-12T12:58:13","guid":{"rendered":"https:\/\/www.mcallenflatware.com\/?post_type=product&#038;p=1004"},"modified":"2024-11-12T12:58:14","modified_gmt":"2024-11-12T12:58:14","slug":"custom-stainless-steel-cups","status":"publish","type":"product","link":"https:\/\/www.mcallenflatware.com\/es\/product\/custom-stainless-steel-cups\/","title":{"rendered":"Vasos de acero inoxidable personalizados con pajita Vasos de doble pared a granel"},"content":{"rendered":"<h2 class=\"wp-block-heading\">Tazas de acero inoxidable Caracter\u00edsticas:<\/h2>\n\n\n\n<div class=\"wp-block-columns is-layout-flex wp-container-core-columns-is-layout-9d6595d7 wp-block-columns-is-layout-flex\">\n<div class=\"wp-block-column is-layout-flow wp-block-column-is-layout-flow\" style=\"flex-basis:66.66%\">\n<p><strong>Dise\u00f1o de doble capa<\/strong><br>La estructura de acero inoxidable de doble capa a\u00edsla eficazmente la temperatura exterior y mantiene las bebidas calientes y fr\u00edas.<\/p>\n\n\n\n<p><strong>Material de alta calidad<\/strong><br>Se utiliza acero inoxidable de calidad alimentaria para garantizar la seguridad, la no toxicidad, la resistencia a la corrosi\u00f3n y la durabilidad.<\/p>\n\n\n\n<p><strong>Pajitas<\/strong><br>Suelen estar equipados con pajitas de acero inoxidable o ecol\u00f3gicas, muy pr\u00e1cticas para tomar bebidas fr\u00edas o que contengan part\u00edculas.<\/p>\n\n\n\n<p><strong>Diferentes capacidades<\/strong><br>Hay disponibles varias capacidades para adaptarse a las distintas necesidades de bebida.<\/p>\n\n\n\n<p><strong>Aspecto elegante<\/strong><br>Dise\u00f1o sencillo y elegante, adecuado para todas las ocasiones, con tazas martilladas y lisas disponibles.<\/p>\n\n\n\n<p><strong>Respetuoso con el medio ambiente<\/strong><br>Reutilizables, reducen el uso de vasos y pajitas de pl\u00e1stico desechables, m\u00e1s seguros para el medio ambiente.<\/p>\n<\/div>\n\n\n\n<div class=\"wp-block-column is-layout-flow wp-block-column-is-layout-flow\" style=\"flex-basis:33.33%\">\n<figure class=\"wp-block-image size-full\"><img decoding=\"async\" width=\"1024\" height=\"1024\" src=\"https:\/\/www.mcallenflatware.com\/wp-content\/uploads\/2024\/11\/Wholesale-Stainless-Steel-Cups-2.webp\" alt=\"Tazas de acero inoxidable al por mayor (2)\" class=\"wp-image-1007\" srcset=\"https:\/\/www.mcallenflatware.com\/wp-content\/uploads\/2024\/11\/Wholesale-Stainless-Steel-Cups-2.webp 1024w, https:\/\/www.mcallenflatware.com\/wp-content\/uploads\/2024\/11\/Wholesale-Stainless-Steel-Cups-2-150x150.webp 150w, https:\/\/www.mcallenflatware.com\/wp-content\/uploads\/2024\/11\/Wholesale-Stainless-Steel-Cups-2-768x768.webp 768w, https:\/\/www.mcallenflatware.com\/wp-content\/uploads\/2024\/11\/Wholesale-Stainless-Steel-Cups-2-600x600.webp 600w, https:\/\/www.mcallenflatware.com\/wp-content\/uploads\/2024\/11\/Wholesale-Stainless-Steel-Cups-2-300x300.webp 300w, https:\/\/www.mcallenflatware.com\/wp-content\/uploads\/2024\/11\/Wholesale-Stainless-Steel-Cups-2-100x100.webp 100w\" sizes=\"(max-width: 1024px) 100vw, 1024px\" \/><\/figure>\n<\/div>\n<\/div>","protected":false},"excerpt":{"rendered":"<p>Estos vasos de acero inoxidable al por mayor con pajitas presentan un dise\u00f1o aislante de doble capa que mantiene eficazmente las bebidas calientes o fr\u00edas. Fabricados en acero inoxidable duradero, tienen un aspecto limpio y vienen en una variedad de colores y opciones de capacidad para el hogar, la oficina o el uso al aire libre.<\/p>\n<h2>Tazas de acero inoxidable Atributos<\/h2>\n<p><strong>Marca:<\/strong> Mcallen<br \/><strong>Material:<\/strong> Acero inoxidable<br \/><strong>Color:<\/strong> Oro, Plata<br \/><strong>Pulido:<\/strong> Mate<br \/><strong>Plazo de entrega de la muestra:<\/strong> En 3 d\u00edas<br \/><strong>OEM\/ODM:<\/strong> Disponible<\/p>\n<h2>Vasos de acero inoxidable personalizados:<\/h2>\n<p><strong>Acero inoxidable:<\/strong> Acero inoxidable 18\/10, 304, 316, 410, 430, 420<br \/><strong>Logotipo:<\/strong> Grabado por l\u00e1ser, serigraf\u00eda, impresi\u00f3n UV, impresi\u00f3n por transferencia t\u00e9rmica, gofrado, etc.<br \/><strong>Acabados superficiales:<\/strong> Pulido espejo, mate, pulido al agua, capa de titanio<br \/><strong>Embalaje:<\/strong> A granel, bolsa opp, caja de color, caja de regalo, personalizado<\/p>","protected":false},"featured_media":1006,"template":"","meta":[],"product_brand":[],"product_cat":[26,35],"product_tag":[],"class_list":{"0":"post-1004","1":"product","2":"type-product","3":"status-publish","4":"has-post-thumbnail","6":"product_cat-wholesale-bar-supplies-tools","7":"product_cat-custom-stainless-steel-cups","9":"first","10":"instock","11":"shipping-taxable","12":"product-type-simple"},"_links":{"self":[{"href":"https:\/\/www.mcallenflatware.com\/es\/wp-json\/wp\/v2\/product\/1004","targetHints":{"allow":["GET"]}}],"collection":[{"href":"https:\/\/www.mcallenflatware.com\/es\/wp-json\/wp\/v2\/product"}],"about":[{"href":"https:\/\/www.mcallenflatware.com\/es\/wp-json\/wp\/v2\/types\/product"}],"wp:featuredmedia":[{"embeddable":true,"href":"https:\/\/www.mcallenflatware.com\/es\/wp-json\/wp\/v2\/media\/1006"}],"wp:attachment":[{"href":"https:\/\/www.mcallenflatware.com\/es\/wp-json\/wp\/v2\/media?parent=1004"}],"wp:term":[{"taxonomy":"product_brand","embeddable":true,"href":"https:\/\/www.mcallenflatware.com\/es\/wp-json\/wp\/v2\/product_brand?post=1004"},{"taxonomy":"product_cat","embeddable":true,"href":"https:\/\/www.mcallenflatware.com\/es\/wp-json\/wp\/v2\/product_cat?post=1004"},{"taxonomy":"product_tag","embeddable":true,"href":"https:\/\/www.mcallenflatware.com\/es\/wp-json\/wp\/v2\/product_tag?post=1004"}],"curies":[{"name":"wp","href":"https:\/\/api.w.org\/{rel}","templated":true}]}}