{"id":1008,"date":"2024-11-12T17:31:52","date_gmt":"2024-11-12T17:31:52","guid":{"rendered":"https:\/\/www.mcallenflatware.com\/?post_type=product&#038;p=1008"},"modified":"2024-11-12T17:31:53","modified_gmt":"2024-11-12T17:31:53","slug":"custom-reusable-boba-straws","status":"publish","type":"product","link":"https:\/\/www.mcallenflatware.com\/es\/product\/custom-reusable-boba-straws\/","title":{"rendered":"Pajitas reutilizables Boba personalizadas Pajitas de acero inoxidable con punta en \u00e1ngulo"},"content":{"rendered":"<h2 class=\"wp-block-heading\">Pajitas Boba Reutilizables Caracter\u00edsticas:<\/h2>\n\n\n\n<div class=\"wp-block-columns is-layout-flex wp-container-core-columns-is-layout-9d6595d7 wp-block-columns-is-layout-flex\">\n<div class=\"wp-block-column is-layout-flow wp-block-column-is-layout-flow\" style=\"flex-basis:66.66%\">\n<p><strong>Materiales ecol\u00f3gicos de alta calidad<\/strong><br>Acero inoxidable 304 de calidad alimentaria, reutilizable, superficie lisa, f\u00e1cil de limpiar.<\/p>\n\n\n\n<p><strong>Dise\u00f1o de punta biselada<\/strong><br>Uno de los extremos de la pajita est\u00e1 dise\u00f1ado con una punta biselada, que facilita la penetraci\u00f3n de la pel\u00edcula de sellado y la succi\u00f3n de las perlas de la bebida.<\/p>\n\n\n\n<p><strong>Equipado con cepillo de limpieza<\/strong><br>Limpieza c\u00f3moda y a fondo del interior para garantizar la higiene.<\/p>\n\n\n\n<p><strong>Tama\u00f1o personalizable<\/strong><br>Existe una gran variedad de calibres y di\u00e1metros, adecuados para diferentes bebidas y tazas, ya sean bebidas de grano grande o bebidas como t\u00e9 con leche perlada, zumos y batidos.<\/p>\n\n\n\n<p><strong>M\u00faltiples opciones de color<\/strong><br>Disponible en oro, plata, negro, azul o colores personalizados para satisfacer las distintas preferencias de los usuarios.<\/p>\n<\/div>\n\n\n\n<div class=\"wp-block-column is-layout-flow wp-block-column-is-layout-flow\" style=\"flex-basis:33.33%\">\n<figure class=\"wp-block-image size-full\"><img decoding=\"async\" width=\"1536\" height=\"1534\" src=\"https:\/\/www.mcallenflatware.com\/wp-content\/uploads\/2024\/11\/Custom-Reusable-Boba-Straws-1.webp\" alt=\"Pajitas reutilizables a medida (1)\" class=\"wp-image-1010\" srcset=\"https:\/\/www.mcallenflatware.com\/wp-content\/uploads\/2024\/11\/Custom-Reusable-Boba-Straws-1.webp 1536w, https:\/\/www.mcallenflatware.com\/wp-content\/uploads\/2024\/11\/Custom-Reusable-Boba-Straws-1-150x150.webp 150w, https:\/\/www.mcallenflatware.com\/wp-content\/uploads\/2024\/11\/Custom-Reusable-Boba-Straws-1-768x767.webp 768w, https:\/\/www.mcallenflatware.com\/wp-content\/uploads\/2024\/11\/Custom-Reusable-Boba-Straws-1-1200x1198.webp 1200w, https:\/\/www.mcallenflatware.com\/wp-content\/uploads\/2024\/11\/Custom-Reusable-Boba-Straws-1-600x599.webp 600w, https:\/\/www.mcallenflatware.com\/wp-content\/uploads\/2024\/11\/Custom-Reusable-Boba-Straws-1-300x300.webp 300w, https:\/\/www.mcallenflatware.com\/wp-content\/uploads\/2024\/11\/Custom-Reusable-Boba-Straws-1-100x100.webp 100w\" sizes=\"(max-width: 1536px) 100vw, 1536px\" \/><\/figure>\n<\/div>\n<\/div>","protected":false},"excerpt":{"rendered":"<p>Pajitas boba reutilizables personalizadas a granel de acero inoxidable, ecol\u00f3gicas y f\u00e1ciles de limpiar, adecuadas para restaurantes y cafeter\u00edas. Mcallen fabricante directo al por mayor, y apoyar el servicio de Amazon FBA.<\/p>\n<h2>Pajitas reutilizables Boba Atributos<\/h2>\n<p><strong>Marca:<\/strong> Mcallen<br \/><strong>Material:<\/strong> Acero inoxidable<br \/><strong>Color: <\/strong>Oro, plata, oro rosa, morado o personalizado<br \/><strong>Accesorios:<\/strong> Cepillo de paja<br \/><strong>Pulido:<\/strong> Pulido espejo<br \/><strong>Dise\u00f1o:<\/strong>\u00a0 Punta recta, en \u00e1ngulo<br \/><strong>Plazo de entrega de la muestra:<\/strong> En 3 d\u00edas<br \/><strong>OEM\/ODM:<\/strong> Disponible<\/p>\n<h2>Pajitas Boba reutilizables personalizadas:<\/h2>\n<p><strong>Acero inoxidable:<\/strong>\u00a0Acero inoxidable 18\/10, 304, 316, 410, 430, 420<br \/><strong>Logotipo:<\/strong>\u00a0 Estampaci\u00f3n, l\u00e1ser, grabado, etc.<br \/><strong>Acabados superficiales:<\/strong>\u00a0Pulido espejo, mate<br \/><strong>Embalaje:<\/strong>\u00a0A granel, bolsa opp, caja de color, personalizado<\/p>","protected":false},"featured_media":1011,"template":"","meta":[],"product_brand":[],"product_cat":[26,36],"product_tag":[],"class_list":{"0":"post-1008","1":"product","2":"type-product","3":"status-publish","4":"has-post-thumbnail","6":"product_cat-wholesale-bar-supplies-tools","7":"product_cat-custom-stainless-steel-straws","9":"first","10":"instock","11":"shipping-taxable","12":"product-type-simple"},"_links":{"self":[{"href":"https:\/\/www.mcallenflatware.com\/es\/wp-json\/wp\/v2\/product\/1008","targetHints":{"allow":["GET"]}}],"collection":[{"href":"https:\/\/www.mcallenflatware.com\/es\/wp-json\/wp\/v2\/product"}],"about":[{"href":"https:\/\/www.mcallenflatware.com\/es\/wp-json\/wp\/v2\/types\/product"}],"wp:featuredmedia":[{"embeddable":true,"href":"https:\/\/www.mcallenflatware.com\/es\/wp-json\/wp\/v2\/media\/1011"}],"wp:attachment":[{"href":"https:\/\/www.mcallenflatware.com\/es\/wp-json\/wp\/v2\/media?parent=1008"}],"wp:term":[{"taxonomy":"product_brand","embeddable":true,"href":"https:\/\/www.mcallenflatware.com\/es\/wp-json\/wp\/v2\/product_brand?post=1008"},{"taxonomy":"product_cat","embeddable":true,"href":"https:\/\/www.mcallenflatware.com\/es\/wp-json\/wp\/v2\/product_cat?post=1008"},{"taxonomy":"product_tag","embeddable":true,"href":"https:\/\/www.mcallenflatware.com\/es\/wp-json\/wp\/v2\/product_tag?post=1008"}],"curies":[{"name":"wp","href":"https:\/\/api.w.org\/{rel}","templated":true}]}}