{"id":1019,"date":"2024-11-12T18:17:29","date_gmt":"2024-11-12T18:17:29","guid":{"rendered":"https:\/\/www.mcallenflatware.com\/?post_type=product&#038;p=1019"},"modified":"2024-11-12T18:17:29","modified_gmt":"2024-11-12T18:17:29","slug":"wholesale-metal-straws","status":"publish","type":"product","link":"https:\/\/www.mcallenflatware.com\/es\/product\/wholesale-metal-straws\/","title":{"rendered":"Mayorista Pajitas Met\u00e1licas Reutilizables Inoxidables Seel Straight Bent"},"content":{"rendered":"<h2 class=\"wp-block-heading\">Pajitas de metal Caracter\u00edsticas:<\/h2>\n\n\n\n<div class=\"wp-block-columns is-layout-flex wp-container-core-columns-is-layout-9d6595d7 wp-block-columns-is-layout-flex\">\n<div class=\"wp-block-column is-layout-flow wp-block-column-is-layout-flow\" style=\"flex-basis:66.66%\">\n<p><strong>Reutilizable<\/strong><br>De acero inoxidable, no t\u00f3xico y seguro, resistente al desgaste y reutilizable.<\/p>\n\n\n\n<p><strong>Variedad de estilos<\/strong><br>Hay disponibles dise\u00f1os rectos y curvados para satisfacer las necesidades de distintos tipos de bebidas y preferencias personales.<\/p>\n\n\n\n<p><strong>M\u00faltiples opciones<\/strong><br>Existe una amplia gama de di\u00e1metros, adecuados para una gran variedad de bebidas, desde fr\u00edas a calientes.<\/p>\n\n\n\n<p><strong>Portabilidad<\/strong><br>Ligero y port\u00e1til, se puede componer de kits, f\u00e1cil de transportar y utilizar cuando se sale.<\/p>\n\n\n\n<p><strong>Amplia gama de aplicaciones<br><\/strong>No s\u00f3lo es adecuado para uso dom\u00e9stico, sino tambi\u00e9n muy popular en lugares comerciales como cafeter\u00edas y bares.<\/p>\n\n\n\n<p><strong>F\u00e1cil de limpiar<\/strong><br>La mayor\u00eda de las pajitas met\u00e1licas vienen con un cepillo de limpieza, que facilita una limpieza a fondo del interior y la mantiene higi\u00e9nica.<\/p>\n<\/div>\n\n\n\n<div class=\"wp-block-column is-layout-flow wp-block-column-is-layout-flow\" style=\"flex-basis:33.33%\">\n<figure class=\"wp-block-image size-full\"><img decoding=\"async\" width=\"800\" height=\"800\" src=\"https:\/\/www.mcallenflatware.com\/wp-content\/uploads\/2024\/11\/Wholesale-Metal-Straws-2.webp\" alt=\"Venta al por mayor de puntales met\u00e1licos (2)\" class=\"wp-image-1021\" srcset=\"https:\/\/www.mcallenflatware.com\/wp-content\/uploads\/2024\/11\/Wholesale-Metal-Straws-2.webp 800w, https:\/\/www.mcallenflatware.com\/wp-content\/uploads\/2024\/11\/Wholesale-Metal-Straws-2-150x150.webp 150w, https:\/\/www.mcallenflatware.com\/wp-content\/uploads\/2024\/11\/Wholesale-Metal-Straws-2-768x768.webp 768w, https:\/\/www.mcallenflatware.com\/wp-content\/uploads\/2024\/11\/Wholesale-Metal-Straws-2-600x600.webp 600w, https:\/\/www.mcallenflatware.com\/wp-content\/uploads\/2024\/11\/Wholesale-Metal-Straws-2-300x300.webp 300w, https:\/\/www.mcallenflatware.com\/wp-content\/uploads\/2024\/11\/Wholesale-Metal-Straws-2-100x100.webp 100w\" sizes=\"(max-width: 800px) 100vw, 800px\" \/><\/figure>\n<\/div>\n<\/div>","protected":false},"excerpt":{"rendered":"<p>Las pajitas de metal al por mayor est\u00e1n disponibles en estilos rectos y curvos, hechos de acero inoxidable reutilizable y f\u00e1ciles de limpiar. Soporta color personalizado, tama\u00f1o y embalaje, producido por la f\u00e1brica de Mcallen, proporcionando servicios de comercio electr\u00f3nico como Amazon, Lazada y Shopee. \u00a1Bienvenido a contactar con nosotros!<\/p>\n<h2>Pajitas met\u00e1licas Atributos<\/h2>\n<p><strong>Marca:<\/strong> Mcallen<br \/><strong>Material:<\/strong> Acero inoxidable<br \/><strong>Color:<\/strong> Oro, plata o personalizado<br \/><strong>Accesorios:<\/strong> Cepillo de paja<br \/><strong>Pulido:<\/strong> Pulido espejo<br \/><strong>Dise\u00f1o:<\/strong>\u00a0 Recto y curvo<br \/><strong>Plazo de entrega de la muestra:<\/strong> En 3 d\u00edas<br \/><strong>OEM\/ODM:<\/strong> Disponible<\/p>\n<h2>Pajitas met\u00e1licas personalizadas:<\/h2>\n<p><strong>Acero inoxidable:<\/strong>\u00a0Acero inoxidable 18\/10, 304, 316, 410, 430, 420<br \/><strong>Logotipo:<\/strong>\u00a0 Estampaci\u00f3n, l\u00e1ser, grabado, etc.<br \/><strong>Acabados superficiales:<\/strong>\u00a0Pulido espejo, mate<br \/><strong>Embalaje:<\/strong>\u00a0A granel, bolsa opp, caja de color, personalizado<\/p>","protected":false},"featured_media":1022,"template":"","meta":[],"product_brand":[],"product_cat":[26,36],"product_tag":[],"class_list":{"0":"post-1019","1":"product","2":"type-product","3":"status-publish","4":"has-post-thumbnail","6":"product_cat-wholesale-bar-supplies-tools","7":"product_cat-custom-stainless-steel-straws","9":"first","10":"instock","11":"shipping-taxable","12":"product-type-simple"},"_links":{"self":[{"href":"https:\/\/www.mcallenflatware.com\/es\/wp-json\/wp\/v2\/product\/1019","targetHints":{"allow":["GET"]}}],"collection":[{"href":"https:\/\/www.mcallenflatware.com\/es\/wp-json\/wp\/v2\/product"}],"about":[{"href":"https:\/\/www.mcallenflatware.com\/es\/wp-json\/wp\/v2\/types\/product"}],"wp:featuredmedia":[{"embeddable":true,"href":"https:\/\/www.mcallenflatware.com\/es\/wp-json\/wp\/v2\/media\/1022"}],"wp:attachment":[{"href":"https:\/\/www.mcallenflatware.com\/es\/wp-json\/wp\/v2\/media?parent=1019"}],"wp:term":[{"taxonomy":"product_brand","embeddable":true,"href":"https:\/\/www.mcallenflatware.com\/es\/wp-json\/wp\/v2\/product_brand?post=1019"},{"taxonomy":"product_cat","embeddable":true,"href":"https:\/\/www.mcallenflatware.com\/es\/wp-json\/wp\/v2\/product_cat?post=1019"},{"taxonomy":"product_tag","embeddable":true,"href":"https:\/\/www.mcallenflatware.com\/es\/wp-json\/wp\/v2\/product_tag?post=1019"}],"curies":[{"name":"wp","href":"https:\/\/api.w.org\/{rel}","templated":true}]}}