{"id":1027,"date":"2024-11-12T18:02:27","date_gmt":"2024-11-12T18:02:27","guid":{"rendered":"https:\/\/www.mcallenflatware.com\/?post_type=product&#038;p=1027"},"modified":"2024-11-12T18:02:28","modified_gmt":"2024-11-12T18:02:28","slug":"stainless-steel-drinking-straws-bulk","status":"publish","type":"product","link":"https:\/\/www.mcallenflatware.com\/es\/product\/stainless-steel-drinking-straws-bulk\/","title":{"rendered":"Mayorista Pajitas de Acero Inoxidable Dobladas Rectas"},"content":{"rendered":"<h2 class=\"wp-block-heading\">Pajitas de acero inoxidable Caracter\u00edsticas:<\/h2>\n\n\n\n<div class=\"wp-block-columns is-layout-flex wp-container-core-columns-is-layout-9d6595d7 wp-block-columns-is-layout-flex\">\n<div class=\"wp-block-column is-layout-flow wp-block-column-is-layout-flow\" style=\"flex-basis:66.66%\">\n<p><strong>Dise\u00f1o recto y curvo<\/strong><br>Disponibles en dise\u00f1os rectos y curvos, adecuados para cualquier escena y bebida.<\/p>\n\n\n\n<p><strong>Equipado con un cepillo de limpieza y una bolsa port\u00e1til<\/strong><br>Incluye un cepillo de limpieza y una bolsa port\u00e1til para viajar c\u00f3modamente al aire libre, garantizando que se mantengan limpias e higi\u00e9nicas.<\/p>\n\n\n\n<p><strong>Superficie lisa<\/strong><br>Tras un pulido fino, la superficie queda lisa y sin rebabas, c\u00f3moda al tacto y f\u00e1cil de limpiar.<\/p>\n\n\n\n<p><strong>Saludable y seguro<\/strong><br>Se seleccionan materiales aptos para alimentos, sin sustancias nocivas como el BPA, para proteger la salud de los usuarios.<\/p>\n<\/div>\n\n\n\n<div class=\"wp-block-column is-layout-flow wp-block-column-is-layout-flow\" style=\"flex-basis:33.33%\">\n<figure class=\"wp-block-image size-full\"><img decoding=\"async\" width=\"750\" height=\"750\" src=\"https:\/\/www.mcallenflatware.com\/wp-content\/uploads\/2024\/11\/Wholesale-Stainless-Steel-Drinking-Straws-3.webp\" alt=\"Venta al por mayor de pajitas de acero inoxidable (3)\" class=\"wp-image-1030\" srcset=\"https:\/\/www.mcallenflatware.com\/wp-content\/uploads\/2024\/11\/Wholesale-Stainless-Steel-Drinking-Straws-3.webp 750w, https:\/\/www.mcallenflatware.com\/wp-content\/uploads\/2024\/11\/Wholesale-Stainless-Steel-Drinking-Straws-3-150x150.webp 150w, https:\/\/www.mcallenflatware.com\/wp-content\/uploads\/2024\/11\/Wholesale-Stainless-Steel-Drinking-Straws-3-600x600.webp 600w, https:\/\/www.mcallenflatware.com\/wp-content\/uploads\/2024\/11\/Wholesale-Stainless-Steel-Drinking-Straws-3-300x300.webp 300w, https:\/\/www.mcallenflatware.com\/wp-content\/uploads\/2024\/11\/Wholesale-Stainless-Steel-Drinking-Straws-3-100x100.webp 100w\" sizes=\"(max-width: 750px) 100vw, 750px\" \/><\/figure>\n<\/div>\n<\/div>","protected":false},"excerpt":{"rendered":"<p>Fabricadas en acero inoxidable duradero, estas pajitas de acero inoxidable al por mayor no s\u00f3lo ofrecen una amplia selecci\u00f3n de di\u00e1metros, de peque\u00f1o a grande, sino que tambi\u00e9n incluyen estilos rectos y doblados para satisfacer las necesidades de diferentes bebidas. Personalizadas al por mayor para obtener el mejor descuento, \u00a1Inv\u00edtanos a solicitar una muestra gratuita!<\/p>\n<h2>Pajitas de acero inoxidable Atributos<\/h2>\n<p><strong>Marca:<\/strong> Mcallen<br \/><strong>Material:<\/strong> Acero inoxidable<br \/><strong>Color:<\/strong> Oro, plata, azul, rojo o personalizado<br \/><strong>Accesorios:<\/strong> Cepillo de paja<br \/><strong>Pulido:<\/strong> Pulido espejo<br \/><strong>Dise\u00f1o:<\/strong>\u00a0 Doblado y recto<br \/><strong>Plazo de entrega de la muestra:<\/strong> En 3 d\u00edas<br \/><strong>OEM\/ODM:<\/strong> Disponible<\/p>\n<h2>Pajitas de acero inoxidable personalizadas:<\/h2>\n<p><strong>Acero inoxidable:<\/strong>\u00a0Acero inoxidable 18\/10, 304, 316, 410, 430, 420<br \/><strong>Logotipo:<\/strong>\u00a0 Estampaci\u00f3n, l\u00e1ser, grabado, etc.<br \/><strong>Acabados superficiales:<\/strong>\u00a0Pulido espejo, mate<br \/><strong>Embalaje:<\/strong>\u00a0A granel, bolsa opp, caja de color, personalizado<\/p>","protected":false},"featured_media":1032,"template":"","meta":[],"product_brand":[],"product_cat":[26,36],"product_tag":[],"class_list":{"0":"post-1027","1":"product","2":"type-product","3":"status-publish","4":"has-post-thumbnail","6":"product_cat-wholesale-bar-supplies-tools","7":"product_cat-custom-stainless-steel-straws","9":"first","10":"instock","11":"shipping-taxable","12":"product-type-simple"},"_links":{"self":[{"href":"https:\/\/www.mcallenflatware.com\/es\/wp-json\/wp\/v2\/product\/1027","targetHints":{"allow":["GET"]}}],"collection":[{"href":"https:\/\/www.mcallenflatware.com\/es\/wp-json\/wp\/v2\/product"}],"about":[{"href":"https:\/\/www.mcallenflatware.com\/es\/wp-json\/wp\/v2\/types\/product"}],"wp:featuredmedia":[{"embeddable":true,"href":"https:\/\/www.mcallenflatware.com\/es\/wp-json\/wp\/v2\/media\/1032"}],"wp:attachment":[{"href":"https:\/\/www.mcallenflatware.com\/es\/wp-json\/wp\/v2\/media?parent=1027"}],"wp:term":[{"taxonomy":"product_brand","embeddable":true,"href":"https:\/\/www.mcallenflatware.com\/es\/wp-json\/wp\/v2\/product_brand?post=1027"},{"taxonomy":"product_cat","embeddable":true,"href":"https:\/\/www.mcallenflatware.com\/es\/wp-json\/wp\/v2\/product_cat?post=1027"},{"taxonomy":"product_tag","embeddable":true,"href":"https:\/\/www.mcallenflatware.com\/es\/wp-json\/wp\/v2\/product_tag?post=1027"}],"curies":[{"name":"wp","href":"https:\/\/api.w.org\/{rel}","templated":true}]}}