{"id":1392,"date":"2025-09-24T10:29:26","date_gmt":"2025-09-24T10:29:26","guid":{"rendered":"https:\/\/www.mcallenflatware.com\/?post_type=product&#038;p=1392"},"modified":"2025-09-24T10:29:26","modified_gmt":"2025-09-24T10:29:26","slug":"wholesale-silver-flatware-set","status":"publish","type":"product","link":"https:\/\/www.mcallenflatware.com\/es\/product\/wholesale-silver-flatware-set\/","title":{"rendered":"Mayorista Cubiertos de Plata Juego Moderno de Acero Inoxidable 18\/10"},"content":{"rendered":"<h2 class=\"wp-block-heading\">Juego de cubiertos de plata Caracter\u00edsticas:<\/h2>\n\n\n\n<div class=\"wp-block-columns is-layout-flex wp-container-core-columns-is-layout-9d6595d7 wp-block-columns-is-layout-flex\">\n<div class=\"wp-block-column is-layout-flow wp-block-column-is-layout-flow\" style=\"flex-basis:66.66%\">\n<p><strong>Dise\u00f1o cl\u00e1sico y elegante<\/strong><br>Los cubiertos plateados combinan a la perfecci\u00f3n con cualquier servicio de mesa gracias a su aspecto brillante y limpio y a su dise\u00f1o cl\u00e1sico.<\/p>\n\n\n\n<p><strong>Acero inoxidable de alta calidad<\/strong><br>Fabricados en acero inoxidable 18\/10, los cubiertos son resistentes a la corrosi\u00f3n y al desgaste, y mantienen su brillo plateado durante mucho tiempo.<\/p>\n\n\n\n<p><strong>Pulido espejo<\/strong><br>La superficie est\u00e1 pulida a espejo con gran precisi\u00f3n, tiene un tacto suave y una textura de alta calidad, que desprende el encantador brillo de la plater\u00eda.<\/p>\n\n\n\n<p><strong>F\u00e1cil de limpiar, apto para lavavajillas<\/strong><br>El dise\u00f1o de superficie lisa facilita la limpieza, apta para lavar a mano o en el lavavajillas.<\/p>\n\n\n\n<p><strong>Amplia selecci\u00f3n de combinaciones<\/strong><br>Existe una gran variedad de opciones de sets (como 4 piezas, 12 piezas, 24 piezas, etc.) para satisfacer las distintas necesidades de las familias o los banquetes.<\/p>\n<\/div>\n\n\n\n<div class=\"wp-block-column is-layout-flow wp-block-column-is-layout-flow\" style=\"flex-basis:33.33%\">\n<figure class=\"wp-block-image size-full\"><img decoding=\"async\" width=\"750\" height=\"750\" src=\"https:\/\/www.mcallenflatware.com\/wp-content\/uploads\/2024\/11\/silver-flatware-set-wholesale-6.webp\" alt=\"cubiertos de plata al por mayor\" class=\"wp-image-1370\" srcset=\"https:\/\/www.mcallenflatware.com\/wp-content\/uploads\/2024\/11\/silver-flatware-set-wholesale-6.webp 750w, https:\/\/www.mcallenflatware.com\/wp-content\/uploads\/2024\/11\/silver-flatware-set-wholesale-6-150x150.webp 150w, https:\/\/www.mcallenflatware.com\/wp-content\/uploads\/2024\/11\/silver-flatware-set-wholesale-6-12x12.webp 12w, https:\/\/www.mcallenflatware.com\/wp-content\/uploads\/2024\/11\/silver-flatware-set-wholesale-6-600x600.webp 600w, https:\/\/www.mcallenflatware.com\/wp-content\/uploads\/2024\/11\/silver-flatware-set-wholesale-6-300x300.webp 300w, https:\/\/www.mcallenflatware.com\/wp-content\/uploads\/2024\/11\/silver-flatware-set-wholesale-6-100x100.webp 100w\" sizes=\"(max-width: 750px) 100vw, 750px\" \/><\/figure>\n<\/div>\n<\/div>\n\n\n\n<div class=\"wp-block-columns is-layout-flex wp-container-core-columns-is-layout-9d6595d7 wp-block-columns-is-layout-flex\">\n<div class=\"wp-block-column is-layout-flow wp-block-column-is-layout-flow\">\n<figure class=\"wp-block-image size-full\"><img decoding=\"async\" width=\"799\" height=\"799\" src=\"https:\/\/www.mcallenflatware.com\/wp-content\/uploads\/2024\/11\/unique-flatware-wholesale-13.webp\" alt=\"cubiertos \u00fanicos al por mayor\" class=\"wp-image-1348\" srcset=\"https:\/\/www.mcallenflatware.com\/wp-content\/uploads\/2024\/11\/unique-flatware-wholesale-13.webp 799w, https:\/\/www.mcallenflatware.com\/wp-content\/uploads\/2024\/11\/unique-flatware-wholesale-13-150x150.webp 150w, https:\/\/www.mcallenflatware.com\/wp-content\/uploads\/2024\/11\/unique-flatware-wholesale-13-768x768.webp 768w, https:\/\/www.mcallenflatware.com\/wp-content\/uploads\/2024\/11\/unique-flatware-wholesale-13-12x12.webp 12w, https:\/\/www.mcallenflatware.com\/wp-content\/uploads\/2024\/11\/unique-flatware-wholesale-13-600x600.webp 600w, https:\/\/www.mcallenflatware.com\/wp-content\/uploads\/2024\/11\/unique-flatware-wholesale-13-300x300.webp 300w, https:\/\/www.mcallenflatware.com\/wp-content\/uploads\/2024\/11\/unique-flatware-wholesale-13-100x100.webp 100w\" sizes=\"(max-width: 799px) 100vw, 799px\" \/><\/figure>\n<\/div>\n\n\n\n<div class=\"wp-block-column is-layout-flow wp-block-column-is-layout-flow\">\n<figure class=\"wp-block-image size-full\"><img decoding=\"async\" width=\"800\" height=\"800\" src=\"https:\/\/www.mcallenflatware.com\/wp-content\/uploads\/2024\/11\/silver-flatware-set-wholesale-4.webp\" alt=\"cubiertos de plata al por mayor\" class=\"wp-image-1368\" srcset=\"https:\/\/www.mcallenflatware.com\/wp-content\/uploads\/2024\/11\/silver-flatware-set-wholesale-4.webp 800w, https:\/\/www.mcallenflatware.com\/wp-content\/uploads\/2024\/11\/silver-flatware-set-wholesale-4-150x150.webp 150w, https:\/\/www.mcallenflatware.com\/wp-content\/uploads\/2024\/11\/silver-flatware-set-wholesale-4-768x768.webp 768w, https:\/\/www.mcallenflatware.com\/wp-content\/uploads\/2024\/11\/silver-flatware-set-wholesale-4-12x12.webp 12w, https:\/\/www.mcallenflatware.com\/wp-content\/uploads\/2024\/11\/silver-flatware-set-wholesale-4-600x600.webp 600w, https:\/\/www.mcallenflatware.com\/wp-content\/uploads\/2024\/11\/silver-flatware-set-wholesale-4-300x300.webp 300w, https:\/\/www.mcallenflatware.com\/wp-content\/uploads\/2024\/11\/silver-flatware-set-wholesale-4-100x100.webp 100w\" sizes=\"(max-width: 800px) 100vw, 800px\" \/><\/figure>\n<\/div>\n<\/div>\n\n\n\n<p><\/p>","protected":false},"excerpt":{"rendered":"<p>Juego de cubiertos de plata al por mayor y personalizados, superficie resistente al desgaste y brillante, brillo encantador como los cubiertos de plata. Desde Mcallen fabricante, proporcionando personalizaci\u00f3n rentable y servicios de Amazon. \u00a1Obtener una cotizaci\u00f3n ahora!<\/p>\n<h2>Juego de cubiertos de plata Atributos<\/h2>\n<p><strong>Marca:<\/strong> Mcallen<br \/><strong>Material:<\/strong> Acero inoxidable<br \/><strong>Color:<\/strong>\u00a0 Plata, oro, negro mate, glod rosa o personalizado<br \/><strong>Pulido:<\/strong> Pulido espejo<br \/><strong>Estilo de dise\u00f1o:<\/strong> Morden Lujo<br \/><strong>Plazo de entrega de la muestra:<\/strong> En 3 d\u00edas<br \/><strong>OEM\/ODM:<\/strong> Disponible<\/p>\n<h2>Juego de Cubiertos de Plata Personalizados:<\/h2>\n<p><strong>Acero inoxidable:<\/strong> Acero inoxidable 18\/10, 304, 316, 410, 430, 420<br \/><strong>Logotipo:<\/strong> Grabado por l\u00e1ser, serigraf\u00eda, impresi\u00f3n UV, impresi\u00f3n por transferencia t\u00e9rmica, gofrado, etc.<br \/><strong>Embalaje:<\/strong> 4\/8\/12\/16\/20\/24\/45\/48\/72pcs set<br \/><strong>Acabados superficiales:<\/strong> Pulido espejo, mate, pulido al agua, capa de titanio<br \/><strong>Embalaje:<\/strong> A granel, bolsa opp, caja de color, caja de regalo, personalizado<\/p>","protected":false},"featured_media":1365,"template":"","meta":[],"product_brand":[],"product_cat":[23,29],"product_tag":[],"class_list":{"0":"post-1392","1":"product","2":"type-product","3":"status-publish","4":"has-post-thumbnail","6":"product_cat-wholesale-flatware","7":"product_cat-bulk-flatware","9":"first","10":"instock","11":"shipping-taxable","12":"product-type-simple"},"_links":{"self":[{"href":"https:\/\/www.mcallenflatware.com\/es\/wp-json\/wp\/v2\/product\/1392","targetHints":{"allow":["GET"]}}],"collection":[{"href":"https:\/\/www.mcallenflatware.com\/es\/wp-json\/wp\/v2\/product"}],"about":[{"href":"https:\/\/www.mcallenflatware.com\/es\/wp-json\/wp\/v2\/types\/product"}],"wp:featuredmedia":[{"embeddable":true,"href":"https:\/\/www.mcallenflatware.com\/es\/wp-json\/wp\/v2\/media\/1365"}],"wp:attachment":[{"href":"https:\/\/www.mcallenflatware.com\/es\/wp-json\/wp\/v2\/media?parent=1392"}],"wp:term":[{"taxonomy":"product_brand","embeddable":true,"href":"https:\/\/www.mcallenflatware.com\/es\/wp-json\/wp\/v2\/product_brand?post=1392"},{"taxonomy":"product_cat","embeddable":true,"href":"https:\/\/www.mcallenflatware.com\/es\/wp-json\/wp\/v2\/product_cat?post=1392"},{"taxonomy":"product_tag","embeddable":true,"href":"https:\/\/www.mcallenflatware.com\/es\/wp-json\/wp\/v2\/product_tag?post=1392"}],"curies":[{"name":"wp","href":"https:\/\/api.w.org\/{rel}","templated":true}]}}