{"id":1394,"date":"2024-11-20T06:35:08","date_gmt":"2024-11-20T06:35:08","guid":{"rendered":"https:\/\/www.mcallenflatware.com\/?post_type=product&#038;p=1394"},"modified":"2024-11-20T07:03:55","modified_gmt":"2024-11-20T07:03:55","slug":"custom-decorating-flatware","status":"publish","type":"product","link":"https:\/\/www.mcallenflatware.com\/es\/product\/custom-decorating-flatware\/","title":{"rendered":"Cubiertos de Decoraci\u00f3n Personalizados Star Diamond Luxury Glod Sliver"},"content":{"rendered":"<h2 class=\"wp-block-heading\">Decoraci\u00f3n Cubiertos Caracter\u00edsticas:<\/h2>\n\n\n\n<div class=\"wp-block-columns is-layout-flex wp-container-core-columns-is-layout-9d6595d7 wp-block-columns-is-layout-flex\">\n<div class=\"wp-block-column is-layout-flow wp-block-column-is-layout-flow\" style=\"flex-basis:66.66%\">\n<p><strong>Dise\u00f1o exclusivo en forma de estrella<\/strong><br>El mango y la hoja en forma de estrella de oro martillado tienen una forma general \u00fanica, que demuestra lujo y personalidad.<\/p>\n\n\n\n<p><strong>Excelente efecto decorativo<\/strong><br>La textura en forma de estrella del mango brilla con la luz, lo que la convierte en una opci\u00f3n ideal para bodas u ocasiones elegantes.<\/p>\n\n\n\n<p><strong>Material de acero inoxidable de alta calidad<\/strong><br>Fabricado en acero inoxidable apto para uso alimentario, de gran resistencia y durabilidad, seguro y f\u00e1cil de limpiar<\/p>\n\n\n\n<p><strong>Superficie dorada de lujo<\/strong><br>Tratamiento de galvanoplastia de oro, hermosa superficie pulida, la combinaci\u00f3n de oro y plata es m\u00e1s de gama alta.<\/p>\n\n\n\n<p><strong>Adecuado para diversas ocasiones<\/strong><br>Tanto si se trata de un banquete de alto nivel, una celebraci\u00f3n nupcial, una fiesta tem\u00e1tica o un regalo de lujo, esta vajilla puede soportarlo f\u00e1cilmente y mostrar un estilo \u00fanico.<\/p>\n<\/div>\n\n\n\n<div class=\"wp-block-column is-layout-flow wp-block-column-is-layout-flow\" style=\"flex-basis:33.33%\">\n<figure class=\"wp-block-image size-full\"><img decoding=\"async\" width=\"800\" height=\"800\" src=\"https:\/\/www.mcallenflatware.com\/wp-content\/uploads\/2024\/11\/decorating-flatware-wholesale-2.webp\" alt=\"decoraci\u00f3n de cubiertos al por mayor\" class=\"wp-image-1372\" srcset=\"https:\/\/www.mcallenflatware.com\/wp-content\/uploads\/2024\/11\/decorating-flatware-wholesale-2.webp 800w, https:\/\/www.mcallenflatware.com\/wp-content\/uploads\/2024\/11\/decorating-flatware-wholesale-2-150x150.webp 150w, https:\/\/www.mcallenflatware.com\/wp-content\/uploads\/2024\/11\/decorating-flatware-wholesale-2-768x768.webp 768w, https:\/\/www.mcallenflatware.com\/wp-content\/uploads\/2024\/11\/decorating-flatware-wholesale-2-12x12.webp 12w, https:\/\/www.mcallenflatware.com\/wp-content\/uploads\/2024\/11\/decorating-flatware-wholesale-2-600x600.webp 600w, https:\/\/www.mcallenflatware.com\/wp-content\/uploads\/2024\/11\/decorating-flatware-wholesale-2-300x300.webp 300w, https:\/\/www.mcallenflatware.com\/wp-content\/uploads\/2024\/11\/decorating-flatware-wholesale-2-100x100.webp 100w\" sizes=\"(max-width: 800px) 100vw, 800px\" \/><\/figure>\n<\/div>\n<\/div>\n\n\n\n<div class=\"wp-block-columns is-layout-flex wp-container-core-columns-is-layout-9d6595d7 wp-block-columns-is-layout-flex\">\n<div class=\"wp-block-column is-layout-flow wp-block-column-is-layout-flow\">\n<figure class=\"wp-block-image size-full\"><img decoding=\"async\" width=\"800\" height=\"800\" src=\"https:\/\/www.mcallenflatware.com\/wp-content\/uploads\/2024\/11\/decorating-flatware-wholesale-12.webp\" alt=\"decoraci\u00f3n de cubiertos al por mayor\" class=\"wp-image-1382\" srcset=\"https:\/\/www.mcallenflatware.com\/wp-content\/uploads\/2024\/11\/decorating-flatware-wholesale-12.webp 800w, https:\/\/www.mcallenflatware.com\/wp-content\/uploads\/2024\/11\/decorating-flatware-wholesale-12-150x150.webp 150w, https:\/\/www.mcallenflatware.com\/wp-content\/uploads\/2024\/11\/decorating-flatware-wholesale-12-768x768.webp 768w, https:\/\/www.mcallenflatware.com\/wp-content\/uploads\/2024\/11\/decorating-flatware-wholesale-12-12x12.webp 12w, https:\/\/www.mcallenflatware.com\/wp-content\/uploads\/2024\/11\/decorating-flatware-wholesale-12-600x600.webp 600w, https:\/\/www.mcallenflatware.com\/wp-content\/uploads\/2024\/11\/decorating-flatware-wholesale-12-300x300.webp 300w, https:\/\/www.mcallenflatware.com\/wp-content\/uploads\/2024\/11\/decorating-flatware-wholesale-12-100x100.webp 100w\" sizes=\"(max-width: 800px) 100vw, 800px\" \/><\/figure>\n<\/div>\n\n\n\n<div class=\"wp-block-column is-layout-flow wp-block-column-is-layout-flow\">\n<figure class=\"wp-block-image size-full\"><img decoding=\"async\" width=\"800\" height=\"800\" src=\"https:\/\/www.mcallenflatware.com\/wp-content\/uploads\/2024\/11\/decorating-flatware-wholesale-4.webp\" alt=\"decoraci\u00f3n de cubiertos al por mayor\" class=\"wp-image-1374\" srcset=\"https:\/\/www.mcallenflatware.com\/wp-content\/uploads\/2024\/11\/decorating-flatware-wholesale-4.webp 800w, https:\/\/www.mcallenflatware.com\/wp-content\/uploads\/2024\/11\/decorating-flatware-wholesale-4-150x150.webp 150w, https:\/\/www.mcallenflatware.com\/wp-content\/uploads\/2024\/11\/decorating-flatware-wholesale-4-768x768.webp 768w, https:\/\/www.mcallenflatware.com\/wp-content\/uploads\/2024\/11\/decorating-flatware-wholesale-4-12x12.webp 12w, https:\/\/www.mcallenflatware.com\/wp-content\/uploads\/2024\/11\/decorating-flatware-wholesale-4-600x600.webp 600w, https:\/\/www.mcallenflatware.com\/wp-content\/uploads\/2024\/11\/decorating-flatware-wholesale-4-300x300.webp 300w, https:\/\/www.mcallenflatware.com\/wp-content\/uploads\/2024\/11\/decorating-flatware-wholesale-4-100x100.webp 100w\" sizes=\"(max-width: 800px) 100vw, 800px\" \/><\/figure>\n<\/div>\n\n\n\n<div class=\"wp-block-column is-layout-flow wp-block-column-is-layout-flow\">\n<figure class=\"wp-block-image size-full\"><img decoding=\"async\" width=\"800\" height=\"800\" src=\"https:\/\/www.mcallenflatware.com\/wp-content\/uploads\/2024\/11\/decorating-flatware-wholesale-5.webp\" alt=\"decoraci\u00f3n de cubiertos al por mayor\" class=\"wp-image-1375\" srcset=\"https:\/\/www.mcallenflatware.com\/wp-content\/uploads\/2024\/11\/decorating-flatware-wholesale-5.webp 800w, https:\/\/www.mcallenflatware.com\/wp-content\/uploads\/2024\/11\/decorating-flatware-wholesale-5-150x150.webp 150w, https:\/\/www.mcallenflatware.com\/wp-content\/uploads\/2024\/11\/decorating-flatware-wholesale-5-768x768.webp 768w, https:\/\/www.mcallenflatware.com\/wp-content\/uploads\/2024\/11\/decorating-flatware-wholesale-5-12x12.webp 12w, https:\/\/www.mcallenflatware.com\/wp-content\/uploads\/2024\/11\/decorating-flatware-wholesale-5-600x600.webp 600w, https:\/\/www.mcallenflatware.com\/wp-content\/uploads\/2024\/11\/decorating-flatware-wholesale-5-300x300.webp 300w, https:\/\/www.mcallenflatware.com\/wp-content\/uploads\/2024\/11\/decorating-flatware-wholesale-5-100x100.webp 100w\" sizes=\"(max-width: 800px) 100vw, 800px\" \/><\/figure>\n<\/div>\n<\/div>\n\n\n\n<p><\/p>","protected":false},"excerpt":{"rendered":"<p>Cubiertos de decoraci\u00f3n personalizada con asas de diamante estrella, de lujo para bodas de alta gama, restaurantes, regalos. Proporcionamos servicios personalizados al por mayor para ayudar a los clientes de comercio electr\u00f3nico de Amazon a crear r\u00e1pidamente productos de marca.<\/p>\n<h2>Decoraci\u00f3n Cubiertos Atributos<\/h2>\n<p><strong>Marca:<\/strong> Mcallen<br \/><strong>Material:<\/strong> Acero inoxidable<br \/><strong>Color:<\/strong>\u00a0 Plata, oro o personalizado<br \/><strong>Pulido:<\/strong> Pulido espejo<br \/><strong>Estilo de dise\u00f1o:<\/strong>\u00a0 Asa de diamante en estrella<br \/><strong>Plazo de entrega de la muestra:<\/strong> En 3 d\u00edas<br \/><strong>OEM\/ODM:<\/strong> Disponible<\/p>\n<h2>Cubiertos de decoraci\u00f3n personalizados:<\/h2>\n<p><strong>Acero inoxidable:<\/strong> Acero inoxidable 18\/10, 304, 316, 410, 430, 420<br \/><strong>Logotipo:<\/strong> Grabado por l\u00e1ser, serigraf\u00eda, impresi\u00f3n UV, impresi\u00f3n por transferencia t\u00e9rmica, gofrado, etc.<br \/><strong>Embalaje:<\/strong> 4\/8\/12\/16\/20\/24\/45\/48\/72pcs set<br \/><strong>Acabados superficiales:<\/strong> Pulido espejo, mate, pulido al agua, capa de titanio<br \/><strong>Embalaje:<\/strong> A granel, bolsa opp, caja de color, caja de regalo, personalizado<\/p>","protected":false},"featured_media":1373,"template":"","meta":[],"product_brand":[],"product_cat":[23,29],"product_tag":[],"class_list":{"0":"post-1394","1":"product","2":"type-product","3":"status-publish","4":"has-post-thumbnail","6":"product_cat-wholesale-flatware","7":"product_cat-bulk-flatware","9":"first","10":"instock","11":"shipping-taxable","12":"product-type-simple"},"_links":{"self":[{"href":"https:\/\/www.mcallenflatware.com\/es\/wp-json\/wp\/v2\/product\/1394","targetHints":{"allow":["GET"]}}],"collection":[{"href":"https:\/\/www.mcallenflatware.com\/es\/wp-json\/wp\/v2\/product"}],"about":[{"href":"https:\/\/www.mcallenflatware.com\/es\/wp-json\/wp\/v2\/types\/product"}],"wp:featuredmedia":[{"embeddable":true,"href":"https:\/\/www.mcallenflatware.com\/es\/wp-json\/wp\/v2\/media\/1373"}],"wp:attachment":[{"href":"https:\/\/www.mcallenflatware.com\/es\/wp-json\/wp\/v2\/media?parent=1394"}],"wp:term":[{"taxonomy":"product_brand","embeddable":true,"href":"https:\/\/www.mcallenflatware.com\/es\/wp-json\/wp\/v2\/product_brand?post=1394"},{"taxonomy":"product_cat","embeddable":true,"href":"https:\/\/www.mcallenflatware.com\/es\/wp-json\/wp\/v2\/product_cat?post=1394"},{"taxonomy":"product_tag","embeddable":true,"href":"https:\/\/www.mcallenflatware.com\/es\/wp-json\/wp\/v2\/product_tag?post=1394"}],"curies":[{"name":"wp","href":"https:\/\/api.w.org\/{rel}","templated":true}]}}