{"id":1405,"date":"2024-11-23T13:15:35","date_gmt":"2024-11-23T13:15:35","guid":{"rendered":"https:\/\/www.mcallenflatware.com\/?post_type=product&#038;p=1405"},"modified":"2024-11-24T06:37:13","modified_gmt":"2024-11-24T06:37:13","slug":"wholesale-boba-strainer","status":"publish","type":"product","link":"https:\/\/www.mcallenflatware.com\/es\/product\/wholesale-boba-strainer\/","title":{"rendered":"Mayorista Boba Colador Tapioca Perla Cuchara Acero Inoxidable"},"content":{"rendered":"<h2 class=\"wp-block-heading\">Colador Boba Caracter\u00edsticas:<\/h2>\n\n\n\n<div class=\"wp-block-columns is-layout-flex wp-container-core-columns-is-layout-9d6595d7 wp-block-columns-is-layout-flex\">\n<div class=\"wp-block-column is-layout-flow wp-block-column-is-layout-flow\" style=\"flex-basis:66.66%\">\n<p><strong>Fabricado en acero inoxidable, duradero e inoxidable<\/strong><br>Utilizando acero inoxidable de alta calidad, es resistente a las altas temperaturas, la corrosi\u00f3n y la deformaci\u00f3n.<\/p>\n\n\n\n<p><strong>Dise\u00f1o de filtraci\u00f3n eficaz<\/strong><br>El robusto alambre y bastidor del filtro pueden drenar r\u00e1pidamente peque\u00f1as part\u00edculas como perlas y yuca, mejorando la eficiencia de la producci\u00f3n.<\/p>\n\n\n\n<p><strong>C\u00f3modo dise\u00f1o del asa<\/strong><br>El mango es antideslizante y duradero, c\u00f3modo de sujetar cuando se utiliza y pr\u00e1ctico para un uso prolongado.<\/p>\n\n\n\n<p><strong>F\u00e1cil de limpiar<\/strong><br>La superficie es lisa, sin juntas, f\u00e1cil de limpiar, se puede lavar a mano o en el lavavajillas, apta para uso de alta frecuencia.<\/p>\n\n\n\n<p><strong>Uso polivalente<\/strong><br>No s\u00f3lo es adecuado para el filtrado de boba, sino que tambi\u00e9n se puede utilizar para desnatar aceite de fritura, filtrar agua de t\u00e9, pulpa u otras part\u00edculas peque\u00f1as de ingredientes.<\/p>\n<\/div>\n\n\n\n<div class=\"wp-block-column is-layout-flow wp-block-column-is-layout-flow\" style=\"flex-basis:33.33%\">\n<figure class=\"wp-block-image size-full\"><img decoding=\"async\" width=\"1200\" height=\"1200\" src=\"https:\/\/www.mcallenflatware.com\/wp-content\/uploads\/2024\/11\/Strainer-wholesale-2.webp\" alt=\"Colador al por mayor\" class=\"wp-image-1458\" srcset=\"https:\/\/www.mcallenflatware.com\/wp-content\/uploads\/2024\/11\/Strainer-wholesale-2.webp 1200w, https:\/\/www.mcallenflatware.com\/wp-content\/uploads\/2024\/11\/Strainer-wholesale-2-150x150.webp 150w, https:\/\/www.mcallenflatware.com\/wp-content\/uploads\/2024\/11\/Strainer-wholesale-2-768x768.webp 768w, https:\/\/www.mcallenflatware.com\/wp-content\/uploads\/2024\/11\/Strainer-wholesale-2-12x12.webp 12w, https:\/\/www.mcallenflatware.com\/wp-content\/uploads\/2024\/11\/Strainer-wholesale-2-600x600.webp 600w, https:\/\/www.mcallenflatware.com\/wp-content\/uploads\/2024\/11\/Strainer-wholesale-2-300x300.webp 300w, https:\/\/www.mcallenflatware.com\/wp-content\/uploads\/2024\/11\/Strainer-wholesale-2-100x100.webp 100w\" sizes=\"(max-width: 1200px) 100vw, 1200px\" \/><\/figure>\n<\/div>\n<\/div>","protected":false},"excerpt":{"rendered":"<p>Precio de f\u00e1brica de acero inoxidable colador boba, puede ser utilizado como tapioca perla scoop. Venta directa del fabricante, recepci\u00f3n para aprender m\u00e1s sobre la personalizaci\u00f3n.<\/p>\n<h2>Atributos del colador Boba<\/h2>\n<p><strong>Marca:<\/strong> Mcallen<br \/><strong>Material:<\/strong> Acero inoxidable<br \/><strong>Color:<\/strong>\u00a0 Leer o Personalizar<br \/><strong>Dise\u00f1o:<\/strong> Armaz\u00f3n de alambre de acero inoxidable<br \/><strong>Plazo de entrega de la muestra:<\/strong> En 3 d\u00edas<br \/><strong>OEM\/ODM:<\/strong> Disponible<\/p>\n<h2>Colador Boba personalizado :<\/h2>\n<p><strong>Acero inoxidable:<\/strong> Acero inoxidable 18\/10, 304, 316, 410, 430, 420<br \/><strong>Logotipo:<\/strong> Grabado por l\u00e1ser, serigraf\u00eda, impresi\u00f3n UV, impresi\u00f3n por transferencia t\u00e9rmica, gofrado, etc.<br \/><strong>Embalaje:<\/strong> A granel, bolsa opp, caja de color, caja de regalo, personalizado<\/p>","protected":false},"featured_media":1457,"template":"","meta":[],"product_brand":[],"product_cat":[24,31],"product_tag":[],"class_list":{"0":"post-1405","1":"product","2":"type-product","3":"status-publish","4":"has-post-thumbnail","6":"product_cat-wholesale-kitchen-utensils","7":"product_cat-wholesale-serving-utensils","9":"first","10":"instock","11":"shipping-taxable","12":"product-type-simple"},"_links":{"self":[{"href":"https:\/\/www.mcallenflatware.com\/es\/wp-json\/wp\/v2\/product\/1405","targetHints":{"allow":["GET"]}}],"collection":[{"href":"https:\/\/www.mcallenflatware.com\/es\/wp-json\/wp\/v2\/product"}],"about":[{"href":"https:\/\/www.mcallenflatware.com\/es\/wp-json\/wp\/v2\/types\/product"}],"wp:featuredmedia":[{"embeddable":true,"href":"https:\/\/www.mcallenflatware.com\/es\/wp-json\/wp\/v2\/media\/1457"}],"wp:attachment":[{"href":"https:\/\/www.mcallenflatware.com\/es\/wp-json\/wp\/v2\/media?parent=1405"}],"wp:term":[{"taxonomy":"product_brand","embeddable":true,"href":"https:\/\/www.mcallenflatware.com\/es\/wp-json\/wp\/v2\/product_brand?post=1405"},{"taxonomy":"product_cat","embeddable":true,"href":"https:\/\/www.mcallenflatware.com\/es\/wp-json\/wp\/v2\/product_cat?post=1405"},{"taxonomy":"product_tag","embeddable":true,"href":"https:\/\/www.mcallenflatware.com\/es\/wp-json\/wp\/v2\/product_tag?post=1405"}],"curies":[{"name":"wp","href":"https:\/\/api.w.org\/{rel}","templated":true}]}}