{"id":1460,"date":"2024-11-24T06:38:23","date_gmt":"2024-11-24T06:38:23","guid":{"rendered":"https:\/\/www.mcallenflatware.com\/?post_type=product&#038;p=1460"},"modified":"2024-11-24T09:23:23","modified_gmt":"2024-11-24T09:23:23","slug":"custom-stainless-steel-cutlery-set","status":"publish","type":"product","link":"https:\/\/www.mcallenflatware.com\/es\/product\/custom-stainless-steel-cutlery-set\/","title":{"rendered":"Juego de cubiertos de acero inoxidable personalizados Portuguese Glod Silver Plating Color"},"content":{"rendered":"<h2 class=\"wp-block-heading\">Juego de cubiertos de acero inoxidable Caracter\u00edsticas:<\/h2>\n\n\n\n<div class=\"wp-block-columns is-layout-flex wp-container-core-columns-is-layout-9d6595d7 wp-block-columns-is-layout-flex\">\n<div class=\"wp-block-column is-layout-flow wp-block-column-is-layout-flow\" style=\"flex-basis:66.66%\">\n<p><strong>Dise\u00f1o cl\u00e1sico de estilo portugu\u00e9s<\/strong><br>Bordes redondeados y l\u00edneas elegantes se funden, asas finas, exquisitas y de alta gama<\/p>\n\n\n\n<p><strong>Material de acero inoxidable de alta calidad<\/strong><br>De acero inoxidable duradero, pulido y brillante, m\u00e1s lujoso<\/p>\n\n\n\n<p><strong>Juego de cubiertos multifunci\u00f3n<\/strong><br>Incluidos cuchillos, tenedores, cucharas, cucharillas y otras especificaciones, que pueden satisfacer toda la gama de necesidades de comidas familiares, banquetes o restaurantes.<\/p>\n\n\n\n<p><strong>M\u00faltiples opciones de color<\/strong><br>Disponibles en oro, plata, negro, cobre y colores galvanoplateados, admiten la personalizaci\u00f3n para satisfacer la promoci\u00f3n de la marca y las necesidades personales.<\/p>\n<\/div>\n\n\n\n<div class=\"wp-block-column is-layout-flow wp-block-column-is-layout-flow\" style=\"flex-basis:33.33%\">\n<figure class=\"wp-block-image size-full\"><img decoding=\"async\" width=\"750\" height=\"750\" src=\"https:\/\/www.mcallenflatware.com\/wp-content\/uploads\/2024\/11\/stainless-steel-cutlery-set-custom-3.webp\" alt=\"juego de cubiertos de acero inoxidable custom\" class=\"wp-image-1408\" srcset=\"https:\/\/www.mcallenflatware.com\/wp-content\/uploads\/2024\/11\/stainless-steel-cutlery-set-custom-3.webp 750w, https:\/\/www.mcallenflatware.com\/wp-content\/uploads\/2024\/11\/stainless-steel-cutlery-set-custom-3-150x150.webp 150w, https:\/\/www.mcallenflatware.com\/wp-content\/uploads\/2024\/11\/stainless-steel-cutlery-set-custom-3-12x12.webp 12w, https:\/\/www.mcallenflatware.com\/wp-content\/uploads\/2024\/11\/stainless-steel-cutlery-set-custom-3-600x600.webp 600w, https:\/\/www.mcallenflatware.com\/wp-content\/uploads\/2024\/11\/stainless-steel-cutlery-set-custom-3-300x300.webp 300w, https:\/\/www.mcallenflatware.com\/wp-content\/uploads\/2024\/11\/stainless-steel-cutlery-set-custom-3-100x100.webp 100w\" sizes=\"(max-width: 750px) 100vw, 750px\" \/><\/figure>\n<\/div>\n<\/div>\n\n\n\n<div class=\"wp-block-columns is-layout-flex wp-container-core-columns-is-layout-9d6595d7 wp-block-columns-is-layout-flex\">\n<div class=\"wp-block-column is-layout-flow wp-block-column-is-layout-flow\">\n<figure class=\"wp-block-image size-full\"><img decoding=\"async\" width=\"709\" height=\"709\" src=\"https:\/\/www.mcallenflatware.com\/wp-content\/uploads\/2024\/11\/stainless-steel-cutlery-set-custom-6.webp\" alt=\"juego de cubiertos de acero inoxidable custom\" class=\"wp-image-1411\" srcset=\"https:\/\/www.mcallenflatware.com\/wp-content\/uploads\/2024\/11\/stainless-steel-cutlery-set-custom-6.webp 709w, https:\/\/www.mcallenflatware.com\/wp-content\/uploads\/2024\/11\/stainless-steel-cutlery-set-custom-6-150x150.webp 150w, https:\/\/www.mcallenflatware.com\/wp-content\/uploads\/2024\/11\/stainless-steel-cutlery-set-custom-6-12x12.webp 12w, https:\/\/www.mcallenflatware.com\/wp-content\/uploads\/2024\/11\/stainless-steel-cutlery-set-custom-6-600x600.webp 600w, https:\/\/www.mcallenflatware.com\/wp-content\/uploads\/2024\/11\/stainless-steel-cutlery-set-custom-6-300x300.webp 300w, https:\/\/www.mcallenflatware.com\/wp-content\/uploads\/2024\/11\/stainless-steel-cutlery-set-custom-6-100x100.webp 100w\" sizes=\"(max-width: 709px) 100vw, 709px\" \/><\/figure>\n<\/div>\n\n\n\n<div class=\"wp-block-column is-layout-flow wp-block-column-is-layout-flow\">\n<figure class=\"wp-block-image size-full\"><img decoding=\"async\" width=\"734\" height=\"734\" src=\"https:\/\/www.mcallenflatware.com\/wp-content\/uploads\/2024\/11\/stainless-steel-cutlery-set-custom-8.webp\" alt=\"juego de cubiertos de acero inoxidable custom\" class=\"wp-image-1413\" srcset=\"https:\/\/www.mcallenflatware.com\/wp-content\/uploads\/2024\/11\/stainless-steel-cutlery-set-custom-8.webp 734w, https:\/\/www.mcallenflatware.com\/wp-content\/uploads\/2024\/11\/stainless-steel-cutlery-set-custom-8-150x150.webp 150w, https:\/\/www.mcallenflatware.com\/wp-content\/uploads\/2024\/11\/stainless-steel-cutlery-set-custom-8-12x12.webp 12w, https:\/\/www.mcallenflatware.com\/wp-content\/uploads\/2024\/11\/stainless-steel-cutlery-set-custom-8-600x600.webp 600w, https:\/\/www.mcallenflatware.com\/wp-content\/uploads\/2024\/11\/stainless-steel-cutlery-set-custom-8-300x300.webp 300w, https:\/\/www.mcallenflatware.com\/wp-content\/uploads\/2024\/11\/stainless-steel-cutlery-set-custom-8-100x100.webp 100w\" sizes=\"(max-width: 734px) 100vw, 734px\" \/><\/figure>\n<\/div>\n\n\n\n<div class=\"wp-block-column is-layout-flow wp-block-column-is-layout-flow\">\n<figure class=\"wp-block-image size-full\"><img decoding=\"async\" width=\"750\" height=\"750\" src=\"https:\/\/www.mcallenflatware.com\/wp-content\/uploads\/2024\/11\/stainless-steel-cutlery-set-custom-7.webp\" alt=\"juego de cubiertos de acero inoxidable custom\" class=\"wp-image-1412\" srcset=\"https:\/\/www.mcallenflatware.com\/wp-content\/uploads\/2024\/11\/stainless-steel-cutlery-set-custom-7.webp 750w, https:\/\/www.mcallenflatware.com\/wp-content\/uploads\/2024\/11\/stainless-steel-cutlery-set-custom-7-150x150.webp 150w, https:\/\/www.mcallenflatware.com\/wp-content\/uploads\/2024\/11\/stainless-steel-cutlery-set-custom-7-12x12.webp 12w, https:\/\/www.mcallenflatware.com\/wp-content\/uploads\/2024\/11\/stainless-steel-cutlery-set-custom-7-600x600.webp 600w, https:\/\/www.mcallenflatware.com\/wp-content\/uploads\/2024\/11\/stainless-steel-cutlery-set-custom-7-300x300.webp 300w, https:\/\/www.mcallenflatware.com\/wp-content\/uploads\/2024\/11\/stainless-steel-cutlery-set-custom-7-100x100.webp 100w\" sizes=\"(max-width: 750px) 100vw, 750px\" \/><\/figure>\n<\/div>\n<\/div>\n\n\n\n<p><\/p>","protected":false},"excerpt":{"rendered":"<p>Juegos de cubiertos de acero inoxidable personalizados, logotipo personalizado, color, embalaje, etc. Mcallen fabricante especializado en la producci\u00f3n apoya las ventas en Amazon, Walmart, etc.<\/p>\n<h2>Juego de cubiertos de acero inoxidable Atributos:<\/h2>\n<p><strong>Marca:<\/strong> Mcallen<br \/><strong>Material:<\/strong> Acero inoxidable<br \/><strong>Color:<\/strong> Oro, plata, negro, cobre y colores galv\u00e1nicos<br \/><strong>Dise\u00f1o:<\/strong> A la portuguesa<br \/><strong>Plazo de entrega de la muestra:<\/strong> En 3 d\u00edas<br \/><strong>OEM\/ODM:<\/strong> Disponible<\/p>\n<h2>Juego de cubiertos de acero inoxidable personalizados:<\/h2>\n<p><strong>Acero inoxidable:<\/strong>\u00a0Acero inoxidable 18\/10, 304, 316, 410, 430, 420<br \/><strong>Logotipo:<\/strong>\u00a0Grabado por l\u00e1ser, serigraf\u00eda, impresi\u00f3n UV, impresi\u00f3n por transferencia t\u00e9rmica, gofrado, etc.<br \/><strong>Embalaje:<\/strong>\u00a04\/8\/12\/16\/20\/24\/45\/48\/72pcs set<br \/><strong>Acabados superficiales:<\/strong>\u00a0Pulido espejo, mate, pulido al agua, capa de titanio<br \/><strong>Embalaje:<\/strong>\u00a0A granel, bolsa opp, caja de color, caja de regalo, personalizado<\/p>","protected":false},"featured_media":1409,"template":"","meta":[],"product_brand":[],"product_cat":[23,29],"product_tag":[],"class_list":{"0":"post-1460","1":"product","2":"type-product","3":"status-publish","4":"has-post-thumbnail","6":"product_cat-wholesale-flatware","7":"product_cat-bulk-flatware","9":"first","10":"instock","11":"shipping-taxable","12":"product-type-simple"},"_links":{"self":[{"href":"https:\/\/www.mcallenflatware.com\/es\/wp-json\/wp\/v2\/product\/1460","targetHints":{"allow":["GET"]}}],"collection":[{"href":"https:\/\/www.mcallenflatware.com\/es\/wp-json\/wp\/v2\/product"}],"about":[{"href":"https:\/\/www.mcallenflatware.com\/es\/wp-json\/wp\/v2\/types\/product"}],"wp:featuredmedia":[{"embeddable":true,"href":"https:\/\/www.mcallenflatware.com\/es\/wp-json\/wp\/v2\/media\/1409"}],"wp:attachment":[{"href":"https:\/\/www.mcallenflatware.com\/es\/wp-json\/wp\/v2\/media?parent=1460"}],"wp:term":[{"taxonomy":"product_brand","embeddable":true,"href":"https:\/\/www.mcallenflatware.com\/es\/wp-json\/wp\/v2\/product_brand?post=1460"},{"taxonomy":"product_cat","embeddable":true,"href":"https:\/\/www.mcallenflatware.com\/es\/wp-json\/wp\/v2\/product_cat?post=1460"},{"taxonomy":"product_tag","embeddable":true,"href":"https:\/\/www.mcallenflatware.com\/es\/wp-json\/wp\/v2\/product_tag?post=1460"}],"curies":[{"name":"wp","href":"https:\/\/api.w.org\/{rel}","templated":true}]}}