{"id":1463,"date":"2024-11-24T09:23:33","date_gmt":"2024-11-24T09:23:33","guid":{"rendered":"https:\/\/www.mcallenflatware.com\/?post_type=product&#038;p=1463"},"modified":"2024-11-24T09:38:40","modified_gmt":"2024-11-24T09:38:40","slug":"bulk-matte-gold-flatware","status":"publish","type":"product","link":"https:\/\/www.mcallenflatware.com\/es\/product\/bulk-matte-gold-flatware\/","title":{"rendered":"Cubiertos de Oro Mate a Granel Juego de Cubiertos de Acero Inoxidable de Lujo"},"content":{"rendered":"<h2 class=\"wp-block-heading\">Cuberter\u00eda Oro Mate Caracter\u00edsticas:<\/h2>\n\n\n\n<div class=\"wp-block-columns is-layout-flex wp-container-core-columns-is-layout-9d6595d7 wp-block-columns-is-layout-flex\">\n<div class=\"wp-block-column is-layout-flow wp-block-column-is-layout-flow\" style=\"flex-basis:66.66%\">\n<p><strong>Lujoso aspecto dorado mate<\/strong><br>El tratamiento galv\u00e1nico de oro mate confiere a la vajilla una sensaci\u00f3n \u00fanica de lujo y est\u00e9tica moderna.<\/p>\n\n\n\n<p><strong>Elegante dise\u00f1o portugu\u00e9s<br><\/strong>Combina las l\u00edneas art\u00edsticas y las formas elegantes del estilo portugu\u00e9s, integra elementos de moda y se adapta a diversos escenarios.<\/p>\n\n\n\n<p><strong>Material de acero inoxidable de alta calidad<br><\/strong>Fabricado en acero inoxidable 18\/10, es resistente y duradero, y apto para un uso prolongado.<\/p>\n\n\n\n<p><strong>Adecuado para necesidades de gran volumen<\/strong><br>Los cuchillos, tenedores, cucharas, cucharillas y otras especificaciones son completos, est\u00e1n dise\u00f1ados para compras al por mayor y admiten servicios personalizados. Puede satisfacer las necesidades de suministro a gran escala de hoteles, restaurantes y mayoristas, y es rentable.<\/p>\n<\/div>\n\n\n\n<div class=\"wp-block-column is-layout-flow wp-block-column-is-layout-flow\" style=\"flex-basis:33.33%\">\n<figure class=\"wp-block-image size-full\"><img decoding=\"async\" width=\"882\" height=\"882\" src=\"https:\/\/www.mcallenflatware.com\/wp-content\/uploads\/2024\/11\/matte-gold-flatware-wholesale-18.webp\" alt=\"cubiertos de oro mate al por mayor\" class=\"wp-image-1432\" srcset=\"https:\/\/www.mcallenflatware.com\/wp-content\/uploads\/2024\/11\/matte-gold-flatware-wholesale-18.webp 882w, https:\/\/www.mcallenflatware.com\/wp-content\/uploads\/2024\/11\/matte-gold-flatware-wholesale-18-150x150.webp 150w, https:\/\/www.mcallenflatware.com\/wp-content\/uploads\/2024\/11\/matte-gold-flatware-wholesale-18-768x768.webp 768w, https:\/\/www.mcallenflatware.com\/wp-content\/uploads\/2024\/11\/matte-gold-flatware-wholesale-18-12x12.webp 12w, https:\/\/www.mcallenflatware.com\/wp-content\/uploads\/2024\/11\/matte-gold-flatware-wholesale-18-600x600.webp 600w, https:\/\/www.mcallenflatware.com\/wp-content\/uploads\/2024\/11\/matte-gold-flatware-wholesale-18-300x300.webp 300w, https:\/\/www.mcallenflatware.com\/wp-content\/uploads\/2024\/11\/matte-gold-flatware-wholesale-18-100x100.webp 100w\" sizes=\"(max-width: 882px) 100vw, 882px\" \/><\/figure>\n<\/div>\n<\/div>\n\n\n\n<div class=\"wp-block-columns is-layout-flex wp-container-core-columns-is-layout-9d6595d7 wp-block-columns-is-layout-flex\">\n<div class=\"wp-block-column is-layout-flow wp-block-column-is-layout-flow\">\n<figure class=\"wp-block-image size-full\"><img decoding=\"async\" width=\"800\" height=\"800\" src=\"https:\/\/www.mcallenflatware.com\/wp-content\/uploads\/2024\/11\/matte-gold-flatware-wholesale-4.webp\" alt=\"cubiertos de oro mate al por mayor\" class=\"wp-image-1427\" srcset=\"https:\/\/www.mcallenflatware.com\/wp-content\/uploads\/2024\/11\/matte-gold-flatware-wholesale-4.webp 800w, https:\/\/www.mcallenflatware.com\/wp-content\/uploads\/2024\/11\/matte-gold-flatware-wholesale-4-150x150.webp 150w, https:\/\/www.mcallenflatware.com\/wp-content\/uploads\/2024\/11\/matte-gold-flatware-wholesale-4-768x768.webp 768w, https:\/\/www.mcallenflatware.com\/wp-content\/uploads\/2024\/11\/matte-gold-flatware-wholesale-4-12x12.webp 12w, https:\/\/www.mcallenflatware.com\/wp-content\/uploads\/2024\/11\/matte-gold-flatware-wholesale-4-600x600.webp 600w, https:\/\/www.mcallenflatware.com\/wp-content\/uploads\/2024\/11\/matte-gold-flatware-wholesale-4-300x300.webp 300w, https:\/\/www.mcallenflatware.com\/wp-content\/uploads\/2024\/11\/matte-gold-flatware-wholesale-4-100x100.webp 100w\" sizes=\"(max-width: 800px) 100vw, 800px\" \/><\/figure>\n<\/div>\n\n\n\n<div class=\"wp-block-column is-layout-flow wp-block-column-is-layout-flow\">\n<figure class=\"wp-block-image size-full\"><img decoding=\"async\" width=\"800\" height=\"800\" src=\"https:\/\/www.mcallenflatware.com\/wp-content\/uploads\/2024\/11\/matte-gold-flatware-wholesale-15.webp\" alt=\"cubiertos de oro mate al por mayor\" class=\"wp-image-1429\" srcset=\"https:\/\/www.mcallenflatware.com\/wp-content\/uploads\/2024\/11\/matte-gold-flatware-wholesale-15.webp 800w, https:\/\/www.mcallenflatware.com\/wp-content\/uploads\/2024\/11\/matte-gold-flatware-wholesale-15-150x150.webp 150w, https:\/\/www.mcallenflatware.com\/wp-content\/uploads\/2024\/11\/matte-gold-flatware-wholesale-15-768x768.webp 768w, https:\/\/www.mcallenflatware.com\/wp-content\/uploads\/2024\/11\/matte-gold-flatware-wholesale-15-12x12.webp 12w, https:\/\/www.mcallenflatware.com\/wp-content\/uploads\/2024\/11\/matte-gold-flatware-wholesale-15-600x600.webp 600w, https:\/\/www.mcallenflatware.com\/wp-content\/uploads\/2024\/11\/matte-gold-flatware-wholesale-15-300x300.webp 300w, https:\/\/www.mcallenflatware.com\/wp-content\/uploads\/2024\/11\/matte-gold-flatware-wholesale-15-100x100.webp 100w\" sizes=\"(max-width: 800px) 100vw, 800px\" \/><\/figure>\n<\/div>\n\n\n\n<div class=\"wp-block-column is-layout-flow wp-block-column-is-layout-flow\">\n<figure class=\"wp-block-image size-full\"><img decoding=\"async\" width=\"788\" height=\"788\" src=\"https:\/\/www.mcallenflatware.com\/wp-content\/uploads\/2024\/11\/matte-gold-flatware-wholesale-16.webp\" alt=\"cubiertos de oro mate al por mayor\" class=\"wp-image-1430\" srcset=\"https:\/\/www.mcallenflatware.com\/wp-content\/uploads\/2024\/11\/matte-gold-flatware-wholesale-16.webp 788w, https:\/\/www.mcallenflatware.com\/wp-content\/uploads\/2024\/11\/matte-gold-flatware-wholesale-16-150x150.webp 150w, https:\/\/www.mcallenflatware.com\/wp-content\/uploads\/2024\/11\/matte-gold-flatware-wholesale-16-768x768.webp 768w, https:\/\/www.mcallenflatware.com\/wp-content\/uploads\/2024\/11\/matte-gold-flatware-wholesale-16-12x12.webp 12w, https:\/\/www.mcallenflatware.com\/wp-content\/uploads\/2024\/11\/matte-gold-flatware-wholesale-16-600x600.webp 600w, https:\/\/www.mcallenflatware.com\/wp-content\/uploads\/2024\/11\/matte-gold-flatware-wholesale-16-300x300.webp 300w, https:\/\/www.mcallenflatware.com\/wp-content\/uploads\/2024\/11\/matte-gold-flatware-wholesale-16-100x100.webp 100w\" sizes=\"(max-width: 788px) 100vw, 788px\" \/><\/figure>\n<\/div>\n<\/div>\n\n\n\n<p><\/p>","protected":false},"excerpt":{"rendered":"<p>Cubiertos de oro mate al por mayor y personalizados, fabricados en acero inoxidable de alta calidad, admiten logotipo, color y embalaje personalizados. Dise\u00f1o moderno y \u00fanico de estilo portugu\u00e9s, adecuado para hoteles, restaurantes y uso dom\u00e9stico. \u00a1Bienvenido a consultar!<\/p>\n<h2>Cubiertos Oro Mate Atributos:<\/h2>\n<p><strong>Marca:<\/strong> Mcallen<br \/><strong>Material:<\/strong> Acero inoxidable<br \/><strong>Color:<\/strong> Plata, Gloden<br \/><strong>Dise\u00f1o:<\/strong> Superficie mate, estilo portugu\u00e9s<br \/><strong>Plazo de entrega de la muestra:<\/strong> En 3 d\u00edas<br \/><strong>OEM\/ODM:<\/strong> Disponible<\/p>\n<h2>Cubiertos de oro mate personalizados:<\/h2>\n<p><strong>Acero inoxidable:<\/strong>\u00a0Acero inoxidable 18\/10, 304, 316, 410, 430, 420<br \/><strong>Logotipo:<\/strong>\u00a0Grabado por l\u00e1ser, serigraf\u00eda, impresi\u00f3n UV, impresi\u00f3n por transferencia t\u00e9rmica, gofrado, etc.<br \/><strong>Embalaje:<\/strong>\u00a04\/8\/12\/16\/20\/24\/45\/48\/72pcs set<br \/><strong>Acabados superficiales:<\/strong>\u00a0Pulido espejo, mate, pulido al agua, capa de titanio<br \/><strong>Embalaje:<\/strong>\u00a0A granel, bolsa opp, caja de color, caja de regalo, personalizado<\/p>","protected":false},"featured_media":1426,"template":"","meta":[],"product_brand":[],"product_cat":[23,29],"product_tag":[],"class_list":{"0":"post-1463","1":"product","2":"type-product","3":"status-publish","4":"has-post-thumbnail","6":"product_cat-wholesale-flatware","7":"product_cat-bulk-flatware","9":"first","10":"instock","11":"shipping-taxable","12":"product-type-simple"},"_links":{"self":[{"href":"https:\/\/www.mcallenflatware.com\/es\/wp-json\/wp\/v2\/product\/1463","targetHints":{"allow":["GET"]}}],"collection":[{"href":"https:\/\/www.mcallenflatware.com\/es\/wp-json\/wp\/v2\/product"}],"about":[{"href":"https:\/\/www.mcallenflatware.com\/es\/wp-json\/wp\/v2\/types\/product"}],"wp:featuredmedia":[{"embeddable":true,"href":"https:\/\/www.mcallenflatware.com\/es\/wp-json\/wp\/v2\/media\/1426"}],"wp:attachment":[{"href":"https:\/\/www.mcallenflatware.com\/es\/wp-json\/wp\/v2\/media?parent=1463"}],"wp:term":[{"taxonomy":"product_brand","embeddable":true,"href":"https:\/\/www.mcallenflatware.com\/es\/wp-json\/wp\/v2\/product_brand?post=1463"},{"taxonomy":"product_cat","embeddable":true,"href":"https:\/\/www.mcallenflatware.com\/es\/wp-json\/wp\/v2\/product_cat?post=1463"},{"taxonomy":"product_tag","embeddable":true,"href":"https:\/\/www.mcallenflatware.com\/es\/wp-json\/wp\/v2\/product_tag?post=1463"}],"curies":[{"name":"wp","href":"https:\/\/api.w.org\/{rel}","templated":true}]}}