{"id":1465,"date":"2024-11-24T10:01:21","date_gmt":"2024-11-24T10:01:21","guid":{"rendered":"https:\/\/www.mcallenflatware.com\/?post_type=product&#038;p=1465"},"modified":"2024-11-24T10:19:29","modified_gmt":"2024-11-24T10:19:29","slug":"custom-24-piece-flatware-set","status":"publish","type":"product","link":"https:\/\/www.mcallenflatware.com\/es\/product\/custom-24-piece-flatware-set\/","title":{"rendered":"Juego de Cubiertos de 24 Piezas de Acero Inoxidable Personalizado con Caja de Regalo"},"content":{"rendered":"<h2 class=\"wp-block-heading\">Juego de cubiertos de 24 piezas Caracter\u00edsticas:<\/h2>\n\n\n\n<div class=\"wp-block-columns is-layout-flex wp-container-core-columns-is-layout-9d6595d7 wp-block-columns-is-layout-flex\">\n<div class=\"wp-block-column is-layout-flow wp-block-column-is-layout-flow\" style=\"flex-basis:66.66%\">\n<p><strong>Juego completo de 24 piezas<\/strong><br>Incluye cuchillo de mesa, tenedor, cuchara, cucharilla, etc., adecuado para 6 personas, satisfaciendo las necesidades gastron\u00f3micas de la familia, la fiesta y el banquete.<\/p>\n\n\n\n<p><strong>Material de acero inoxidable de alta calidad<\/strong><br>Fabricado en acero inoxidable de calidad alimentaria, resistente al desgaste, superficie lisa, apto para lavavajillas.<\/p>\n\n\n\n<p><strong>Embalaje en caja de regalo de alta gama<\/strong><br>Equipado con un exquisito embalaje en caja de regalo, es f\u00e1cil de guardar y adecuado como regalo de alta gama para bodas, festivales y ocasiones de negocios.<\/p>\n\n\n\n<p><strong>Diversas opciones de dise\u00f1o<\/strong><br>Proporcionan pulido cl\u00e1sico, oro esmerilado, negro mate y otros estilos para adaptarse a diferentes estilos de mesa y ocasiones.<\/p>\n\n\n\n<p><strong>Servicios personalizados de apoyo<\/strong><br>Proporcionamos servicios de grabado de logotipos, dise\u00f1o de envases y personalizaci\u00f3n de colores exclusivos, adecuados para la promoci\u00f3n de marcas o necesidades personalizadas.<\/p>\n<\/div>\n\n\n\n<div class=\"wp-block-column is-layout-flow wp-block-column-is-layout-flow\" style=\"flex-basis:33.33%\">\n<figure class=\"wp-block-image size-full\"><img decoding=\"async\" width=\"1200\" height=\"1200\" src=\"https:\/\/www.mcallenflatware.com\/wp-content\/uploads\/2024\/11\/24-piece-flatware-set-wholesale-4.webp\" alt=\"Juego de cubiertos de 24 piezas al por mayor\" class=\"wp-image-1438\" srcset=\"https:\/\/www.mcallenflatware.com\/wp-content\/uploads\/2024\/11\/24-piece-flatware-set-wholesale-4.webp 1200w, https:\/\/www.mcallenflatware.com\/wp-content\/uploads\/2024\/11\/24-piece-flatware-set-wholesale-4-150x150.webp 150w, https:\/\/www.mcallenflatware.com\/wp-content\/uploads\/2024\/11\/24-piece-flatware-set-wholesale-4-768x768.webp 768w, https:\/\/www.mcallenflatware.com\/wp-content\/uploads\/2024\/11\/24-piece-flatware-set-wholesale-4-12x12.webp 12w, https:\/\/www.mcallenflatware.com\/wp-content\/uploads\/2024\/11\/24-piece-flatware-set-wholesale-4-600x600.webp 600w, https:\/\/www.mcallenflatware.com\/wp-content\/uploads\/2024\/11\/24-piece-flatware-set-wholesale-4-300x300.webp 300w, https:\/\/www.mcallenflatware.com\/wp-content\/uploads\/2024\/11\/24-piece-flatware-set-wholesale-4-100x100.webp 100w\" sizes=\"(max-width: 1200px) 100vw, 1200px\" \/><\/figure>\n<\/div>\n<\/div>","protected":false},"excerpt":{"rendered":"<p>Juego de cubiertos de 24 piezas de acero inoxidable al por mayor con caja de regalo negra, logotipo personalizado, color, etc., venta directa del fabricante del juego de cubiertos, proporcionando servicios de comercio electr\u00f3nico como Amazon.<\/p>\n<h2>Juego de cubiertos de 24 piezas Atributos:<\/h2>\n<p><strong>Marca:<\/strong> Mcallen<br \/><strong>Material:<\/strong> Acero inoxidable<br \/><strong>Color:<\/strong> Glod, plata, negro o personalizado<br \/><strong>Dise\u00f1o:<\/strong> Superficie de pulido, con caja<br \/><strong>Plazo de entrega de la muestra:<\/strong> En 3 d\u00edas<br \/><strong>OEM\/ODM:<\/strong> Disponible<\/p>\n<h2>Juego de Cubiertos de 24 Piezas Personalizado:<\/h2>\n<p><strong>Acero inoxidable:<\/strong>\u00a0Acero inoxidable 18\/10, 304, 316, 410, 430, 420<br \/><strong>Logotipo:<\/strong>\u00a0Grabado por l\u00e1ser, serigraf\u00eda, impresi\u00f3n UV, impresi\u00f3n por transferencia t\u00e9rmica, gofrado, etc.<br \/><strong>Embalaje:<\/strong>\u00a04\/8\/12\/16\/20\/24\/45\/48\/72pcs set<br \/><strong>Acabados superficiales:<\/strong>\u00a0Pulido espejo, mate, pulido al agua, capa de titanio<br \/><strong>Embalaje:<\/strong>\u00a0A granel, bolsa opp, caja de color, caja de regalo, personalizado<\/p>","protected":false},"featured_media":1439,"template":"","meta":[],"product_brand":[],"product_cat":[23,30],"product_tag":[],"class_list":{"0":"post-1465","1":"product","2":"type-product","3":"status-publish","4":"has-post-thumbnail","6":"product_cat-wholesale-flatware","7":"product_cat-custom-cutlery-gift-set","9":"first","10":"instock","11":"shipping-taxable","12":"product-type-simple"},"_links":{"self":[{"href":"https:\/\/www.mcallenflatware.com\/es\/wp-json\/wp\/v2\/product\/1465","targetHints":{"allow":["GET"]}}],"collection":[{"href":"https:\/\/www.mcallenflatware.com\/es\/wp-json\/wp\/v2\/product"}],"about":[{"href":"https:\/\/www.mcallenflatware.com\/es\/wp-json\/wp\/v2\/types\/product"}],"wp:featuredmedia":[{"embeddable":true,"href":"https:\/\/www.mcallenflatware.com\/es\/wp-json\/wp\/v2\/media\/1439"}],"wp:attachment":[{"href":"https:\/\/www.mcallenflatware.com\/es\/wp-json\/wp\/v2\/media?parent=1465"}],"wp:term":[{"taxonomy":"product_brand","embeddable":true,"href":"https:\/\/www.mcallenflatware.com\/es\/wp-json\/wp\/v2\/product_brand?post=1465"},{"taxonomy":"product_cat","embeddable":true,"href":"https:\/\/www.mcallenflatware.com\/es\/wp-json\/wp\/v2\/product_cat?post=1465"},{"taxonomy":"product_tag","embeddable":true,"href":"https:\/\/www.mcallenflatware.com\/es\/wp-json\/wp\/v2\/product_tag?post=1465"}],"curies":[{"name":"wp","href":"https:\/\/api.w.org\/{rel}","templated":true}]}}