{"id":1466,"date":"2025-09-24T09:28:27","date_gmt":"2025-09-24T09:28:27","guid":{"rendered":"https:\/\/www.mcallenflatware.com\/?post_type=product&#038;p=1466"},"modified":"2025-09-24T10:35:27","modified_gmt":"2025-09-24T10:35:27","slug":"custom-christmas-flatware","status":"publish","type":"product","link":"https:\/\/www.mcallenflatware.com\/es\/product\/custom-christmas-flatware\/","title":{"rendered":"Cubiertos de Navidad Personalizados Glod 24 PCs con Caja de Regalo"},"content":{"rendered":"<h2 class=\"wp-block-heading\">Cubiertos de Navidad Caracter\u00edsticas:<\/h2>\n\n\n\n<div class=\"wp-block-columns is-layout-flex wp-container-core-columns-is-layout-9d6595d7 wp-block-columns-is-layout-flex\">\n<div class=\"wp-block-column is-layout-flow wp-block-column-is-layout-flow\" style=\"flex-basis:66.66%\">\n<p><strong>Dise\u00f1o de cajas regalo de Navidad<\/strong><br>El exquisito embalaje de la caja de regalo con tem\u00e1tica navide\u00f1a, con un juego completo de cubiertos de oro 24, aporta calidez y lujo a la mesa navide\u00f1a, por lo que es una opci\u00f3n ideal para regalar en Navidad.<\/p>\n\n\n\n<p><strong>Material de acero inoxidable de calidad alimentaria<br><\/strong>Fabricada en acero inoxidable 18\/10 apto para uso alimentario, es robusta y duradera, resistente al \u00f3xido y anticorrosiva, lo que garantiza un rendimiento superior de la cuberter\u00eda en uso frecuente durante fiestas.<\/p>\n\n\n\n<p><strong>Adecuado para m\u00faltiples ocasiones<\/strong><br>No s\u00f3lo es la primera opci\u00f3n para las reuniones navide\u00f1as familiares, sino que tambi\u00e9n es adecuada para las necesidades de decoraci\u00f3n navide\u00f1a en lugares de alto nivel, como hoteles y restaurantes.<\/p>\n\n\n\n<p><strong>Admite personalizaci\u00f3n<\/strong><br>Proporcionar servicios personalizados, incluidos el logotipo, el embalaje y el dise\u00f1o personalizado, para ayudar a los distintos clientes a crear la promoci\u00f3n de la marca.<\/p>\n<\/div>\n\n\n\n<div class=\"wp-block-column is-layout-flow wp-block-column-is-layout-flow\" style=\"flex-basis:33.33%\">\n<figure class=\"wp-block-image size-full\"><img decoding=\"async\" width=\"800\" height=\"800\" src=\"https:\/\/www.mcallenflatware.com\/wp-content\/uploads\/2024\/11\/christmas-flatware-custom-2.webp\" alt=\"cubiertos de navidad personalizados\" class=\"wp-image-1442\" srcset=\"https:\/\/www.mcallenflatware.com\/wp-content\/uploads\/2024\/11\/christmas-flatware-custom-2.webp 800w, https:\/\/www.mcallenflatware.com\/wp-content\/uploads\/2024\/11\/christmas-flatware-custom-2-150x150.webp 150w, https:\/\/www.mcallenflatware.com\/wp-content\/uploads\/2024\/11\/christmas-flatware-custom-2-768x768.webp 768w, https:\/\/www.mcallenflatware.com\/wp-content\/uploads\/2024\/11\/christmas-flatware-custom-2-12x12.webp 12w, https:\/\/www.mcallenflatware.com\/wp-content\/uploads\/2024\/11\/christmas-flatware-custom-2-600x600.webp 600w, https:\/\/www.mcallenflatware.com\/wp-content\/uploads\/2024\/11\/christmas-flatware-custom-2-300x300.webp 300w, https:\/\/www.mcallenflatware.com\/wp-content\/uploads\/2024\/11\/christmas-flatware-custom-2-100x100.webp 100w\" sizes=\"(max-width: 800px) 100vw, 800px\" \/><\/figure>\n<\/div>\n<\/div>","protected":false},"excerpt":{"rendered":"<p>Cubiertos de Navidad personalizados con caja de regalo, hermosos y c\u00e1lidos, opci\u00f3n ideal para regalos de Navidad. Venta directa de f\u00e1brica, personalizaci\u00f3n de apoyo, y una variedad de combinaciones para elegir. \u00a1El mejor descuento es para pedidos al por mayor, bienvenido a preguntar!<\/p>\n<h2>Cubiertos de Navidad Atributos:<\/h2>\n<p><strong>Marca:<\/strong> Mcallen<br \/><strong>Material:<\/strong> Acero inoxidable<br \/><strong>Color:<\/strong> Glod, o a medida<br \/><strong>Dise\u00f1o:<\/strong> Superficie pulida, con caja de regalo de Navidad<br \/><strong>Plazo de entrega de la muestra:<\/strong> En 3 d\u00edas<br \/><strong>OEM\/ODM:<\/strong> Disponible<\/p>\n<h2>Cubiertos de Navidad personalizados:<\/h2>\n<p><strong>Acero inoxidable:<\/strong>\u00a0Acero inoxidable 18\/10, 304, 316, 410, 430, 420<br \/><strong>Logotipo:<\/strong>\u00a0Grabado por l\u00e1ser, serigraf\u00eda, impresi\u00f3n UV, impresi\u00f3n por transferencia t\u00e9rmica, gofrado, etc.<br \/><strong>Embalaje:<\/strong>\u00a04\/8\/12\/16\/20\/24\/45\/48\/72pcs set<br \/><strong>Acabados superficiales:<\/strong>\u00a0Pulido espejo, mate, pulido al agua, capa de titanio<br \/><strong>Embalaje:<\/strong>\u00a0A granel, bolsa opp, caja de color, caja de regalo, personalizado<\/p>","protected":false},"featured_media":1445,"template":"","meta":[],"product_brand":[],"product_cat":[23,30],"product_tag":[],"class_list":{"0":"post-1466","1":"product","2":"type-product","3":"status-publish","4":"has-post-thumbnail","6":"product_cat-wholesale-flatware","7":"product_cat-custom-cutlery-gift-set","9":"first","10":"instock","11":"shipping-taxable","12":"product-type-simple"},"_links":{"self":[{"href":"https:\/\/www.mcallenflatware.com\/es\/wp-json\/wp\/v2\/product\/1466","targetHints":{"allow":["GET"]}}],"collection":[{"href":"https:\/\/www.mcallenflatware.com\/es\/wp-json\/wp\/v2\/product"}],"about":[{"href":"https:\/\/www.mcallenflatware.com\/es\/wp-json\/wp\/v2\/types\/product"}],"wp:featuredmedia":[{"embeddable":true,"href":"https:\/\/www.mcallenflatware.com\/es\/wp-json\/wp\/v2\/media\/1445"}],"wp:attachment":[{"href":"https:\/\/www.mcallenflatware.com\/es\/wp-json\/wp\/v2\/media?parent=1466"}],"wp:term":[{"taxonomy":"product_brand","embeddable":true,"href":"https:\/\/www.mcallenflatware.com\/es\/wp-json\/wp\/v2\/product_brand?post=1466"},{"taxonomy":"product_cat","embeddable":true,"href":"https:\/\/www.mcallenflatware.com\/es\/wp-json\/wp\/v2\/product_cat?post=1466"},{"taxonomy":"product_tag","embeddable":true,"href":"https:\/\/www.mcallenflatware.com\/es\/wp-json\/wp\/v2\/product_tag?post=1466"}],"curies":[{"name":"wp","href":"https:\/\/api.w.org\/{rel}","templated":true}]}}