{"id":1467,"date":"2024-11-24T10:37:17","date_gmt":"2024-11-24T10:37:17","guid":{"rendered":"https:\/\/www.mcallenflatware.com\/?post_type=product&#038;p=1467"},"modified":"2024-11-24T10:55:48","modified_gmt":"2024-11-24T10:55:48","slug":"wholesale-butter-knife","status":"publish","type":"product","link":"https:\/\/www.mcallenflatware.com\/es\/product\/wholesale-butter-knife\/","title":{"rendered":"Mayorista Cuchillo Mantequilla Acero Inoxidable Plata Glod Color Personalizado"},"content":{"rendered":"<h2 class=\"wp-block-heading\">Cuchillo para mantequilla Caracter\u00edsticas:<\/h2>\n\n\n\n<div class=\"wp-block-columns is-layout-flex wp-container-core-columns-is-layout-9d6595d7 wp-block-columns-is-layout-flex\">\n<div class=\"wp-block-column is-layout-flow wp-block-column-is-layout-flow\" style=\"flex-basis:66.66%\">\n<p><strong>Elecci\u00f3n de colores elegante y variada<\/strong><br>Ofrecen opciones de colores cl\u00e1sicos plateados, lujosos dorados y exclusivos personalizados para satisfacer las necesidades de diversos escenarios y estilos de mesa.<\/p>\n\n\n\n<p><strong>Material de acero inoxidable pulido brillante<\/strong><br>Fabricado en acero inoxidable de calidad alimentaria, la superficie est\u00e1 pulida, es lisa y delicada, mostrando una textura de alta gama.<\/p>\n\n\n\n<p><strong>Dise\u00f1ado para esparcir<\/strong><br>La cuchilla tiene una anchura moderada y un dise\u00f1o de bordes redondeados, que resulta adecuado para untar f\u00e1cilmente mantequilla, queso, mermelada, etc., y es seguro y c\u00f3modo de usar. ui<\/p>\n\n\n\n<p><strong>F\u00e1cil de limpiar<\/strong><br>El dise\u00f1o de la superficie antiincrustante es f\u00e1cil de lavar a mano o en el lavavajillas, lo que proporciona una c\u00f3moda soluci\u00f3n de mantenimiento tras su uso.<\/p>\n<\/div>\n\n\n\n<div class=\"wp-block-column is-layout-flow wp-block-column-is-layout-flow\" style=\"flex-basis:33.33%\">\n<figure class=\"wp-block-image size-full\"><img decoding=\"async\" width=\"800\" height=\"800\" src=\"https:\/\/www.mcallenflatware.com\/wp-content\/uploads\/2024\/11\/wholesale-Butter-knife-3.webp\" alt=\"mayorista Cuchillo para mantequilla\" class=\"wp-image-1448\" srcset=\"https:\/\/www.mcallenflatware.com\/wp-content\/uploads\/2024\/11\/wholesale-Butter-knife-3.webp 800w, https:\/\/www.mcallenflatware.com\/wp-content\/uploads\/2024\/11\/wholesale-Butter-knife-3-150x150.webp 150w, https:\/\/www.mcallenflatware.com\/wp-content\/uploads\/2024\/11\/wholesale-Butter-knife-3-768x768.webp 768w, https:\/\/www.mcallenflatware.com\/wp-content\/uploads\/2024\/11\/wholesale-Butter-knife-3-12x12.webp 12w, https:\/\/www.mcallenflatware.com\/wp-content\/uploads\/2024\/11\/wholesale-Butter-knife-3-600x600.webp 600w, https:\/\/www.mcallenflatware.com\/wp-content\/uploads\/2024\/11\/wholesale-Butter-knife-3-300x300.webp 300w, https:\/\/www.mcallenflatware.com\/wp-content\/uploads\/2024\/11\/wholesale-Butter-knife-3-100x100.webp 100w\" sizes=\"(max-width: 800px) 100vw, 800px\" \/><\/figure>\n<\/div>\n<\/div>","protected":false},"excerpt":{"rendered":"<p>Cuchillo para mantequilla al por mayor a precio de f\u00e1brica, producido por el fabricante de utensilios de cocina de acero inoxidable, que ofrece soluciones personalizadas y servicios de Amazon. Dise\u00f1ado para untar, adecuado para untar mantequilla, queso, mermelada, etc. \u00a1Bienvenido a preguntar!<\/p>\n<h2>Atributos del cuchillo para mantequilla<\/h2>\n<p><strong>Marca:<\/strong> Mcallen<br \/><strong>Material:<\/strong> Acero inoxidable<br \/><strong>Color:<\/strong> Oro, plata o personalizado<br \/><strong>Pulido:<\/strong> Pulido espejo<br \/><strong>Plazo de entrega de la muestra:<\/strong> En 3 d\u00edas<br \/><strong>OEM\/ODM:<\/strong> Disponible<\/p>\n<h2>Cuchillo para mantequilla :<\/h2>\n<p><strong>Acero inoxidable:<\/strong> Acero inoxidable 18\/10, 304, 316, 410, 430, 420<br \/><strong>Logotipo:<\/strong> Grabado por l\u00e1ser, serigraf\u00eda, impresi\u00f3n UV, impresi\u00f3n por transferencia t\u00e9rmica, gofrado, etc.<br \/><strong>Acabados superficiales:<\/strong> Pulido espejo, mate.<br \/><strong>Embalaje:<\/strong> A granel, bolsa opp, caja de color, caja de regalo, personalizado<\/p>","protected":false},"featured_media":1446,"template":"","meta":[],"product_brand":[],"product_cat":[24,31],"product_tag":[],"class_list":{"0":"post-1467","1":"product","2":"type-product","3":"status-publish","4":"has-post-thumbnail","6":"product_cat-wholesale-kitchen-utensils","7":"product_cat-wholesale-serving-utensils","9":"first","10":"instock","11":"shipping-taxable","12":"product-type-simple"},"_links":{"self":[{"href":"https:\/\/www.mcallenflatware.com\/es\/wp-json\/wp\/v2\/product\/1467","targetHints":{"allow":["GET"]}}],"collection":[{"href":"https:\/\/www.mcallenflatware.com\/es\/wp-json\/wp\/v2\/product"}],"about":[{"href":"https:\/\/www.mcallenflatware.com\/es\/wp-json\/wp\/v2\/types\/product"}],"wp:featuredmedia":[{"embeddable":true,"href":"https:\/\/www.mcallenflatware.com\/es\/wp-json\/wp\/v2\/media\/1446"}],"wp:attachment":[{"href":"https:\/\/www.mcallenflatware.com\/es\/wp-json\/wp\/v2\/media?parent=1467"}],"wp:term":[{"taxonomy":"product_brand","embeddable":true,"href":"https:\/\/www.mcallenflatware.com\/es\/wp-json\/wp\/v2\/product_brand?post=1467"},{"taxonomy":"product_cat","embeddable":true,"href":"https:\/\/www.mcallenflatware.com\/es\/wp-json\/wp\/v2\/product_cat?post=1467"},{"taxonomy":"product_tag","embeddable":true,"href":"https:\/\/www.mcallenflatware.com\/es\/wp-json\/wp\/v2\/product_tag?post=1467"}],"curies":[{"name":"wp","href":"https:\/\/api.w.org\/{rel}","templated":true}]}}