{"id":1469,"date":"2024-11-24T11:11:19","date_gmt":"2024-11-24T11:11:19","guid":{"rendered":"https:\/\/www.mcallenflatware.com\/?post_type=product&#038;p=1469"},"modified":"2024-11-24T11:28:34","modified_gmt":"2024-11-24T11:28:34","slug":"bulk-serving-utensils-set","status":"publish","type":"product","link":"https:\/\/www.mcallenflatware.com\/es\/product\/bulk-serving-utensils-set\/","title":{"rendered":"Juego de Utensilios para Servir a Granel de Acero Inoxidable Glod para Buffet de Cocina"},"content":{"rendered":"<h2 class=\"wp-block-heading\">Juego de utensilios para servir Caracter\u00edsticas:<\/h2>\n\n\n\n<div class=\"wp-block-columns is-layout-flex wp-container-core-columns-is-layout-9d6595d7 wp-block-columns-is-layout-flex\">\n<div class=\"wp-block-column is-layout-flow wp-block-column-is-layout-flow\" style=\"flex-basis:66.66%\">\n<p><strong>Acero inoxidable de alta calidad<\/strong><br>Al utilizar acero inoxidable de calidad alimentaria, tiene una excelente resistencia a la oxidaci\u00f3n y a la corrosi\u00f3n, lo que garantiza su seguridad y durabilidad en el uso a largo plazo.<\/p>\n\n\n\n<p><strong>Juego de varias piezas<\/strong><br>Contiene una variedad de vajillas de uso com\u00fan, como pinzas para vajilla, pinzas para ensalada, cucharas soperas, cucharas para salsa, cucharas para az\u00facar, pinzas para verduras, etc., para satisfacer las diversas necesidades de reuniones familiares, banquetes o restaurantes de hotel.<\/p>\n\n\n\n<p><strong>Aspecto elegante y sencillo<\/strong><br>La superficie lisa y el estilo de dise\u00f1o sencillo pueden combinarse perfectamente desde cenas diarias hasta banquetes formales.<\/p>\n\n\n\n<p><strong>F\u00e1cil de limpiar<\/strong><br>La superficie lisa reduce los restos de comida, se puede lavar a mano o en el lavavajillas y es f\u00e1cil de mantener a diario.<\/p>\n<\/div>\n\n\n\n<div class=\"wp-block-column is-layout-flow wp-block-column-is-layout-flow\" style=\"flex-basis:33.33%\">\n<figure class=\"wp-block-image size-full\"><img decoding=\"async\" width=\"800\" height=\"800\" src=\"https:\/\/www.mcallenflatware.com\/wp-content\/uploads\/2024\/11\/Bulk-Serving-Utensils-Set-4.webp\" alt=\"Juego de utensilios para servir a granel\" class=\"wp-image-1456\" srcset=\"https:\/\/www.mcallenflatware.com\/wp-content\/uploads\/2024\/11\/Bulk-Serving-Utensils-Set-4.webp 800w, https:\/\/www.mcallenflatware.com\/wp-content\/uploads\/2024\/11\/Bulk-Serving-Utensils-Set-4-150x150.webp 150w, https:\/\/www.mcallenflatware.com\/wp-content\/uploads\/2024\/11\/Bulk-Serving-Utensils-Set-4-768x768.webp 768w, https:\/\/www.mcallenflatware.com\/wp-content\/uploads\/2024\/11\/Bulk-Serving-Utensils-Set-4-12x12.webp 12w, https:\/\/www.mcallenflatware.com\/wp-content\/uploads\/2024\/11\/Bulk-Serving-Utensils-Set-4-600x600.webp 600w, https:\/\/www.mcallenflatware.com\/wp-content\/uploads\/2024\/11\/Bulk-Serving-Utensils-Set-4-300x300.webp 300w, https:\/\/www.mcallenflatware.com\/wp-content\/uploads\/2024\/11\/Bulk-Serving-Utensils-Set-4-100x100.webp 100w\" sizes=\"(max-width: 800px) 100vw, 800px\" \/><\/figure>\n<\/div>\n<\/div>","protected":false},"excerpt":{"rendered":"<p>Venta al por mayor de acero inoxidable que sirve el utensilio fijado para el buffet, cocina del hotel casero, es un utensilio imprescindible para el servicio de alimentos. Ventas directas del proveedor de China, apoyan el servicio de ventanilla \u00fanica para el negocio de Amazon. Bienvenido a consultarnos.<\/p>\n<h2>Juego de utensilios para servir Atributos:<\/h2>\n<p><strong>Marca:<\/strong> Mcallen<br \/><strong>Material:<\/strong> Acero inoxidable<br \/><strong>Color:<\/strong> Plata, Glod<br \/><strong>Tipos:<\/strong> Cuchillo, tenedor y cuchara, pinzas para servir, cuchar\u00f3n para la salsa, cuchara para el az\u00facar, cuchillo para la mantequilla, esp\u00e1tula para tartas<br \/><strong>Pulido:<\/strong> Pulido espejo<br \/><strong>Plazo de entrega de la muestra:<\/strong> En 3 d\u00edas<br \/><strong>OEM\/ODM:<\/strong> Disponible<\/p>\n<h2>Juego de cubiertos personalizados:<\/h2>\n<p><strong>Acero inoxidable:<\/strong> Acero inoxidable 18\/10, 304, 316, 410, 430, 420<br \/><strong>Logotipo:<\/strong> Grabado por l\u00e1ser, serigraf\u00eda, impresi\u00f3n UV, impresi\u00f3n por transferencia t\u00e9rmica, gofrado, etc.<br \/><strong>Color:<\/strong> Glod, sliver, o personalizado<br \/><strong>Embalaje:<\/strong> A granel, bolsa opp, caja de color, caja de regalo, personalizado<\/p>","protected":false},"featured_media":1455,"template":"","meta":[],"product_brand":[],"product_cat":[24,31],"product_tag":[],"class_list":{"0":"post-1469","1":"product","2":"type-product","3":"status-publish","4":"has-post-thumbnail","6":"product_cat-wholesale-kitchen-utensils","7":"product_cat-wholesale-serving-utensils","9":"first","10":"instock","11":"shipping-taxable","12":"product-type-simple"},"_links":{"self":[{"href":"https:\/\/www.mcallenflatware.com\/es\/wp-json\/wp\/v2\/product\/1469","targetHints":{"allow":["GET"]}}],"collection":[{"href":"https:\/\/www.mcallenflatware.com\/es\/wp-json\/wp\/v2\/product"}],"about":[{"href":"https:\/\/www.mcallenflatware.com\/es\/wp-json\/wp\/v2\/types\/product"}],"wp:featuredmedia":[{"embeddable":true,"href":"https:\/\/www.mcallenflatware.com\/es\/wp-json\/wp\/v2\/media\/1455"}],"wp:attachment":[{"href":"https:\/\/www.mcallenflatware.com\/es\/wp-json\/wp\/v2\/media?parent=1469"}],"wp:term":[{"taxonomy":"product_brand","embeddable":true,"href":"https:\/\/www.mcallenflatware.com\/es\/wp-json\/wp\/v2\/product_brand?post=1469"},{"taxonomy":"product_cat","embeddable":true,"href":"https:\/\/www.mcallenflatware.com\/es\/wp-json\/wp\/v2\/product_cat?post=1469"},{"taxonomy":"product_tag","embeddable":true,"href":"https:\/\/www.mcallenflatware.com\/es\/wp-json\/wp\/v2\/product_tag?post=1469"}],"curies":[{"name":"wp","href":"https:\/\/api.w.org\/{rel}","templated":true}]}}