{"id":1562,"date":"2025-09-24T09:29:27","date_gmt":"2025-09-24T09:29:27","guid":{"rendered":"https:\/\/www.mcallenflatware.com\/?post_type=product&#038;p=1562"},"modified":"2025-09-24T10:32:37","modified_gmt":"2025-09-24T10:32:37","slug":"custom-24-piece-cutlery-set","status":"publish","type":"product","link":"https:\/\/www.mcallenflatware.com\/es\/product\/custom-24-piece-cutlery-set\/","title":{"rendered":"Juego de cubiertos personalizado de 24 piezas de acero inoxidable con caja para regalo"},"content":{"rendered":"<h2 class=\"wp-block-heading\">Juego de cubiertos de 24 piezas Caracter\u00edsticas:<\/h2>\n\n\n\n<div class=\"wp-block-columns is-layout-flex wp-container-core-columns-is-layout-9d6595d7 wp-block-columns-is-layout-flex\">\n<div class=\"wp-block-column is-layout-flow wp-block-column-is-layout-flow\" style=\"flex-basis:66.66%\">\n<p><strong>Material de acero inoxidable de alta calidad: <\/strong>Fabricado en acero inoxidable 304 duradero, adecuado para el uso diario y de alta frecuencia.<\/p>\n\n\n\n<p><strong>Completo juego de cubiertos:<\/strong> El juego de 24 piezas incluye vajillas comunes como cuchillos de mesa, tenedores, cucharas soperas, cucharillas de t\u00e9, etc., adecuadas para reuniones familiares, fiestas, restaurantes y otras ocasiones.<\/p>\n\n\n\n<p><strong>Embalaje de caja personalizable<\/strong>: El conjunto viene con una caja de embalaje personalizable, con una caja de regalo de la ventana o una caja de embalaje de colores, que puede ser dise\u00f1ado de acuerdo a las necesidades del cliente, adecuado para dar regalos orcutlery conjunto de almacenamiento.<\/p>\n\n\n\n<p><strong>Dise\u00f1o de alta gama:<\/strong> El dise\u00f1o sencillo y moderno se combina con la superficie lisa del acero inoxidable, con un aspecto elegante y con estilo, adecuado para diversos montajes de mesa.<\/p>\n\n\n\n<p><strong>F\u00e1cil de limpiar: <\/strong>El juego de cubiertos de acero inoxidable es resistente a las manchas y f\u00e1cil de limpiar, y puede lavarse en el lavavajillas.<\/p>\n<\/div>\n\n\n\n<div class=\"wp-block-column is-layout-flow wp-block-column-is-layout-flow\" style=\"flex-basis:33.33%\">\n<figure class=\"wp-block-image size-full\"><img decoding=\"async\" width=\"800\" height=\"800\" src=\"https:\/\/www.mcallenflatware.com\/wp-content\/uploads\/2024\/12\/24-piece-cutlery-set-1.webp\" alt=\"Juego de cubiertos de 24 piezas\" class=\"wp-image-1563\" srcset=\"https:\/\/www.mcallenflatware.com\/wp-content\/uploads\/2024\/12\/24-piece-cutlery-set-1.webp 800w, https:\/\/www.mcallenflatware.com\/wp-content\/uploads\/2024\/12\/24-piece-cutlery-set-1-150x150.webp 150w, https:\/\/www.mcallenflatware.com\/wp-content\/uploads\/2024\/12\/24-piece-cutlery-set-1-768x768.webp 768w, https:\/\/www.mcallenflatware.com\/wp-content\/uploads\/2024\/12\/24-piece-cutlery-set-1-12x12.webp 12w, https:\/\/www.mcallenflatware.com\/wp-content\/uploads\/2024\/12\/24-piece-cutlery-set-1-600x600.webp 600w, https:\/\/www.mcallenflatware.com\/wp-content\/uploads\/2024\/12\/24-piece-cutlery-set-1-300x300.webp 300w, https:\/\/www.mcallenflatware.com\/wp-content\/uploads\/2024\/12\/24-piece-cutlery-set-1-100x100.webp 100w\" sizes=\"(max-width: 800px) 100vw, 800px\" \/><\/figure>\n<\/div>\n<\/div>","protected":false},"excerpt":{"rendered":"<p>Bienvenido a venta por mayor y personalizar juego de cubiertos de 24 piezas, material de acero inoxidable, pulido y moderno, se puede personalizar en diferentes cajas. Ventas directas de f\u00e1brica, soporte OEM&amp;ODM, Amazon Walmart y otras ventas de plataformas de comercio electr\u00f3nico.<\/p>\n<h2>Juego de cubiertos de 24 piezas Atributos:<\/h2>\n<p><strong>Marca:<\/strong> Mcallen<br \/><strong>Material:<\/strong> Acero inoxidable<br \/><strong>Color:<\/strong> Glod, plata, negro o personalizado<br \/><strong>Dise\u00f1o: <\/strong>con varios tipos de cajas de colores exquisitos<br \/><strong>Plazo de entrega de la muestra:<\/strong> En 3 d\u00edas<br \/><strong>OEM\/ODM:<\/strong> Disponible<\/p>\n<h2>Juego de cubiertos personalizado de 24 piezas:<\/h2>\n<p><strong>Acero inoxidable:<\/strong>\u00a0Acero inoxidable 18\/10, 304, 316, 410, 430, 420<br \/><strong>Logotipo:<\/strong>\u00a0Grabado por l\u00e1ser, serigraf\u00eda, impresi\u00f3n UV, impresi\u00f3n por transferencia t\u00e9rmica, gofrado, etc.<br \/><strong>Embalaje:<\/strong>\u00a04\/8\/12\/16\/20\/24\/45\/48\/72pcs set<br \/><strong>Acabados superficiales:<\/strong>\u00a0Pulido espejo, mate, pulido al agua, capa de titanio<br \/><strong>Embalaje:<\/strong>\u00a0A granel, bolsa opp, caja de color, caja de regalo, personalizado<\/p>","protected":false},"featured_media":1563,"template":"","meta":[],"product_brand":[],"product_cat":[23,30],"product_tag":[],"class_list":{"0":"post-1562","1":"product","2":"type-product","3":"status-publish","4":"has-post-thumbnail","6":"product_cat-wholesale-flatware","7":"product_cat-custom-cutlery-gift-set","9":"first","10":"instock","11":"shipping-taxable","12":"product-type-simple"},"_links":{"self":[{"href":"https:\/\/www.mcallenflatware.com\/es\/wp-json\/wp\/v2\/product\/1562","targetHints":{"allow":["GET"]}}],"collection":[{"href":"https:\/\/www.mcallenflatware.com\/es\/wp-json\/wp\/v2\/product"}],"about":[{"href":"https:\/\/www.mcallenflatware.com\/es\/wp-json\/wp\/v2\/types\/product"}],"wp:featuredmedia":[{"embeddable":true,"href":"https:\/\/www.mcallenflatware.com\/es\/wp-json\/wp\/v2\/media\/1563"}],"wp:attachment":[{"href":"https:\/\/www.mcallenflatware.com\/es\/wp-json\/wp\/v2\/media?parent=1562"}],"wp:term":[{"taxonomy":"product_brand","embeddable":true,"href":"https:\/\/www.mcallenflatware.com\/es\/wp-json\/wp\/v2\/product_brand?post=1562"},{"taxonomy":"product_cat","embeddable":true,"href":"https:\/\/www.mcallenflatware.com\/es\/wp-json\/wp\/v2\/product_cat?post=1562"},{"taxonomy":"product_tag","embeddable":true,"href":"https:\/\/www.mcallenflatware.com\/es\/wp-json\/wp\/v2\/product_tag?post=1562"}],"curies":[{"name":"wp","href":"https:\/\/api.w.org\/{rel}","templated":true}]}}