{"id":1565,"date":"2024-12-09T01:24:12","date_gmt":"2024-12-09T01:24:12","guid":{"rendered":"https:\/\/www.mcallenflatware.com\/?post_type=product&#038;p=1565"},"modified":"2024-12-09T01:38:46","modified_gmt":"2024-12-09T01:38:46","slug":"bulk-knife-and-cutlery-sets","status":"publish","type":"product","link":"https:\/\/www.mcallenflatware.com\/es\/product\/bulk-knife-and-cutlery-sets\/","title":{"rendered":"Juegos de cuchillos y cubiertos a granel de acero inoxidable para 24 con caja"},"content":{"rendered":"<h2 class=\"wp-block-heading\">Juegos de cuchillos y cubiertos Caracter\u00edsticas:<\/h2>\n\n\n\n<div class=\"wp-block-columns is-layout-flex wp-container-core-columns-is-layout-9d6595d7 wp-block-columns-is-layout-flex\">\n<div class=\"wp-block-column is-layout-flow wp-block-column-is-layout-flow\" style=\"flex-basis:66.66%\">\n<p><strong>Acero inoxidable duradero: <\/strong>Fabricada en acero inoxidable de alta calidad, conocido por su afilado, resistencia a la corrosi\u00f3n y larga duraci\u00f3n.<\/p>\n\n\n\n<p><strong>C\u00f3moda asa de poli\u00e9ster: <\/strong>Los cuchillos cuentan con un mango ergon\u00f3mico de poli\u00e9ster que garantiza un agarre seguro y c\u00f3modo.<\/p>\n\n\n\n<p><strong>C\u00f3moda caja: <\/strong>El juego de cuchillos y cubiertos se presenta en una elegante caja que puede personalizarse con logotipos y dibujos para que resulte m\u00e1s atractivo y c\u00f3modo de guardar.<\/p>\n\n\n\n<p><strong>F\u00e1cil de mantener: <\/strong>Las cuchillas de acero inoxidable son f\u00e1ciles de limpiar y mantener y se pueden lavar a mano o en el lavavajillas. Los mangos de poli\u00e9ster tambi\u00e9n son resistentes a las manchas y los olores.<\/p>\n<\/div>\n\n\n\n<div class=\"wp-block-column is-layout-flow wp-block-column-is-layout-flow\" style=\"flex-basis:33.33%\">\n<figure class=\"wp-block-image size-full\"><img decoding=\"async\" width=\"1000\" height=\"1000\" src=\"https:\/\/www.mcallenflatware.com\/wp-content\/uploads\/2024\/12\/knife-and-cutlery-sets-wholesale-1-1.webp\" alt=\"juegos de cuchillos y cubiertos al por mayor\" class=\"wp-image-1566\" srcset=\"https:\/\/www.mcallenflatware.com\/wp-content\/uploads\/2024\/12\/knife-and-cutlery-sets-wholesale-1-1.webp 1000w, https:\/\/www.mcallenflatware.com\/wp-content\/uploads\/2024\/12\/knife-and-cutlery-sets-wholesale-1-1-150x150.webp 150w, https:\/\/www.mcallenflatware.com\/wp-content\/uploads\/2024\/12\/knife-and-cutlery-sets-wholesale-1-1-768x768.webp 768w, https:\/\/www.mcallenflatware.com\/wp-content\/uploads\/2024\/12\/knife-and-cutlery-sets-wholesale-1-1-12x12.webp 12w, https:\/\/www.mcallenflatware.com\/wp-content\/uploads\/2024\/12\/knife-and-cutlery-sets-wholesale-1-1-600x600.webp 600w, https:\/\/www.mcallenflatware.com\/wp-content\/uploads\/2024\/12\/knife-and-cutlery-sets-wholesale-1-1-300x300.webp 300w, https:\/\/www.mcallenflatware.com\/wp-content\/uploads\/2024\/12\/knife-and-cutlery-sets-wholesale-1-1-100x100.webp 100w\" sizes=\"(max-width: 1000px) 100vw, 1000px\" \/><\/figure>\n<\/div>\n<\/div>","protected":false},"excerpt":{"rendered":"<p>Bienvenido a personalizar y juegos de cuchillos y cubiertos al por mayor, de acero inoxidable material afilado y duradero, de alta calidad de estilo moderno, con exquisito embalaje caja de color. Ven a Mcallen fabricante de cubiertos, puede personalizar el logotipo, color, patr\u00f3n, y proporcionar el precio de f\u00e1brica. Bienvenido a preguntar hoy.<\/p>\n<h2>Juegos de cuchillos y cubiertos Atributos:<\/h2>\n<p><strong>Marca:<\/strong> Mcallen<br \/><strong>Material:<\/strong> Acero inoxidable<br \/><strong>Color:<\/strong> Glod, Plata, Negro, Cobre o Personalizado<br \/><strong>Dise\u00f1o: <\/strong>24 Piezas con Cajas de Varios Colores<br \/><strong>Plazo de entrega de la muestra:<\/strong> En 3 d\u00edas<br \/><strong>OEM\/ODM:<\/strong> Disponible<\/p>\n<h2>Juegos de cuchillos y cubiertos personalizados:<\/h2>\n<p><strong>Acero inoxidable:<\/strong>\u00a0Acero inoxidable 18\/10, 304, 316, 410, 430, 420<br \/><strong>Logotipo:<\/strong>\u00a0Grabado por l\u00e1ser, serigraf\u00eda, impresi\u00f3n UV, impresi\u00f3n por transferencia t\u00e9rmica, gofrado, etc.<br \/><strong>Embalaje:<\/strong>\u00a04\/8\/12\/16\/20\/24\/45\/48\/72pcs set<br \/><strong>Acabados superficiales:<\/strong>\u00a0Pulido espejo, mate, pulido al agua, capa de titanio<br \/><strong>Embalaje:<\/strong>\u00a0A granel, bolsa opp, caja de color, caja de regalo, personalizado<\/p>","protected":false},"featured_media":1568,"template":"","meta":[],"product_brand":[],"product_cat":[23,30],"product_tag":[],"class_list":{"0":"post-1565","1":"product","2":"type-product","3":"status-publish","4":"has-post-thumbnail","6":"product_cat-wholesale-flatware","7":"product_cat-custom-cutlery-gift-set","9":"first","10":"instock","11":"shipping-taxable","12":"product-type-simple"},"_links":{"self":[{"href":"https:\/\/www.mcallenflatware.com\/es\/wp-json\/wp\/v2\/product\/1565","targetHints":{"allow":["GET"]}}],"collection":[{"href":"https:\/\/www.mcallenflatware.com\/es\/wp-json\/wp\/v2\/product"}],"about":[{"href":"https:\/\/www.mcallenflatware.com\/es\/wp-json\/wp\/v2\/types\/product"}],"wp:featuredmedia":[{"embeddable":true,"href":"https:\/\/www.mcallenflatware.com\/es\/wp-json\/wp\/v2\/media\/1568"}],"wp:attachment":[{"href":"https:\/\/www.mcallenflatware.com\/es\/wp-json\/wp\/v2\/media?parent=1565"}],"wp:term":[{"taxonomy":"product_brand","embeddable":true,"href":"https:\/\/www.mcallenflatware.com\/es\/wp-json\/wp\/v2\/product_brand?post=1565"},{"taxonomy":"product_cat","embeddable":true,"href":"https:\/\/www.mcallenflatware.com\/es\/wp-json\/wp\/v2\/product_cat?post=1565"},{"taxonomy":"product_tag","embeddable":true,"href":"https:\/\/www.mcallenflatware.com\/es\/wp-json\/wp\/v2\/product_tag?post=1565"}],"curies":[{"name":"wp","href":"https:\/\/api.w.org\/{rel}","templated":true}]}}