{"id":1577,"date":"2024-12-09T03:49:22","date_gmt":"2024-12-09T03:49:22","guid":{"rendered":"https:\/\/www.mcallenflatware.com\/?post_type=product&#038;p=1577"},"modified":"2024-12-09T04:09:34","modified_gmt":"2024-12-09T04:09:34","slug":"wholesale-36-pieces-cutlery-set","status":"publish","type":"product","link":"https:\/\/www.mcallenflatware.com\/es\/product\/wholesale-36-pieces-cutlery-set\/","title":{"rendered":"Mayorista 36 Piezas Juego de Cubiertos de Acero Inoxidable Dorado con Caja de Madera"},"content":{"rendered":"<h2 class=\"wp-block-heading\">Juego de cubiertos de 36 piezas Caracter\u00edsticas:<\/h2>\n\n\n\n<div class=\"wp-block-columns is-layout-flex wp-container-core-columns-is-layout-9d6595d7 wp-block-columns-is-layout-flex\">\n<div class=\"wp-block-column is-layout-flow wp-block-column-is-layout-flow\" style=\"flex-basis:66.66%\">\n<p><strong>Material de acero inoxidable 304<\/strong><br>Hecho de acero inoxidable de calidad alimentaria, seguro y no t\u00f3xico, resistente al desgaste y se puede utilizar durante mucho tiempo.<\/p>\n\n\n\n<p><strong>Aspecto dorado de lujo<\/strong><br>La superficie brillante y lisa es de alta gama y elegante, adecuada para bodas, fiestas y celebraciones especiales, a\u00f1adiendo un ambiente lujoso a la mesa del comedor.<\/p>\n\n\n\n<p><strong>Caja de embalaje de madera de alta gama<\/strong><br>Cada juego viene con una exquisita caja de madera, que resulta pr\u00e1ctica para guardar y proteger la vajilla, realza el valor de regalo del producto en su conjunto y es muy adecuada para regalar.<\/p>\n\n\n\n<p><strong>Cuberter\u00eda completa de 36 piezas<\/strong><br>Totalmente equipado, incluye varios utensilios de comedor como cuchillos, tenedores, cucharas, etc., apto para su uso en hogares y lugares de alto nivel.<\/p>\n\n\n\n<p><strong>Opciones de personalizaci\u00f3n<\/strong><br>Apoyamos el dise\u00f1o personalizado y los servicios de grabado de cajas de madera para satisfacer las necesidades personalizadas y crear una experiencia de producto exclusiva de gama alta.<\/p>\n<\/div>\n\n\n\n<div class=\"wp-block-column is-layout-flow wp-block-column-is-layout-flow\" style=\"flex-basis:33.33%\">\n<figure class=\"wp-block-image size-full\"><img decoding=\"async\" width=\"1200\" height=\"1200\" src=\"https:\/\/www.mcallenflatware.com\/wp-content\/uploads\/2024\/12\/36-piece-cutlery-set-wholesale-2-1.webp\" alt=\"Juego de cubiertos de 36 piezas al por mayor\" class=\"wp-image-1579\" srcset=\"https:\/\/www.mcallenflatware.com\/wp-content\/uploads\/2024\/12\/36-piece-cutlery-set-wholesale-2-1.webp 1200w, https:\/\/www.mcallenflatware.com\/wp-content\/uploads\/2024\/12\/36-piece-cutlery-set-wholesale-2-1-150x150.webp 150w, https:\/\/www.mcallenflatware.com\/wp-content\/uploads\/2024\/12\/36-piece-cutlery-set-wholesale-2-1-768x768.webp 768w, https:\/\/www.mcallenflatware.com\/wp-content\/uploads\/2024\/12\/36-piece-cutlery-set-wholesale-2-1-12x12.webp 12w, https:\/\/www.mcallenflatware.com\/wp-content\/uploads\/2024\/12\/36-piece-cutlery-set-wholesale-2-1-600x600.webp 600w, https:\/\/www.mcallenflatware.com\/wp-content\/uploads\/2024\/12\/36-piece-cutlery-set-wholesale-2-1-300x300.webp 300w, https:\/\/www.mcallenflatware.com\/wp-content\/uploads\/2024\/12\/36-piece-cutlery-set-wholesale-2-1-100x100.webp 100w\" sizes=\"(max-width: 1200px) 100vw, 1200px\" \/><\/figure>\n<\/div>\n<\/div>","protected":false},"excerpt":{"rendered":"<p>Mcallen fabricante al por mayor y personalizados 36 piezas cubiertos conjunto de acero inoxidable con boxe de madera, lujoso y elegante, el apoyo logotipo personalizado, color, etc. Es una opci\u00f3n ideal para el restaurante de la boda o un regalo. Bienvenido a contactar con nosotros para m\u00e1s cubiertos al por mayor.<\/p>\n<h2>Juego de cubiertos de 36 piezas Atributos:<\/h2>\n<p><strong>Marca:<\/strong> Mcallen<br \/><strong>Material:<\/strong> Acero inoxidable<br \/><strong>Color:<\/strong> Plata, Gloden<br \/><strong>Dise\u00f1o:<\/strong> 36 unidades con caja de madera<br \/><strong>Plazo de entrega de la muestra:<\/strong> En 3 d\u00edas<br \/><strong>OEM\/ODM:<\/strong> Disponible<\/p>\n<h2>Juego de cubiertos personalizado de 36 piezas:<\/h2>\n<p><strong>Acero inoxidable:<\/strong>\u00a0Acero inoxidable 18\/10, 304, 316, 410, 430, 420<br \/><strong>Logotipo:<\/strong>\u00a0Grabado por l\u00e1ser, serigraf\u00eda, impresi\u00f3n UV, impresi\u00f3n por transferencia t\u00e9rmica, gofrado, etc.<br \/><strong>Embalaje:<\/strong>\u00a04\/8\/12\/16\/20\/24\/45\/48\/72pcs set<br \/><strong>Acabados superficiales:<\/strong>\u00a0Pulido espejo, mate, pulido al agua, capa de titanio<br \/><strong>Embalaje:<\/strong>\u00a0A granel, bolsa opp, caja de color, caja de regalo, personalizado<\/p>","protected":false},"featured_media":1579,"template":"","meta":[],"product_brand":[],"product_cat":[23,30],"product_tag":[],"class_list":{"0":"post-1577","1":"product","2":"type-product","3":"status-publish","4":"has-post-thumbnail","6":"product_cat-wholesale-flatware","7":"product_cat-custom-cutlery-gift-set","9":"first","10":"instock","11":"shipping-taxable","12":"product-type-simple"},"_links":{"self":[{"href":"https:\/\/www.mcallenflatware.com\/es\/wp-json\/wp\/v2\/product\/1577","targetHints":{"allow":["GET"]}}],"collection":[{"href":"https:\/\/www.mcallenflatware.com\/es\/wp-json\/wp\/v2\/product"}],"about":[{"href":"https:\/\/www.mcallenflatware.com\/es\/wp-json\/wp\/v2\/types\/product"}],"wp:featuredmedia":[{"embeddable":true,"href":"https:\/\/www.mcallenflatware.com\/es\/wp-json\/wp\/v2\/media\/1579"}],"wp:attachment":[{"href":"https:\/\/www.mcallenflatware.com\/es\/wp-json\/wp\/v2\/media?parent=1577"}],"wp:term":[{"taxonomy":"product_brand","embeddable":true,"href":"https:\/\/www.mcallenflatware.com\/es\/wp-json\/wp\/v2\/product_brand?post=1577"},{"taxonomy":"product_cat","embeddable":true,"href":"https:\/\/www.mcallenflatware.com\/es\/wp-json\/wp\/v2\/product_cat?post=1577"},{"taxonomy":"product_tag","embeddable":true,"href":"https:\/\/www.mcallenflatware.com\/es\/wp-json\/wp\/v2\/product_tag?post=1577"}],"curies":[{"name":"wp","href":"https:\/\/api.w.org\/{rel}","templated":true}]}}