{"id":1593,"date":"2025-09-24T10:24:26","date_gmt":"2025-09-24T10:24:26","guid":{"rendered":"https:\/\/www.mcallenflatware.com\/?post_type=product&#038;p=1593"},"modified":"2025-09-24T10:47:33","modified_gmt":"2025-09-24T10:47:33","slug":"custom-stainless-flatware-sets","status":"publish","type":"product","link":"https:\/\/www.mcallenflatware.com\/es\/product\/custom-stainless-flatware-sets\/","title":{"rendered":"Custom Stainless Cubiertos Glod Plata Precio de f\u00e1brica"},"content":{"rendered":"<div class=\"wp-block-columns is-layout-flex wp-container-core-columns-is-layout-9d6595d7 wp-block-columns-is-layout-flex\">\n<div class=\"wp-block-column is-layout-flow wp-block-column-is-layout-flow\">\n<h2 class=\"wp-block-heading\">Juegos de Cubiertos Inoxidables Caracter\u00edsticas:<\/h2>\n\n\n\n<p><strong>Dise\u00f1o \u00fanico de asa oblicua:<\/strong> El dise\u00f1o oblicuo del mango no s\u00f3lo tiene un efecto visual \u00fanico, sino que tambi\u00e9n proporciona un agarre ergon\u00f3mico m\u00e1s c\u00f3modo.<\/p>\n\n\n\n<p><strong>Elegante asa curvada:<\/strong> El dise\u00f1o curvado del mango confiere a la cuberter\u00eda un aspecto m\u00e1s novedoso, elegante y moderno.<\/p>\n\n\n\n<p><strong>Aspecto dorado y plateado:<\/strong> Los estilos dorado y plateado son muy adecuados para diversos banquetes, bodas y restaurantes de alta gama. Estos colores pueden mostrar la nobleza y exquisitez de los cubiertos.<\/p>\n\n\n\n<p><strong>Material de acero inoxidable de alta calidad:<\/strong> Fabricada en acero inoxidable de alta calidad, resistente a la corrosi\u00f3n y antioxidante, garantiza que la vajilla no se oxide, decolore ni deforme tras un uso prolongado.<\/p>\n\n\n\n<p><strong>Protecci\u00f3n del medio ambiente y salud: <\/strong>Fabricado en acero inoxidable de calidad alimentaria, es seguro e inocuo, cumple las normas internacionales, no es t\u00f3xico ni da\u00f1ino para el cuerpo humano y es apto para todas las edades.<\/p>\n<\/div>\n\n\n\n<div class=\"wp-block-column is-layout-flow wp-block-column-is-layout-flow\"><div class=\"wp-block-image\">\n<figure class=\"aligncenter size-full is-resized\"><img decoding=\"async\" width=\"800\" height=\"800\" src=\"https:\/\/www.mcallenflatware.com\/wp-content\/uploads\/2024\/12\/stainless-flatware-sets-wholesale-3.webp\" alt=\"juegos de cubiertos inoxidables al por mayor\" class=\"wp-image-1518\" style=\"width:352px;height:auto\" srcset=\"https:\/\/www.mcallenflatware.com\/wp-content\/uploads\/2024\/12\/stainless-flatware-sets-wholesale-3.webp 800w, https:\/\/www.mcallenflatware.com\/wp-content\/uploads\/2024\/12\/stainless-flatware-sets-wholesale-3-150x150.webp 150w, https:\/\/www.mcallenflatware.com\/wp-content\/uploads\/2024\/12\/stainless-flatware-sets-wholesale-3-768x768.webp 768w, https:\/\/www.mcallenflatware.com\/wp-content\/uploads\/2024\/12\/stainless-flatware-sets-wholesale-3-12x12.webp 12w, https:\/\/www.mcallenflatware.com\/wp-content\/uploads\/2024\/12\/stainless-flatware-sets-wholesale-3-600x600.webp 600w, https:\/\/www.mcallenflatware.com\/wp-content\/uploads\/2024\/12\/stainless-flatware-sets-wholesale-3-300x300.webp 300w, https:\/\/www.mcallenflatware.com\/wp-content\/uploads\/2024\/12\/stainless-flatware-sets-wholesale-3-100x100.webp 100w\" sizes=\"(max-width: 800px) 100vw, 800px\" \/><\/figure>\n<\/div><\/div>\n<\/div>\n\n\n\n<div class=\"wp-block-columns is-layout-flex wp-container-core-columns-is-layout-9d6595d7 wp-block-columns-is-layout-flex\">\n<div class=\"wp-block-column is-layout-flow wp-block-column-is-layout-flow\">\n<figure class=\"wp-block-image size-full\"><img decoding=\"async\" width=\"1000\" height=\"1000\" src=\"https:\/\/www.mcallenflatware.com\/wp-content\/uploads\/2024\/12\/stainless-flatware-sets-wholesale-8.webp\" alt=\"juegos de cubiertos inoxidables al por mayor\" class=\"wp-image-1523\" srcset=\"https:\/\/www.mcallenflatware.com\/wp-content\/uploads\/2024\/12\/stainless-flatware-sets-wholesale-8.webp 1000w, https:\/\/www.mcallenflatware.com\/wp-content\/uploads\/2024\/12\/stainless-flatware-sets-wholesale-8-150x150.webp 150w, https:\/\/www.mcallenflatware.com\/wp-content\/uploads\/2024\/12\/stainless-flatware-sets-wholesale-8-768x768.webp 768w, https:\/\/www.mcallenflatware.com\/wp-content\/uploads\/2024\/12\/stainless-flatware-sets-wholesale-8-12x12.webp 12w, https:\/\/www.mcallenflatware.com\/wp-content\/uploads\/2024\/12\/stainless-flatware-sets-wholesale-8-600x600.webp 600w, https:\/\/www.mcallenflatware.com\/wp-content\/uploads\/2024\/12\/stainless-flatware-sets-wholesale-8-300x300.webp 300w, https:\/\/www.mcallenflatware.com\/wp-content\/uploads\/2024\/12\/stainless-flatware-sets-wholesale-8-100x100.webp 100w\" sizes=\"(max-width: 1000px) 100vw, 1000px\" \/><\/figure>\n<\/div>\n\n\n\n<div class=\"wp-block-column is-layout-flow wp-block-column-is-layout-flow\">\n<figure class=\"wp-block-image size-full\"><img decoding=\"async\" width=\"1000\" height=\"1000\" src=\"https:\/\/www.mcallenflatware.com\/wp-content\/uploads\/2024\/12\/stainless-flatware-sets-wholesale-7.webp\" alt=\"juegos de cubiertos inoxidables al por mayor\" class=\"wp-image-1522\" srcset=\"https:\/\/www.mcallenflatware.com\/wp-content\/uploads\/2024\/12\/stainless-flatware-sets-wholesale-7.webp 1000w, https:\/\/www.mcallenflatware.com\/wp-content\/uploads\/2024\/12\/stainless-flatware-sets-wholesale-7-150x150.webp 150w, https:\/\/www.mcallenflatware.com\/wp-content\/uploads\/2024\/12\/stainless-flatware-sets-wholesale-7-768x768.webp 768w, https:\/\/www.mcallenflatware.com\/wp-content\/uploads\/2024\/12\/stainless-flatware-sets-wholesale-7-12x12.webp 12w, https:\/\/www.mcallenflatware.com\/wp-content\/uploads\/2024\/12\/stainless-flatware-sets-wholesale-7-600x600.webp 600w, https:\/\/www.mcallenflatware.com\/wp-content\/uploads\/2024\/12\/stainless-flatware-sets-wholesale-7-300x300.webp 300w, https:\/\/www.mcallenflatware.com\/wp-content\/uploads\/2024\/12\/stainless-flatware-sets-wholesale-7-100x100.webp 100w\" sizes=\"(max-width: 1000px) 100vw, 1000px\" \/><\/figure>\n<\/div>\n\n\n\n<div class=\"wp-block-column is-layout-flow wp-block-column-is-layout-flow\">\n<figure class=\"wp-block-image size-full\"><img decoding=\"async\" width=\"1000\" height=\"1000\" src=\"https:\/\/www.mcallenflatware.com\/wp-content\/uploads\/2024\/12\/stainless-flatware-sets-wholesale-6.webp\" alt=\"juegos de cubiertos inoxidables al por mayor\" class=\"wp-image-1521\" srcset=\"https:\/\/www.mcallenflatware.com\/wp-content\/uploads\/2024\/12\/stainless-flatware-sets-wholesale-6.webp 1000w, https:\/\/www.mcallenflatware.com\/wp-content\/uploads\/2024\/12\/stainless-flatware-sets-wholesale-6-150x150.webp 150w, https:\/\/www.mcallenflatware.com\/wp-content\/uploads\/2024\/12\/stainless-flatware-sets-wholesale-6-768x768.webp 768w, https:\/\/www.mcallenflatware.com\/wp-content\/uploads\/2024\/12\/stainless-flatware-sets-wholesale-6-12x12.webp 12w, https:\/\/www.mcallenflatware.com\/wp-content\/uploads\/2024\/12\/stainless-flatware-sets-wholesale-6-600x600.webp 600w, https:\/\/www.mcallenflatware.com\/wp-content\/uploads\/2024\/12\/stainless-flatware-sets-wholesale-6-300x300.webp 300w, https:\/\/www.mcallenflatware.com\/wp-content\/uploads\/2024\/12\/stainless-flatware-sets-wholesale-6-100x100.webp 100w\" sizes=\"(max-width: 1000px) 100vw, 1000px\" \/><\/figure>\n<\/div>\n<\/div>","protected":false},"excerpt":{"rendered":"<p>Custom juegos de cubiertos de acero inoxidable con asas curvas \u00fanicas y elegante dise\u00f1o moderno, adecuado para todas las ocasiones. \u00a1Directamente suministrado por el mejor fabricante de cubiertos de acero inoxidable, proporcionando soluciones personalizadas rentables al por mayor, bienvenido a consultar por muestras gratis!<\/p>\n<h2 id=\"block-792b966c-c506-49fa-b3c8-9881ee38a4f5\" class=\"block-editor-rich-text__editable block-editor-block-list__block wp-block is-selected wp-block-heading rich-text\" role=\"document\" contenteditable=\"true\" aria-multiline=\"true\" aria-label=\"Bloque: R\u00fabrica\" data-block=\"792b966c-c506-49fa-b3c8-9881ee38a4f5\" data-type=\"core\/heading\" data-title=\"Heading\" data-wp-block-attribute-key=\"content\">Cubiertos de acero inoxidable Atributos<\/h2>\n<p><strong>Marca:<\/strong> Mcallen<br \/><strong>Material:<\/strong> Acero inoxidable<br \/><strong>Color:<\/strong>\u00a0 Plata, Glod<br \/><strong>Dise\u00f1o:<\/strong> Pulido espejo<br \/><strong>Plazo de entrega de la muestra:<\/strong> En 3 d\u00edas<br \/><strong>OEM\/ODM:<\/strong> Disponible<\/p>\n<h2>Juegos de cubiertos de acero inoxidable personalizados:<\/h2>\n<p><strong>Acero inoxidable:<\/strong> Acero inoxidable 18\/10, 304, 316, 410, 430, 420<br \/><strong>Logotipo:<\/strong> Grabado por l\u00e1ser, serigraf\u00eda\/impresi\u00f3n por transferencia UV\/t\u00e9rmica, gofrado, etc.<br \/><strong>Embalaje:<\/strong> 4\/8\/12\/16\/20\/24\/45\/48\/72pcs set<br \/><strong>Acabados superficiales:<\/strong> Pulido espejo, mate, pulido al agua, capa de titanio<br \/><strong>Embalaje:<\/strong> A granel, bolsa opp, caja de color, caja de regalo, personalizado<\/p>","protected":false},"featured_media":1520,"template":"","meta":[],"product_brand":[],"product_cat":[23,29],"product_tag":[],"class_list":{"0":"post-1593","1":"product","2":"type-product","3":"status-publish","4":"has-post-thumbnail","6":"product_cat-wholesale-flatware","7":"product_cat-bulk-flatware","9":"first","10":"instock","11":"shipping-taxable","12":"product-type-simple"},"_links":{"self":[{"href":"https:\/\/www.mcallenflatware.com\/es\/wp-json\/wp\/v2\/product\/1593","targetHints":{"allow":["GET"]}}],"collection":[{"href":"https:\/\/www.mcallenflatware.com\/es\/wp-json\/wp\/v2\/product"}],"about":[{"href":"https:\/\/www.mcallenflatware.com\/es\/wp-json\/wp\/v2\/types\/product"}],"wp:featuredmedia":[{"embeddable":true,"href":"https:\/\/www.mcallenflatware.com\/es\/wp-json\/wp\/v2\/media\/1520"}],"wp:attachment":[{"href":"https:\/\/www.mcallenflatware.com\/es\/wp-json\/wp\/v2\/media?parent=1593"}],"wp:term":[{"taxonomy":"product_brand","embeddable":true,"href":"https:\/\/www.mcallenflatware.com\/es\/wp-json\/wp\/v2\/product_brand?post=1593"},{"taxonomy":"product_cat","embeddable":true,"href":"https:\/\/www.mcallenflatware.com\/es\/wp-json\/wp\/v2\/product_cat?post=1593"},{"taxonomy":"product_tag","embeddable":true,"href":"https:\/\/www.mcallenflatware.com\/es\/wp-json\/wp\/v2\/product_tag?post=1593"}],"curies":[{"name":"wp","href":"https:\/\/api.w.org\/{rel}","templated":true}]}}