{"id":1630,"date":"2025-04-10T03:28:30","date_gmt":"2025-04-10T03:28:30","guid":{"rendered":"https:\/\/www.mcallenflatware.com\/?post_type=product&#038;p=1630"},"modified":"2025-04-10T03:28:32","modified_gmt":"2025-04-10T03:28:32","slug":"wholesale-ice-cream-spoon","status":"publish","type":"product","link":"https:\/\/www.mcallenflatware.com\/es\/product\/wholesale-ice-cream-spoon\/","title":{"rendered":"Mayorista Cuchara para Helado, Cuchara de Pala para Postre al por Mayor"},"content":{"rendered":"<div class=\"wp-block-columns is-layout-flex wp-container-core-columns-is-layout-9d6595d7 wp-block-columns-is-layout-flex\">\n<div class=\"wp-block-column is-layout-flow wp-block-column-is-layout-flow\">\n<h2 class=\"wp-block-heading\">Cuchara para helados Caracter\u00edsticas:<\/h2>\n\n\n\n<p><strong>Acero inoxidable 18\/8 de primera calidad: <\/strong>Fabricada en acero inoxidable de primera calidad, lo que hace que la cuchara sea m\u00e1s resistente y duradera.<\/p>\n\n\n\n<p><strong>Dise\u00f1o \u00fanico en forma de pala:<\/strong> Esta cuchara de postre adopta un creativo dise\u00f1o de pala, muy pr\u00e1ctico para servir helados, frutas y postres.<\/p>\n\n\n\n<p><strong>Variedad de colores disponibles:<\/strong> Disponible en oro, plata, negro y otros colores, incluidas opciones personalizadas. Adecuado para diversas ocasiones, como cenas en casa, restaurantes y fiestas, mejorando el placer de comer.<\/p>\n\n\n\n<p><strong>F\u00e1cil de limpiar: <\/strong>La superficie lisa es f\u00e1cil de limpiar y se puede lavar en el lavavajillas.<\/p>\n<\/div>\n\n\n\n<div class=\"wp-block-column is-layout-flow wp-block-column-is-layout-flow\"><div class=\"wp-block-image\">\n<figure class=\"aligncenter size-full is-resized\"><img decoding=\"async\" width=\"720\" height=\"700\" src=\"https:\/\/www.mcallenflatware.com\/wp-content\/uploads\/2025\/01\/Wholesale-Reusable-Metal-Shovel-Ice-Cream-Spoon-4.webp\" alt=\"Mayorista-Cuchara met\u00e1lica reutilizable para helado-4\" class=\"wp-image-1634\" style=\"width:340px;height:auto\" srcset=\"https:\/\/www.mcallenflatware.com\/wp-content\/uploads\/2025\/01\/Wholesale-Reusable-Metal-Shovel-Ice-Cream-Spoon-4.webp 720w, https:\/\/www.mcallenflatware.com\/wp-content\/uploads\/2025\/01\/Wholesale-Reusable-Metal-Shovel-Ice-Cream-Spoon-4-12x12.webp 12w, https:\/\/www.mcallenflatware.com\/wp-content\/uploads\/2025\/01\/Wholesale-Reusable-Metal-Shovel-Ice-Cream-Spoon-4-600x583.webp 600w\" sizes=\"(max-width: 720px) 100vw, 720px\" \/><\/figure>\n<\/div><\/div>\n<\/div>\n\n\n\n<div class=\"wp-block-columns is-layout-flex wp-container-core-columns-is-layout-9d6595d7 wp-block-columns-is-layout-flex\">\n<div class=\"wp-block-column is-layout-flow wp-block-column-is-layout-flow\"><\/div>\n\n\n\n<div class=\"wp-block-column is-layout-flow wp-block-column-is-layout-flow\"><\/div>\n<\/div>","protected":false},"excerpt":{"rendered":"<p>Cuchara de helado al por mayor de f\u00e1brica, el dise\u00f1o de la forma de la cuchara es \u00fanico y atractivo, y una variedad de opciones de color est\u00e1n disponibles. Hecho de acero inoxidable, brillante y duradero. \u00a1Apoyamos la personalizaci\u00f3n y el servicio de Amazon FBA, bienvenido a preguntar por una muestra gratis!<\/p>\n<h2 id=\"block-792b966c-c506-49fa-b3c8-9881ee38a4f5\" class=\"block-editor-rich-text__editable block-editor-block-list__block wp-block is-selected wp-block-heading rich-text\" role=\"document\" aria-label=\"Bloque: R\u00fabrica\" data-block=\"792b966c-c506-49fa-b3c8-9881ee38a4f5\" data-type=\"core\/heading\" data-title=\"Heading\" data-wp-block-attribute-key=\"content\">Cuchara para helado Atributos:<\/h2>\n<p><strong>Marca:<\/strong> Mcallen<br \/><strong>Material:<\/strong> Acero inoxidable<br \/><strong>Color:<\/strong>\u00a0 Plata\/Oro\/Cobre\/Negro<br \/><strong>Dise\u00f1o:<\/strong> Pulido espejo<br \/><strong>Plazo de entrega de la muestra:<\/strong> En 3 d\u00edas<br \/><strong>OEM\/ODM:<\/strong> Disponible<\/p>\n<h2>Cuchara de helado personalizada:<\/h2>\n<p><strong>Acero inoxidable:<\/strong> Acero inoxidable 18\/10, 304, 316, 410, 430, 420<br \/><strong>Logotipo:<\/strong> Grabado por l\u00e1ser, serigraf\u00eda\/impresi\u00f3n por transferencia UV\/t\u00e9rmica, gofrado, etc.<br \/><strong>Embalaje:<\/strong> 4\/8\/12\/16\/20\/24\/45\/48\/72pcs set<br \/><strong>Acabados superficiales:<\/strong> Pulido espejo, mate, pulido al agua, capa de titanio<br \/><strong>Embalaje:<\/strong> A granel, bolsa opp, caja de color, caja de regalo, personalizado<\/p>","protected":false},"featured_media":1631,"template":"","meta":[],"product_brand":[],"product_cat":[23,38],"product_tag":[],"class_list":{"0":"post-1630","1":"product","2":"type-product","3":"status-publish","4":"has-post-thumbnail","6":"product_cat-wholesale-flatware","7":"product_cat-stainless-steel-spoons-wholesale","9":"first","10":"instock","11":"shipping-taxable","12":"product-type-simple"},"_links":{"self":[{"href":"https:\/\/www.mcallenflatware.com\/es\/wp-json\/wp\/v2\/product\/1630","targetHints":{"allow":["GET"]}}],"collection":[{"href":"https:\/\/www.mcallenflatware.com\/es\/wp-json\/wp\/v2\/product"}],"about":[{"href":"https:\/\/www.mcallenflatware.com\/es\/wp-json\/wp\/v2\/types\/product"}],"wp:featuredmedia":[{"embeddable":true,"href":"https:\/\/www.mcallenflatware.com\/es\/wp-json\/wp\/v2\/media\/1631"}],"wp:attachment":[{"href":"https:\/\/www.mcallenflatware.com\/es\/wp-json\/wp\/v2\/media?parent=1630"}],"wp:term":[{"taxonomy":"product_brand","embeddable":true,"href":"https:\/\/www.mcallenflatware.com\/es\/wp-json\/wp\/v2\/product_brand?post=1630"},{"taxonomy":"product_cat","embeddable":true,"href":"https:\/\/www.mcallenflatware.com\/es\/wp-json\/wp\/v2\/product_cat?post=1630"},{"taxonomy":"product_tag","embeddable":true,"href":"https:\/\/www.mcallenflatware.com\/es\/wp-json\/wp\/v2\/product_tag?post=1630"}],"curies":[{"name":"wp","href":"https:\/\/api.w.org\/{rel}","templated":true}]}}