{"id":1646,"date":"2025-04-10T03:54:30","date_gmt":"2025-04-10T03:54:30","guid":{"rendered":"https:\/\/www.mcallenflatware.com\/?post_type=product&#038;p=1646"},"modified":"2025-04-10T03:54:32","modified_gmt":"2025-04-10T03:54:32","slug":"wholesale-stainless-steel-soup-spoons","status":"publish","type":"product","link":"https:\/\/www.mcallenflatware.com\/es\/product\/wholesale-stainless-steel-soup-spoons\/","title":{"rendered":"Mayorista Cucharas soperas de acero inoxidable, Proveedor de cubiertos"},"content":{"rendered":"<div class=\"wp-block-columns is-layout-flex wp-container-core-columns-is-layout-9d6595d7 wp-block-columns-is-layout-flex\">\n<div class=\"wp-block-column is-layout-flow wp-block-column-is-layout-flow\">\n<h2 class=\"wp-block-heading\">Cucharas soperas de acero inoxidable Caracter\u00edsticas:<\/h2>\n\n\n\n<p><strong>Acero inoxidable de calidad alimentaria:<\/strong> Fabricado en acero inoxidable 304, la superficie lisa y brillante es f\u00e1cil de limpiar, resistente al desgaste y el uso a largo plazo es como nuevo<\/p>\n\n\n\n<p><strong>Pulido fino: <\/strong>Cada cuchara sopera est\u00e1 finamente pulida, con bordes suaves y tacto c\u00f3modo, lo que mejora la experiencia gastron\u00f3mica.<\/p>\n\n\n\n<p><strong>Dise\u00f1o de gran superficie de cuchara: <\/strong>El dise\u00f1o redondeado de la superficie de la cuchara grande puede recoger f\u00e1cilmente sopa l\u00edquida y alimentos para facilitar su uso.<\/p>\n\n\n\n<p><strong>Personalizaci\u00f3n de colores y logotipos: <\/strong>Los cl\u00e1sicos plateado y dorado est\u00e1n disponibles, as\u00ed como una gran variedad de opciones de personalizaci\u00f3n (logotipo, color, envase, etc.)<\/p>\n\n\n\n<p><strong>Directo de f\u00e1brica, descuentos por personalizaci\u00f3n al por mayor<\/strong>: Producido por Mcallen fabricante de cubiertos, proporcionando precios al por mayor, y los mejores descuentos para pedidos al por mayor.<\/p>\n<\/div>\n\n\n\n<div class=\"wp-block-column is-layout-flow wp-block-column-is-layout-flow\"><div class=\"wp-block-image\">\n<figure class=\"aligncenter size-full is-resized\"><img decoding=\"async\" width=\"800\" height=\"800\" src=\"https:\/\/www.mcallenflatware.com\/wp-content\/uploads\/2025\/01\/wholesale-stainless-steel-soup-spoons-1.webp\" alt=\"mayorista cucharas soperas de acero inoxidable\" class=\"wp-image-1660\" style=\"width:352px;height:auto\" srcset=\"https:\/\/www.mcallenflatware.com\/wp-content\/uploads\/2025\/01\/wholesale-stainless-steel-soup-spoons-1.webp 800w, https:\/\/www.mcallenflatware.com\/wp-content\/uploads\/2025\/01\/wholesale-stainless-steel-soup-spoons-1-150x150.webp 150w, https:\/\/www.mcallenflatware.com\/wp-content\/uploads\/2025\/01\/wholesale-stainless-steel-soup-spoons-1-768x768.webp 768w, https:\/\/www.mcallenflatware.com\/wp-content\/uploads\/2025\/01\/wholesale-stainless-steel-soup-spoons-1-12x12.webp 12w, https:\/\/www.mcallenflatware.com\/wp-content\/uploads\/2025\/01\/wholesale-stainless-steel-soup-spoons-1-600x600.webp 600w, https:\/\/www.mcallenflatware.com\/wp-content\/uploads\/2025\/01\/wholesale-stainless-steel-soup-spoons-1-300x300.webp 300w, https:\/\/www.mcallenflatware.com\/wp-content\/uploads\/2025\/01\/wholesale-stainless-steel-soup-spoons-1-100x100.webp 100w\" sizes=\"(max-width: 800px) 100vw, 800px\" \/><\/figure>\n<\/div><\/div>\n<\/div>\n\n\n\n<div class=\"wp-block-columns is-layout-flex wp-container-core-columns-is-layout-9d6595d7 wp-block-columns-is-layout-flex\">\n<div class=\"wp-block-column is-layout-flow wp-block-column-is-layout-flow\"><\/div>\n\n\n\n<div class=\"wp-block-column is-layout-flow wp-block-column-is-layout-flow\"><\/div>\n<\/div>","protected":false},"excerpt":{"rendered":"<p><strong data-start=\"0\" data-end=\"41\">Cucharas soperas de acero inoxidable al por mayor<\/strong> de acero inoxidable duradero y de alta calidad. Dise\u00f1adas para un uso duradero, son resistentes al \u00f3xido y f\u00e1ciles de limpiar. Perfectas para restaurantes y hogares. P\u00f3ngase en contacto con nosotros para pedidos al por mayor y soluciones personalizadas.<\/p>\n<h2>Cucharas soperas de acero inoxidable Atributos:<\/h2>\n<p><strong>Marca:<\/strong> Mcallen<br \/><strong>Material:<\/strong> Acero inoxidable<br \/><strong>Color:<\/strong>\u00a0 Plata, Oro<br \/><strong>Dise\u00f1o:<\/strong> Pulido espejo, amplio<br \/><strong>Plazo de entrega de la muestra:<\/strong> En 3 d\u00edas<br \/><strong>OEM\/ODM:<\/strong> Disponible<\/p>\n<h2>Cucharas soperas de acero inoxidable personalizadas:<\/h2>\n<p><strong>Acero inoxidable:<\/strong> Acero inoxidable 18\/10, 304, 316, 410, 430, 420<br \/><strong>Logotipo:<\/strong> Grabado por l\u00e1ser, serigraf\u00eda, impresi\u00f3n UV, impresi\u00f3n por transferencia t\u00e9rmica, gofrado, etc.<br \/><strong>Embalaje:<\/strong> 4\/8\/12\/16\/20\/24\/45\/48\/72pcs set<br \/><strong>Acabados superficiales:<\/strong> Pulido espejo, mate, pulido al agua, capa de titanio<br \/><strong>Embalaje:<\/strong> A granel, bolsa opp, caja de color, caja de regalo, personalizado<\/p>","protected":false},"featured_media":1660,"template":"","meta":[],"product_brand":[],"product_cat":[23,38],"product_tag":[],"class_list":{"0":"post-1646","1":"product","2":"type-product","3":"status-publish","4":"has-post-thumbnail","6":"product_cat-wholesale-flatware","7":"product_cat-stainless-steel-spoons-wholesale","9":"first","10":"instock","11":"shipping-taxable","12":"product-type-simple"},"_links":{"self":[{"href":"https:\/\/www.mcallenflatware.com\/es\/wp-json\/wp\/v2\/product\/1646","targetHints":{"allow":["GET"]}}],"collection":[{"href":"https:\/\/www.mcallenflatware.com\/es\/wp-json\/wp\/v2\/product"}],"about":[{"href":"https:\/\/www.mcallenflatware.com\/es\/wp-json\/wp\/v2\/types\/product"}],"wp:featuredmedia":[{"embeddable":true,"href":"https:\/\/www.mcallenflatware.com\/es\/wp-json\/wp\/v2\/media\/1660"}],"wp:attachment":[{"href":"https:\/\/www.mcallenflatware.com\/es\/wp-json\/wp\/v2\/media?parent=1646"}],"wp:term":[{"taxonomy":"product_brand","embeddable":true,"href":"https:\/\/www.mcallenflatware.com\/es\/wp-json\/wp\/v2\/product_brand?post=1646"},{"taxonomy":"product_cat","embeddable":true,"href":"https:\/\/www.mcallenflatware.com\/es\/wp-json\/wp\/v2\/product_cat?post=1646"},{"taxonomy":"product_tag","embeddable":true,"href":"https:\/\/www.mcallenflatware.com\/es\/wp-json\/wp\/v2\/product_tag?post=1646"}],"curies":[{"name":"wp","href":"https:\/\/api.w.org\/{rel}","templated":true}]}}