{"id":1662,"date":"2025-03-26T04:00:48","date_gmt":"2025-03-26T04:00:48","guid":{"rendered":"https:\/\/www.mcallenflatware.com\/?post_type=product&#038;p=1662"},"modified":"2025-03-26T04:00:49","modified_gmt":"2025-03-26T04:00:49","slug":"wholesale-ice-tea-spoon","status":"publish","type":"product","link":"https:\/\/www.mcallenflatware.com\/es\/product\/wholesale-ice-tea-spoon\/","title":{"rendered":"Mayorista Cuchara T\u00e9 Helado, Juego Cuchara Redonda Granel"},"content":{"rendered":"<div class=\"wp-block-columns is-layout-flex wp-container-core-columns-is-layout-9d6595d7 wp-block-columns-is-layout-flex\">\n<div class=\"wp-block-column is-layout-flow wp-block-column-is-layout-flow\">\n<h2 class=\"wp-block-heading\">Ice Tea Soon Caracter\u00edsticas:<\/h2>\n\n\n\n<p><strong>Material de acero inoxidable de alta calidad: <\/strong>Se utiliza acero inoxidable de calidad alimentaria para garantizar la durabilidad y resistencia a la corrosi\u00f3n de la cuchara.<\/p>\n\n\n\n<p><strong>Dise\u00f1o elegante y redondeado:<\/strong> La peque\u00f1a cuchara redonda tiene una forma suave y redondeada, elegante y bonita, que mejora la experiencia gastron\u00f3mica.<\/p>\n\n\n\n<p><strong>Pulido y mate artesanal<\/strong>: La superficie pulida de la cuchara se combina con un mango mate, que es f\u00e1cil de limpiar y aumenta el tacto del mango<\/p>\n\n\n\n<p><strong>M\u00faltiples opciones de color:<\/strong> Disponible en oro cl\u00e1sico, plata, negro moderno y oro rosa<\/p>\n\n\n\n<p><strong>Diversos escenarios de aplicaci\u00f3n: <\/strong>Las cucharas de t\u00e9 helado son adecuadas para las comidas familiares diarias y lugares comerciales como cafeter\u00edas, casas de t\u00e9 y restaurantes.<\/p>\n<\/div>\n\n\n\n<div class=\"wp-block-column is-layout-flow wp-block-column-is-layout-flow\">\n<figure class=\"wp-block-image size-full\"><img decoding=\"async\" width=\"800\" height=\"800\" src=\"https:\/\/www.mcallenflatware.com\/wp-content\/uploads\/2025\/02\/wholesale-ice-tea-spoon-round-spoon-4.webp\" alt=\"mayorista cuchara de t\u00e9 helado, cuchara redonda\" class=\"wp-image-1664\" srcset=\"https:\/\/www.mcallenflatware.com\/wp-content\/uploads\/2025\/02\/wholesale-ice-tea-spoon-round-spoon-4.webp 800w, https:\/\/www.mcallenflatware.com\/wp-content\/uploads\/2025\/02\/wholesale-ice-tea-spoon-round-spoon-4-150x150.webp 150w, https:\/\/www.mcallenflatware.com\/wp-content\/uploads\/2025\/02\/wholesale-ice-tea-spoon-round-spoon-4-768x768.webp 768w, https:\/\/www.mcallenflatware.com\/wp-content\/uploads\/2025\/02\/wholesale-ice-tea-spoon-round-spoon-4-12x12.webp 12w, https:\/\/www.mcallenflatware.com\/wp-content\/uploads\/2025\/02\/wholesale-ice-tea-spoon-round-spoon-4-600x600.webp 600w, https:\/\/www.mcallenflatware.com\/wp-content\/uploads\/2025\/02\/wholesale-ice-tea-spoon-round-spoon-4-300x300.webp 300w, https:\/\/www.mcallenflatware.com\/wp-content\/uploads\/2025\/02\/wholesale-ice-tea-spoon-round-spoon-4-100x100.webp 100w\" sizes=\"(max-width: 800px) 100vw, 800px\" \/><\/figure>\n<\/div>\n<\/div>","protected":false},"excerpt":{"rendered":"<p>Bienvenido a las cucharas de t\u00e9 helado al por mayor y personalizadas, acero inoxidable de primera calidad, elegante dise\u00f1o redondo, perfectas para t\u00e9 y postres. Disfrute de descuentos por volumen y opciones personalizadas. \u00a1Nuestros precios directos de f\u00e1brica y servicio excepcional invitan a su investigaci\u00f3n hoy!<\/p>\n<h2>Cuchara para t\u00e9 helado Atributos:<\/h2>\n<p><strong>Marca:<\/strong> Mcallen<br \/><strong>Material:<\/strong> Acero inoxidable<br \/><strong>Color: <\/strong> Oro, plata, negro, oro rosa<br \/><strong>Dise\u00f1o:<\/strong> Pulido espejo<br \/><strong>Plazo de entrega de la muestra:<\/strong> En 3 d\u00edas<br \/><strong>OEM\/ODM:<\/strong> Disponible<\/p>\n<h2>Cuchara de t\u00e9 helado personalizada:<\/h2>\n<p><strong>Acero inoxidable:<\/strong> Acero inoxidable 18\/10, 304, 316, 410, 430, 420<br \/><strong>Logotipo:<\/strong> Grabado por l\u00e1ser, serigraf\u00eda, impresi\u00f3n UV, impresi\u00f3n por transferencia t\u00e9rmica, gofrado, etc.<br \/><strong>Embalaje:<\/strong> 4\/8\/12\/16\/20\/24\/45\/48\/72pcs set<br \/><strong>Acabados superficiales:<\/strong> Pulido espejo, mate, pulido al agua, capa de titanio<br \/><strong>Embalaje:<\/strong> A granel, bolsa opp, caja de color, caja de regalo, personalizado<\/p>","protected":false},"featured_media":1666,"template":"","meta":[],"product_brand":[],"product_cat":[23,38],"product_tag":[],"class_list":{"0":"post-1662","1":"product","2":"type-product","3":"status-publish","4":"has-post-thumbnail","6":"product_cat-wholesale-flatware","7":"product_cat-stainless-steel-spoons-wholesale","9":"first","10":"instock","11":"shipping-taxable","12":"product-type-simple"},"_links":{"self":[{"href":"https:\/\/www.mcallenflatware.com\/es\/wp-json\/wp\/v2\/product\/1662","targetHints":{"allow":["GET"]}}],"collection":[{"href":"https:\/\/www.mcallenflatware.com\/es\/wp-json\/wp\/v2\/product"}],"about":[{"href":"https:\/\/www.mcallenflatware.com\/es\/wp-json\/wp\/v2\/types\/product"}],"wp:featuredmedia":[{"embeddable":true,"href":"https:\/\/www.mcallenflatware.com\/es\/wp-json\/wp\/v2\/media\/1666"}],"wp:attachment":[{"href":"https:\/\/www.mcallenflatware.com\/es\/wp-json\/wp\/v2\/media?parent=1662"}],"wp:term":[{"taxonomy":"product_brand","embeddable":true,"href":"https:\/\/www.mcallenflatware.com\/es\/wp-json\/wp\/v2\/product_brand?post=1662"},{"taxonomy":"product_cat","embeddable":true,"href":"https:\/\/www.mcallenflatware.com\/es\/wp-json\/wp\/v2\/product_cat?post=1662"},{"taxonomy":"product_tag","embeddable":true,"href":"https:\/\/www.mcallenflatware.com\/es\/wp-json\/wp\/v2\/product_tag?post=1662"}],"curies":[{"name":"wp","href":"https:\/\/api.w.org\/{rel}","templated":true}]}}