{"id":1668,"date":"2025-03-26T04:11:50","date_gmt":"2025-03-26T04:11:50","guid":{"rendered":"https:\/\/www.mcallenflatware.com\/?post_type=product&#038;p=1668"},"modified":"2025-03-26T04:12:15","modified_gmt":"2025-03-26T04:12:15","slug":"wholesale-dessert-spoon","status":"publish","type":"product","link":"https:\/\/www.mcallenflatware.com\/es\/product\/wholesale-dessert-spoon\/","title":{"rendered":"Mayorista Cuchara Postre, Cucharas Peque\u00f1as Oso Polar Personalizadas"},"content":{"rendered":"<div class=\"wp-block-columns is-layout-flex wp-container-core-columns-is-layout-9d6595d7 wp-block-columns-is-layout-flex\">\n<div class=\"wp-block-column is-layout-flow wp-block-column-is-layout-flow\">\n<h2 class=\"wp-block-heading\">Cuchara de postre Caracter\u00edsticas:<\/h2>\n\n\n\n<p><strong>Dise\u00f1o \u00fanico de oso polar: <\/strong>El mango de la cuchara adopta una creativa forma de oso polar, que resulta simp\u00e1tica e interesante, adecuada para todo tipo de fiestas tem\u00e1ticas y decoraciones de restaurantes.<\/p>\n\n\n\n<p><strong>De acero inoxidable: <\/strong>Fabricado en acero inoxidable 304, seguro, no t\u00f3xico y duradero.<\/p>\n\n\n\n<p><strong>Finamente tallada y lisa: <\/strong>El mango de la cuchara de oso polar est\u00e1 finamente tallado, con bordes lisos y sin rebabas, y es c\u00f3modo de usar.<\/p>\n\n\n\n<p><strong>Adecuado para postres: <\/strong>La forma peque\u00f1a es adecuada para utilizarla como cuchara de postre, cuchara para helados, etc.<\/p>\n<\/div>\n\n\n\n<div class=\"wp-block-column is-layout-flow wp-block-column-is-layout-flow\"><div class=\"wp-block-image\">\n<figure class=\"aligncenter size-full\"><img decoding=\"async\" width=\"1200\" height=\"1200\" src=\"https:\/\/www.mcallenflatware.com\/wp-content\/uploads\/2025\/02\/wholesale-Dessert-spoon.webp\" alt=\"mayorista Cuchara de postre\" class=\"wp-image-1669\" style=\"object-fit:cover\" srcset=\"https:\/\/www.mcallenflatware.com\/wp-content\/uploads\/2025\/02\/wholesale-Dessert-spoon.webp 1200w, https:\/\/www.mcallenflatware.com\/wp-content\/uploads\/2025\/02\/wholesale-Dessert-spoon-150x150.webp 150w, https:\/\/www.mcallenflatware.com\/wp-content\/uploads\/2025\/02\/wholesale-Dessert-spoon-768x768.webp 768w, https:\/\/www.mcallenflatware.com\/wp-content\/uploads\/2025\/02\/wholesale-Dessert-spoon-12x12.webp 12w, https:\/\/www.mcallenflatware.com\/wp-content\/uploads\/2025\/02\/wholesale-Dessert-spoon-600x600.webp 600w, https:\/\/www.mcallenflatware.com\/wp-content\/uploads\/2025\/02\/wholesale-Dessert-spoon-300x300.webp 300w, https:\/\/www.mcallenflatware.com\/wp-content\/uploads\/2025\/02\/wholesale-Dessert-spoon-100x100.webp 100w\" sizes=\"(max-width: 1200px) 100vw, 1200px\" \/><\/figure>\n<\/div><\/div>\n<\/div>\n\n\n\n<div class=\"wp-block-columns is-layout-flex wp-container-core-columns-is-layout-9d6595d7 wp-block-columns-is-layout-flex\">\n<div class=\"wp-block-column is-layout-flow wp-block-column-is-layout-flow\"><\/div>\n\n\n\n<div class=\"wp-block-column is-layout-flow wp-block-column-is-layout-flow\"><\/div>\n<\/div>","protected":false},"excerpt":{"rendered":"<p>Cuchara de postre al por mayor con mango de oso polar, dise\u00f1o bonito y \u00fanico, fabricada en acero inoxidable de alta calidad, adecuada para helados de postre. \u00a1Ventas directas de f\u00e1brica, bienvenidos a personalizar a granel para obtener el mejor precio, pregunte hoy!<\/p>\n<h2>Cuchara de postre Atributos:<\/h2>\n<p><strong>Marca:<\/strong> Mcallen<br \/><strong>Material:<\/strong> Acero inoxidable<br \/><strong>Color:<\/strong> Oro, plata, negro, oro rosa<br \/><strong>Dise\u00f1o:<\/strong> Asa con forma de oso polar<br \/><strong>Plazo de entrega de la muestra:<\/strong> En 3 d\u00edas<br \/><strong>OEM\/ODM:<\/strong> Disponible<\/p>\n<h2>Cuchara de postre personalizada:<\/h2>\n<p><strong>Acero inoxidable:<\/strong> Acero inoxidable 18\/10, 304, 316, 410, 430, 420<br \/><strong>Logotipo:<\/strong> Grabado por l\u00e1ser, serigraf\u00eda, impresi\u00f3n UV, impresi\u00f3n por transferencia t\u00e9rmica, gofrado, etc.<br \/><strong>Embalaje:<\/strong> 4\/8\/12\/16\/20\/24\/45\/48\/72pcs set<br \/><strong>Acabados superficiales:<\/strong> Pulido espejo, mate, pulido al agua, capa de titanio<br \/><strong>Embalaje:<\/strong> A granel, bolsa opp, caja de color, caja de regalo, personalizado<\/p>","protected":false},"featured_media":1669,"template":"","meta":[],"product_brand":[],"product_cat":[23,38],"product_tag":[],"class_list":{"0":"post-1668","1":"product","2":"type-product","3":"status-publish","4":"has-post-thumbnail","6":"product_cat-wholesale-flatware","7":"product_cat-stainless-steel-spoons-wholesale","9":"first","10":"instock","11":"shipping-taxable","12":"product-type-simple"},"_links":{"self":[{"href":"https:\/\/www.mcallenflatware.com\/es\/wp-json\/wp\/v2\/product\/1668","targetHints":{"allow":["GET"]}}],"collection":[{"href":"https:\/\/www.mcallenflatware.com\/es\/wp-json\/wp\/v2\/product"}],"about":[{"href":"https:\/\/www.mcallenflatware.com\/es\/wp-json\/wp\/v2\/types\/product"}],"wp:featuredmedia":[{"embeddable":true,"href":"https:\/\/www.mcallenflatware.com\/es\/wp-json\/wp\/v2\/media\/1669"}],"wp:attachment":[{"href":"https:\/\/www.mcallenflatware.com\/es\/wp-json\/wp\/v2\/media?parent=1668"}],"wp:term":[{"taxonomy":"product_brand","embeddable":true,"href":"https:\/\/www.mcallenflatware.com\/es\/wp-json\/wp\/v2\/product_brand?post=1668"},{"taxonomy":"product_cat","embeddable":true,"href":"https:\/\/www.mcallenflatware.com\/es\/wp-json\/wp\/v2\/product_cat?post=1668"},{"taxonomy":"product_tag","embeddable":true,"href":"https:\/\/www.mcallenflatware.com\/es\/wp-json\/wp\/v2\/product_tag?post=1668"}],"curies":[{"name":"wp","href":"https:\/\/api.w.org\/{rel}","templated":true}]}}