{"id":1676,"date":"2025-03-12T11:30:22","date_gmt":"2025-03-12T11:30:22","guid":{"rendered":"https:\/\/www.mcallenflatware.com\/?post_type=product&#038;p=1676"},"modified":"2025-03-12T11:45:37","modified_gmt":"2025-03-12T11:45:37","slug":"wholesale-cat-spoon","status":"publish","type":"product","link":"https:\/\/www.mcallenflatware.com\/es\/product\/wholesale-cat-spoon\/","title":{"rendered":"Mayorista Cuchara de Gato, Tenedor de Acero Inoxidable al por Mayor"},"content":{"rendered":"<div class=\"wp-block-columns is-layout-flex wp-container-core-columns-is-layout-9d6595d7 wp-block-columns-is-layout-flex\">\n<div class=\"wp-block-column is-layout-flow wp-block-column-is-layout-flow\">\n<h2 class=\"wp-block-heading\">Cuchara para gatos Caracter\u00edsticas:<\/h2>\n\n\n\n<p><strong>Bonito dise\u00f1o de asa de gato: <\/strong>El simp\u00e1tico dise\u00f1o del mango de la cuchara con forma de gato da suerte y a\u00f1ade diversi\u00f3n a las comidas.<\/p>\n\n\n\n<p><strong>Opciones de oro y plata:<\/strong> Los cl\u00e1sicos dorado y plateado se pueden combinar con cualquier ocasi\u00f3n, y se ofrecen opciones personalizadas para adaptarse a las necesidades de su marca.<\/p>\n\n\n\n<p><strong>Material de acero inoxidable: <\/strong>Material de acero inoxidable resistente al desgaste, superficie lisa y brillante, duradera y brillante como nueva.<\/p>\n\n\n\n<p><strong>Tacto c\u00f3modo:<\/strong> El exclusivo dise\u00f1o del mango de la cuchara del gato de la suerte no s\u00f3lo es bonito, sino que tambi\u00e9n proporciona una c\u00f3moda experiencia de agarre, adecuada para un uso prolongado.<\/p>\n\n\n\n<p><strong>Funci\u00f3n multifuncional: <\/strong>Dise\u00f1ado como cuchara y tenedor, puede utilizarse con flexibilidad para muchos otros fines, como servir postres, helados, frutas, etc.<\/p>\n<\/div>\n\n\n\n<div class=\"wp-block-column is-layout-flow wp-block-column-is-layout-flow\"><div class=\"wp-block-image\">\n<figure class=\"aligncenter size-full\"><img decoding=\"async\" width=\"750\" height=\"750\" src=\"https:\/\/www.mcallenflatware.com\/wp-content\/uploads\/2025\/02\/wholesale-cat-spoon.webp\" alt=\"mayorista cuchara para gatos\" class=\"wp-image-1677\" style=\"object-fit:cover\" srcset=\"https:\/\/www.mcallenflatware.com\/wp-content\/uploads\/2025\/02\/wholesale-cat-spoon.webp 750w, https:\/\/www.mcallenflatware.com\/wp-content\/uploads\/2025\/02\/wholesale-cat-spoon-150x150.webp 150w, https:\/\/www.mcallenflatware.com\/wp-content\/uploads\/2025\/02\/wholesale-cat-spoon-12x12.webp 12w, https:\/\/www.mcallenflatware.com\/wp-content\/uploads\/2025\/02\/wholesale-cat-spoon-600x600.webp 600w, https:\/\/www.mcallenflatware.com\/wp-content\/uploads\/2025\/02\/wholesale-cat-spoon-300x300.webp 300w, https:\/\/www.mcallenflatware.com\/wp-content\/uploads\/2025\/02\/wholesale-cat-spoon-100x100.webp 100w\" sizes=\"(max-width: 750px) 100vw, 750px\" \/><\/figure>\n<\/div><\/div>\n<\/div>\n\n\n\n<div class=\"wp-block-columns is-layout-flex wp-container-core-columns-is-layout-9d6595d7 wp-block-columns-is-layout-flex\">\n<div class=\"wp-block-column is-layout-flow wp-block-column-is-layout-flow\"><\/div>\n\n\n\n<div class=\"wp-block-column is-layout-flow wp-block-column-is-layout-flow\"><\/div>\n<\/div>","protected":false},"excerpt":{"rendered":"<p>Cuchara Gato al por mayor, lindo dise\u00f1o de mango de gato, con opciones de tenedor a juego, divertido para atraer a los consumidores j\u00f3venes. Disfrute de descuentos por volumen, precios directos de f\u00e1brica y entrega r\u00e1pida. \u00a1Pregunte ahora para traer buena suerte y cuteness a sus cubiertos!<\/p>\n<h2>Atributos de Cat Spoon<\/h2>\n<p><strong>Marca:<\/strong> Mcallen<br \/><strong>Material:<\/strong> Acero inoxidable<br \/><strong>Color:<\/strong> Plata, Oro<br \/><strong>Dise\u00f1o:<\/strong> Cuchara Lucky Cat<br \/><strong>Plazo de entrega de la muestra:<\/strong> En 3 d\u00edas<br \/><strong>OEM\/ODM:<\/strong> Disponible<\/p>\n<h2>Cuchara personalizada para gatos:<\/h2>\n<p><strong>Acero inoxidable:<\/strong> Acero inoxidable 18\/10, 304, 316, 410, 430, 420<br \/><strong>Logotipo:<\/strong> Grabado por l\u00e1ser, serigraf\u00eda, impresi\u00f3n UV, impresi\u00f3n por transferencia t\u00e9rmica, gofrado, etc.<br \/><strong>Embalaje:<\/strong> 4\/8\/12\/16\/20\/24\/45\/48\/72pcs set<br \/><strong>Acabados superficiales:<\/strong> Pulido espejo, mate, pulido al agua, capa de titanio<br \/><strong>Embalaje:<\/strong> A granel, bolsa opp, caja de color, caja de regalo, personalizado<\/p>","protected":false},"featured_media":1677,"template":"","meta":[],"product_brand":[],"product_cat":[23,38],"product_tag":[],"class_list":{"0":"post-1676","1":"product","2":"type-product","3":"status-publish","4":"has-post-thumbnail","6":"product_cat-wholesale-flatware","7":"product_cat-stainless-steel-spoons-wholesale","9":"first","10":"instock","11":"shipping-taxable","12":"product-type-simple"},"_links":{"self":[{"href":"https:\/\/www.mcallenflatware.com\/es\/wp-json\/wp\/v2\/product\/1676","targetHints":{"allow":["GET"]}}],"collection":[{"href":"https:\/\/www.mcallenflatware.com\/es\/wp-json\/wp\/v2\/product"}],"about":[{"href":"https:\/\/www.mcallenflatware.com\/es\/wp-json\/wp\/v2\/types\/product"}],"wp:featuredmedia":[{"embeddable":true,"href":"https:\/\/www.mcallenflatware.com\/es\/wp-json\/wp\/v2\/media\/1677"}],"wp:attachment":[{"href":"https:\/\/www.mcallenflatware.com\/es\/wp-json\/wp\/v2\/media?parent=1676"}],"wp:term":[{"taxonomy":"product_brand","embeddable":true,"href":"https:\/\/www.mcallenflatware.com\/es\/wp-json\/wp\/v2\/product_brand?post=1676"},{"taxonomy":"product_cat","embeddable":true,"href":"https:\/\/www.mcallenflatware.com\/es\/wp-json\/wp\/v2\/product_cat?post=1676"},{"taxonomy":"product_tag","embeddable":true,"href":"https:\/\/www.mcallenflatware.com\/es\/wp-json\/wp\/v2\/product_tag?post=1676"}],"curies":[{"name":"wp","href":"https:\/\/api.w.org\/{rel}","templated":true}]}}