{"id":1678,"date":"2025-03-12T11:19:24","date_gmt":"2025-03-12T11:19:24","guid":{"rendered":"https:\/\/www.mcallenflatware.com\/?post_type=product&#038;p=1678"},"modified":"2025-03-12T11:20:08","modified_gmt":"2025-03-12T11:20:08","slug":"wholesale-coffee-stirring-spoon","status":"publish","type":"product","link":"https:\/\/www.mcallenflatware.com\/es\/product\/wholesale-coffee-stirring-spoon\/","title":{"rendered":"Mayorista Cuchara Revolvedora de Caf\u00e9 de Acero Inoxidable, Tenedor de Frutas Planetario Personalizado"},"content":{"rendered":"<div class=\"wp-block-columns is-layout-flex wp-container-core-columns-is-layout-9d6595d7 wp-block-columns-is-layout-flex\">\n<div class=\"wp-block-column is-layout-flow wp-block-column-is-layout-flow\">\n<h2 class=\"wp-block-heading\">Cuchara agitadora de caf\u00e9 Caracter\u00edsticas:<\/h2>\n\n\n\n<p><strong>Dise\u00f1o del mango de la cuchara Planet Stick: <\/strong>creativo mango en forma de planeta, una variedad de texturas de color, agarre c\u00f3modo, interesante y atractivo.<\/p>\n\n\n\n<p><strong>Forma ligera: <\/strong>Bordes redondeados, longitud moderada, especialmente dise\u00f1ado para remover caf\u00e9, f\u00e1cil de remover.<\/p>\n\n\n\n<p><strong>Funcional y pr\u00e1ctico:<\/strong> con opciones de cuchara y tenedor redondos, puede utilizarse para caf\u00e9, t\u00e9 y otras bebidas o postres de fruta.<\/p>\n\n\n\n<p><strong>Excelente material: <\/strong>Acero inoxidable de calidad alimentaria, duradero, f\u00e1cil de limpiar, seguro e higi\u00e9nico.<\/p>\n<\/div>\n\n\n\n<div class=\"wp-block-column is-layout-flow wp-block-column-is-layout-flow\">\n<figure class=\"wp-block-image size-full is-resized\"><img decoding=\"async\" width=\"800\" height=\"800\" src=\"https:\/\/www.mcallenflatware.com\/wp-content\/uploads\/2025\/02\/wholesale-coffee-stirring-spoon-8.webp\" alt=\"mayorista cuchara agitadora de caf\u00e9\" class=\"wp-image-1682\" style=\"width:341px;height:auto\" srcset=\"https:\/\/www.mcallenflatware.com\/wp-content\/uploads\/2025\/02\/wholesale-coffee-stirring-spoon-8.webp 800w, https:\/\/www.mcallenflatware.com\/wp-content\/uploads\/2025\/02\/wholesale-coffee-stirring-spoon-8-150x150.webp 150w, https:\/\/www.mcallenflatware.com\/wp-content\/uploads\/2025\/02\/wholesale-coffee-stirring-spoon-8-768x768.webp 768w, https:\/\/www.mcallenflatware.com\/wp-content\/uploads\/2025\/02\/wholesale-coffee-stirring-spoon-8-12x12.webp 12w, https:\/\/www.mcallenflatware.com\/wp-content\/uploads\/2025\/02\/wholesale-coffee-stirring-spoon-8-600x600.webp 600w, https:\/\/www.mcallenflatware.com\/wp-content\/uploads\/2025\/02\/wholesale-coffee-stirring-spoon-8-300x300.webp 300w, https:\/\/www.mcallenflatware.com\/wp-content\/uploads\/2025\/02\/wholesale-coffee-stirring-spoon-8-100x100.webp 100w\" sizes=\"(max-width: 800px) 100vw, 800px\" \/><\/figure>\n<\/div>\n<\/div>\n\n\n\n<div class=\"wp-block-columns is-layout-flex wp-container-core-columns-is-layout-9d6595d7 wp-block-columns-is-layout-flex\">\n<div class=\"wp-block-column is-layout-flow wp-block-column-is-layout-flow\"><\/div>\n\n\n\n<div class=\"wp-block-column is-layout-flow wp-block-column-is-layout-flow\"><\/div>\n<\/div>","protected":false},"excerpt":{"rendered":"<p>Bienvenido a la venta al por mayor de caf\u00e9 agitaci\u00f3n cuchara y tenedor de frutas, dise\u00f1o de la manija del planeta, elegante y atractivo, hecho de acero inoxidable 304 de alta calidad, perfecto para caf\u00e9s y restaurantes. Ofrecemos servicios personalizados y env\u00edo global a precios competitivos. \u00a1Cont\u00e1ctenos ahora para una muestra gratis!<\/p>\n<h2>Cuchara agitadora de caf\u00e9 Atributos<\/h2>\n<p><strong>Marca:<\/strong> Mcallen<br \/><strong>Material:<\/strong> Acero inoxidable<br \/><strong>Color:<\/strong> Multicolor<br \/><strong>Dise\u00f1o:<\/strong> Dise\u00f1o de palo de planeta<br \/><strong>Plazo de entrega de la muestra:<\/strong> En 3 d\u00edas<br \/><strong>OEM\/ODM:<\/strong> Disponible<\/p>\n<h2>Cuchara agitadora de caf\u00e9 personalizada:<\/h2>\n<p><strong>Acero inoxidable:<\/strong> Acero inoxidable 18\/10, 304, 316, 410, 430, 420<br \/><strong>Logotipo:<\/strong> Grabado por l\u00e1ser, serigraf\u00eda, impresi\u00f3n UV, impresi\u00f3n por transferencia t\u00e9rmica, gofrado, etc.<br \/><strong>Embalaje:<\/strong> 4\/8\/12\/16\/20\/24\/45\/48\/72pcs set<br \/><strong>Acabados superficiales:<\/strong> Pulido espejo, mate, pulido al agua, capa de titanio<br \/><strong>Embalaje:<\/strong> A granel, bolsa opp, caja de color, caja de regalo, personalizado<\/p>","protected":false},"featured_media":1685,"template":"","meta":[],"product_brand":[],"product_cat":[23,38],"product_tag":[],"class_list":{"0":"post-1678","1":"product","2":"type-product","3":"status-publish","4":"has-post-thumbnail","6":"product_cat-wholesale-flatware","7":"product_cat-stainless-steel-spoons-wholesale","9":"first","10":"instock","11":"shipping-taxable","12":"product-type-simple"},"_links":{"self":[{"href":"https:\/\/www.mcallenflatware.com\/es\/wp-json\/wp\/v2\/product\/1678","targetHints":{"allow":["GET"]}}],"collection":[{"href":"https:\/\/www.mcallenflatware.com\/es\/wp-json\/wp\/v2\/product"}],"about":[{"href":"https:\/\/www.mcallenflatware.com\/es\/wp-json\/wp\/v2\/types\/product"}],"wp:featuredmedia":[{"embeddable":true,"href":"https:\/\/www.mcallenflatware.com\/es\/wp-json\/wp\/v2\/media\/1685"}],"wp:attachment":[{"href":"https:\/\/www.mcallenflatware.com\/es\/wp-json\/wp\/v2\/media?parent=1678"}],"wp:term":[{"taxonomy":"product_brand","embeddable":true,"href":"https:\/\/www.mcallenflatware.com\/es\/wp-json\/wp\/v2\/product_brand?post=1678"},{"taxonomy":"product_cat","embeddable":true,"href":"https:\/\/www.mcallenflatware.com\/es\/wp-json\/wp\/v2\/product_cat?post=1678"},{"taxonomy":"product_tag","embeddable":true,"href":"https:\/\/www.mcallenflatware.com\/es\/wp-json\/wp\/v2\/product_tag?post=1678"}],"curies":[{"name":"wp","href":"https:\/\/api.w.org\/{rel}","templated":true}]}}