{"id":1757,"date":"2025-03-14T06:50:33","date_gmt":"2025-03-14T06:50:33","guid":{"rendered":"https:\/\/www.mcallenflatware.com\/?post_type=product&#038;p=1757"},"modified":"2025-03-15T02:43:45","modified_gmt":"2025-03-15T02:43:45","slug":"wholesale-childrens-cutlery","status":"publish","type":"product","link":"https:\/\/www.mcallenflatware.com\/es\/product\/wholesale-childrens-cutlery\/","title":{"rendered":"Mayorista Cubiertos Infantiles, Cubiertos Port\u00e1tiles con Mango de Silicona al por Mayor"},"content":{"rendered":"<h2 class=\"wp-block-heading\">Cubiertos para ni\u00f1os Caracter\u00edsticas:<\/h2>\n\n\n\n<div class=\"wp-block-columns is-layout-flex wp-container-core-columns-is-layout-9d6595d7 wp-block-columns-is-layout-flex\">\n<div class=\"wp-block-column is-layout-flow wp-block-column-is-layout-flow\" style=\"flex-basis:66.66%\">\n<p><strong>Material seguro:<\/strong> Fabricado en acero inoxidable 304, es resistente al desgaste y puede utilizarse durante mucho tiempo. El mango es de silicona alimentaria, segura y no t\u00f3xica.<\/p>\n\n\n\n<p><strong>Dise\u00f1o ergon\u00f3mico: <\/strong>El tama\u00f1o y la forma est\u00e1n dise\u00f1ados espec\u00edficamente para los ni\u00f1os, y el mango de goma es antideslizante, lo que facilita el agarre de los ni\u00f1os y ayuda al beb\u00e9 a controlarlo mejor.<\/p>\n\n\n\n<p><strong>Borde redondeado:<\/strong> El borde redondeado est\u00e1 pulido para evitar ara\u00f1azos al beb\u00e9.<\/p>\n\n\n\n<p><strong>Bonito aspecto: <\/strong>Existe una gran variedad de colores (naranja vibrante, verde, rosa, etc.) para realzar el inter\u00e9s del comedor.<\/p>\n\n\n\n<p><strong>F\u00e1cil de limpiar: <\/strong>La parte de acero inoxidable brillante es lisa y no se mancha f\u00e1cilmente, y puede lavarse en el lavavajillas.<\/p>\n\n\n\n<p><strong>Con caja de PVC port\u00e1til: <\/strong>Cubiertos infantiles con caja de PVC transparente y combinaci\u00f3n de cuchillo, tenedor y cuchara, adecuados para acampadas al aire libre.<\/p>\n<\/div>\n\n\n\n<div class=\"wp-block-column is-layout-flow wp-block-column-is-layout-flow\" style=\"flex-basis:33.33%\">\n<figure class=\"wp-block-image size-full\"><img decoding=\"async\" src=\"https:\/\/www.mcallenflatware.com\/wp-content\/uploads\/2025\/03\/wholesale-childrens-cutlery-3.webp\" alt=\"venta al por mayor de cubiertos para ni\u00f1os\" class=\"wp-image-1780\"\/><\/figure>\n<\/div>\n<\/div>","protected":false},"excerpt":{"rendered":"<p>Los cubiertos infantiles al por mayor est\u00e1n fabricados con material apto para uso alimentario y un suave mango de silicona. Con bordes redondeados y opciones de colores, atrae la atenci\u00f3n del beb\u00e9 y aumenta el inter\u00e9s por comer. Es la vajilla infantil m\u00e1s vendida. P\u00f3ngase en contacto con nosotros para pedidos al por mayor.<\/p>\n<h2>Cubiertos para ni\u00f1os Atributos<\/h2>\n<p><strong>Marca:<\/strong> Mcallen<br \/><strong>Material:<\/strong> Acero inoxidable<br \/><strong>Color: <\/strong> Naranja, Verde, Rosa<br \/><strong>Pulido:<\/strong> Pulido espejo<br \/><strong>Dise\u00f1o<\/strong><strong>:<\/strong> con mango de silicona<br \/><strong>Plazo de entrega de la muestra:<\/strong> En 3 d\u00edas<br \/><strong>OEM\/ODM:<\/strong> Disponible<\/p>\n<h2>Cubiertos infantiles personalizados:<\/h2>\n<p><strong>Acero inoxidable:<\/strong> Acero inoxidable 18\/10, 304, 316, 410, 430, 420<br \/><strong>Logotipo:<\/strong> Grabado por l\u00e1ser, serigraf\u00eda, impresi\u00f3n UV, impresi\u00f3n por transferencia t\u00e9rmica, gofrado, etc.<br \/><strong>Embalaje:<\/strong> 4\/8\/12\/16\/20\/24\/45\/48\/72pcs set<br \/><strong>Acabados superficiales:<\/strong> Pulido espejo, mate, pulido al agua, capa de titanio<br \/><strong>Embalaje:<\/strong> A granel, bolsa opp, caja de color, caja de regalo, personalizado<\/p>","protected":false},"featured_media":1788,"template":"","meta":[],"product_brand":[],"product_cat":[28,23],"product_tag":[],"class_list":{"0":"post-1757","1":"product","2":"type-product","3":"status-publish","4":"has-post-thumbnail","6":"product_cat-childrens-cutlery-set-wholesale","7":"product_cat-wholesale-flatware","9":"first","10":"instock","11":"shipping-taxable","12":"product-type-simple"},"_links":{"self":[{"href":"https:\/\/www.mcallenflatware.com\/es\/wp-json\/wp\/v2\/product\/1757","targetHints":{"allow":["GET"]}}],"collection":[{"href":"https:\/\/www.mcallenflatware.com\/es\/wp-json\/wp\/v2\/product"}],"about":[{"href":"https:\/\/www.mcallenflatware.com\/es\/wp-json\/wp\/v2\/types\/product"}],"wp:featuredmedia":[{"embeddable":true,"href":"https:\/\/www.mcallenflatware.com\/es\/wp-json\/wp\/v2\/media\/1788"}],"wp:attachment":[{"href":"https:\/\/www.mcallenflatware.com\/es\/wp-json\/wp\/v2\/media?parent=1757"}],"wp:term":[{"taxonomy":"product_brand","embeddable":true,"href":"https:\/\/www.mcallenflatware.com\/es\/wp-json\/wp\/v2\/product_brand?post=1757"},{"taxonomy":"product_cat","embeddable":true,"href":"https:\/\/www.mcallenflatware.com\/es\/wp-json\/wp\/v2\/product_cat?post=1757"},{"taxonomy":"product_tag","embeddable":true,"href":"https:\/\/www.mcallenflatware.com\/es\/wp-json\/wp\/v2\/product_tag?post=1757"}],"curies":[{"name":"wp","href":"https:\/\/api.w.org\/{rel}","templated":true}]}}